{"id":2562,"date":"2022-03-18T11:15:47","date_gmt":"2022-03-18T10:15:47","guid":{"rendered":"https:\/\/dev.diginotar.at\/?page_id=2562"},"modified":"2022-07-26T08:53:38","modified_gmt":"2022-07-26T06:53:38","slug":"family-law","status":"publish","type":"page","link":"https:\/\/dev.diginotar.at\/en\/family-law\/","title":{"rendered":"Family Law"},"content":{"rendered":"<div class=\"wpb-content-wrapper\"><p>[vc_row content_placement=&#8221;middle&#8221; el_class=&#8221;themenseite_header&#8221;][vc_column][vc_column_text el_class=&#8221;serif_headline_themenseite&#8221;]<\/p>\n<h1 style=\"text-align: left;\">Family law<\/h1>\n<p>[\/vc_column_text][\/vc_column][\/vc_row][vc_row content_placement=&#8221;middle&#8221; el_class=&#8221;themenseite_header&#8221;][vc_column width=&#8221;2\/3&#8243;]<div class=\"image_landingpage\" id=\"video_9c1185a5c5e9fc54612808977ee8f548b2258d31\"><img decoding=\"async\" alt=\"Family Law\" src=\"https:\/\/dev.diginotar.at\/wp-content\/uploads\/2022\/02\/Ehe-Familie-1200x680.jpg\"><\/div>[\/vc_column][vc_column width=&#8221;1\/3&#8243;][vc_column_text css=&#8221;.vc_custom_1658818385139{margin-top: 0px !important;margin-bottom: 0px !important;}&#8221;]<strong>Family law is a particularly sensitive and often emotionally charged area, since nowhere else are the emotional needs of the persons concerend so central.<\/strong><\/p>\n<p><strong>Especially in the area of matrimonial and divorce law, however, arrangements made in good time can help to secure family peace later on. <\/strong><\/p>\n<p><strong>We are also happy to support you in preparing adoptions, acknowledgments of paternity and declarations on medically assisted reproduction.<\/strong>[\/vc_column_text][\/vc_column][\/vc_row][vc_row el_id=&#8221;scroll_juristen&#8221;][vc_column][vc_empty_space height=&#8221;64px&#8221;][vc_column_text el_class=&#8221;thema_headline&#8221;]<\/p>\n<h2 style=\"text-align: center;\">More about this Topic<\/h2>\n<p>[\/vc_column_text][vc_empty_space height=&#8221;64px&#8221;][vc_row_inner][vc_column_inner width=&#8221;1\/4&#8243;][\/vc_column_inner][vc_column_inner el_class=&#8221;frontpage_online_icons&#8221; width=&#8221;1\/4&#8243;]<div class=\"schoeffmann_image_box\"><a title=\"Videos\" href=\"https:\/\/dev.diginotar.at\/videos\/\"><div class=\"schoeffmann_image_box_img\"><img loading=\"lazy\" decoding=\"async\" width=\"280\" height=\"198\" src=\"https:\/\/dev.diginotar.at\/wp-content\/uploads\/2021\/09\/videos-vom-notar.png\" class=\"attachment-full size-full\" alt=\"\" \/><\/div><h4>VIDEOS OF NOTARY<\/h4><\/a><\/div>[\/vc_column_inner][vc_column_inner el_class=&#8221;frontpage_online_icons&#8221; width=&#8221;1\/4&#8243;]<div class=\"schoeffmann_image_box\"><a title=\"Videos\" href=\"https:\/\/dev.diginotar.at\/broschueren\/\"><div class=\"schoeffmann_image_box_img\"><img loading=\"lazy\" decoding=\"async\" width=\"280\" height=\"198\" src=\"https:\/\/dev.diginotar.at\/wp-content\/uploads\/2021\/09\/borschuere-2.png\" class=\"attachment-full size-full\" alt=\"Bild von Brosch\u00fcren zum Thema &quot;Erben und Vererben&quot; und &quot;Selbstbestimmt alt werden&quot;\" \/><\/div><h4>FREE BROCHURES<\/h4><\/a><\/div>[\/vc_column_inner][vc_column_inner width=&#8221;1\/4&#8243;][\/vc_column_inner][\/vc_row_inner][\/vc_column][\/vc_row][vc_row][vc_column][vc_empty_space][\/vc_column][\/vc_row][vc_row gap=&#8221;35&#8243; el_class=&#8221;overlay_box&#8221;][vc_column width=&#8221;1\/2&#8243;]<div class=\"querverweis_wrapper blue_bg_box\"><h2>Intestate Succession<\/h2><h3>Who inherits if I ever die without a will?<\/h3><a href=\"https:\/\/dev.diginotar.at\/erben-vererben\/gesetzliches-erbrecht\/\" class=\"default-btn-shortcode dt-btn link-hover-off btn-inline-left btn-flat \" title=\"Intestate Succession\"><span>MEHR &gt;<\/span><\/a><\/div>[\/vc_column][vc_column width=&#8221;1\/2&#8243;]<div class=\"querverweis_wrapper blue_bg_box\"><h2>Health Care Proxy or Legal Adult Representation?<\/h2><h3>What is the ideal form of representation for me?<\/h3><a href=\"https:\/\/dev.diginotar.at\/vorsorge\/vorsorgevollmacht-oder-gerichtliche-erwachsenenvertretung\/\" class=\"default-btn-shortcode dt-btn link-hover-off btn-inline-left btn-flat \" title=\"Health Care Proxy or Legal Adult Representation?\"><span>MEHR &gt;<\/span><\/a><\/div>[\/vc_column][\/vc_row][vc_row full_width=&#8221;stretch_row_content_no_spaces&#8221; full_height=&#8221;yes&#8221; css_animation=&#8221;fadeIn&#8221; bg_type=&#8221;video&#8221; video_url=&#8221;https:\/\/dev.diginotar.at\/wp-content\/uploads\/2021\/11\/trenner-startseite.mp4&#8243; video_opts=&#8221;loop,muted&#8221; video_poster=&#8221;id^527|url^https:\/\/dev.diginotar.at\/wp-content\/uploads\/2021\/08\/schoeffmann-trenner-2.jpg|caption^Notariat Scho\u0308ffmann 2018-04-02|alt^null|title^Notariat Scho\u0308ffmann 2018-04-02|description^null&#8221;][vc_column width=&#8221;1\/4&#8243;][\/vc_column][vc_column width=&#8221;1\/2&#8243;][vc_empty_space height=&#8221;80px&#8221;][vc_column_text el_class=&#8221;teiler_headline&#8221;]<\/p>\n<h2 style=\"text-align: center;\"><span class=\"Y2IQFc\" lang=\"en\">Deeds from the notary create a balanced situation and legal freedom. <\/span><\/h2>\n<h2 style=\"text-align: center;\"><span class=\"Y2IQFc\" lang=\"en\">Or has anyone ever threatened you with the notary?<\/span><\/h2>\n<p>&nbsp;<\/p>\n<pre id=\"tw-target-text\" class=\"tw-data-text tw-text-large tw-ta\" dir=\"ltr\" data-placeholder=\"\u00dcbersetzung\"><\/pre>\n<p>[\/vc_column_text][vc_empty_space height=&#8221;80px&#8221;][\/vc_column][vc_column width=&#8221;1\/4&#8243;][\/vc_column][\/vc_row]<\/p>\n<\/div>","protected":false},"excerpt":{"rendered":"<p>[vc_row content_placement=&#8221;middle&#8221; el_class=&#8221;themenseite_header&#8221;][vc_column][vc_column_text el_class=&#8221;serif_headline_themenseite&#8221;] Family law [\/vc_column_text][\/vc_column][\/vc_row][vc_row content_placement=&#8221;middle&#8221; el_class=&#8221;themenseite_header&#8221;][vc_column width=&#8221;2\/3&#8243;][\/vc_column][vc_column width=&#8221;1\/3&#8243;][vc_column_text css=&#8221;.vc_custom_1658818385139{margin-top: 0px !important;margin-bottom: 0px !important;}&#8221;]Family law is a particularly sensitive and often emotionally charged area, since nowhere else are the emotional needs of the persons concerend so central. Especially in the area of matrimonial and divorce law, however, arrangements made in good time can&hellip;<\/p>\n","protected":false},"author":3,"featured_media":0,"parent":0,"menu_order":14,"comment_status":"closed","ping_status":"closed","template":"","meta":{"inline_featured_image":false,"footnotes":""},"categories":[1],"class_list":["post-2562","page","type-page","status-publish","hentry","category-unkategorisiert","description-off"],"yoast_head":"<!-- This site is optimized with the Yoast SEO plugin v25.7 - https:\/\/yoast.com\/wordpress\/plugins\/seo\/ -->\n<title>Family Law &#8211; Notariat Sch\u00f6ffmann<\/title>\n<meta name=\"description\" content=\"Notariat Mag. Klaus Sch\u00f6ffmann: Ihr Notar in Klagenfurt am W\u00f6rthersee. Individuelle Rechtsberatung f\u00fcr Unternehmen und Privatpersonen. Unsere erste Rechtsauskunft ist f\u00fcr Sie kostenfrei!\" \/>\n<meta name=\"robots\" content=\"noindex, follow, max-snippet:-1, max-image-preview:large, max-video-preview:-1\" \/>\n<meta property=\"og:locale\" content=\"en_US\" \/>\n<meta property=\"og:type\" content=\"article\" \/>\n<meta property=\"og:title\" content=\"Family Law &#8211; Notariat Sch\u00f6ffmann\" \/>\n<meta property=\"og:description\" content=\"Notariat Mag. Klaus Sch\u00f6ffmann: Ihr Notar in Klagenfurt am W\u00f6rthersee. Individuelle Rechtsberatung f\u00fcr Unternehmen und Privatpersonen. Unsere erste Rechtsauskunft ist f\u00fcr Sie kostenfrei!\" \/>\n<meta property=\"og:url\" content=\"https:\/\/dev.diginotar.at\/en\/family-law\/\" \/>\n<meta property=\"og:site_name\" content=\"Notariat Sch\u00f6ffmann\" \/>\n<meta property=\"article:publisher\" content=\"https:\/\/www.facebook.com\/NotarKlagenfurt\" \/>\n<meta property=\"article:modified_time\" content=\"2022-07-26T06:53:38+00:00\" \/>\n<meta property=\"og:image\" content=\"https:\/\/dev.diginotar.at\/wp-content\/uploads\/2021\/11\/Juristen-1.jpg\" \/>\n\t<meta property=\"og:image:width\" content=\"1600\" \/>\n\t<meta property=\"og:image:height\" content=\"1067\" \/>\n\t<meta property=\"og:image:type\" content=\"image\/jpeg\" \/>\n<meta name=\"twitter:card\" content=\"summary_large_image\" \/>\n<script type=\"application\/ld+json\" class=\"yoast-schema-graph\">{\"@context\":\"https:\/\/schema.org\",\"@graph\":[{\"@type\":\"WebPage\",\"@id\":\"https:\/\/dev.diginotar.at\/en\/family-law\/\",\"url\":\"https:\/\/dev.diginotar.at\/en\/family-law\/\",\"name\":\"Family Law &#8211; Notariat Sch\u00f6ffmann\",\"isPartOf\":{\"@id\":\"https:\/\/dev.diginotar.at\/en\/#website\"},\"datePublished\":\"2022-03-18T10:15:47+00:00\",\"dateModified\":\"2022-07-26T06:53:38+00:00\",\"description\":\"Notariat Mag. Klaus Sch\u00f6ffmann: Ihr Notar in Klagenfurt am W\u00f6rthersee. Individuelle Rechtsberatung f\u00fcr Unternehmen und Privatpersonen. Unsere erste Rechtsauskunft ist f\u00fcr Sie kostenfrei!\",\"breadcrumb\":{\"@id\":\"https:\/\/dev.diginotar.at\/en\/family-law\/#breadcrumb\"},\"inLanguage\":\"en-US\",\"potentialAction\":[{\"@type\":\"ReadAction\",\"target\":[\"https:\/\/dev.diginotar.at\/en\/family-law\/\"]}]},{\"@type\":\"BreadcrumbList\",\"@id\":\"https:\/\/dev.diginotar.at\/en\/family-law\/#breadcrumb\",\"itemListElement\":[{\"@type\":\"ListItem\",\"position\":1,\"name\":\"Startseite\",\"item\":\"https:\/\/dev.diginotar.at\/en\/\"},{\"@type\":\"ListItem\",\"position\":2,\"name\":\"Family Law\"}]},{\"@type\":\"WebSite\",\"@id\":\"https:\/\/dev.diginotar.at\/en\/#website\",\"url\":\"https:\/\/dev.diginotar.at\/en\/\",\"name\":\"Notariat Sch\u00f6ffmann\",\"description\":\"Mag. Klaus Sch\u00f6ffmann - Ihr Notar in Klagenfurt\",\"publisher\":{\"@id\":\"https:\/\/dev.diginotar.at\/en\/#organization\"},\"potentialAction\":[{\"@type\":\"SearchAction\",\"target\":{\"@type\":\"EntryPoint\",\"urlTemplate\":\"https:\/\/dev.diginotar.at\/en\/?s={search_term_string}\"},\"query-input\":{\"@type\":\"PropertyValueSpecification\",\"valueRequired\":true,\"valueName\":\"search_term_string\"}}],\"inLanguage\":\"en-US\"},{\"@type\":\"Organization\",\"@id\":\"https:\/\/dev.diginotar.at\/en\/#organization\",\"name\":\"Notariat Mag. Klaus Sch\u00f6ffmann Klagenfurt\",\"url\":\"https:\/\/dev.diginotar.at\/en\/\",\"logo\":{\"@type\":\"ImageObject\",\"inLanguage\":\"en-US\",\"@id\":\"https:\/\/dev.diginotar.at\/en\/#\/schema\/logo\/image\/\",\"url\":\"https:\/\/dev.diginotar.at\/wp-content\/uploads\/2022\/02\/logo-notariat-schoeffmann.jpg\",\"contentUrl\":\"https:\/\/dev.diginotar.at\/wp-content\/uploads\/2022\/02\/logo-notariat-schoeffmann.jpg\",\"width\":600,\"height\":600,\"caption\":\"Notariat Mag. Klaus Sch\u00f6ffmann Klagenfurt\"},\"image\":{\"@id\":\"https:\/\/dev.diginotar.at\/en\/#\/schema\/logo\/image\/\"},\"sameAs\":[\"https:\/\/www.facebook.com\/NotarKlagenfurt\",\"https:\/\/www.youtube.com\/channel\/UCaITfbIQh6VIpzEonUsIhcg\"]}]}<\/script>\n<!-- \/ Yoast SEO plugin. -->","yoast_head_json":{"title":"Family Law &#8211; Notariat Sch\u00f6ffmann","description":"Notariat Mag. Klaus Sch\u00f6ffmann: Ihr Notar in Klagenfurt am W\u00f6rthersee. Individuelle Rechtsberatung f\u00fcr Unternehmen und Privatpersonen. Unsere erste Rechtsauskunft ist f\u00fcr Sie kostenfrei!","robots":{"index":"noindex","follow":"follow","max-snippet":"max-snippet:-1","max-image-preview":"max-image-preview:large","max-video-preview":"max-video-preview:-1"},"og_locale":"en_US","og_type":"article","og_title":"Family Law &#8211; Notariat Sch\u00f6ffmann","og_description":"Notariat Mag. Klaus Sch\u00f6ffmann: Ihr Notar in Klagenfurt am W\u00f6rthersee. Individuelle Rechtsberatung f\u00fcr Unternehmen und Privatpersonen. Unsere erste Rechtsauskunft ist f\u00fcr Sie kostenfrei!","og_url":"https:\/\/dev.diginotar.at\/en\/family-law\/","og_site_name":"Notariat Sch\u00f6ffmann","article_publisher":"https:\/\/www.facebook.com\/NotarKlagenfurt","article_modified_time":"2022-07-26T06:53:38+00:00","og_image":[{"width":1600,"height":1067,"url":"https:\/\/dev.diginotar.at\/wp-content\/uploads\/2021\/11\/Juristen-1.jpg","type":"image\/jpeg"}],"twitter_card":"summary_large_image","schema":{"@context":"https:\/\/schema.org","@graph":[{"@type":"WebPage","@id":"https:\/\/dev.diginotar.at\/en\/family-law\/","url":"https:\/\/dev.diginotar.at\/en\/family-law\/","name":"Family Law &#8211; Notariat Sch\u00f6ffmann","isPartOf":{"@id":"https:\/\/dev.diginotar.at\/en\/#website"},"datePublished":"2022-03-18T10:15:47+00:00","dateModified":"2022-07-26T06:53:38+00:00","description":"Notariat Mag. Klaus Sch\u00f6ffmann: Ihr Notar in Klagenfurt am W\u00f6rthersee. Individuelle Rechtsberatung f\u00fcr Unternehmen und Privatpersonen. Unsere erste Rechtsauskunft ist f\u00fcr Sie kostenfrei!","breadcrumb":{"@id":"https:\/\/dev.diginotar.at\/en\/family-law\/#breadcrumb"},"inLanguage":"en-US","potentialAction":[{"@type":"ReadAction","target":["https:\/\/dev.diginotar.at\/en\/family-law\/"]}]},{"@type":"BreadcrumbList","@id":"https:\/\/dev.diginotar.at\/en\/family-law\/#breadcrumb","itemListElement":[{"@type":"ListItem","position":1,"name":"Startseite","item":"https:\/\/dev.diginotar.at\/en\/"},{"@type":"ListItem","position":2,"name":"Family Law"}]},{"@type":"WebSite","@id":"https:\/\/dev.diginotar.at\/en\/#website","url":"https:\/\/dev.diginotar.at\/en\/","name":"Notariat Sch\u00f6ffmann","description":"Mag. Klaus Sch\u00f6ffmann - Ihr Notar in Klagenfurt","publisher":{"@id":"https:\/\/dev.diginotar.at\/en\/#organization"},"potentialAction":[{"@type":"SearchAction","target":{"@type":"EntryPoint","urlTemplate":"https:\/\/dev.diginotar.at\/en\/?s={search_term_string}"},"query-input":{"@type":"PropertyValueSpecification","valueRequired":true,"valueName":"search_term_string"}}],"inLanguage":"en-US"},{"@type":"Organization","@id":"https:\/\/dev.diginotar.at\/en\/#organization","name":"Notariat Mag. Klaus Sch\u00f6ffmann Klagenfurt","url":"https:\/\/dev.diginotar.at\/en\/","logo":{"@type":"ImageObject","inLanguage":"en-US","@id":"https:\/\/dev.diginotar.at\/en\/#\/schema\/logo\/image\/","url":"https:\/\/dev.diginotar.at\/wp-content\/uploads\/2022\/02\/logo-notariat-schoeffmann.jpg","contentUrl":"https:\/\/dev.diginotar.at\/wp-content\/uploads\/2022\/02\/logo-notariat-schoeffmann.jpg","width":600,"height":600,"caption":"Notariat Mag. Klaus Sch\u00f6ffmann Klagenfurt"},"image":{"@id":"https:\/\/dev.diginotar.at\/en\/#\/schema\/logo\/image\/"},"sameAs":["https:\/\/www.facebook.com\/NotarKlagenfurt","https:\/\/www.youtube.com\/channel\/UCaITfbIQh6VIpzEonUsIhcg"]}]}},"_links":{"self":[{"href":"https:\/\/dev.diginotar.at\/en\/wp-json\/wp\/v2\/pages\/2562","targetHints":{"allow":["GET"]}}],"collection":[{"href":"https:\/\/dev.diginotar.at\/en\/wp-json\/wp\/v2\/pages"}],"about":[{"href":"https:\/\/dev.diginotar.at\/en\/wp-json\/wp\/v2\/types\/page"}],"author":[{"embeddable":true,"href":"https:\/\/dev.diginotar.at\/en\/wp-json\/wp\/v2\/users\/3"}],"replies":[{"embeddable":true,"href":"https:\/\/dev.diginotar.at\/en\/wp-json\/wp\/v2\/comments?post=2562"}],"version-history":[{"count":9,"href":"https:\/\/dev.diginotar.at\/en\/wp-json\/wp\/v2\/pages\/2562\/revisions"}],"predecessor-version":[{"id":2959,"href":"https:\/\/dev.diginotar.at\/en\/wp-json\/wp\/v2\/pages\/2562\/revisions\/2959"}],"wp:attachment":[{"href":"https:\/\/dev.diginotar.at\/en\/wp-json\/wp\/v2\/media?parent=2562"}],"wp:term":[{"taxonomy":"category","embeddable":true,"href":"https:\/\/dev.diginotar.at\/en\/wp-json\/wp\/v2\/categories?post=2562"}],"curies":[{"name":"wp","href":"https:\/\/api.w.org\/{rel}","templated":true}]}}