{"id":2559,"date":"2021-09-12T16:32:25","date_gmt":"2021-08-09T09:41:52","guid":{"rendered":"https:\/\/dev.diginotar.at\/?page_id=2559"},"modified":"2022-07-26T09:06:43","modified_gmt":"2022-07-26T07:06:43","slug":"prevention","status":"publish","type":"page","link":"https:\/\/dev.diginotar.at\/en\/prevention\/","title":{"rendered":"Prevention"},"content":{"rendered":"<div class=\"wpb-content-wrapper\"><p>[vc_row content_placement=&#8221;middle&#8221; css_animation=&#8221;none&#8221; el_class=&#8221;themenseite_header&#8221;][vc_column][vc_column_text el_class=&#8221;serif_headline_themenseite&#8221;]<\/p>\n<h1 style=\"text-align: left;\">Prevention<\/h1>\n<p>[\/vc_column_text][\/vc_column][\/vc_row][vc_row content_placement=&#8221;middle&#8221; el_class=&#8221;themenseite_header&#8221;][vc_column css_animation=&#8221;fadeIn&#8221; offset=&#8221;vc_col-lg-8 vc_col-md-8&#8243;]<div class=\"video_image\" id=\"video_43bd6206bb1003fea08eecb6de72b7cd03e1724a\"><video id=\"43bd6206bb1003fea08eecb6de72b7cd03e1724a\" class=\"video_team_element\" src=\"https:\/\/dev.diginotar.at\/wp-content\/uploads\/header-image-vorsorge-2.mp4\" muted  autoplay playsinline  poster=\"https:\/\/dev.diginotar.at\/wp-content\/uploads\/vorsorge-poster-image-1200x680.jpg\">Error<\/video><\/div>[\/vc_column][vc_column css_animation=&#8221;fadeInRight&#8221; offset=&#8221;vc_col-lg-4 vc_col-md-3&#8243;][vc_column_text]<strong>What happens if I can no longer make decisions myself after an accident or due to an illness (stroke or senile dementia)? Who will be able to make medical decisions for me? Can my relatives &#8211; just like that &#8211; &#8220;put&#8221; me in a retirement home?<\/strong><\/p>\n<p><em>In a healthy state, few people think about these issues. The question of representation only becomes topical when people can no longer take care of their own affairs. By then, however, it is usually too late to choose a representative yourself.\u00a0 Durabel power of attorney, living wills and adult representatives give you the opportunity to decide today who will take care of your affairs if you are no longer able to do so yourself.<\/em>[\/vc_column_text][\/vc_column][\/vc_row][vc_row el_id=&#8221;scroll_juristen&#8221;][vc_column][vc_empty_space height=&#8221;64px&#8221;][vc_column_text el_class=&#8221;thema_headline&#8221;]<\/p>\n<h2 style=\"text-align: center;\">More About This Topic<\/h2>\n<p>[\/vc_column_text][vc_empty_space height=&#8221;64px&#8221;][vc_row_inner][vc_column_inner width=&#8221;1\/4&#8243;][\/vc_column_inner][vc_column_inner el_class=&#8221;frontpage_online_icons&#8221; width=&#8221;1\/4&#8243;]<div class=\"schoeffmann_image_box\"><a title=\"Videos\" href=\"https:\/\/dev.diginotar.at\/videos\/\"><div class=\"schoeffmann_image_box_img\"><img loading=\"lazy\" decoding=\"async\" width=\"280\" height=\"198\" src=\"https:\/\/dev.diginotar.at\/wp-content\/uploads\/2021\/09\/videos-vom-notar.png\" class=\"attachment-full size-full\" alt=\"\" \/><\/div><h4>VIDEOS OF NOTARY<\/h4><\/a><\/div>[\/vc_column_inner][vc_column_inner el_class=&#8221;frontpage_online_icons&#8221; width=&#8221;1\/4&#8243;]<div class=\"schoeffmann_image_box\"><a title=\"Videos\" href=\"https:\/\/dev.diginotar.at\/broschueren\/\"><div class=\"schoeffmann_image_box_img\"><img loading=\"lazy\" decoding=\"async\" width=\"280\" height=\"198\" src=\"https:\/\/dev.diginotar.at\/wp-content\/uploads\/2021\/09\/borschuere-2.png\" class=\"attachment-full size-full\" alt=\"Bild von Brosch\u00fcren zum Thema &quot;Erben und Vererben&quot; und &quot;Selbstbestimmt alt werden&quot;\" \/><\/div><h4>FREE BROCHURES<\/h4><\/a><\/div>[\/vc_column_inner][vc_column_inner width=&#8221;1\/4&#8243;][\/vc_column_inner][\/vc_row_inner][\/vc_column][\/vc_row][vc_row][vc_column][vc_empty_space][\/vc_column][\/vc_row][vc_row gap=&#8221;35&#8243; el_class=&#8221;overlay_box&#8221;][vc_column width=&#8221;1\/2&#8243;]<div class=\"querverweis_wrapper blue_bg_box\"><h2>Durable Power of Attorney of the Entrepreneur<\/h2><h3>How do i properly provide for loss of my decision-making capability?<\/h3><a href=\"https:\/\/dev.diginotar.at\/unternehmen\/unternehmensnachfolge\/\" class=\"default-btn-shortcode dt-btn link-hover-off btn-inline-left btn-flat \" title=\"Durable Power of Attorney of the Entrepreneur\"><span>MEHR &gt;<\/span><\/a><\/div>[\/vc_column][vc_column width=&#8221;1\/2&#8243;]<div class=\"querverweis_wrapper blue_bg_box\"><h2>Free Succession<\/h2><h3>What are the options for the passing of my possessions in the event of death?<\/h3><a href=\"#\" class=\"default-btn-shortcode dt-btn link-hover-off btn-inline-left btn-flat \" title=\"Free Succession\"><span>MEHR &gt;<\/span><\/a><\/div>[\/vc_column][\/vc_row][vc_row full_width=&#8221;stretch_row_content_no_spaces&#8221; full_height=&#8221;yes&#8221; css_animation=&#8221;fadeIn&#8221; bg_type=&#8221;video&#8221; video_url=&#8221;https:\/\/dev.diginotar.at\/wp-content\/uploads\/header-image-vorsorge-2.mp4&#8243; video_opts=&#8221;loop,muted&#8221; video_poster=&#8221;id^527|url^https:\/\/dev.diginotar.at\/wp-content\/uploads\/2021\/08\/schoeffmann-trenner-2.jpg|caption^Notariat Scho\u0308ffmann 2018-04-02|alt^null|title^Notariat Scho\u0308ffmann 2018-04-02|description^null&#8221;][vc_column width=&#8221;1\/4&#8243;][\/vc_column][vc_column width=&#8221;1\/2&#8243;][vc_empty_space height=&#8221;80px&#8221;][vc_column_text el_class=&#8221;teiler_headline&#8221;]<\/p>\n<h2 style=\"text-align: center;\">Deeds from the notary create a<br \/>\nbalanced situation and legal freedom.<\/h2>\n<h2 style=\"text-align: center;\">Or has anyone ever threatened you with the notary?<\/h2>\n<p>&nbsp;<\/p>\n<p>[\/vc_column_text][vc_empty_space height=&#8221;80px&#8221;][\/vc_column][vc_column width=&#8221;1\/4&#8243;][\/vc_column][\/vc_row]<\/p>\n<\/div>","protected":false},"excerpt":{"rendered":"<p>[vc_row content_placement=&#8221;middle&#8221; css_animation=&#8221;none&#8221; el_class=&#8221;themenseite_header&#8221;][vc_column][vc_column_text el_class=&#8221;serif_headline_themenseite&#8221;] Prevention [\/vc_column_text][\/vc_column][\/vc_row][vc_row content_placement=&#8221;middle&#8221; el_class=&#8221;themenseite_header&#8221;][vc_column css_animation=&#8221;fadeIn&#8221; offset=&#8221;vc_col-lg-8 vc_col-md-8&#8243;][\/vc_column][vc_column css_animation=&#8221;fadeInRight&#8221; offset=&#8221;vc_col-lg-4 vc_col-md-3&#8243;][vc_column_text]What happens if I can no longer make decisions myself after an accident or due to an illness (stroke or senile dementia)? Who will be able to make medical decisions for me? Can my relatives &#8211; just like that &#8211; &#8220;put&#8221;&hellip;<\/p>\n","protected":false},"author":3,"featured_media":0,"parent":0,"menu_order":15,"comment_status":"closed","ping_status":"closed","template":"","meta":{"inline_featured_image":false,"footnotes":""},"categories":[2,1],"class_list":["post-2559","page","type-page","status-publish","hentry","category-uncategorized","category-unkategorisiert","description-off"],"yoast_head":"<!-- This site is optimized with the Yoast SEO plugin v25.7 - https:\/\/yoast.com\/wordpress\/plugins\/seo\/ -->\n<title>Prevention &#8211; Notariat Sch\u00f6ffmann<\/title>\n<meta name=\"description\" content=\"Selbstbestimmt alt werden. Anregungen zum Themenkomplex Vorsorge und ein \u00dcberblick \u00fcber m\u00f6gliche Vertretungsarten.\" \/>\n<meta name=\"robots\" content=\"noindex, follow, max-snippet:-1, max-image-preview:large, max-video-preview:-1\" \/>\n<meta property=\"og:locale\" content=\"en_US\" \/>\n<meta property=\"og:type\" content=\"article\" \/>\n<meta property=\"og:title\" content=\"Prevention &#8211; Notariat Sch\u00f6ffmann\" \/>\n<meta property=\"og:description\" content=\"Selbstbestimmt alt werden. Anregungen zum Themenkomplex Vorsorge und ein \u00dcberblick \u00fcber m\u00f6gliche Vertretungsarten.\" \/>\n<meta property=\"og:url\" content=\"https:\/\/dev.diginotar.at\/en\/prevention\/\" \/>\n<meta property=\"og:site_name\" content=\"Notariat Sch\u00f6ffmann\" \/>\n<meta property=\"article:publisher\" content=\"https:\/\/www.facebook.com\/NotarKlagenfurt\" \/>\n<meta property=\"article:modified_time\" content=\"2022-07-26T07:06:43+00:00\" \/>\n<meta property=\"og:image\" content=\"https:\/\/dev.diginotar.at\/wp-content\/uploads\/2021\/11\/Juristen-1.jpg\" \/>\n\t<meta property=\"og:image:width\" content=\"1600\" \/>\n\t<meta property=\"og:image:height\" content=\"1067\" \/>\n\t<meta property=\"og:image:type\" content=\"image\/jpeg\" \/>\n<meta name=\"twitter:card\" content=\"summary_large_image\" \/>\n<script type=\"application\/ld+json\" class=\"yoast-schema-graph\">{\"@context\":\"https:\/\/schema.org\",\"@graph\":[{\"@type\":\"WebPage\",\"@id\":\"https:\/\/dev.diginotar.at\/en\/prevention\/\",\"url\":\"https:\/\/dev.diginotar.at\/en\/prevention\/\",\"name\":\"Prevention &#8211; Notariat Sch\u00f6ffmann\",\"isPartOf\":{\"@id\":\"https:\/\/dev.diginotar.at\/en\/#website\"},\"datePublished\":\"2021-08-09T09:41:52+00:00\",\"dateModified\":\"2022-07-26T07:06:43+00:00\",\"description\":\"Selbstbestimmt alt werden. Anregungen zum Themenkomplex Vorsorge und ein \u00dcberblick \u00fcber m\u00f6gliche Vertretungsarten.\",\"breadcrumb\":{\"@id\":\"https:\/\/dev.diginotar.at\/en\/prevention\/#breadcrumb\"},\"inLanguage\":\"en-US\",\"potentialAction\":[{\"@type\":\"ReadAction\",\"target\":[\"https:\/\/dev.diginotar.at\/en\/prevention\/\"]}]},{\"@type\":\"BreadcrumbList\",\"@id\":\"https:\/\/dev.diginotar.at\/en\/prevention\/#breadcrumb\",\"itemListElement\":[{\"@type\":\"ListItem\",\"position\":1,\"name\":\"Startseite\",\"item\":\"https:\/\/dev.diginotar.at\/en\/\"},{\"@type\":\"ListItem\",\"position\":2,\"name\":\"Prevention\"}]},{\"@type\":\"WebSite\",\"@id\":\"https:\/\/dev.diginotar.at\/en\/#website\",\"url\":\"https:\/\/dev.diginotar.at\/en\/\",\"name\":\"Notariat Sch\u00f6ffmann\",\"description\":\"Mag. Klaus Sch\u00f6ffmann - Ihr Notar in Klagenfurt\",\"publisher\":{\"@id\":\"https:\/\/dev.diginotar.at\/en\/#organization\"},\"potentialAction\":[{\"@type\":\"SearchAction\",\"target\":{\"@type\":\"EntryPoint\",\"urlTemplate\":\"https:\/\/dev.diginotar.at\/en\/?s={search_term_string}\"},\"query-input\":{\"@type\":\"PropertyValueSpecification\",\"valueRequired\":true,\"valueName\":\"search_term_string\"}}],\"inLanguage\":\"en-US\"},{\"@type\":\"Organization\",\"@id\":\"https:\/\/dev.diginotar.at\/en\/#organization\",\"name\":\"Notariat Mag. Klaus Sch\u00f6ffmann Klagenfurt\",\"url\":\"https:\/\/dev.diginotar.at\/en\/\",\"logo\":{\"@type\":\"ImageObject\",\"inLanguage\":\"en-US\",\"@id\":\"https:\/\/dev.diginotar.at\/en\/#\/schema\/logo\/image\/\",\"url\":\"https:\/\/dev.diginotar.at\/wp-content\/uploads\/2022\/02\/logo-notariat-schoeffmann.jpg\",\"contentUrl\":\"https:\/\/dev.diginotar.at\/wp-content\/uploads\/2022\/02\/logo-notariat-schoeffmann.jpg\",\"width\":600,\"height\":600,\"caption\":\"Notariat Mag. Klaus Sch\u00f6ffmann Klagenfurt\"},\"image\":{\"@id\":\"https:\/\/dev.diginotar.at\/en\/#\/schema\/logo\/image\/\"},\"sameAs\":[\"https:\/\/www.facebook.com\/NotarKlagenfurt\",\"https:\/\/www.youtube.com\/channel\/UCaITfbIQh6VIpzEonUsIhcg\"]}]}<\/script>\n<!-- \/ Yoast SEO plugin. -->","yoast_head_json":{"title":"Prevention &#8211; Notariat Sch\u00f6ffmann","description":"Selbstbestimmt alt werden. Anregungen zum Themenkomplex Vorsorge und ein \u00dcberblick \u00fcber m\u00f6gliche Vertretungsarten.","robots":{"index":"noindex","follow":"follow","max-snippet":"max-snippet:-1","max-image-preview":"max-image-preview:large","max-video-preview":"max-video-preview:-1"},"og_locale":"en_US","og_type":"article","og_title":"Prevention &#8211; Notariat Sch\u00f6ffmann","og_description":"Selbstbestimmt alt werden. Anregungen zum Themenkomplex Vorsorge und ein \u00dcberblick \u00fcber m\u00f6gliche Vertretungsarten.","og_url":"https:\/\/dev.diginotar.at\/en\/prevention\/","og_site_name":"Notariat Sch\u00f6ffmann","article_publisher":"https:\/\/www.facebook.com\/NotarKlagenfurt","article_modified_time":"2022-07-26T07:06:43+00:00","og_image":[{"width":1600,"height":1067,"url":"https:\/\/dev.diginotar.at\/wp-content\/uploads\/2021\/11\/Juristen-1.jpg","type":"image\/jpeg"}],"twitter_card":"summary_large_image","schema":{"@context":"https:\/\/schema.org","@graph":[{"@type":"WebPage","@id":"https:\/\/dev.diginotar.at\/en\/prevention\/","url":"https:\/\/dev.diginotar.at\/en\/prevention\/","name":"Prevention &#8211; Notariat Sch\u00f6ffmann","isPartOf":{"@id":"https:\/\/dev.diginotar.at\/en\/#website"},"datePublished":"2021-08-09T09:41:52+00:00","dateModified":"2022-07-26T07:06:43+00:00","description":"Selbstbestimmt alt werden. Anregungen zum Themenkomplex Vorsorge und ein \u00dcberblick \u00fcber m\u00f6gliche Vertretungsarten.","breadcrumb":{"@id":"https:\/\/dev.diginotar.at\/en\/prevention\/#breadcrumb"},"inLanguage":"en-US","potentialAction":[{"@type":"ReadAction","target":["https:\/\/dev.diginotar.at\/en\/prevention\/"]}]},{"@type":"BreadcrumbList","@id":"https:\/\/dev.diginotar.at\/en\/prevention\/#breadcrumb","itemListElement":[{"@type":"ListItem","position":1,"name":"Startseite","item":"https:\/\/dev.diginotar.at\/en\/"},{"@type":"ListItem","position":2,"name":"Prevention"}]},{"@type":"WebSite","@id":"https:\/\/dev.diginotar.at\/en\/#website","url":"https:\/\/dev.diginotar.at\/en\/","name":"Notariat Sch\u00f6ffmann","description":"Mag. Klaus Sch\u00f6ffmann - Ihr Notar in Klagenfurt","publisher":{"@id":"https:\/\/dev.diginotar.at\/en\/#organization"},"potentialAction":[{"@type":"SearchAction","target":{"@type":"EntryPoint","urlTemplate":"https:\/\/dev.diginotar.at\/en\/?s={search_term_string}"},"query-input":{"@type":"PropertyValueSpecification","valueRequired":true,"valueName":"search_term_string"}}],"inLanguage":"en-US"},{"@type":"Organization","@id":"https:\/\/dev.diginotar.at\/en\/#organization","name":"Notariat Mag. Klaus Sch\u00f6ffmann Klagenfurt","url":"https:\/\/dev.diginotar.at\/en\/","logo":{"@type":"ImageObject","inLanguage":"en-US","@id":"https:\/\/dev.diginotar.at\/en\/#\/schema\/logo\/image\/","url":"https:\/\/dev.diginotar.at\/wp-content\/uploads\/2022\/02\/logo-notariat-schoeffmann.jpg","contentUrl":"https:\/\/dev.diginotar.at\/wp-content\/uploads\/2022\/02\/logo-notariat-schoeffmann.jpg","width":600,"height":600,"caption":"Notariat Mag. Klaus Sch\u00f6ffmann Klagenfurt"},"image":{"@id":"https:\/\/dev.diginotar.at\/en\/#\/schema\/logo\/image\/"},"sameAs":["https:\/\/www.facebook.com\/NotarKlagenfurt","https:\/\/www.youtube.com\/channel\/UCaITfbIQh6VIpzEonUsIhcg"]}]}},"_links":{"self":[{"href":"https:\/\/dev.diginotar.at\/en\/wp-json\/wp\/v2\/pages\/2559","targetHints":{"allow":["GET"]}}],"collection":[{"href":"https:\/\/dev.diginotar.at\/en\/wp-json\/wp\/v2\/pages"}],"about":[{"href":"https:\/\/dev.diginotar.at\/en\/wp-json\/wp\/v2\/types\/page"}],"author":[{"embeddable":true,"href":"https:\/\/dev.diginotar.at\/en\/wp-json\/wp\/v2\/users\/3"}],"replies":[{"embeddable":true,"href":"https:\/\/dev.diginotar.at\/en\/wp-json\/wp\/v2\/comments?post=2559"}],"version-history":[{"count":12,"href":"https:\/\/dev.diginotar.at\/en\/wp-json\/wp\/v2\/pages\/2559\/revisions"}],"predecessor-version":[{"id":2961,"href":"https:\/\/dev.diginotar.at\/en\/wp-json\/wp\/v2\/pages\/2559\/revisions\/2961"}],"wp:attachment":[{"href":"https:\/\/dev.diginotar.at\/en\/wp-json\/wp\/v2\/media?parent=2559"}],"wp:term":[{"taxonomy":"category","embeddable":true,"href":"https:\/\/dev.diginotar.at\/en\/wp-json\/wp\/v2\/categories?post=2559"}],"curies":[{"name":"wp","href":"https:\/\/api.w.org\/{rel}","templated":true}]}}