{"id":86,"date":"2021-08-09T08:56:13","date_gmt":"2021-08-09T06:56:13","guid":{"rendered":"https:\/\/dev.diginotar.at\/?page_id=86"},"modified":"2022-03-01T12:00:59","modified_gmt":"2022-03-01T11:00:59","slug":"schenkung","status":"publish","type":"page","link":"https:\/\/dev.diginotar.at\/de\/notariat\/vorbereitung-erstbesprechung\/schenkung\/","title":{"rendered":"Schenkung"},"content":{"rendered":"<div class=\" typo3-neos-nodetypes-headline\">\n<div>\n<h2>Checkliste Vorbereitung auf eine Schenkung<\/h2>\n<\/div>\n<\/div>\n<div class=\"standard typo3-neos-nodetypes-text\">\n<div>\n<p><strong>1. Geschenkgeber:<\/strong><\/p>\n<p>Name, Geburtsdatum, Beruf, Adresse, Staatsb\u00fcrgerschaft, pers\u00f6nliche Verh\u00e4ltnisse, Sozialversicherungsnummer<\/p>\n<p><b>2. Geschenknehmer:<\/b><br \/>\nName, Geburtsdatum, Beruf, Adresse, Staatsb\u00fcrgerschaft, pers\u00f6nliche Verh\u00e4ltnisse, Sozialversicherungsnummer<\/p>\n<p><b>3. Verh\u00e4ltnis zwischen Vertragsparteien<\/b><\/p>\n<p><b>4. Schenkungsobjekt:<\/b><br \/>\nAnschaffungswert, letzter entgeltlicher Erwerb, Vorsteuer,<br \/>\nArt: unbebautes Grundst\u00fcck, bebautes Grundst\u00fcck, Einfamilienhaus, Betriebsobjekt, Mietwohngrundst\u00fcck, Wohnungseigentum, Wald, sonstiges agrarisches Grundst\u00fcck oder Anteilsrecht<\/p>\n<p><b>5. rechtliche Bedingungen:<\/b><br \/>\nWidmung und Gefahrenzonenplan,<br \/>\nbebautes Grundst\u00fcck: Baubewilligung, Ben\u00fctzungsbewilligung, Versicherungen,<br \/>\nEigentumswohnung: Wohnungseigentumsvertrag, Ben\u00fctzungsregelung, Hausverwaltung, Reparaturfonds, beschlossene Reparaturen<br \/>\nBescheide: Baugenehmigung<br \/>\nVersicherungen: bewegliches\/unbewegliches Verm\u00f6gen\/Haftpflicht<\/p>\n<p><b>6. Aufschlie\u00dfung:<\/b><br \/>\nWeg, Wasser und Abwasser, Strom<\/p>\n<p><b>7. Belastungen:<\/b><br \/>\nWohnrechte, Mietrechte (Inhalt der Mietvertr\u00e4ge), sonstige Nutzungsrechte und Dienstbarkeitsbelastungen, Dienstbarkeitsberechtigungen<\/p>\n<p><b>8. \u00dcbergabe:<\/b><br \/>\nStichtag, r\u00fcckst\u00e4ndige \u00f6ffentliche Abgaben, weiterlaufende Versicherungen, \u00dcbergang von Mietrechten, Mieterkaution, Inhalt der Mietvertr\u00e4ge,<\/p>\n<p><b>9. Sicherung des Erwerbers:<\/b><br \/>\nLastenfreistellung von Pfandrechten und pers\u00f6nlichen Dienstbarkeiten, \u00dcbernahme von Grunddienstbarkeiten und sonstigen verb\u00fcchertern oder nicht verb\u00fccherten Rechten Dritter, Ver\u00e4u\u00dferungsbeschr\u00e4nkungen,<\/p>\n<p><b>10. Genehmigungen:<\/b><\/p>\n<ul>\n<li>Teilungsgenehmigung, Widmung, Abtretung ins \u00f6ffentliche Gut, Aufschlie\u00dfung der Grundst\u00fccksteile, Grenzfeststellung zur Restliegenschaft, Zaun, Teilungsplan, Bescheinigungsfrist, vorausgehende Durchf\u00fchrungen, Bebauungsplan, Abstandsfl\u00e4che,<\/li>\n<li>Grundverkehrsgenehmigung, Fl\u00e4chenwidmungen, Genehmigungsgebiet, Wohnsitz, Staatsb\u00fcrgerschaft, zu erwartende Auflage der Bebauung, Waldteilung, Waldfestestellung,<\/li>\n<li>agrarbeh\u00f6rdliche Genehmigung f\u00fcr Teilung der Stammsitzliegenschaft oder Schenkung von agrarischem Anteilsrecht, Vollversammlungsbeschluss, Zusammenlegungsverfahren,<\/li>\n<li>gerichtliche Genehmigungen: Pflegschaftsgericht, Verlassgericht, Erwachsenenvertreterbestellung<\/li>\n<\/ul>\n<p><b>11. Gew\u00e4hrleistungen:<\/b><br \/>\nAusma\u00df, zugesagte Qualit\u00e4ten, versteckte M\u00e4ngel, bekannte M\u00e4ngel, Altlasten, Bebauungsm\u00f6glichkeit (geologisch\/juristisch)<\/p>\n<p><b>12. Einverleibungsbewilligung Eigentum<\/b><br \/>\nDienstbarkeiten, Eigentumsbeschr\u00e4nkungen,<\/p>\n<p><b>13. Kosten:<\/b><br \/>\nVertrag, Vermessung, Grundst\u00fccksteilung, Lastenfreistellung, Steuern, Solidarhaftung<\/p>\n<\/div>\n<\/div>\n","protected":false},"excerpt":{"rendered":"<p>Checkliste Vorbereitung auf eine Schenkung 1. Geschenkgeber: Name, Geburtsdatum, Beruf, Adresse, Staatsb\u00fcrgerschaft, pers\u00f6nliche Verh\u00e4ltnisse, Sozialversicherungsnummer 2. Geschenknehmer: Name, Geburtsdatum, Beruf, Adresse, Staatsb\u00fcrgerschaft, pers\u00f6nliche Verh\u00e4ltnisse, Sozialversicherungsnummer 3. Verh\u00e4ltnis zwischen Vertragsparteien 4. Schenkungsobjekt: Anschaffungswert, letzter entgeltlicher Erwerb, Vorsteuer, Art: unbebautes Grundst\u00fcck, bebautes Grundst\u00fcck, Einfamilienhaus, Betriebsobjekt, Mietwohngrundst\u00fcck, Wohnungseigentum, Wald, sonstiges agrarisches Grundst\u00fcck oder Anteilsrecht 5. rechtliche Bedingungen: Widmung&hellip;<\/p>\n","protected":false},"author":3,"featured_media":0,"parent":78,"menu_order":1,"comment_status":"closed","ping_status":"closed","template":"","meta":{"inline_featured_image":false,"footnotes":""},"categories":[],"class_list":["post-86","page","type-page","status-publish","hentry","description-off"],"yoast_head":"<!-- This site is optimized with the Yoast SEO plugin v25.7 - https:\/\/yoast.com\/wordpress\/plugins\/seo\/ -->\n<title>Schenkung &#8211; Notariat Sch\u00f6ffmann<\/title>\n<meta name=\"description\" content=\"Notariat Mag. Klaus Sch\u00f6ffmann: Ihr Notar in Klagenfurt am W\u00f6rthersee. Individuelle Rechtsberatung f\u00fcr Unternehmen und Privatpersonen. Unsere erste Rechtsauskunft ist f\u00fcr Sie kostenfrei!\" \/>\n<meta name=\"robots\" content=\"noindex, follow, max-snippet:-1, max-image-preview:large, max-video-preview:-1\" \/>\n<meta property=\"og:locale\" content=\"de_DE\" \/>\n<meta property=\"og:type\" content=\"article\" \/>\n<meta property=\"og:title\" content=\"Schenkung &#8211; Notariat Sch\u00f6ffmann\" \/>\n<meta property=\"og:description\" content=\"Notariat Mag. Klaus Sch\u00f6ffmann: Ihr Notar in Klagenfurt am W\u00f6rthersee. Individuelle Rechtsberatung f\u00fcr Unternehmen und Privatpersonen. Unsere erste Rechtsauskunft ist f\u00fcr Sie kostenfrei!\" \/>\n<meta property=\"og:url\" content=\"https:\/\/dev.diginotar.at\/de\/notariat\/vorbereitung-erstbesprechung\/schenkung\/\" \/>\n<meta property=\"og:site_name\" content=\"Notariat Sch\u00f6ffmann\" \/>\n<meta property=\"article:publisher\" content=\"https:\/\/www.facebook.com\/NotarKlagenfurt\" \/>\n<meta property=\"article:modified_time\" content=\"2022-03-01T11:00:59+00:00\" \/>\n<meta property=\"og:image\" content=\"https:\/\/dev.diginotar.at\/wp-content\/uploads\/2021\/11\/Juristen-1.jpg\" \/>\n\t<meta property=\"og:image:width\" content=\"1600\" \/>\n\t<meta property=\"og:image:height\" content=\"1067\" \/>\n\t<meta property=\"og:image:type\" content=\"image\/jpeg\" \/>\n<meta name=\"twitter:card\" content=\"summary_large_image\" \/>\n<script type=\"application\/ld+json\" class=\"yoast-schema-graph\">{\"@context\":\"https:\/\/schema.org\",\"@graph\":[{\"@type\":\"WebPage\",\"@id\":\"https:\/\/dev.diginotar.at\/de\/notariat\/vorbereitung-erstbesprechung\/schenkung\/\",\"url\":\"https:\/\/dev.diginotar.at\/de\/notariat\/vorbereitung-erstbesprechung\/schenkung\/\",\"name\":\"Schenkung &#8211; Notariat Sch\u00f6ffmann\",\"isPartOf\":{\"@id\":\"https:\/\/dev.diginotar.at\/de\/#website\"},\"datePublished\":\"2021-08-09T06:56:13+00:00\",\"dateModified\":\"2022-03-01T11:00:59+00:00\",\"description\":\"Notariat Mag. Klaus Sch\u00f6ffmann: Ihr Notar in Klagenfurt am W\u00f6rthersee. Individuelle Rechtsberatung f\u00fcr Unternehmen und Privatpersonen. Unsere erste Rechtsauskunft ist f\u00fcr Sie kostenfrei!\",\"breadcrumb\":{\"@id\":\"https:\/\/dev.diginotar.at\/de\/notariat\/vorbereitung-erstbesprechung\/schenkung\/#breadcrumb\"},\"inLanguage\":\"de\",\"potentialAction\":[{\"@type\":\"ReadAction\",\"target\":[\"https:\/\/dev.diginotar.at\/de\/notariat\/vorbereitung-erstbesprechung\/schenkung\/\"]}]},{\"@type\":\"BreadcrumbList\",\"@id\":\"https:\/\/dev.diginotar.at\/de\/notariat\/vorbereitung-erstbesprechung\/schenkung\/#breadcrumb\",\"itemListElement\":[{\"@type\":\"ListItem\",\"position\":1,\"name\":\"Startseite\",\"item\":\"https:\/\/dev.diginotar.at\/de\/\"},{\"@type\":\"ListItem\",\"position\":2,\"name\":\"Notariat\",\"item\":\"https:\/\/dev.diginotar.at\/de\/notariat\/\"},{\"@type\":\"ListItem\",\"position\":3,\"name\":\"Vorbereitung Erstbesprechung\",\"item\":\"https:\/\/dev.diginotar.at\/de\/notariat\/vorbereitung-erstbesprechung\/\"},{\"@type\":\"ListItem\",\"position\":4,\"name\":\"Schenkung\"}]},{\"@type\":\"WebSite\",\"@id\":\"https:\/\/dev.diginotar.at\/de\/#website\",\"url\":\"https:\/\/dev.diginotar.at\/de\/\",\"name\":\"Notariat Sch\u00f6ffmann\",\"description\":\"Mag. Klaus Sch\u00f6ffmann - Ihr Notar in Klagenfurt\",\"publisher\":{\"@id\":\"https:\/\/dev.diginotar.at\/de\/#organization\"},\"potentialAction\":[{\"@type\":\"SearchAction\",\"target\":{\"@type\":\"EntryPoint\",\"urlTemplate\":\"https:\/\/dev.diginotar.at\/de\/?s={search_term_string}\"},\"query-input\":{\"@type\":\"PropertyValueSpecification\",\"valueRequired\":true,\"valueName\":\"search_term_string\"}}],\"inLanguage\":\"de\"},{\"@type\":\"Organization\",\"@id\":\"https:\/\/dev.diginotar.at\/de\/#organization\",\"name\":\"Notariat Mag. Klaus Sch\u00f6ffmann Klagenfurt\",\"url\":\"https:\/\/dev.diginotar.at\/de\/\",\"logo\":{\"@type\":\"ImageObject\",\"inLanguage\":\"de\",\"@id\":\"https:\/\/dev.diginotar.at\/de\/#\/schema\/logo\/image\/\",\"url\":\"https:\/\/dev.diginotar.at\/wp-content\/uploads\/2022\/02\/logo-notariat-schoeffmann.jpg\",\"contentUrl\":\"https:\/\/dev.diginotar.at\/wp-content\/uploads\/2022\/02\/logo-notariat-schoeffmann.jpg\",\"width\":600,\"height\":600,\"caption\":\"Notariat Mag. Klaus Sch\u00f6ffmann Klagenfurt\"},\"image\":{\"@id\":\"https:\/\/dev.diginotar.at\/de\/#\/schema\/logo\/image\/\"},\"sameAs\":[\"https:\/\/www.facebook.com\/NotarKlagenfurt\",\"https:\/\/www.youtube.com\/channel\/UCaITfbIQh6VIpzEonUsIhcg\"]}]}<\/script>\n<!-- \/ Yoast SEO plugin. -->","yoast_head_json":{"title":"Schenkung &#8211; Notariat Sch\u00f6ffmann","description":"Notariat Mag. Klaus Sch\u00f6ffmann: Ihr Notar in Klagenfurt am W\u00f6rthersee. Individuelle Rechtsberatung f\u00fcr Unternehmen und Privatpersonen. Unsere erste Rechtsauskunft ist f\u00fcr Sie kostenfrei!","robots":{"index":"noindex","follow":"follow","max-snippet":"max-snippet:-1","max-image-preview":"max-image-preview:large","max-video-preview":"max-video-preview:-1"},"og_locale":"de_DE","og_type":"article","og_title":"Schenkung &#8211; Notariat Sch\u00f6ffmann","og_description":"Notariat Mag. Klaus Sch\u00f6ffmann: Ihr Notar in Klagenfurt am W\u00f6rthersee. Individuelle Rechtsberatung f\u00fcr Unternehmen und Privatpersonen. Unsere erste Rechtsauskunft ist f\u00fcr Sie kostenfrei!","og_url":"https:\/\/dev.diginotar.at\/de\/notariat\/vorbereitung-erstbesprechung\/schenkung\/","og_site_name":"Notariat Sch\u00f6ffmann","article_publisher":"https:\/\/www.facebook.com\/NotarKlagenfurt","article_modified_time":"2022-03-01T11:00:59+00:00","og_image":[{"width":1600,"height":1067,"url":"https:\/\/dev.diginotar.at\/wp-content\/uploads\/2021\/11\/Juristen-1.jpg","type":"image\/jpeg"}],"twitter_card":"summary_large_image","schema":{"@context":"https:\/\/schema.org","@graph":[{"@type":"WebPage","@id":"https:\/\/dev.diginotar.at\/de\/notariat\/vorbereitung-erstbesprechung\/schenkung\/","url":"https:\/\/dev.diginotar.at\/de\/notariat\/vorbereitung-erstbesprechung\/schenkung\/","name":"Schenkung &#8211; Notariat Sch\u00f6ffmann","isPartOf":{"@id":"https:\/\/dev.diginotar.at\/de\/#website"},"datePublished":"2021-08-09T06:56:13+00:00","dateModified":"2022-03-01T11:00:59+00:00","description":"Notariat Mag. Klaus Sch\u00f6ffmann: Ihr Notar in Klagenfurt am W\u00f6rthersee. Individuelle Rechtsberatung f\u00fcr Unternehmen und Privatpersonen. Unsere erste Rechtsauskunft ist f\u00fcr Sie kostenfrei!","breadcrumb":{"@id":"https:\/\/dev.diginotar.at\/de\/notariat\/vorbereitung-erstbesprechung\/schenkung\/#breadcrumb"},"inLanguage":"de","potentialAction":[{"@type":"ReadAction","target":["https:\/\/dev.diginotar.at\/de\/notariat\/vorbereitung-erstbesprechung\/schenkung\/"]}]},{"@type":"BreadcrumbList","@id":"https:\/\/dev.diginotar.at\/de\/notariat\/vorbereitung-erstbesprechung\/schenkung\/#breadcrumb","itemListElement":[{"@type":"ListItem","position":1,"name":"Startseite","item":"https:\/\/dev.diginotar.at\/de\/"},{"@type":"ListItem","position":2,"name":"Notariat","item":"https:\/\/dev.diginotar.at\/de\/notariat\/"},{"@type":"ListItem","position":3,"name":"Vorbereitung Erstbesprechung","item":"https:\/\/dev.diginotar.at\/de\/notariat\/vorbereitung-erstbesprechung\/"},{"@type":"ListItem","position":4,"name":"Schenkung"}]},{"@type":"WebSite","@id":"https:\/\/dev.diginotar.at\/de\/#website","url":"https:\/\/dev.diginotar.at\/de\/","name":"Notariat Sch\u00f6ffmann","description":"Mag. Klaus Sch\u00f6ffmann - Ihr Notar in Klagenfurt","publisher":{"@id":"https:\/\/dev.diginotar.at\/de\/#organization"},"potentialAction":[{"@type":"SearchAction","target":{"@type":"EntryPoint","urlTemplate":"https:\/\/dev.diginotar.at\/de\/?s={search_term_string}"},"query-input":{"@type":"PropertyValueSpecification","valueRequired":true,"valueName":"search_term_string"}}],"inLanguage":"de"},{"@type":"Organization","@id":"https:\/\/dev.diginotar.at\/de\/#organization","name":"Notariat Mag. Klaus Sch\u00f6ffmann Klagenfurt","url":"https:\/\/dev.diginotar.at\/de\/","logo":{"@type":"ImageObject","inLanguage":"de","@id":"https:\/\/dev.diginotar.at\/de\/#\/schema\/logo\/image\/","url":"https:\/\/dev.diginotar.at\/wp-content\/uploads\/2022\/02\/logo-notariat-schoeffmann.jpg","contentUrl":"https:\/\/dev.diginotar.at\/wp-content\/uploads\/2022\/02\/logo-notariat-schoeffmann.jpg","width":600,"height":600,"caption":"Notariat Mag. Klaus Sch\u00f6ffmann Klagenfurt"},"image":{"@id":"https:\/\/dev.diginotar.at\/de\/#\/schema\/logo\/image\/"},"sameAs":["https:\/\/www.facebook.com\/NotarKlagenfurt","https:\/\/www.youtube.com\/channel\/UCaITfbIQh6VIpzEonUsIhcg"]}]}},"_links":{"self":[{"href":"https:\/\/dev.diginotar.at\/de\/wp-json\/wp\/v2\/pages\/86","targetHints":{"allow":["GET"]}}],"collection":[{"href":"https:\/\/dev.diginotar.at\/de\/wp-json\/wp\/v2\/pages"}],"about":[{"href":"https:\/\/dev.diginotar.at\/de\/wp-json\/wp\/v2\/types\/page"}],"author":[{"embeddable":true,"href":"https:\/\/dev.diginotar.at\/de\/wp-json\/wp\/v2\/users\/3"}],"replies":[{"embeddable":true,"href":"https:\/\/dev.diginotar.at\/de\/wp-json\/wp\/v2\/comments?post=86"}],"version-history":[{"count":4,"href":"https:\/\/dev.diginotar.at\/de\/wp-json\/wp\/v2\/pages\/86\/revisions"}],"predecessor-version":[{"id":2248,"href":"https:\/\/dev.diginotar.at\/de\/wp-json\/wp\/v2\/pages\/86\/revisions\/2248"}],"up":[{"embeddable":true,"href":"https:\/\/dev.diginotar.at\/de\/wp-json\/wp\/v2\/pages\/78"}],"wp:attachment":[{"href":"https:\/\/dev.diginotar.at\/de\/wp-json\/wp\/v2\/media?parent=86"}],"wp:term":[{"taxonomy":"category","embeddable":true,"href":"https:\/\/dev.diginotar.at\/de\/wp-json\/wp\/v2\/categories?post=86"}],"curies":[{"name":"wp","href":"https:\/\/api.w.org\/{rel}","templated":true}]}}