{"id":72,"date":"2021-08-09T08:47:22","date_gmt":"2021-08-09T06:47:22","guid":{"rendered":"https:\/\/dev.diginotar.at\/?page_id=72"},"modified":"2022-01-24T09:39:59","modified_gmt":"2022-01-24T08:39:59","slug":"notartreuhandbank","status":"publish","type":"page","link":"https:\/\/dev.diginotar.at\/de\/notariat\/berufsbild-des-notars\/notartreuhandbank\/","title":{"rendered":"Notartreuhandbank"},"content":{"rendered":"<p>Die Notartreuhandbank ist eine vollelektronisch ausgestattete Spezialbank auf h\u00f6chstem technischen Niveau. Mit den Notaren bildet sie eine geschlossene Benutzergruppe, wodurch Sicherheit und rasche Kommunikation gew\u00e4hrleistet sind.<\/p>\n<p>Die Notar-Treuhandbank hat ihren Sitz in Wien und ist eine Bank, die unter besonderen Auflagen f\u00fcr Einlagensicherung und Kontof\u00fchrung nur Notaranderkonten f\u00fchrt. Die Notare, die Notaranderkonten bei der Notartreuhandbank halten, sind mit dieser \u00fcber elektronische Datenfern\u00fcbertragung verbunden.<\/p>\n<p>Die Notartreuhandbank AG bietet Sicherheit f\u00fcr den Klienten, u.a. durch Transparenz des Geldflusses und der Zinsenbildung.<br \/>\nDie dem Notar treuh\u00e4ndig anvertrauten Gelder werden bei der Notartreuhandbank AG f\u00fcr jeden Gesch\u00e4ftsfall auf einem gesonderten Konto deponiert, \u00fcber das ausschlie\u00dflich der Notar verf\u00fcgungsberechtigt ist. Die Vertragsparteien werden von jeder Verf\u00fcgung \u00fcber das Treuhandkonto verst\u00e4ndigt.<\/p>\n","protected":false},"excerpt":{"rendered":"<p>Die Notartreuhandbank ist eine vollelektronisch ausgestattete Spezialbank auf h\u00f6chstem technischen Niveau. Mit den Notaren bildet sie eine geschlossene Benutzergruppe, wodurch Sicherheit und rasche Kommunikation gew\u00e4hrleistet sind. Die Notar-Treuhandbank hat ihren Sitz in Wien und ist eine Bank, die unter besonderen Auflagen f\u00fcr Einlagensicherung und Kontof\u00fchrung nur Notaranderkonten f\u00fchrt. Die Notare, die Notaranderkonten bei der Notartreuhandbank&hellip;<\/p>\n","protected":false},"author":3,"featured_media":0,"parent":63,"menu_order":1,"comment_status":"closed","ping_status":"closed","template":"","meta":{"inline_featured_image":false,"footnotes":""},"categories":[],"class_list":["post-72","page","type-page","status-publish","hentry","description-off"],"yoast_head":"<!-- This site is optimized with the Yoast SEO plugin v25.7 - https:\/\/yoast.com\/wordpress\/plugins\/seo\/ -->\n<title>Notartreuhandbank &#8211; Notariat Sch\u00f6ffmann<\/title>\n<meta name=\"description\" content=\"Notariat Mag. Klaus Sch\u00f6ffmann: Ihr Notar in Klagenfurt am W\u00f6rthersee. Individuelle Rechtsberatung f\u00fcr Unternehmen und Privatpersonen. Unsere erste Rechtsauskunft ist f\u00fcr Sie kostenfrei!\" \/>\n<meta name=\"robots\" content=\"noindex, follow, max-snippet:-1, max-image-preview:large, max-video-preview:-1\" \/>\n<meta property=\"og:locale\" content=\"de_DE\" \/>\n<meta property=\"og:type\" content=\"article\" \/>\n<meta property=\"og:title\" content=\"Notartreuhandbank &#8211; Notariat Sch\u00f6ffmann\" \/>\n<meta property=\"og:description\" content=\"Notariat Mag. Klaus Sch\u00f6ffmann: Ihr Notar in Klagenfurt am W\u00f6rthersee. Individuelle Rechtsberatung f\u00fcr Unternehmen und Privatpersonen. Unsere erste Rechtsauskunft ist f\u00fcr Sie kostenfrei!\" \/>\n<meta property=\"og:url\" content=\"https:\/\/dev.diginotar.at\/de\/notariat\/berufsbild-des-notars\/notartreuhandbank\/\" \/>\n<meta property=\"og:site_name\" content=\"Notariat Sch\u00f6ffmann\" \/>\n<meta property=\"article:publisher\" content=\"https:\/\/www.facebook.com\/NotarKlagenfurt\" \/>\n<meta property=\"article:modified_time\" content=\"2022-01-24T08:39:59+00:00\" \/>\n<meta property=\"og:image\" content=\"https:\/\/dev.diginotar.at\/wp-content\/uploads\/2021\/11\/Juristen-1.jpg\" \/>\n\t<meta property=\"og:image:width\" content=\"1600\" \/>\n\t<meta property=\"og:image:height\" content=\"1067\" \/>\n\t<meta property=\"og:image:type\" content=\"image\/jpeg\" \/>\n<meta name=\"twitter:card\" content=\"summary_large_image\" \/>\n<script type=\"application\/ld+json\" class=\"yoast-schema-graph\">{\"@context\":\"https:\/\/schema.org\",\"@graph\":[{\"@type\":\"WebPage\",\"@id\":\"https:\/\/dev.diginotar.at\/de\/notariat\/berufsbild-des-notars\/notartreuhandbank\/\",\"url\":\"https:\/\/dev.diginotar.at\/de\/notariat\/berufsbild-des-notars\/notartreuhandbank\/\",\"name\":\"Notartreuhandbank &#8211; Notariat Sch\u00f6ffmann\",\"isPartOf\":{\"@id\":\"https:\/\/dev.diginotar.at\/de\/#website\"},\"datePublished\":\"2021-08-09T06:47:22+00:00\",\"dateModified\":\"2022-01-24T08:39:59+00:00\",\"description\":\"Notariat Mag. Klaus Sch\u00f6ffmann: Ihr Notar in Klagenfurt am W\u00f6rthersee. Individuelle Rechtsberatung f\u00fcr Unternehmen und Privatpersonen. Unsere erste Rechtsauskunft ist f\u00fcr Sie kostenfrei!\",\"breadcrumb\":{\"@id\":\"https:\/\/dev.diginotar.at\/de\/notariat\/berufsbild-des-notars\/notartreuhandbank\/#breadcrumb\"},\"inLanguage\":\"de\",\"potentialAction\":[{\"@type\":\"ReadAction\",\"target\":[\"https:\/\/dev.diginotar.at\/de\/notariat\/berufsbild-des-notars\/notartreuhandbank\/\"]}]},{\"@type\":\"BreadcrumbList\",\"@id\":\"https:\/\/dev.diginotar.at\/de\/notariat\/berufsbild-des-notars\/notartreuhandbank\/#breadcrumb\",\"itemListElement\":[{\"@type\":\"ListItem\",\"position\":1,\"name\":\"Startseite\",\"item\":\"https:\/\/dev.diginotar.at\/de\/\"},{\"@type\":\"ListItem\",\"position\":2,\"name\":\"Notariat\",\"item\":\"https:\/\/dev.diginotar.at\/de\/notariat\/\"},{\"@type\":\"ListItem\",\"position\":3,\"name\":\"Berufsbild des Notars\",\"item\":\"https:\/\/dev.diginotar.at\/de\/notariat\/berufsbild-des-notars\/\"},{\"@type\":\"ListItem\",\"position\":4,\"name\":\"Notartreuhandbank\"}]},{\"@type\":\"WebSite\",\"@id\":\"https:\/\/dev.diginotar.at\/de\/#website\",\"url\":\"https:\/\/dev.diginotar.at\/de\/\",\"name\":\"Notariat Sch\u00f6ffmann\",\"description\":\"Mag. Klaus Sch\u00f6ffmann - Ihr Notar in Klagenfurt\",\"publisher\":{\"@id\":\"https:\/\/dev.diginotar.at\/de\/#organization\"},\"potentialAction\":[{\"@type\":\"SearchAction\",\"target\":{\"@type\":\"EntryPoint\",\"urlTemplate\":\"https:\/\/dev.diginotar.at\/de\/?s={search_term_string}\"},\"query-input\":{\"@type\":\"PropertyValueSpecification\",\"valueRequired\":true,\"valueName\":\"search_term_string\"}}],\"inLanguage\":\"de\"},{\"@type\":\"Organization\",\"@id\":\"https:\/\/dev.diginotar.at\/de\/#organization\",\"name\":\"Notariat Mag. Klaus Sch\u00f6ffmann Klagenfurt\",\"url\":\"https:\/\/dev.diginotar.at\/de\/\",\"logo\":{\"@type\":\"ImageObject\",\"inLanguage\":\"de\",\"@id\":\"https:\/\/dev.diginotar.at\/de\/#\/schema\/logo\/image\/\",\"url\":\"https:\/\/dev.diginotar.at\/wp-content\/uploads\/2022\/02\/logo-notariat-schoeffmann.jpg\",\"contentUrl\":\"https:\/\/dev.diginotar.at\/wp-content\/uploads\/2022\/02\/logo-notariat-schoeffmann.jpg\",\"width\":600,\"height\":600,\"caption\":\"Notariat Mag. Klaus Sch\u00f6ffmann Klagenfurt\"},\"image\":{\"@id\":\"https:\/\/dev.diginotar.at\/de\/#\/schema\/logo\/image\/\"},\"sameAs\":[\"https:\/\/www.facebook.com\/NotarKlagenfurt\",\"https:\/\/www.youtube.com\/channel\/UCaITfbIQh6VIpzEonUsIhcg\"]}]}<\/script>\n<!-- \/ Yoast SEO plugin. -->","yoast_head_json":{"title":"Notartreuhandbank &#8211; Notariat Sch\u00f6ffmann","description":"Notariat Mag. Klaus Sch\u00f6ffmann: Ihr Notar in Klagenfurt am W\u00f6rthersee. Individuelle Rechtsberatung f\u00fcr Unternehmen und Privatpersonen. Unsere erste Rechtsauskunft ist f\u00fcr Sie kostenfrei!","robots":{"index":"noindex","follow":"follow","max-snippet":"max-snippet:-1","max-image-preview":"max-image-preview:large","max-video-preview":"max-video-preview:-1"},"og_locale":"de_DE","og_type":"article","og_title":"Notartreuhandbank &#8211; Notariat Sch\u00f6ffmann","og_description":"Notariat Mag. Klaus Sch\u00f6ffmann: Ihr Notar in Klagenfurt am W\u00f6rthersee. Individuelle Rechtsberatung f\u00fcr Unternehmen und Privatpersonen. Unsere erste Rechtsauskunft ist f\u00fcr Sie kostenfrei!","og_url":"https:\/\/dev.diginotar.at\/de\/notariat\/berufsbild-des-notars\/notartreuhandbank\/","og_site_name":"Notariat Sch\u00f6ffmann","article_publisher":"https:\/\/www.facebook.com\/NotarKlagenfurt","article_modified_time":"2022-01-24T08:39:59+00:00","og_image":[{"width":1600,"height":1067,"url":"https:\/\/dev.diginotar.at\/wp-content\/uploads\/2021\/11\/Juristen-1.jpg","type":"image\/jpeg"}],"twitter_card":"summary_large_image","schema":{"@context":"https:\/\/schema.org","@graph":[{"@type":"WebPage","@id":"https:\/\/dev.diginotar.at\/de\/notariat\/berufsbild-des-notars\/notartreuhandbank\/","url":"https:\/\/dev.diginotar.at\/de\/notariat\/berufsbild-des-notars\/notartreuhandbank\/","name":"Notartreuhandbank &#8211; Notariat Sch\u00f6ffmann","isPartOf":{"@id":"https:\/\/dev.diginotar.at\/de\/#website"},"datePublished":"2021-08-09T06:47:22+00:00","dateModified":"2022-01-24T08:39:59+00:00","description":"Notariat Mag. Klaus Sch\u00f6ffmann: Ihr Notar in Klagenfurt am W\u00f6rthersee. Individuelle Rechtsberatung f\u00fcr Unternehmen und Privatpersonen. Unsere erste Rechtsauskunft ist f\u00fcr Sie kostenfrei!","breadcrumb":{"@id":"https:\/\/dev.diginotar.at\/de\/notariat\/berufsbild-des-notars\/notartreuhandbank\/#breadcrumb"},"inLanguage":"de","potentialAction":[{"@type":"ReadAction","target":["https:\/\/dev.diginotar.at\/de\/notariat\/berufsbild-des-notars\/notartreuhandbank\/"]}]},{"@type":"BreadcrumbList","@id":"https:\/\/dev.diginotar.at\/de\/notariat\/berufsbild-des-notars\/notartreuhandbank\/#breadcrumb","itemListElement":[{"@type":"ListItem","position":1,"name":"Startseite","item":"https:\/\/dev.diginotar.at\/de\/"},{"@type":"ListItem","position":2,"name":"Notariat","item":"https:\/\/dev.diginotar.at\/de\/notariat\/"},{"@type":"ListItem","position":3,"name":"Berufsbild des Notars","item":"https:\/\/dev.diginotar.at\/de\/notariat\/berufsbild-des-notars\/"},{"@type":"ListItem","position":4,"name":"Notartreuhandbank"}]},{"@type":"WebSite","@id":"https:\/\/dev.diginotar.at\/de\/#website","url":"https:\/\/dev.diginotar.at\/de\/","name":"Notariat Sch\u00f6ffmann","description":"Mag. Klaus Sch\u00f6ffmann - Ihr Notar in Klagenfurt","publisher":{"@id":"https:\/\/dev.diginotar.at\/de\/#organization"},"potentialAction":[{"@type":"SearchAction","target":{"@type":"EntryPoint","urlTemplate":"https:\/\/dev.diginotar.at\/de\/?s={search_term_string}"},"query-input":{"@type":"PropertyValueSpecification","valueRequired":true,"valueName":"search_term_string"}}],"inLanguage":"de"},{"@type":"Organization","@id":"https:\/\/dev.diginotar.at\/de\/#organization","name":"Notariat Mag. Klaus Sch\u00f6ffmann Klagenfurt","url":"https:\/\/dev.diginotar.at\/de\/","logo":{"@type":"ImageObject","inLanguage":"de","@id":"https:\/\/dev.diginotar.at\/de\/#\/schema\/logo\/image\/","url":"https:\/\/dev.diginotar.at\/wp-content\/uploads\/2022\/02\/logo-notariat-schoeffmann.jpg","contentUrl":"https:\/\/dev.diginotar.at\/wp-content\/uploads\/2022\/02\/logo-notariat-schoeffmann.jpg","width":600,"height":600,"caption":"Notariat Mag. Klaus Sch\u00f6ffmann Klagenfurt"},"image":{"@id":"https:\/\/dev.diginotar.at\/de\/#\/schema\/logo\/image\/"},"sameAs":["https:\/\/www.facebook.com\/NotarKlagenfurt","https:\/\/www.youtube.com\/channel\/UCaITfbIQh6VIpzEonUsIhcg"]}]}},"_links":{"self":[{"href":"https:\/\/dev.diginotar.at\/de\/wp-json\/wp\/v2\/pages\/72","targetHints":{"allow":["GET"]}}],"collection":[{"href":"https:\/\/dev.diginotar.at\/de\/wp-json\/wp\/v2\/pages"}],"about":[{"href":"https:\/\/dev.diginotar.at\/de\/wp-json\/wp\/v2\/types\/page"}],"author":[{"embeddable":true,"href":"https:\/\/dev.diginotar.at\/de\/wp-json\/wp\/v2\/users\/3"}],"replies":[{"embeddable":true,"href":"https:\/\/dev.diginotar.at\/de\/wp-json\/wp\/v2\/comments?post=72"}],"version-history":[{"count":4,"href":"https:\/\/dev.diginotar.at\/de\/wp-json\/wp\/v2\/pages\/72\/revisions"}],"predecessor-version":[{"id":1188,"href":"https:\/\/dev.diginotar.at\/de\/wp-json\/wp\/v2\/pages\/72\/revisions\/1188"}],"up":[{"embeddable":true,"href":"https:\/\/dev.diginotar.at\/de\/wp-json\/wp\/v2\/pages\/63"}],"wp:attachment":[{"href":"https:\/\/dev.diginotar.at\/de\/wp-json\/wp\/v2\/media?parent=72"}],"wp:term":[{"taxonomy":"category","embeddable":true,"href":"https:\/\/dev.diginotar.at\/de\/wp-json\/wp\/v2\/categories?post=72"}],"curies":[{"name":"wp","href":"https:\/\/api.w.org\/{rel}","templated":true}]}}