{"id":50,"date":"2021-08-09T08:19:28","date_gmt":"2021-08-09T06:19:28","guid":{"rendered":"https:\/\/dev.diginotar.at\/?page_id=50"},"modified":"2022-03-19T10:04:17","modified_gmt":"2022-03-19T09:04:17","slug":"leitbild","status":"publish","type":"page","link":"https:\/\/dev.diginotar.at\/de\/notariat\/leitbild\/","title":{"rendered":"Leitbild"},"content":{"rendered":"\n<h2 class=\"wp-block-heading\">Identit\u00e4t und Auftrag<\/h2>\n\n\n\n<p>Wir sind als dynamische Notariatskanzlei ein unparteiischer Berater in rechtlichen Angelegenheiten, bieten umfassende Betreuung und erarbeiten f\u00fcr unsere Klienten individuell passende, rechtssichere L\u00f6sungen, die von allen Beteiligten getragen werden.<\/p>\n\n\n\n<h2 class=\"wp-block-heading\">Werte<\/h2>\n\n\n\n<p>Wir stehen f\u00fcr Freundlichkeit, Schnelligkeit, Genauigkeit, Vertrauensw\u00fcrdigkeit, flexible Erledigungen, Verschwiegenheit, Kostenklarheit sowie das individuelle Finden von L\u00f6sungen. Der respektvolle, wertsch\u00e4tzende und hilfsbereite Umgang miteinander und mit unseren Klienten ist uns wichtig.<\/p>\n\n\n\n<h2 class=\"wp-block-heading\">Unsere Kunden und Auftraggeber<\/h2>\n\n\n\n<p>Unser Klient sind Sie, ob als Privatperson oder Unternehmen.<\/p>\n\n\n\n<h2 class=\"wp-block-heading\">Allgemeine Unternehmensziele<\/h2>\n\n\n\n<p>Wir wollen ein erfolgreiches Notariat sein, welches Klienten k\u00e4rntenweit in juristischen Belangen innovativ unterst\u00fctzt, in dem jeder gerne arbeitet, ein guter Umgang und ein positives Arbeitsklima herrscht. Gelungene Beratung erfahren wir \u00fcber Empfehlungen zufriedener Klienten.<\/p>\n\n\n\n<h2 class=\"wp-block-heading\">Unsere F\u00e4higkeiten<\/h2>\n\n\n\n<p>Wir verf\u00fcgen \u00fcber umfangreiches fachliches Wissen, gepaart mit dem richtigen Gef\u00fchl f\u00fcr die Menschen, um dauerhaft Rechtsfrieden zu schaffen.<\/p>\n\n\n\n<h2 class=\"wp-block-heading\">Unsere Leistungen<\/h2>\n\n\n\n<p>Wir bieten kompetente und freundliche Rechtsberatung und Vertragserrichtung unter Ber\u00fccksichtigung aller Interessen der Beteiligten, vorwiegend in den Bereichen<\/p>\n\n\n\n<ul class=\"wp-block-list\"><li>Beglaubigungen und Beurkundungen,<\/li><li>Einsicht in das Grund- und Firmenbuch,<\/li><li>Bauen und Wohnen (Kauf- und Mietvertr\u00e4ge, Schenkungs- und \u00dcbergabsvertr\u00e4ge, Treuhandschaften),<\/li><li>Erben und Vererben (Testamente, Erb- und Pflichtteilsverzichte, Erbvertr\u00e4ge, Verlassenschaftsabwicklungen),<\/li><li>Familienrecht (Vorsorgevollmacht und Patientenverf\u00fcgung, Erwachsenenvertreterverf\u00fcgung, gew\u00e4hlte und gesetzliche Erwachsenenvertretung, Adoptionen, Ehevertr\u00e4ge, Partnerschaftsvertr\u00e4ge, Scheidungsfolgenvereinbarungen, Vaterschaftsanerkenntnisse, Zustimmungserkl\u00e4rungen zu medizinischen Fortpflanzungen)&nbsp; und<\/li><li>Unternehmensrecht (Gr\u00fcndung, Umgr\u00fcndung und Aufl\u00f6sung von Gesellschaften, Gesellschaftsvertr\u00e4ge)<\/li><\/ul>\n\n\n\n<h2 class=\"wp-block-heading\">Ressourcen<\/h2>\n\n\n\n<p>In unserer Kanzlei beraten Sie mehrere Juristen, welche durch ein erfahrenes Mitarbeiterteam unterst\u00fctzt werden. Juristen und Mitarbeiter bilden sich laufend durch Seminare und Schulungen fort und erweitern so ihre fachlichen, sozialen und pers\u00f6nlichen Kompetenzen. Wir sind in ganz \u00d6sterreich und dem benachbarten Ausland gut vernetzt und k\u00f6nnen bei Bedarf auf ein Netzwerk an kompetenten externen Beratern zur\u00fcckgreifen.<\/p>\n\n\n\n<p>Die Kanzleir\u00e4umlichkeiten verbinden Tradition und technischen Fortschritt und bieten den Rahmen f\u00fcr Gespr\u00e4che \u00fcber pers\u00f6nliche Anliegen und finanziell weitreichende Entscheidungen.<\/p>\n\n\n\n<p>Aufgrund unseres fachlichen Wissens und der langj\u00e4hrigen Erfahrung sind unsere Juristen als Vortragende \u00f6sterreichweit in allen notariellen Themen gefragt.<\/p>\n\n\n\n<h2 class=\"wp-block-heading\">Definition gelungener Beratung<\/h2>\n\n\n\n<p>Beratung ist gelungen, wenn zufriedene Klienten uns weiterempfehlen.<\/p>\n\n\n\n<p>Unsere Klienten empfehlen unser Notariat weiter, weil<\/p>\n\n\n\n<ul class=\"wp-block-list\"><li>jeder Beteiligte erleben konnte, dass er uns wichtig ist,<\/li><li>die individuellen Fragestellungen aller Beteiligten beantwortet wurden,<\/li><li>die gemeinsam erarbeiteten L\u00f6sungen von allen Beteiligten getragen werden,<\/li><li>diese L\u00f6sungen in rechtssicherer und steueroptimaler Weise im vereinbarten Zeit- und Kostenrahmen umgesetzt werden,<\/li><li>wir sie in der Beratung gewissenhaft aufkl\u00e4ren,<\/li><li>gemeinsam alle Varianten analysieren und individuelle L\u00f6sungen erarbeiten,<\/li><li>Sie \u00fcber alle wesentlichen Arbeitsschritte informiert halten,<\/li><li>Fragen umgehend beantworten und<\/li><li>die uns erteilten Auftr\u00e4ge rasch erledigen.<\/li><\/ul>\n","protected":false},"excerpt":{"rendered":"<p>Identit\u00e4t und Auftrag Wir sind als dynamische Notariatskanzlei ein unparteiischer Berater in rechtlichen Angelegenheiten, bieten umfassende Betreuung und erarbeiten f\u00fcr unsere Klienten individuell passende, rechtssichere L\u00f6sungen, die von allen Beteiligten getragen werden. Werte Wir stehen f\u00fcr Freundlichkeit, Schnelligkeit, Genauigkeit, Vertrauensw\u00fcrdigkeit, flexible Erledigungen, Verschwiegenheit, Kostenklarheit sowie das individuelle Finden von L\u00f6sungen. Der respektvolle, wertsch\u00e4tzende und hilfsbereite&hellip;<\/p>\n","protected":false},"author":3,"featured_media":0,"parent":25,"menu_order":0,"comment_status":"closed","ping_status":"closed","template":"","meta":{"inline_featured_image":false,"footnotes":""},"categories":[],"class_list":["post-50","page","type-page","status-publish","hentry","description-off"],"yoast_head":"<!-- This site is optimized with the Yoast SEO plugin v25.7 - https:\/\/yoast.com\/wordpress\/plugins\/seo\/ -->\n<title>Leitbild &#8211; Notariat Sch\u00f6ffmann<\/title>\n<meta name=\"description\" content=\"Notariat Mag. Klaus Sch\u00f6ffmann: Ihr Notar in Klagenfurt. Individuelle Rechtsberatung f\u00fcr Unternehmen und Privatpersonen. Unsere erste Rechtsauskunft ist f\u00fcr Sie kostenfrei!\" \/>\n<meta name=\"robots\" content=\"noindex, follow, max-snippet:-1, max-image-preview:large, max-video-preview:-1\" \/>\n<meta property=\"og:locale\" content=\"de_DE\" \/>\n<meta property=\"og:type\" content=\"article\" \/>\n<meta property=\"og:title\" content=\"Leitbild &#8211; Notariat Sch\u00f6ffmann\" \/>\n<meta property=\"og:description\" content=\"Notariat Mag. Klaus Sch\u00f6ffmann: Ihr Notar in Klagenfurt. Individuelle Rechtsberatung f\u00fcr Unternehmen und Privatpersonen. Unsere erste Rechtsauskunft ist f\u00fcr Sie kostenfrei!\" \/>\n<meta property=\"og:url\" content=\"https:\/\/dev.diginotar.at\/de\/notariat\/leitbild\/\" \/>\n<meta property=\"og:site_name\" content=\"Notariat Sch\u00f6ffmann\" \/>\n<meta property=\"article:publisher\" content=\"https:\/\/www.facebook.com\/NotarKlagenfurt\" \/>\n<meta property=\"article:modified_time\" content=\"2022-03-19T09:04:17+00:00\" \/>\n<meta property=\"og:image\" content=\"https:\/\/dev.diginotar.at\/wp-content\/uploads\/2021\/11\/Juristen-1.jpg\" \/>\n\t<meta property=\"og:image:width\" content=\"1600\" \/>\n\t<meta property=\"og:image:height\" content=\"1067\" \/>\n\t<meta property=\"og:image:type\" content=\"image\/jpeg\" \/>\n<meta name=\"twitter:card\" content=\"summary_large_image\" \/>\n<script type=\"application\/ld+json\" class=\"yoast-schema-graph\">{\"@context\":\"https:\/\/schema.org\",\"@graph\":[{\"@type\":\"WebPage\",\"@id\":\"https:\/\/dev.diginotar.at\/de\/notariat\/leitbild\/\",\"url\":\"https:\/\/dev.diginotar.at\/de\/notariat\/leitbild\/\",\"name\":\"Leitbild &#8211; Notariat Sch\u00f6ffmann\",\"isPartOf\":{\"@id\":\"https:\/\/dev.diginotar.at\/de\/#website\"},\"datePublished\":\"2021-08-09T06:19:28+00:00\",\"dateModified\":\"2022-03-19T09:04:17+00:00\",\"description\":\"Notariat Mag. Klaus Sch\u00f6ffmann: Ihr Notar in Klagenfurt. Individuelle Rechtsberatung f\u00fcr Unternehmen und Privatpersonen. Unsere erste Rechtsauskunft ist f\u00fcr Sie kostenfrei!\",\"breadcrumb\":{\"@id\":\"https:\/\/dev.diginotar.at\/de\/notariat\/leitbild\/#breadcrumb\"},\"inLanguage\":\"de\",\"potentialAction\":[{\"@type\":\"ReadAction\",\"target\":[\"https:\/\/dev.diginotar.at\/de\/notariat\/leitbild\/\"]}]},{\"@type\":\"BreadcrumbList\",\"@id\":\"https:\/\/dev.diginotar.at\/de\/notariat\/leitbild\/#breadcrumb\",\"itemListElement\":[{\"@type\":\"ListItem\",\"position\":1,\"name\":\"Startseite\",\"item\":\"https:\/\/dev.diginotar.at\/de\/\"},{\"@type\":\"ListItem\",\"position\":2,\"name\":\"Notariat\",\"item\":\"https:\/\/dev.diginotar.at\/de\/notariat\/\"},{\"@type\":\"ListItem\",\"position\":3,\"name\":\"Leitbild\"}]},{\"@type\":\"WebSite\",\"@id\":\"https:\/\/dev.diginotar.at\/de\/#website\",\"url\":\"https:\/\/dev.diginotar.at\/de\/\",\"name\":\"Notariat Sch\u00f6ffmann\",\"description\":\"Mag. Klaus Sch\u00f6ffmann - Ihr Notar in Klagenfurt\",\"publisher\":{\"@id\":\"https:\/\/dev.diginotar.at\/de\/#organization\"},\"potentialAction\":[{\"@type\":\"SearchAction\",\"target\":{\"@type\":\"EntryPoint\",\"urlTemplate\":\"https:\/\/dev.diginotar.at\/de\/?s={search_term_string}\"},\"query-input\":{\"@type\":\"PropertyValueSpecification\",\"valueRequired\":true,\"valueName\":\"search_term_string\"}}],\"inLanguage\":\"de\"},{\"@type\":\"Organization\",\"@id\":\"https:\/\/dev.diginotar.at\/de\/#organization\",\"name\":\"Notariat Mag. Klaus Sch\u00f6ffmann Klagenfurt\",\"url\":\"https:\/\/dev.diginotar.at\/de\/\",\"logo\":{\"@type\":\"ImageObject\",\"inLanguage\":\"de\",\"@id\":\"https:\/\/dev.diginotar.at\/de\/#\/schema\/logo\/image\/\",\"url\":\"https:\/\/dev.diginotar.at\/wp-content\/uploads\/2022\/02\/logo-notariat-schoeffmann.jpg\",\"contentUrl\":\"https:\/\/dev.diginotar.at\/wp-content\/uploads\/2022\/02\/logo-notariat-schoeffmann.jpg\",\"width\":600,\"height\":600,\"caption\":\"Notariat Mag. Klaus Sch\u00f6ffmann Klagenfurt\"},\"image\":{\"@id\":\"https:\/\/dev.diginotar.at\/de\/#\/schema\/logo\/image\/\"},\"sameAs\":[\"https:\/\/www.facebook.com\/NotarKlagenfurt\",\"https:\/\/www.youtube.com\/channel\/UCaITfbIQh6VIpzEonUsIhcg\"]}]}<\/script>\n<!-- \/ Yoast SEO plugin. -->","yoast_head_json":{"title":"Leitbild &#8211; Notariat Sch\u00f6ffmann","description":"Notariat Mag. Klaus Sch\u00f6ffmann: Ihr Notar in Klagenfurt. Individuelle Rechtsberatung f\u00fcr Unternehmen und Privatpersonen. Unsere erste Rechtsauskunft ist f\u00fcr Sie kostenfrei!","robots":{"index":"noindex","follow":"follow","max-snippet":"max-snippet:-1","max-image-preview":"max-image-preview:large","max-video-preview":"max-video-preview:-1"},"og_locale":"de_DE","og_type":"article","og_title":"Leitbild &#8211; Notariat Sch\u00f6ffmann","og_description":"Notariat Mag. Klaus Sch\u00f6ffmann: Ihr Notar in Klagenfurt. Individuelle Rechtsberatung f\u00fcr Unternehmen und Privatpersonen. Unsere erste Rechtsauskunft ist f\u00fcr Sie kostenfrei!","og_url":"https:\/\/dev.diginotar.at\/de\/notariat\/leitbild\/","og_site_name":"Notariat Sch\u00f6ffmann","article_publisher":"https:\/\/www.facebook.com\/NotarKlagenfurt","article_modified_time":"2022-03-19T09:04:17+00:00","og_image":[{"width":1600,"height":1067,"url":"https:\/\/dev.diginotar.at\/wp-content\/uploads\/2021\/11\/Juristen-1.jpg","type":"image\/jpeg"}],"twitter_card":"summary_large_image","schema":{"@context":"https:\/\/schema.org","@graph":[{"@type":"WebPage","@id":"https:\/\/dev.diginotar.at\/de\/notariat\/leitbild\/","url":"https:\/\/dev.diginotar.at\/de\/notariat\/leitbild\/","name":"Leitbild &#8211; Notariat Sch\u00f6ffmann","isPartOf":{"@id":"https:\/\/dev.diginotar.at\/de\/#website"},"datePublished":"2021-08-09T06:19:28+00:00","dateModified":"2022-03-19T09:04:17+00:00","description":"Notariat Mag. Klaus Sch\u00f6ffmann: Ihr Notar in Klagenfurt. Individuelle Rechtsberatung f\u00fcr Unternehmen und Privatpersonen. Unsere erste Rechtsauskunft ist f\u00fcr Sie kostenfrei!","breadcrumb":{"@id":"https:\/\/dev.diginotar.at\/de\/notariat\/leitbild\/#breadcrumb"},"inLanguage":"de","potentialAction":[{"@type":"ReadAction","target":["https:\/\/dev.diginotar.at\/de\/notariat\/leitbild\/"]}]},{"@type":"BreadcrumbList","@id":"https:\/\/dev.diginotar.at\/de\/notariat\/leitbild\/#breadcrumb","itemListElement":[{"@type":"ListItem","position":1,"name":"Startseite","item":"https:\/\/dev.diginotar.at\/de\/"},{"@type":"ListItem","position":2,"name":"Notariat","item":"https:\/\/dev.diginotar.at\/de\/notariat\/"},{"@type":"ListItem","position":3,"name":"Leitbild"}]},{"@type":"WebSite","@id":"https:\/\/dev.diginotar.at\/de\/#website","url":"https:\/\/dev.diginotar.at\/de\/","name":"Notariat Sch\u00f6ffmann","description":"Mag. Klaus Sch\u00f6ffmann - Ihr Notar in Klagenfurt","publisher":{"@id":"https:\/\/dev.diginotar.at\/de\/#organization"},"potentialAction":[{"@type":"SearchAction","target":{"@type":"EntryPoint","urlTemplate":"https:\/\/dev.diginotar.at\/de\/?s={search_term_string}"},"query-input":{"@type":"PropertyValueSpecification","valueRequired":true,"valueName":"search_term_string"}}],"inLanguage":"de"},{"@type":"Organization","@id":"https:\/\/dev.diginotar.at\/de\/#organization","name":"Notariat Mag. Klaus Sch\u00f6ffmann Klagenfurt","url":"https:\/\/dev.diginotar.at\/de\/","logo":{"@type":"ImageObject","inLanguage":"de","@id":"https:\/\/dev.diginotar.at\/de\/#\/schema\/logo\/image\/","url":"https:\/\/dev.diginotar.at\/wp-content\/uploads\/2022\/02\/logo-notariat-schoeffmann.jpg","contentUrl":"https:\/\/dev.diginotar.at\/wp-content\/uploads\/2022\/02\/logo-notariat-schoeffmann.jpg","width":600,"height":600,"caption":"Notariat Mag. Klaus Sch\u00f6ffmann Klagenfurt"},"image":{"@id":"https:\/\/dev.diginotar.at\/de\/#\/schema\/logo\/image\/"},"sameAs":["https:\/\/www.facebook.com\/NotarKlagenfurt","https:\/\/www.youtube.com\/channel\/UCaITfbIQh6VIpzEonUsIhcg"]}]}},"_links":{"self":[{"href":"https:\/\/dev.diginotar.at\/de\/wp-json\/wp\/v2\/pages\/50","targetHints":{"allow":["GET"]}}],"collection":[{"href":"https:\/\/dev.diginotar.at\/de\/wp-json\/wp\/v2\/pages"}],"about":[{"href":"https:\/\/dev.diginotar.at\/de\/wp-json\/wp\/v2\/types\/page"}],"author":[{"embeddable":true,"href":"https:\/\/dev.diginotar.at\/de\/wp-json\/wp\/v2\/users\/3"}],"replies":[{"embeddable":true,"href":"https:\/\/dev.diginotar.at\/de\/wp-json\/wp\/v2\/comments?post=50"}],"version-history":[{"count":6,"href":"https:\/\/dev.diginotar.at\/de\/wp-json\/wp\/v2\/pages\/50\/revisions"}],"predecessor-version":[{"id":2619,"href":"https:\/\/dev.diginotar.at\/de\/wp-json\/wp\/v2\/pages\/50\/revisions\/2619"}],"up":[{"embeddable":true,"href":"https:\/\/dev.diginotar.at\/de\/wp-json\/wp\/v2\/pages\/25"}],"wp:attachment":[{"href":"https:\/\/dev.diginotar.at\/de\/wp-json\/wp\/v2\/media?parent=50"}],"wp:term":[{"taxonomy":"category","embeddable":true,"href":"https:\/\/dev.diginotar.at\/de\/wp-json\/wp\/v2\/categories?post=50"}],"curies":[{"name":"wp","href":"https:\/\/api.w.org\/{rel}","templated":true}]}}