{"id":479,"date":"2021-08-09T12:00:45","date_gmt":"2021-08-09T10:00:45","guid":{"rendered":"https:\/\/dev.diginotar.at\/?page_id=479"},"modified":"2022-03-06T13:26:08","modified_gmt":"2022-03-06T12:26:08","slug":"pflegeregress","status":"publish","type":"page","link":"https:\/\/dev.diginotar.at\/de\/vorsorge\/pflegeregress\/","title":{"rendered":"Pflegeregress"},"content":{"rendered":"\n<h2 class=\"wp-block-heading\">Was ist der Pflegeregress?<\/h2>\n\n\n\n<p><b>Heimbewohner<\/b>&nbsp;haben grunds\u00e4tzlich die Kosten des Pflegeheims aus eigenem Einkommen (Rente, Pension und Pflegegeld) und bis 2017 auch aus vorhandenem Verm\u00f6gen (Ersparnissen, Sparb\u00fcchern, Wertpapieren, Haus, Wohnung)&nbsp;<b>selbst<\/b>&nbsp;zu bezahlen.<\/p>\n\n\n\n<p>K\u00f6nnen die Kosten nicht vollst\u00e4ndig selbst getragen werden, \u00fcbernimmt die Sozialhilfe einen Teil der Kosten.&nbsp;Unter &#8222;Pflegeregress&#8220; wird im Fall einer gef\u00f6rderten Langzeitpflege einer Person der R\u00fcckgriff (Regress) der Sozialhilfeabteilungen der Bundesl\u00e4nder auf das Privatverm\u00f6gen des Betroffenen (Pflege-Eigenregress) und dessen Angeh\u00f6rige (Pflegeregress) verstanden.<\/p>\n\n\n\n<p>Dieser Grundsatz &#8222;Jeder muss nach M\u00f6glichkeit f\u00fcr seine Pflege selbst aufkommen&#8220; wurde 2018 f\u00fcr alle jene abgeschafft, die eine \u00f6ffentliche F\u00f6rderung f\u00fcr die Heimpflege erhalten.<\/p>\n\n\n\n<h4 class=\"wp-block-heading\">Die Abschaffung des R\u00fcckgriffes auf das Verm\u00f6gen<\/h4>\n\n\n\n<p>Der R\u00fcckgriff auf das Verm\u00f6gen im Rahmen des Pflegeregresses hatte oft zur Folge, dass er bei den betroffenen Personen zur g\u00e4nzlichen Verwertung oft m\u00fchsam erworbener Verm\u00f6genswerte f\u00fchrte. Die Betroffenen mussten bef\u00fcrchten, dass ihr Eigenheim oder ihr Sparguthaben dem Pflegeregress zum Opfer f\u00e4llt. In K\u00e4rnten mussten einer betroffenen Person nur ca. \u20ac 4.000,- ihres Verm\u00f6gens verbleiben. Das Land durfte auf das restliche Verm\u00f6gen im Ausma\u00df der Pflegekosten zugreifen und Pfandrechte auf ein Haus oder eine Wohnung eintragen. Der (notwendige) Umzug in ein Pflegeheim wurde damit f\u00fcr viele zur Kostenentscheidung.<\/p>\n\n\n\n<p>Mit Verfassungsbestimmung (<a href=\"https:\/\/www.ris.bka.gv.at\/NormDokument.wxe?Abfrage=Bundesnormen&amp;Gesetzesnummer=10008147&amp;FassungVom=2018-02-17&amp;Artikel=&amp;Paragraf=330a&amp;Anlage=&amp;Uebergangsrecht=\" target=\"_blank\" rel=\"noopener\">\u00a7 330a ASVG<\/a>) wurde mit Wirkung ab 1. J\u00e4nner 2018 der Pflegeregress bundesweit abschafft. Die Bestimmung bedeutet,&nbsp;dass&nbsp;der Zugriff auf das Verm\u00f6gen von in station\u00e4ren Pflegeeinrichtungen aufgenommenen Personen,&nbsp;<img>deren Angeh\u00f6rige, deren Erben und Erbinnen und deren Geschenknehmerinnen und Geschenknehmern&nbsp;im Rahmen der Sozialhilfe&nbsp;zur Abdeckung der Pflegekosten unzul\u00e4ssig ist.<\/p>\n\n\n\n<p>Die Kosten tragen der Bund und die L\u00e4nder (<a href=\"https:\/\/www.ris.bka.gv.at\/NormDokument.wxe?Abfrage=Bundesnormen&amp;Gesetzesnummer=10008147&amp;FassungVom=2018-02-17&amp;Artikel=&amp;Paragraf=330b&amp;Anlage=&amp;Uebergangsrecht=\" target=\"_blank\" rel=\"noopener\">\u00a7 330b ASVG<\/a>). Dazu stellt der Bund den L\u00e4ndern 100 Millionen Euro zus\u00e4tzlich zur Verf\u00fcgung.<\/p>\n\n\n\n<p>Ein Zugriff auf das Verm\u00f6gen zur Abdeckung der Pflegekosten ist somit seit1.1.2018 unzul\u00e4ssig. <b>Das Einkommen der betroffenen Person wird aber weiterhin zur Kostendeckung herangezogen!<\/b><\/p>\n\n\n\n<p>Vom eigenen Einkommen muss den Heimbewohnern monatlich ein Taschengeld verbleiben. Dieses betr\u00e4gt 20% der Pension inklusive Sonderzahlungen sowie 10% des Pflegegeldes der Stufe 3.<\/p>\n\n\n\n<h4 class=\"wp-block-heading\">Laufende Verfahren sind einzustellen<\/h4>\n\n\n\n<p>Seit 1.1.2018 d\u00fcrfen Ersatzanspr\u00fcche nicht mehr geltend gemacht werden, laufende Verfahren sind einzustellen. Insoweit Landesgesetze dem entgegenstehen, treten die betreffenden Bestimmungen zu diesem Zeitpunkt au\u00dfer Kraft. (<a href=\"https:\/\/www.ris.bka.gv.at\/Dokument.wxe?ResultFunctionToken=87c5c60b-f42b-443a-a1bc-733cd31ebd61&amp;Position=1&amp;Abfrage=Bundesnormen&amp;Kundmachungsorgan=&amp;Index=&amp;Titel=&amp;Gesetzesnummer=&amp;VonArtikel=&amp;BisArtikel=&amp;VonParagraf=&amp;BisParagraf=&amp;VonAnlage=&amp;BisAnlage=&amp;Typ=&amp;Kundmachungsnummer=&amp;Unterzeichnungsdatum=&amp;FassungVom=17.02.2018&amp;VonInkrafttretedatum=&amp;BisInkrafttretedatum=&amp;VonAusserkrafttretedatum=&amp;BisAusserkrafttretedatum=&amp;NormabschnittnummerKombination=Und&amp;ImRisSeitVonDatum=&amp;ImRisSeitBisDatum=&amp;ImRisSeit=Undefined&amp;ResultPageSize=100&amp;Suchworte=%c2%a7+707a+ASVG&amp;Dokumentnummer=NOR40196132\" target=\"_blank\" rel=\"noopener\">\u00a7 707a ASVG<\/a>)<\/p>\n\n\n\n<h4 class=\"wp-block-heading\">Benachteiligung der Pflege zu Hause<\/h4>\n\n\n\n<p>Kosten, die Angeh\u00f6rigen f\u00fcr die Pflege zu Hause erwachsen, werden &#8211; soweit sie das Pflegegeld \u00fcbersteigen &#8211; nicht abgegolten.<\/p>\n\n\n\n<p>Mit Wegfall des Pflege(eigen)regresses ist eine Motivation zur lebzeitigen \u00dcbergabe von Haus\/Wohnung weggefallen.<\/p>\n\n\n\n<h4 class=\"wp-block-heading\">Das Pflegeverm\u00e4chtnis<\/h4>\n\n\n\n<p>Personen, die Angeh\u00f6rige zu Hause pflegen, steht im Ablebensfall eine finanzielle Abgeltung zu. Diesen Ausgleich bietet das\u00a0Pflegeverm\u00e4chtnis.<\/p>\n","protected":false},"excerpt":{"rendered":"<p>Was ist der Pflegeregress? Heimbewohner&nbsp;haben grunds\u00e4tzlich die Kosten des Pflegeheims aus eigenem Einkommen (Rente, Pension und Pflegegeld) und bis 2017 auch aus vorhandenem Verm\u00f6gen (Ersparnissen, Sparb\u00fcchern, Wertpapieren, Haus, Wohnung)&nbsp;selbst&nbsp;zu bezahlen. K\u00f6nnen die Kosten nicht vollst\u00e4ndig selbst getragen werden, \u00fcbernimmt die Sozialhilfe einen Teil der Kosten.&nbsp;Unter &#8222;Pflegeregress&#8220; wird im Fall einer gef\u00f6rderten Langzeitpflege einer Person der&hellip;<\/p>\n","protected":false},"author":3,"featured_media":0,"parent":438,"menu_order":9,"comment_status":"closed","ping_status":"closed","template":"","meta":{"inline_featured_image":false,"footnotes":""},"categories":[],"class_list":["post-479","page","type-page","status-publish","hentry","description-off"],"yoast_head":"<!-- This site is optimized with the Yoast SEO plugin v25.7 - https:\/\/yoast.com\/wordpress\/plugins\/seo\/ -->\n<title>Pflegeregress &#8211; Notariat Sch\u00f6ffmann<\/title>\n<meta name=\"description\" content=\"Mit 1.1.2018 wurde der Pflegeregress abgeschafft. Erfahren Sie hier mehr dazu.\" \/>\n<meta name=\"robots\" content=\"noindex, follow, max-snippet:-1, max-image-preview:large, max-video-preview:-1\" \/>\n<meta property=\"og:locale\" content=\"de_DE\" \/>\n<meta property=\"og:type\" content=\"article\" \/>\n<meta property=\"og:title\" content=\"Pflegeregress &#8211; Notariat Sch\u00f6ffmann\" \/>\n<meta property=\"og:description\" content=\"Mit 1.1.2018 wurde der Pflegeregress abgeschafft. Erfahren Sie hier mehr dazu.\" \/>\n<meta property=\"og:url\" content=\"https:\/\/dev.diginotar.at\/de\/vorsorge\/pflegeregress\/\" \/>\n<meta property=\"og:site_name\" content=\"Notariat Sch\u00f6ffmann\" \/>\n<meta property=\"article:publisher\" content=\"https:\/\/www.facebook.com\/NotarKlagenfurt\" \/>\n<meta property=\"article:modified_time\" content=\"2022-03-06T12:26:08+00:00\" \/>\n<meta property=\"og:image\" content=\"https:\/\/dev.diginotar.at\/wp-content\/uploads\/2021\/11\/Juristen-1.jpg\" \/>\n\t<meta property=\"og:image:width\" content=\"1600\" \/>\n\t<meta property=\"og:image:height\" content=\"1067\" \/>\n\t<meta property=\"og:image:type\" content=\"image\/jpeg\" \/>\n<meta name=\"twitter:card\" content=\"summary_large_image\" \/>\n<script type=\"application\/ld+json\" class=\"yoast-schema-graph\">{\"@context\":\"https:\/\/schema.org\",\"@graph\":[{\"@type\":\"WebPage\",\"@id\":\"https:\/\/dev.diginotar.at\/de\/vorsorge\/pflegeregress\/\",\"url\":\"https:\/\/dev.diginotar.at\/de\/vorsorge\/pflegeregress\/\",\"name\":\"Pflegeregress &#8211; Notariat Sch\u00f6ffmann\",\"isPartOf\":{\"@id\":\"https:\/\/dev.diginotar.at\/de\/#website\"},\"datePublished\":\"2021-08-09T10:00:45+00:00\",\"dateModified\":\"2022-03-06T12:26:08+00:00\",\"description\":\"Mit 1.1.2018 wurde der Pflegeregress abgeschafft. Erfahren Sie hier mehr dazu.\",\"breadcrumb\":{\"@id\":\"https:\/\/dev.diginotar.at\/de\/vorsorge\/pflegeregress\/#breadcrumb\"},\"inLanguage\":\"de\",\"potentialAction\":[{\"@type\":\"ReadAction\",\"target\":[\"https:\/\/dev.diginotar.at\/de\/vorsorge\/pflegeregress\/\"]}]},{\"@type\":\"BreadcrumbList\",\"@id\":\"https:\/\/dev.diginotar.at\/de\/vorsorge\/pflegeregress\/#breadcrumb\",\"itemListElement\":[{\"@type\":\"ListItem\",\"position\":1,\"name\":\"Startseite\",\"item\":\"https:\/\/dev.diginotar.at\/de\/\"},{\"@type\":\"ListItem\",\"position\":2,\"name\":\"Vorsorge\",\"item\":\"https:\/\/dev.diginotar.at\/de\/vorsorge\/\"},{\"@type\":\"ListItem\",\"position\":3,\"name\":\"Pflegeregress\"}]},{\"@type\":\"WebSite\",\"@id\":\"https:\/\/dev.diginotar.at\/de\/#website\",\"url\":\"https:\/\/dev.diginotar.at\/de\/\",\"name\":\"Notariat Sch\u00f6ffmann\",\"description\":\"Mag. Klaus Sch\u00f6ffmann - Ihr Notar in Klagenfurt\",\"publisher\":{\"@id\":\"https:\/\/dev.diginotar.at\/de\/#organization\"},\"potentialAction\":[{\"@type\":\"SearchAction\",\"target\":{\"@type\":\"EntryPoint\",\"urlTemplate\":\"https:\/\/dev.diginotar.at\/de\/?s={search_term_string}\"},\"query-input\":{\"@type\":\"PropertyValueSpecification\",\"valueRequired\":true,\"valueName\":\"search_term_string\"}}],\"inLanguage\":\"de\"},{\"@type\":\"Organization\",\"@id\":\"https:\/\/dev.diginotar.at\/de\/#organization\",\"name\":\"Notariat Mag. Klaus Sch\u00f6ffmann Klagenfurt\",\"url\":\"https:\/\/dev.diginotar.at\/de\/\",\"logo\":{\"@type\":\"ImageObject\",\"inLanguage\":\"de\",\"@id\":\"https:\/\/dev.diginotar.at\/de\/#\/schema\/logo\/image\/\",\"url\":\"https:\/\/dev.diginotar.at\/wp-content\/uploads\/2022\/02\/logo-notariat-schoeffmann.jpg\",\"contentUrl\":\"https:\/\/dev.diginotar.at\/wp-content\/uploads\/2022\/02\/logo-notariat-schoeffmann.jpg\",\"width\":600,\"height\":600,\"caption\":\"Notariat Mag. Klaus Sch\u00f6ffmann Klagenfurt\"},\"image\":{\"@id\":\"https:\/\/dev.diginotar.at\/de\/#\/schema\/logo\/image\/\"},\"sameAs\":[\"https:\/\/www.facebook.com\/NotarKlagenfurt\",\"https:\/\/www.youtube.com\/channel\/UCaITfbIQh6VIpzEonUsIhcg\"]}]}<\/script>\n<!-- \/ Yoast SEO plugin. -->","yoast_head_json":{"title":"Pflegeregress &#8211; Notariat Sch\u00f6ffmann","description":"Mit 1.1.2018 wurde der Pflegeregress abgeschafft. Erfahren Sie hier mehr dazu.","robots":{"index":"noindex","follow":"follow","max-snippet":"max-snippet:-1","max-image-preview":"max-image-preview:large","max-video-preview":"max-video-preview:-1"},"og_locale":"de_DE","og_type":"article","og_title":"Pflegeregress &#8211; Notariat Sch\u00f6ffmann","og_description":"Mit 1.1.2018 wurde der Pflegeregress abgeschafft. Erfahren Sie hier mehr dazu.","og_url":"https:\/\/dev.diginotar.at\/de\/vorsorge\/pflegeregress\/","og_site_name":"Notariat Sch\u00f6ffmann","article_publisher":"https:\/\/www.facebook.com\/NotarKlagenfurt","article_modified_time":"2022-03-06T12:26:08+00:00","og_image":[{"width":1600,"height":1067,"url":"https:\/\/dev.diginotar.at\/wp-content\/uploads\/2021\/11\/Juristen-1.jpg","type":"image\/jpeg"}],"twitter_card":"summary_large_image","schema":{"@context":"https:\/\/schema.org","@graph":[{"@type":"WebPage","@id":"https:\/\/dev.diginotar.at\/de\/vorsorge\/pflegeregress\/","url":"https:\/\/dev.diginotar.at\/de\/vorsorge\/pflegeregress\/","name":"Pflegeregress &#8211; Notariat Sch\u00f6ffmann","isPartOf":{"@id":"https:\/\/dev.diginotar.at\/de\/#website"},"datePublished":"2021-08-09T10:00:45+00:00","dateModified":"2022-03-06T12:26:08+00:00","description":"Mit 1.1.2018 wurde der Pflegeregress abgeschafft. Erfahren Sie hier mehr dazu.","breadcrumb":{"@id":"https:\/\/dev.diginotar.at\/de\/vorsorge\/pflegeregress\/#breadcrumb"},"inLanguage":"de","potentialAction":[{"@type":"ReadAction","target":["https:\/\/dev.diginotar.at\/de\/vorsorge\/pflegeregress\/"]}]},{"@type":"BreadcrumbList","@id":"https:\/\/dev.diginotar.at\/de\/vorsorge\/pflegeregress\/#breadcrumb","itemListElement":[{"@type":"ListItem","position":1,"name":"Startseite","item":"https:\/\/dev.diginotar.at\/de\/"},{"@type":"ListItem","position":2,"name":"Vorsorge","item":"https:\/\/dev.diginotar.at\/de\/vorsorge\/"},{"@type":"ListItem","position":3,"name":"Pflegeregress"}]},{"@type":"WebSite","@id":"https:\/\/dev.diginotar.at\/de\/#website","url":"https:\/\/dev.diginotar.at\/de\/","name":"Notariat Sch\u00f6ffmann","description":"Mag. Klaus Sch\u00f6ffmann - Ihr Notar in Klagenfurt","publisher":{"@id":"https:\/\/dev.diginotar.at\/de\/#organization"},"potentialAction":[{"@type":"SearchAction","target":{"@type":"EntryPoint","urlTemplate":"https:\/\/dev.diginotar.at\/de\/?s={search_term_string}"},"query-input":{"@type":"PropertyValueSpecification","valueRequired":true,"valueName":"search_term_string"}}],"inLanguage":"de"},{"@type":"Organization","@id":"https:\/\/dev.diginotar.at\/de\/#organization","name":"Notariat Mag. Klaus Sch\u00f6ffmann Klagenfurt","url":"https:\/\/dev.diginotar.at\/de\/","logo":{"@type":"ImageObject","inLanguage":"de","@id":"https:\/\/dev.diginotar.at\/de\/#\/schema\/logo\/image\/","url":"https:\/\/dev.diginotar.at\/wp-content\/uploads\/2022\/02\/logo-notariat-schoeffmann.jpg","contentUrl":"https:\/\/dev.diginotar.at\/wp-content\/uploads\/2022\/02\/logo-notariat-schoeffmann.jpg","width":600,"height":600,"caption":"Notariat Mag. Klaus Sch\u00f6ffmann Klagenfurt"},"image":{"@id":"https:\/\/dev.diginotar.at\/de\/#\/schema\/logo\/image\/"},"sameAs":["https:\/\/www.facebook.com\/NotarKlagenfurt","https:\/\/www.youtube.com\/channel\/UCaITfbIQh6VIpzEonUsIhcg"]}]}},"_links":{"self":[{"href":"https:\/\/dev.diginotar.at\/de\/wp-json\/wp\/v2\/pages\/479","targetHints":{"allow":["GET"]}}],"collection":[{"href":"https:\/\/dev.diginotar.at\/de\/wp-json\/wp\/v2\/pages"}],"about":[{"href":"https:\/\/dev.diginotar.at\/de\/wp-json\/wp\/v2\/types\/page"}],"author":[{"embeddable":true,"href":"https:\/\/dev.diginotar.at\/de\/wp-json\/wp\/v2\/users\/3"}],"replies":[{"embeddable":true,"href":"https:\/\/dev.diginotar.at\/de\/wp-json\/wp\/v2\/comments?post=479"}],"version-history":[{"count":6,"href":"https:\/\/dev.diginotar.at\/de\/wp-json\/wp\/v2\/pages\/479\/revisions"}],"predecessor-version":[{"id":2441,"href":"https:\/\/dev.diginotar.at\/de\/wp-json\/wp\/v2\/pages\/479\/revisions\/2441"}],"up":[{"embeddable":true,"href":"https:\/\/dev.diginotar.at\/de\/wp-json\/wp\/v2\/pages\/438"}],"wp:attachment":[{"href":"https:\/\/dev.diginotar.at\/de\/wp-json\/wp\/v2\/media?parent=479"}],"wp:term":[{"taxonomy":"category","embeddable":true,"href":"https:\/\/dev.diginotar.at\/de\/wp-json\/wp\/v2\/categories?post=479"}],"curies":[{"name":"wp","href":"https:\/\/api.w.org\/{rel}","templated":true}]}}