{"id":474,"date":"2021-08-09T11:58:18","date_gmt":"2021-08-09T09:58:18","guid":{"rendered":"https:\/\/dev.diginotar.at\/?page_id=474"},"modified":"2022-02-26T13:57:06","modified_gmt":"2022-02-26T12:57:06","slug":"patientenverfuegung","status":"publish","type":"page","link":"https:\/\/dev.diginotar.at\/de\/vorsorge\/patientenverfuegung\/patientenverfuegung\/","title":{"rendered":"Patientenverf\u00fcgung"},"content":{"rendered":"<div class=\"standard typo3-neos-nodetypes-text\">\n<div>\n<p>Mit Ihrer Patientenverf\u00fcgung regeln Sie im Voraus, welche medizinischen Ma\u00dfnahmen Sie im Falle einer aussichtslosen Krankheit ablehnen. Damit dokumentieren Sie Ihren Willen f\u00fcr den Fall, dass Sie selbst nicht mehr in der Lage sind, Ihre Meinung zu \u00e4u\u00dfern und Ihre Entscheidung zu treffen. Mit einer Patientenverf\u00fcgung k\u00f6nnen immer nur Behandlungen abgelehnt, nicht jedoch Behandlungsw\u00fcnsche ge\u00e4u\u00dfert werden.<\/p>\n<p><strong>Der Arzt hat bei seiner Behandlungsentscheidung&nbsp;<u>jede Patientenverf\u00fcgung<\/u>&nbsp;zu ber\u00fccksichtigen.<\/strong><\/p>\n<p>Wenn Sie aber unter allen Bedingungen sicherstellen wollen, dass eine medizinische Ma\u00dfnahme nicht vorgenommen wird, so m\u00fcssen Sie eine Patientenverf\u00fcgung so errichten, dass diese Patientenverf\u00fcgung als verbindlich gilt. An so eine verbindliche Patientenverf\u00fcgung ist der behandelnde Arzt strikt gebunden. F\u00fcr die Errichtung einer verbindlichen Patientenverf\u00fcgung m\u00fcssen strenge formale und inhaltliche Erfordernisse erf\u00fcllt sein.<\/p>\n<p>Patientenverf\u00fcgungen, welche die&nbsp;<strong>Voraussetzungen der verbindlich geltenden Patientenverf\u00fcgung nicht erf\u00fcllen<\/strong>, sind ebenfalls der Behandlungsentscheidung zu Grunde zu legen. Die Patientenverf\u00fcgung l\u00e4sst dem behandelnden Arzt in diesem Fall mehr Spielraum.Sie geben dem Arzt eine Orientierung f\u00fcr sein Handeln vor, \u00fcberlassen die endg\u00fcltige Entscheidung aber Ihren Angeh\u00f6rigen und ihm. Er muss sich also nicht unbedingt daran halten.<\/p>\n<p>Es handelt sich dabei z.B. um eine Erkl\u00e4rung, dass im Fall einer an sich zum Tod f\u00fchrenden Erkrankung, Verletzung oder Bewusstlosigkeit auf k\u00fcnstliche lebensverl\u00e4ngernde Ma\u00dfnahmen verzichtet wird. Es gilt grunds\u00e4tzlich, dass der Arzt sich vor jeder Behandlung vergewissern muss, welche Behandlungsweise der Patient w\u00fcnscht oder ablehnt, das hei\u00dft: den konkreten Patientenwillen ermitteln.<\/p>\n<\/div>\n<div>\n<p>Bei der Ermittlung des Patientenwillens ist eine Patientenverf\u00fcgung&nbsp;<strong>umso mehr zu ber\u00fccksichtigen, je mehr sie die Voraussetzungen einer verbindlichen Patientenverf\u00fcgung erf\u00fcllt.&nbsp;<\/strong>Dabei ist beispielsweise zu ber\u00fccksichtigen,<\/p>\n<ul>\n<li>inwieweit der Patient die Krankheitssituation, auf die sich die Patientenverf\u00fcgung bezieht, sowie deren Folgen im Errichtungszeitpunkt einsch\u00e4tzen konnte,<\/li>\n<li>wie konkret die medizinischen Behandlungen, die Gegenstand der Ablehnung sind, beschrieben sind,<\/li>\n<li>wie umfassend eine der Errichtung vorangegangene \u00e4rztliche Aufkl\u00e4rung war,<\/li>\n<li>inwieweit die Verf\u00fcgung von den Formvorschriften f\u00fcr eine verbindliche Patientenverf\u00fcgung abweicht,<\/li>\n<li>wie lange die letzte Erneuerung zur\u00fcckliegt und<\/li>\n<li>wie h\u00e4ufig die Patientenverf\u00fcgung erneuert wurde.<\/li>\n<\/ul>\n<p>M\u00f6chte Sie, dass Ihre&nbsp;<strong>Patientenverf\u00fcgung&nbsp;<\/strong>unter allen Umst\u00e4nden&nbsp;<strong>verbindlich gilt<\/strong>, so m\u00fcssen strenge formale und inhaltliche Voraussetzungen erf\u00fcllt sein.<\/p>\n<p>Soll Ihre Patientenverf\u00fcgung verbindlich gelten, muss<\/p>\n<ul>\n<li>die Errichtung schriftlich erfolgen,<\/li>\n<li>die abgelehnte Ma\u00dfnahme ganz konkret beschrieben werden,<\/li>\n<li>eine umfassende \u00e4rztliche Aufkl\u00e4rung mit medizinischen Informationen \u00fcber Wesen und Folgen der Patientenverf\u00fcgung geschehen und dokumentiert werden,<\/li>\n<li>der Patient die Folgen der Patientenverf\u00fcgung zutreffend einsch\u00e4tzen k\u00f6nnen und<\/li>\n<li>die Errichtung vor einem Rechtsanwalt, einem Notar oder einem rechtskundigen Mitarbeiter der Patientenvertretung oder eines Erwachsenenschutzvereins erfolgen.<\/li>\n<\/ul>\n<p>Eine verbindlich geltende Patientenverf\u00fcgung l\u00e4sst \u00c4rzten keinen Entscheidungsspielraum. Der Arzt muss Sie im schlimmsten Fall sterben lassen und darf Sie nicht behandeln!<\/p>\n<\/div>\n<div>\n<p>Eine unter diesen Voraussetzungen errichtete Patientenverf\u00fcgung&nbsp;<strong>ist&nbsp;<\/strong><b><strong>j<\/strong>eweils f\u00fcr acht Jahre verbindlich<\/b>, der Patient kann auch eine k\u00fcrzere Frist bestimmen. Nach deren Ablauf kann sie&nbsp;<b>erneuert&nbsp;<\/b>werden. Auch nachtr\u00e4gliche \u00c4nderungen oder Erg\u00e4nzungen gelten als Erneuerung.&nbsp; F\u00fcr die Verl\u00e4ngerung ist eine \u00e4rztliche Aufkl\u00e4rung notwendig. Mit der Best\u00e4tigung der \u00e4rztliche Aufkl\u00e4rung beginnt die Achtjahresfrist von neuem zu laufen. Die juristische Beratung ist nicht mehr zwingend vorgesehen.<\/p>\n<p>Wird sie nicht erneuert, so ist der Arzt nicht mehr streng daran gebunden, hat sie seiner Entscheidung aber zu Grunde zu legen.<\/p>\n<p>Eine Patientenverf\u00fcgung kann&nbsp;<b>jederzeit&nbsp;<\/b>vom Patienten&nbsp;<b>widerrufen&nbsp;<\/b>werden.<\/p>\n<\/div>\n<\/div>\n<div class=\"tipp typo3-neos-nodetypes-text\">\n<div>\n<h3>Tipps f\u00fcr die Errichtung<\/h3>\n<p>Wollen Sie eine&nbsp;<strong>Patientenverf\u00fcgung<\/strong>&nbsp;errichten, so ist es jedenfalls sinnvoll, dies mit einem Arzt zu besprechen. Damit k\u00f6nnen Sie besser verstehen und auch beschreiben, warum eine bestimmte medizinische Ma\u00dfnahme abgelehnt wird.<\/p>\n<p><strong>Es bestehen aber f\u00fcr die Errichtung keine besonderen Formvorschriften!<\/strong>&nbsp;Nur wenn die Patientenverf\u00fcgung&nbsp;<strong>verbindlich gelten soll<\/strong>, m\u00fcssen Sie die&nbsp;<strong>formalen und inhaltlichen Voraussetzungen<\/strong>&nbsp;beachten.<\/p>\n<p>Auch wenn mit einer Patientenverf\u00fcgung nur konkrete Behandlungsma\u00dfnahmen abgelehnt werden k\u00f6nnen, so ist es dennoch sinnvoll, auch Ihre zugrundeliegende Lebenseinstellung zu beschreiben. Nur so geben Sie dem Arzt eine gute Leitlinie mit, an der er sich bei der konkreten Behandlung orientieren kann.<\/p>\n<\/div>\n<\/div>\n","protected":false},"excerpt":{"rendered":"<p>Mit Ihrer Patientenverf\u00fcgung regeln Sie im Voraus, welche medizinischen Ma\u00dfnahmen Sie im Falle einer aussichtslosen Krankheit ablehnen. Damit dokumentieren Sie Ihren Willen f\u00fcr den Fall, dass Sie selbst nicht mehr in der Lage sind, Ihre Meinung zu \u00e4u\u00dfern und Ihre Entscheidung zu treffen. Mit einer Patientenverf\u00fcgung k\u00f6nnen immer nur Behandlungen abgelehnt, nicht jedoch Behandlungsw\u00fcnsche ge\u00e4u\u00dfert&hellip;<\/p>\n","protected":false},"author":3,"featured_media":0,"parent":468,"menu_order":1,"comment_status":"closed","ping_status":"closed","template":"","meta":{"inline_featured_image":false,"footnotes":""},"categories":[],"class_list":["post-474","page","type-page","status-publish","hentry","description-off"],"yoast_head":"<!-- This site is optimized with the Yoast SEO plugin v25.7 - https:\/\/yoast.com\/wordpress\/plugins\/seo\/ -->\n<title>Patientenverf\u00fcgung &#8211; Notariat Sch\u00f6ffmann<\/title>\n<meta name=\"description\" content=\"Jede Patientenverf\u00fcgung ist vom Arzt bei der Behandlungsentscheidung zu ber\u00fccksichtigen. Sie gibt dem Arzt eine Orientierung f\u00fcr sein Handeln vor.\" \/>\n<meta name=\"robots\" content=\"noindex, follow, max-snippet:-1, max-image-preview:large, max-video-preview:-1\" \/>\n<meta property=\"og:locale\" content=\"de_DE\" \/>\n<meta property=\"og:type\" content=\"article\" \/>\n<meta property=\"og:title\" content=\"Patientenverf\u00fcgung &#8211; Notariat Sch\u00f6ffmann\" \/>\n<meta property=\"og:description\" content=\"Jede Patientenverf\u00fcgung ist vom Arzt bei der Behandlungsentscheidung zu ber\u00fccksichtigen. Sie gibt dem Arzt eine Orientierung f\u00fcr sein Handeln vor.\" \/>\n<meta property=\"og:url\" content=\"https:\/\/dev.diginotar.at\/de\/vorsorge\/patientenverfuegung\/patientenverfuegung\/\" \/>\n<meta property=\"og:site_name\" content=\"Notariat Sch\u00f6ffmann\" \/>\n<meta property=\"article:publisher\" content=\"https:\/\/www.facebook.com\/NotarKlagenfurt\" \/>\n<meta property=\"article:modified_time\" content=\"2022-02-26T12:57:06+00:00\" \/>\n<meta property=\"og:image\" content=\"https:\/\/dev.diginotar.at\/wp-content\/uploads\/2021\/11\/Juristen-1.jpg\" \/>\n\t<meta property=\"og:image:width\" content=\"1600\" \/>\n\t<meta property=\"og:image:height\" content=\"1067\" \/>\n\t<meta property=\"og:image:type\" content=\"image\/jpeg\" \/>\n<meta name=\"twitter:card\" content=\"summary_large_image\" \/>\n<script type=\"application\/ld+json\" class=\"yoast-schema-graph\">{\"@context\":\"https:\/\/schema.org\",\"@graph\":[{\"@type\":\"WebPage\",\"@id\":\"https:\/\/dev.diginotar.at\/de\/vorsorge\/patientenverfuegung\/patientenverfuegung\/\",\"url\":\"https:\/\/dev.diginotar.at\/de\/vorsorge\/patientenverfuegung\/patientenverfuegung\/\",\"name\":\"Patientenverf\u00fcgung &#8211; Notariat Sch\u00f6ffmann\",\"isPartOf\":{\"@id\":\"https:\/\/dev.diginotar.at\/de\/#website\"},\"datePublished\":\"2021-08-09T09:58:18+00:00\",\"dateModified\":\"2022-02-26T12:57:06+00:00\",\"description\":\"Jede Patientenverf\u00fcgung ist vom Arzt bei der Behandlungsentscheidung zu ber\u00fccksichtigen. Sie gibt dem Arzt eine Orientierung f\u00fcr sein Handeln vor.\",\"breadcrumb\":{\"@id\":\"https:\/\/dev.diginotar.at\/de\/vorsorge\/patientenverfuegung\/patientenverfuegung\/#breadcrumb\"},\"inLanguage\":\"de\",\"potentialAction\":[{\"@type\":\"ReadAction\",\"target\":[\"https:\/\/dev.diginotar.at\/de\/vorsorge\/patientenverfuegung\/patientenverfuegung\/\"]}]},{\"@type\":\"BreadcrumbList\",\"@id\":\"https:\/\/dev.diginotar.at\/de\/vorsorge\/patientenverfuegung\/patientenverfuegung\/#breadcrumb\",\"itemListElement\":[{\"@type\":\"ListItem\",\"position\":1,\"name\":\"Startseite\",\"item\":\"https:\/\/dev.diginotar.at\/de\/\"},{\"@type\":\"ListItem\",\"position\":2,\"name\":\"Vorsorge\",\"item\":\"https:\/\/dev.diginotar.at\/de\/vorsorge\/\"},{\"@type\":\"ListItem\",\"position\":3,\"name\":\"Patientenverf\u00fcgung\",\"item\":\"https:\/\/dev.diginotar.at\/de\/vorsorge\/patientenverfuegung\/\"},{\"@type\":\"ListItem\",\"position\":4,\"name\":\"Patientenverf\u00fcgung\"}]},{\"@type\":\"WebSite\",\"@id\":\"https:\/\/dev.diginotar.at\/de\/#website\",\"url\":\"https:\/\/dev.diginotar.at\/de\/\",\"name\":\"Notariat Sch\u00f6ffmann\",\"description\":\"Mag. Klaus Sch\u00f6ffmann - Ihr Notar in Klagenfurt\",\"publisher\":{\"@id\":\"https:\/\/dev.diginotar.at\/de\/#organization\"},\"potentialAction\":[{\"@type\":\"SearchAction\",\"target\":{\"@type\":\"EntryPoint\",\"urlTemplate\":\"https:\/\/dev.diginotar.at\/de\/?s={search_term_string}\"},\"query-input\":{\"@type\":\"PropertyValueSpecification\",\"valueRequired\":true,\"valueName\":\"search_term_string\"}}],\"inLanguage\":\"de\"},{\"@type\":\"Organization\",\"@id\":\"https:\/\/dev.diginotar.at\/de\/#organization\",\"name\":\"Notariat Mag. Klaus Sch\u00f6ffmann Klagenfurt\",\"url\":\"https:\/\/dev.diginotar.at\/de\/\",\"logo\":{\"@type\":\"ImageObject\",\"inLanguage\":\"de\",\"@id\":\"https:\/\/dev.diginotar.at\/de\/#\/schema\/logo\/image\/\",\"url\":\"https:\/\/dev.diginotar.at\/wp-content\/uploads\/2022\/02\/logo-notariat-schoeffmann.jpg\",\"contentUrl\":\"https:\/\/dev.diginotar.at\/wp-content\/uploads\/2022\/02\/logo-notariat-schoeffmann.jpg\",\"width\":600,\"height\":600,\"caption\":\"Notariat Mag. Klaus Sch\u00f6ffmann Klagenfurt\"},\"image\":{\"@id\":\"https:\/\/dev.diginotar.at\/de\/#\/schema\/logo\/image\/\"},\"sameAs\":[\"https:\/\/www.facebook.com\/NotarKlagenfurt\",\"https:\/\/www.youtube.com\/channel\/UCaITfbIQh6VIpzEonUsIhcg\"]}]}<\/script>\n<!-- \/ Yoast SEO plugin. -->","yoast_head_json":{"title":"Patientenverf\u00fcgung &#8211; Notariat Sch\u00f6ffmann","description":"Jede Patientenverf\u00fcgung ist vom Arzt bei der Behandlungsentscheidung zu ber\u00fccksichtigen. Sie gibt dem Arzt eine Orientierung f\u00fcr sein Handeln vor.","robots":{"index":"noindex","follow":"follow","max-snippet":"max-snippet:-1","max-image-preview":"max-image-preview:large","max-video-preview":"max-video-preview:-1"},"og_locale":"de_DE","og_type":"article","og_title":"Patientenverf\u00fcgung &#8211; Notariat Sch\u00f6ffmann","og_description":"Jede Patientenverf\u00fcgung ist vom Arzt bei der Behandlungsentscheidung zu ber\u00fccksichtigen. Sie gibt dem Arzt eine Orientierung f\u00fcr sein Handeln vor.","og_url":"https:\/\/dev.diginotar.at\/de\/vorsorge\/patientenverfuegung\/patientenverfuegung\/","og_site_name":"Notariat Sch\u00f6ffmann","article_publisher":"https:\/\/www.facebook.com\/NotarKlagenfurt","article_modified_time":"2022-02-26T12:57:06+00:00","og_image":[{"width":1600,"height":1067,"url":"https:\/\/dev.diginotar.at\/wp-content\/uploads\/2021\/11\/Juristen-1.jpg","type":"image\/jpeg"}],"twitter_card":"summary_large_image","schema":{"@context":"https:\/\/schema.org","@graph":[{"@type":"WebPage","@id":"https:\/\/dev.diginotar.at\/de\/vorsorge\/patientenverfuegung\/patientenverfuegung\/","url":"https:\/\/dev.diginotar.at\/de\/vorsorge\/patientenverfuegung\/patientenverfuegung\/","name":"Patientenverf\u00fcgung &#8211; Notariat Sch\u00f6ffmann","isPartOf":{"@id":"https:\/\/dev.diginotar.at\/de\/#website"},"datePublished":"2021-08-09T09:58:18+00:00","dateModified":"2022-02-26T12:57:06+00:00","description":"Jede Patientenverf\u00fcgung ist vom Arzt bei der Behandlungsentscheidung zu ber\u00fccksichtigen. Sie gibt dem Arzt eine Orientierung f\u00fcr sein Handeln vor.","breadcrumb":{"@id":"https:\/\/dev.diginotar.at\/de\/vorsorge\/patientenverfuegung\/patientenverfuegung\/#breadcrumb"},"inLanguage":"de","potentialAction":[{"@type":"ReadAction","target":["https:\/\/dev.diginotar.at\/de\/vorsorge\/patientenverfuegung\/patientenverfuegung\/"]}]},{"@type":"BreadcrumbList","@id":"https:\/\/dev.diginotar.at\/de\/vorsorge\/patientenverfuegung\/patientenverfuegung\/#breadcrumb","itemListElement":[{"@type":"ListItem","position":1,"name":"Startseite","item":"https:\/\/dev.diginotar.at\/de\/"},{"@type":"ListItem","position":2,"name":"Vorsorge","item":"https:\/\/dev.diginotar.at\/de\/vorsorge\/"},{"@type":"ListItem","position":3,"name":"Patientenverf\u00fcgung","item":"https:\/\/dev.diginotar.at\/de\/vorsorge\/patientenverfuegung\/"},{"@type":"ListItem","position":4,"name":"Patientenverf\u00fcgung"}]},{"@type":"WebSite","@id":"https:\/\/dev.diginotar.at\/de\/#website","url":"https:\/\/dev.diginotar.at\/de\/","name":"Notariat Sch\u00f6ffmann","description":"Mag. Klaus Sch\u00f6ffmann - Ihr Notar in Klagenfurt","publisher":{"@id":"https:\/\/dev.diginotar.at\/de\/#organization"},"potentialAction":[{"@type":"SearchAction","target":{"@type":"EntryPoint","urlTemplate":"https:\/\/dev.diginotar.at\/de\/?s={search_term_string}"},"query-input":{"@type":"PropertyValueSpecification","valueRequired":true,"valueName":"search_term_string"}}],"inLanguage":"de"},{"@type":"Organization","@id":"https:\/\/dev.diginotar.at\/de\/#organization","name":"Notariat Mag. Klaus Sch\u00f6ffmann Klagenfurt","url":"https:\/\/dev.diginotar.at\/de\/","logo":{"@type":"ImageObject","inLanguage":"de","@id":"https:\/\/dev.diginotar.at\/de\/#\/schema\/logo\/image\/","url":"https:\/\/dev.diginotar.at\/wp-content\/uploads\/2022\/02\/logo-notariat-schoeffmann.jpg","contentUrl":"https:\/\/dev.diginotar.at\/wp-content\/uploads\/2022\/02\/logo-notariat-schoeffmann.jpg","width":600,"height":600,"caption":"Notariat Mag. Klaus Sch\u00f6ffmann Klagenfurt"},"image":{"@id":"https:\/\/dev.diginotar.at\/de\/#\/schema\/logo\/image\/"},"sameAs":["https:\/\/www.facebook.com\/NotarKlagenfurt","https:\/\/www.youtube.com\/channel\/UCaITfbIQh6VIpzEonUsIhcg"]}]}},"_links":{"self":[{"href":"https:\/\/dev.diginotar.at\/de\/wp-json\/wp\/v2\/pages\/474","targetHints":{"allow":["GET"]}}],"collection":[{"href":"https:\/\/dev.diginotar.at\/de\/wp-json\/wp\/v2\/pages"}],"about":[{"href":"https:\/\/dev.diginotar.at\/de\/wp-json\/wp\/v2\/types\/page"}],"author":[{"embeddable":true,"href":"https:\/\/dev.diginotar.at\/de\/wp-json\/wp\/v2\/users\/3"}],"replies":[{"embeddable":true,"href":"https:\/\/dev.diginotar.at\/de\/wp-json\/wp\/v2\/comments?post=474"}],"version-history":[{"count":4,"href":"https:\/\/dev.diginotar.at\/de\/wp-json\/wp\/v2\/pages\/474\/revisions"}],"predecessor-version":[{"id":2023,"href":"https:\/\/dev.diginotar.at\/de\/wp-json\/wp\/v2\/pages\/474\/revisions\/2023"}],"up":[{"embeddable":true,"href":"https:\/\/dev.diginotar.at\/de\/wp-json\/wp\/v2\/pages\/468"}],"wp:attachment":[{"href":"https:\/\/dev.diginotar.at\/de\/wp-json\/wp\/v2\/media?parent=474"}],"wp:term":[{"taxonomy":"category","embeddable":true,"href":"https:\/\/dev.diginotar.at\/de\/wp-json\/wp\/v2\/categories?post=474"}],"curies":[{"name":"wp","href":"https:\/\/api.w.org\/{rel}","templated":true}]}}