{"id":471,"date":"2021-08-09T11:56:47","date_gmt":"2021-08-09T09:56:47","guid":{"rendered":"https:\/\/dev.diginotar.at\/?page_id=471"},"modified":"2022-03-19T10:09:13","modified_gmt":"2022-03-19T09:09:13","slug":"neuerungen-im-patientenverfuegungs-gesetz","status":"publish","type":"page","link":"https:\/\/dev.diginotar.at\/de\/vorsorge\/patientenverfuegung\/neuerungen-im-patientenverfuegungs-gesetz\/","title":{"rendered":"Neuerungen im Patientenverf\u00fcgungs-Gesetz"},"content":{"rendered":"<div class=\"lazyblock-infobox-Z23tFKI wp-block-lazyblock-infobox\"><div class=\"notar_einleitung\">\n\n  <div class=\"notar_einleitung_wrapper\"><p>Mit\u00a0<strong>16.01.2019\u00a0<\/strong>wurde das Patientenverf\u00fcgungs-Gesetz (PatVG)\u00a0<strong>novelliert<\/strong>. Neben Verbesserungen in den Rahmenbedingungen zur Errichtung einer Patientenverf\u00fcgung beinhaltet das Gesetz nun auch Bestimmungen zur zentralen Abfragem\u00f6glichkeit.<\/p><\/div>\n<\/div>\n<\/div>\n\n\n<h3 class=\"wp-block-heading\">Die wichtigsten Neuerungen zusammengefasst:<\/h3>\n\n\n\n<ul class=\"wp-block-list\"><li>Im Gesetz ist festgehalten, dass&nbsp;<strong>jede Patientenverf\u00fcgung vom Arzt zu ber\u00fccksichtigen&nbsp;<\/strong>ist.&nbsp;Wenn Sie aber unter allen Bedingungen sicherstellen wollen, dass eine medizinische Ma\u00dfnahme nicht vorgenommen wird, so m\u00fcssen Sie eine Patientenverf\u00fcgung so errichten, dass diese Patientenverf\u00fcgung als&nbsp;<strong>verbindlich gilt<\/strong>. An so eine verbindliche Patientenverf\u00fcgung ist der behandelnde Arzt strikt gebunden. F\u00fcr die Errichtung einer verbindlichen Patientenverf\u00fcgung m\u00fcssen&nbsp;<a href=\"http:\/\/xn--patientenverfgung%20%28-opc\/de\/Selbstbestimmt-alt-werden\/Patientenverfugung\/Patientenverfugung.html)\" target=\"_blank\" rel=\"noopener\" data-gentics-aloha-repository=\"node-repository\" data-gentics-aloha-object-id=\"f2fa6646-8e48-0dd7-5ed0-e7dcea4df12c\">strenge formale und inhaltliche Erfordernisse<\/a>&nbsp;erf\u00fcllt sein.<\/li><li>Eine unter diesen Voraussetzungen errichtete Patientenverf\u00fcgung ist nun f\u00fcr jeweils<b>&nbsp;acht (statt bisher f\u00fcnf) Jahre verbindlich<\/b>. Das gilt sowohl f\u00fcr neu errichtete als auch f\u00fcr bereits bestehende verbindliche Patientenverf\u00fcgungen.<\/li><li>Soll die verbindlich geltende Patientenverf\u00fcgung nach Ablauf der Achtjahresfrist&nbsp;<strong>erneuert&nbsp;<\/strong>werden, so braucht es daf\u00fcr keine juristische Beratung mehr. Eine \u00e4rztliche Aufkl\u00e4rung ist jedoch notwendig. Mit der Best\u00e4tigung der \u00e4rztlichen Aufkl\u00e4rung beginnt die Achtjahresfrist von neuem zu laufen.<\/li><li>Die juristische Aufkl\u00e4rung kann durch einen Notar, Rechtsanwalt oder einen rechtskundigen Mitarbeiter der Patientenvertretung oder eines Erwachsenenschutzvereins erfolgen.<\/li><li>Patientenverf\u00fcgungen, welche die strengen Voraussetzungen f\u00fcr die verbindliche Patientenverf\u00fcgung nicht erf\u00fcllen, sind ebenfalls der Behandlungsentscheidung des Arztes zu Grunde zu legen. Die Patientenverf\u00fcgung ist&nbsp;<a href=\"http:\/\/xn--patientenverfgung%20%28-opc\/de\/Selbstbestimmt-alt-werden\/Patientenverfugung\/Patientenverfugung.html)\" target=\"_blank\" rel=\"noopener\" data-gentics-aloha-repository=\"node-repository\" data-gentics-aloha-object-id=\"f2fa6646-8e48-0dd7-5ed0-e7dcea4df12c\">umso mehr zu ber\u00fccksichtigen, je mehr sie die Voraussetzungen einer verbindlichen Patientenverf\u00fcgung erf\u00fcllt.<\/a><\/li><li>Des Weiteren sind Patientenverf\u00fcgungen in der&nbsp;<strong>Elektronischen Gesundheitsakte (ELGA)<\/strong> zug\u00e4nglich zu machen, sofern der Patient dem nicht widerspricht. Die zur Verf\u00fcgung gestellten Patientenverf\u00fcgungen werden bis zehn Jahre nach dem Sterbedatum des Patienten gespeichert und danach automatisch gel\u00f6scht.<\/li><\/ul>\n","protected":false},"excerpt":{"rendered":"<p>Die wichtigsten Neuerungen zusammengefasst: Im Gesetz ist festgehalten, dass&nbsp;jede Patientenverf\u00fcgung vom Arzt zu ber\u00fccksichtigen&nbsp;ist.&nbsp;Wenn Sie aber unter allen Bedingungen sicherstellen wollen, dass eine medizinische Ma\u00dfnahme nicht vorgenommen wird, so m\u00fcssen Sie eine Patientenverf\u00fcgung so errichten, dass diese Patientenverf\u00fcgung als&nbsp;verbindlich gilt. An so eine verbindliche Patientenverf\u00fcgung ist der behandelnde Arzt strikt gebunden. F\u00fcr die Errichtung einer&hellip;<\/p>\n","protected":false},"author":3,"featured_media":0,"parent":468,"menu_order":0,"comment_status":"closed","ping_status":"closed","template":"","meta":{"inline_featured_image":false,"footnotes":""},"categories":[],"class_list":["post-471","page","type-page","status-publish","hentry","description-off"],"yoast_head":"<!-- This site is optimized with the Yoast SEO plugin v25.7 - https:\/\/yoast.com\/wordpress\/plugins\/seo\/ -->\n<title>Neuerungen im Patientenverf\u00fcgungs-Gesetz &#8211; Notariat Sch\u00f6ffmann<\/title>\n<meta name=\"description\" content=\"Mit 16.01.2019 wurde das Patientenverf\u00fcgungs-Gesetz novelliert. Einen \u00dcberblick \u00fcber die \u00c4nderungen finden Sie auf unserer Seite!\" \/>\n<meta name=\"robots\" content=\"noindex, follow, max-snippet:-1, max-image-preview:large, max-video-preview:-1\" \/>\n<meta property=\"og:locale\" content=\"de_DE\" \/>\n<meta property=\"og:type\" content=\"article\" \/>\n<meta property=\"og:title\" content=\"Neuerungen im Patientenverf\u00fcgungs-Gesetz &#8211; Notariat Sch\u00f6ffmann\" \/>\n<meta property=\"og:description\" content=\"Mit 16.01.2019 wurde das Patientenverf\u00fcgungs-Gesetz novelliert. Einen \u00dcberblick \u00fcber die \u00c4nderungen finden Sie auf unserer Seite!\" \/>\n<meta property=\"og:url\" content=\"https:\/\/dev.diginotar.at\/de\/vorsorge\/patientenverfuegung\/neuerungen-im-patientenverfuegungs-gesetz\/\" \/>\n<meta property=\"og:site_name\" content=\"Notariat Sch\u00f6ffmann\" \/>\n<meta property=\"article:publisher\" content=\"https:\/\/www.facebook.com\/NotarKlagenfurt\" \/>\n<meta property=\"article:modified_time\" content=\"2022-03-19T09:09:13+00:00\" \/>\n<meta property=\"og:image\" content=\"https:\/\/dev.diginotar.at\/wp-content\/uploads\/2021\/11\/Juristen-1.jpg\" \/>\n\t<meta property=\"og:image:width\" content=\"1600\" \/>\n\t<meta property=\"og:image:height\" content=\"1067\" \/>\n\t<meta property=\"og:image:type\" content=\"image\/jpeg\" \/>\n<meta name=\"twitter:card\" content=\"summary_large_image\" \/>\n<script type=\"application\/ld+json\" class=\"yoast-schema-graph\">{\"@context\":\"https:\/\/schema.org\",\"@graph\":[{\"@type\":\"WebPage\",\"@id\":\"https:\/\/dev.diginotar.at\/de\/vorsorge\/patientenverfuegung\/neuerungen-im-patientenverfuegungs-gesetz\/\",\"url\":\"https:\/\/dev.diginotar.at\/de\/vorsorge\/patientenverfuegung\/neuerungen-im-patientenverfuegungs-gesetz\/\",\"name\":\"Neuerungen im Patientenverf\u00fcgungs-Gesetz &#8211; Notariat Sch\u00f6ffmann\",\"isPartOf\":{\"@id\":\"https:\/\/dev.diginotar.at\/de\/#website\"},\"datePublished\":\"2021-08-09T09:56:47+00:00\",\"dateModified\":\"2022-03-19T09:09:13+00:00\",\"description\":\"Mit 16.01.2019 wurde das Patientenverf\u00fcgungs-Gesetz novelliert. Einen \u00dcberblick \u00fcber die \u00c4nderungen finden Sie auf unserer Seite!\",\"breadcrumb\":{\"@id\":\"https:\/\/dev.diginotar.at\/de\/vorsorge\/patientenverfuegung\/neuerungen-im-patientenverfuegungs-gesetz\/#breadcrumb\"},\"inLanguage\":\"de\",\"potentialAction\":[{\"@type\":\"ReadAction\",\"target\":[\"https:\/\/dev.diginotar.at\/de\/vorsorge\/patientenverfuegung\/neuerungen-im-patientenverfuegungs-gesetz\/\"]}]},{\"@type\":\"BreadcrumbList\",\"@id\":\"https:\/\/dev.diginotar.at\/de\/vorsorge\/patientenverfuegung\/neuerungen-im-patientenverfuegungs-gesetz\/#breadcrumb\",\"itemListElement\":[{\"@type\":\"ListItem\",\"position\":1,\"name\":\"Startseite\",\"item\":\"https:\/\/dev.diginotar.at\/de\/\"},{\"@type\":\"ListItem\",\"position\":2,\"name\":\"Vorsorge\",\"item\":\"https:\/\/dev.diginotar.at\/de\/vorsorge\/\"},{\"@type\":\"ListItem\",\"position\":3,\"name\":\"Patientenverf\u00fcgung\",\"item\":\"https:\/\/dev.diginotar.at\/de\/vorsorge\/patientenverfuegung\/\"},{\"@type\":\"ListItem\",\"position\":4,\"name\":\"Neuerungen im Patientenverf\u00fcgungs-Gesetz\"}]},{\"@type\":\"WebSite\",\"@id\":\"https:\/\/dev.diginotar.at\/de\/#website\",\"url\":\"https:\/\/dev.diginotar.at\/de\/\",\"name\":\"Notariat Sch\u00f6ffmann\",\"description\":\"Mag. Klaus Sch\u00f6ffmann - Ihr Notar in Klagenfurt\",\"publisher\":{\"@id\":\"https:\/\/dev.diginotar.at\/de\/#organization\"},\"potentialAction\":[{\"@type\":\"SearchAction\",\"target\":{\"@type\":\"EntryPoint\",\"urlTemplate\":\"https:\/\/dev.diginotar.at\/de\/?s={search_term_string}\"},\"query-input\":{\"@type\":\"PropertyValueSpecification\",\"valueRequired\":true,\"valueName\":\"search_term_string\"}}],\"inLanguage\":\"de\"},{\"@type\":\"Organization\",\"@id\":\"https:\/\/dev.diginotar.at\/de\/#organization\",\"name\":\"Notariat Mag. Klaus Sch\u00f6ffmann Klagenfurt\",\"url\":\"https:\/\/dev.diginotar.at\/de\/\",\"logo\":{\"@type\":\"ImageObject\",\"inLanguage\":\"de\",\"@id\":\"https:\/\/dev.diginotar.at\/de\/#\/schema\/logo\/image\/\",\"url\":\"https:\/\/dev.diginotar.at\/wp-content\/uploads\/2022\/02\/logo-notariat-schoeffmann.jpg\",\"contentUrl\":\"https:\/\/dev.diginotar.at\/wp-content\/uploads\/2022\/02\/logo-notariat-schoeffmann.jpg\",\"width\":600,\"height\":600,\"caption\":\"Notariat Mag. Klaus Sch\u00f6ffmann Klagenfurt\"},\"image\":{\"@id\":\"https:\/\/dev.diginotar.at\/de\/#\/schema\/logo\/image\/\"},\"sameAs\":[\"https:\/\/www.facebook.com\/NotarKlagenfurt\",\"https:\/\/www.youtube.com\/channel\/UCaITfbIQh6VIpzEonUsIhcg\"]}]}<\/script>\n<!-- \/ Yoast SEO plugin. -->","yoast_head_json":{"title":"Neuerungen im Patientenverf\u00fcgungs-Gesetz &#8211; Notariat Sch\u00f6ffmann","description":"Mit 16.01.2019 wurde das Patientenverf\u00fcgungs-Gesetz novelliert. Einen \u00dcberblick \u00fcber die \u00c4nderungen finden Sie auf unserer Seite!","robots":{"index":"noindex","follow":"follow","max-snippet":"max-snippet:-1","max-image-preview":"max-image-preview:large","max-video-preview":"max-video-preview:-1"},"og_locale":"de_DE","og_type":"article","og_title":"Neuerungen im Patientenverf\u00fcgungs-Gesetz &#8211; Notariat Sch\u00f6ffmann","og_description":"Mit 16.01.2019 wurde das Patientenverf\u00fcgungs-Gesetz novelliert. Einen \u00dcberblick \u00fcber die \u00c4nderungen finden Sie auf unserer Seite!","og_url":"https:\/\/dev.diginotar.at\/de\/vorsorge\/patientenverfuegung\/neuerungen-im-patientenverfuegungs-gesetz\/","og_site_name":"Notariat Sch\u00f6ffmann","article_publisher":"https:\/\/www.facebook.com\/NotarKlagenfurt","article_modified_time":"2022-03-19T09:09:13+00:00","og_image":[{"width":1600,"height":1067,"url":"https:\/\/dev.diginotar.at\/wp-content\/uploads\/2021\/11\/Juristen-1.jpg","type":"image\/jpeg"}],"twitter_card":"summary_large_image","schema":{"@context":"https:\/\/schema.org","@graph":[{"@type":"WebPage","@id":"https:\/\/dev.diginotar.at\/de\/vorsorge\/patientenverfuegung\/neuerungen-im-patientenverfuegungs-gesetz\/","url":"https:\/\/dev.diginotar.at\/de\/vorsorge\/patientenverfuegung\/neuerungen-im-patientenverfuegungs-gesetz\/","name":"Neuerungen im Patientenverf\u00fcgungs-Gesetz &#8211; Notariat Sch\u00f6ffmann","isPartOf":{"@id":"https:\/\/dev.diginotar.at\/de\/#website"},"datePublished":"2021-08-09T09:56:47+00:00","dateModified":"2022-03-19T09:09:13+00:00","description":"Mit 16.01.2019 wurde das Patientenverf\u00fcgungs-Gesetz novelliert. Einen \u00dcberblick \u00fcber die \u00c4nderungen finden Sie auf unserer Seite!","breadcrumb":{"@id":"https:\/\/dev.diginotar.at\/de\/vorsorge\/patientenverfuegung\/neuerungen-im-patientenverfuegungs-gesetz\/#breadcrumb"},"inLanguage":"de","potentialAction":[{"@type":"ReadAction","target":["https:\/\/dev.diginotar.at\/de\/vorsorge\/patientenverfuegung\/neuerungen-im-patientenverfuegungs-gesetz\/"]}]},{"@type":"BreadcrumbList","@id":"https:\/\/dev.diginotar.at\/de\/vorsorge\/patientenverfuegung\/neuerungen-im-patientenverfuegungs-gesetz\/#breadcrumb","itemListElement":[{"@type":"ListItem","position":1,"name":"Startseite","item":"https:\/\/dev.diginotar.at\/de\/"},{"@type":"ListItem","position":2,"name":"Vorsorge","item":"https:\/\/dev.diginotar.at\/de\/vorsorge\/"},{"@type":"ListItem","position":3,"name":"Patientenverf\u00fcgung","item":"https:\/\/dev.diginotar.at\/de\/vorsorge\/patientenverfuegung\/"},{"@type":"ListItem","position":4,"name":"Neuerungen im Patientenverf\u00fcgungs-Gesetz"}]},{"@type":"WebSite","@id":"https:\/\/dev.diginotar.at\/de\/#website","url":"https:\/\/dev.diginotar.at\/de\/","name":"Notariat Sch\u00f6ffmann","description":"Mag. Klaus Sch\u00f6ffmann - Ihr Notar in Klagenfurt","publisher":{"@id":"https:\/\/dev.diginotar.at\/de\/#organization"},"potentialAction":[{"@type":"SearchAction","target":{"@type":"EntryPoint","urlTemplate":"https:\/\/dev.diginotar.at\/de\/?s={search_term_string}"},"query-input":{"@type":"PropertyValueSpecification","valueRequired":true,"valueName":"search_term_string"}}],"inLanguage":"de"},{"@type":"Organization","@id":"https:\/\/dev.diginotar.at\/de\/#organization","name":"Notariat Mag. Klaus Sch\u00f6ffmann Klagenfurt","url":"https:\/\/dev.diginotar.at\/de\/","logo":{"@type":"ImageObject","inLanguage":"de","@id":"https:\/\/dev.diginotar.at\/de\/#\/schema\/logo\/image\/","url":"https:\/\/dev.diginotar.at\/wp-content\/uploads\/2022\/02\/logo-notariat-schoeffmann.jpg","contentUrl":"https:\/\/dev.diginotar.at\/wp-content\/uploads\/2022\/02\/logo-notariat-schoeffmann.jpg","width":600,"height":600,"caption":"Notariat Mag. Klaus Sch\u00f6ffmann Klagenfurt"},"image":{"@id":"https:\/\/dev.diginotar.at\/de\/#\/schema\/logo\/image\/"},"sameAs":["https:\/\/www.facebook.com\/NotarKlagenfurt","https:\/\/www.youtube.com\/channel\/UCaITfbIQh6VIpzEonUsIhcg"]}]}},"_links":{"self":[{"href":"https:\/\/dev.diginotar.at\/de\/wp-json\/wp\/v2\/pages\/471","targetHints":{"allow":["GET"]}}],"collection":[{"href":"https:\/\/dev.diginotar.at\/de\/wp-json\/wp\/v2\/pages"}],"about":[{"href":"https:\/\/dev.diginotar.at\/de\/wp-json\/wp\/v2\/types\/page"}],"author":[{"embeddable":true,"href":"https:\/\/dev.diginotar.at\/de\/wp-json\/wp\/v2\/users\/3"}],"replies":[{"embeddable":true,"href":"https:\/\/dev.diginotar.at\/de\/wp-json\/wp\/v2\/comments?post=471"}],"version-history":[{"count":7,"href":"https:\/\/dev.diginotar.at\/de\/wp-json\/wp\/v2\/pages\/471\/revisions"}],"predecessor-version":[{"id":2626,"href":"https:\/\/dev.diginotar.at\/de\/wp-json\/wp\/v2\/pages\/471\/revisions\/2626"}],"up":[{"embeddable":true,"href":"https:\/\/dev.diginotar.at\/de\/wp-json\/wp\/v2\/pages\/468"}],"wp:attachment":[{"href":"https:\/\/dev.diginotar.at\/de\/wp-json\/wp\/v2\/media?parent=471"}],"wp:term":[{"taxonomy":"category","embeddable":true,"href":"https:\/\/dev.diginotar.at\/de\/wp-json\/wp\/v2\/categories?post=471"}],"curies":[{"name":"wp","href":"https:\/\/api.w.org\/{rel}","templated":true}]}}