{"id":468,"date":"2021-08-09T11:55:43","date_gmt":"2021-08-09T09:55:43","guid":{"rendered":"https:\/\/dev.diginotar.at\/?page_id=468"},"modified":"2022-03-06T13:27:04","modified_gmt":"2022-03-06T12:27:04","slug":"patientenverfuegung","status":"publish","type":"page","link":"https:\/\/dev.diginotar.at\/de\/vorsorge\/patientenverfuegung\/","title":{"rendered":"Patientenverf\u00fcgung"},"content":{"rendered":"<div class=\"lazyblock-infobox-Z1q8bWv wp-block-lazyblock-infobox\"><div class=\"notar_einleitung\">\n\n  <div class=\"notar_einleitung_wrapper\"><p>Mit einer Patientenverf\u00fcgung regeln Sie im Voraus, wie Sie im Falle einer unheilbaren Krankheit behandelt werden wollen und wer dar\u00fcber entscheidet. Es kommt immer wieder vor, dass Schwerstkranke am Ende ihres Lebens keine Kraft mehr haben, ihren eigenen Willen durchzusetzen. Sie geben dem Dr\u00e4ngen von \u00c4rzten und Angeh\u00f6rigen nach und lassen Eingriffe \u00fcber sich ergehen, die sie eigentlich gar nicht wollen. Auch Angeh\u00f6rige werden \u00fcber Befragen des Arztes eher zu lebensverl\u00e4ngernden Behandlungen tendieren.<\/p><\/div>\n<\/div>\n<\/div>\n\n\n<p>Will man bestimmte Behandlungen nicht, sollte man das rechtzeitig in einer&nbsp;<strong>Patientenverf\u00fcgung&nbsp;<\/strong>dokumentieren. Eine Patientenverf\u00fcgung ist eine Willenserkl\u00e4rung, mit der ein Patient eine oder mehrere medizinische Behandlung(en) ablehnt. Es wird schriftlich festgehalten, welche medizinischen Ma\u00dfnahmen im Falle von Unf\u00e4llen oder Krankheiten nicht getroffen werden d\u00fcrfen. Solch eine Erkl\u00e4rung k\u00f6nnen Personen abgeben, die bereits erkrankt sind aber nat\u00fcrlich auch gesunde Personen.<\/p>\n\n\n\n<p>Damit ist der Wille des Patienten auch f\u00fcr den Fall dokumentiert, dass er selbst nicht mehr in der Lage ist, seine Meinung zu \u00e4u\u00dfern und seine Entscheidung zu treffen.<\/p>\n\n\n\n<p><strong>Es ist seit der Patientenverf\u00fcgungsgesetz-Novelle Anfang 2019 im Gesetz festgehalten, dass <u>jede Patientenverf\u00fcgung<\/u>&nbsp;vom Arzt zu ber\u00fccksichtigen ist!<\/strong><\/p>\n\n\n\n<p>Wenn Sie aber unter allen Bedingungen sicherstellen wollen, dass eine medizinische Ma\u00dfnahme nicht vorgenommen wird, so m\u00fcssen Sie eine Patientenverf\u00fcgung so errichten, dass diese Patientenverf\u00fcgung als&nbsp;<strong>verbindlich gilt<\/strong>. An so eine verbindliche Patientenverf\u00fcgung ist der behandelnde Arzt strikt gebunden. F\u00fcr die Errichtung einer verbindlichen Patientenverf\u00fcgung m\u00fcssen strenge formale und inhaltliche Erfordernisse erf\u00fcllt sein.<\/p>\n\n\n\n<p>Liegen die Voraussetzungen f\u00fcr die verbindliche Patientenverf\u00fcgung nicht vor, ist die Patientenverf\u00fcgung dennoch der Behandlungsentscheidung zu Grunde zu legen. Wie sehr sie vom Arzt bei der Entscheidungsfindung ber\u00fccksichtigt wird, h\u00e4ngt von\u00a0<a href=\"https:\/\/dev.diginotar.at\/vorsorge\/patientenverfuegung\/patientenverfuegung\/\">gewissen Kriterien<\/a>\u00a0ab.<\/p>\n","protected":false},"excerpt":{"rendered":"<p>Will man bestimmte Behandlungen nicht, sollte man das rechtzeitig in einer&nbsp;Patientenverf\u00fcgung&nbsp;dokumentieren. Eine Patientenverf\u00fcgung ist eine Willenserkl\u00e4rung, mit der ein Patient eine oder mehrere medizinische Behandlung(en) ablehnt. Es wird schriftlich festgehalten, welche medizinischen Ma\u00dfnahmen im Falle von Unf\u00e4llen oder Krankheiten nicht getroffen werden d\u00fcrfen. Solch eine Erkl\u00e4rung k\u00f6nnen Personen abgeben, die bereits erkrankt sind aber nat\u00fcrlich&hellip;<\/p>\n","protected":false},"author":3,"featured_media":0,"parent":438,"menu_order":7,"comment_status":"closed","ping_status":"closed","template":"","meta":{"inline_featured_image":false,"footnotes":""},"categories":[],"class_list":["post-468","page","type-page","status-publish","hentry","description-off"],"yoast_head":"<!-- This site is optimized with the Yoast SEO plugin v25.7 - https:\/\/yoast.com\/wordpress\/plugins\/seo\/ -->\n<title>Patientenverf\u00fcgung &#8211; Notariat Sch\u00f6ffmann<\/title>\n<meta name=\"description\" content=\"Mit einer Patientenverf\u00fcgung k\u00f6nnen Sie bestimmte medizinische Behandlungen ablehnen. Was dabei zu beachten ist, erfahren Sie hier.\" \/>\n<meta name=\"robots\" content=\"noindex, follow, max-snippet:-1, max-image-preview:large, max-video-preview:-1\" \/>\n<meta property=\"og:locale\" content=\"de_DE\" \/>\n<meta property=\"og:type\" content=\"article\" \/>\n<meta property=\"og:title\" content=\"Patientenverf\u00fcgung &#8211; Notariat Sch\u00f6ffmann\" \/>\n<meta property=\"og:description\" content=\"Mit einer Patientenverf\u00fcgung k\u00f6nnen Sie bestimmte medizinische Behandlungen ablehnen. Was dabei zu beachten ist, erfahren Sie hier.\" \/>\n<meta property=\"og:url\" content=\"https:\/\/dev.diginotar.at\/de\/vorsorge\/patientenverfuegung\/\" \/>\n<meta property=\"og:site_name\" content=\"Notariat Sch\u00f6ffmann\" \/>\n<meta property=\"article:publisher\" content=\"https:\/\/www.facebook.com\/NotarKlagenfurt\" \/>\n<meta property=\"article:modified_time\" content=\"2022-03-06T12:27:04+00:00\" \/>\n<meta property=\"og:image\" content=\"https:\/\/dev.diginotar.at\/wp-content\/uploads\/2021\/11\/Juristen-1.jpg\" \/>\n\t<meta property=\"og:image:width\" content=\"1600\" \/>\n\t<meta property=\"og:image:height\" content=\"1067\" \/>\n\t<meta property=\"og:image:type\" content=\"image\/jpeg\" \/>\n<meta name=\"twitter:card\" content=\"summary_large_image\" \/>\n<script type=\"application\/ld+json\" class=\"yoast-schema-graph\">{\"@context\":\"https:\/\/schema.org\",\"@graph\":[{\"@type\":\"WebPage\",\"@id\":\"https:\/\/dev.diginotar.at\/de\/vorsorge\/patientenverfuegung\/\",\"url\":\"https:\/\/dev.diginotar.at\/de\/vorsorge\/patientenverfuegung\/\",\"name\":\"Patientenverf\u00fcgung &#8211; Notariat Sch\u00f6ffmann\",\"isPartOf\":{\"@id\":\"https:\/\/dev.diginotar.at\/de\/#website\"},\"datePublished\":\"2021-08-09T09:55:43+00:00\",\"dateModified\":\"2022-03-06T12:27:04+00:00\",\"description\":\"Mit einer Patientenverf\u00fcgung k\u00f6nnen Sie bestimmte medizinische Behandlungen ablehnen. Was dabei zu beachten ist, erfahren Sie hier.\",\"breadcrumb\":{\"@id\":\"https:\/\/dev.diginotar.at\/de\/vorsorge\/patientenverfuegung\/#breadcrumb\"},\"inLanguage\":\"de\",\"potentialAction\":[{\"@type\":\"ReadAction\",\"target\":[\"https:\/\/dev.diginotar.at\/de\/vorsorge\/patientenverfuegung\/\"]}]},{\"@type\":\"BreadcrumbList\",\"@id\":\"https:\/\/dev.diginotar.at\/de\/vorsorge\/patientenverfuegung\/#breadcrumb\",\"itemListElement\":[{\"@type\":\"ListItem\",\"position\":1,\"name\":\"Startseite\",\"item\":\"https:\/\/dev.diginotar.at\/de\/\"},{\"@type\":\"ListItem\",\"position\":2,\"name\":\"Vorsorge\",\"item\":\"https:\/\/dev.diginotar.at\/de\/vorsorge\/\"},{\"@type\":\"ListItem\",\"position\":3,\"name\":\"Patientenverf\u00fcgung\"}]},{\"@type\":\"WebSite\",\"@id\":\"https:\/\/dev.diginotar.at\/de\/#website\",\"url\":\"https:\/\/dev.diginotar.at\/de\/\",\"name\":\"Notariat Sch\u00f6ffmann\",\"description\":\"Mag. Klaus Sch\u00f6ffmann - Ihr Notar in Klagenfurt\",\"publisher\":{\"@id\":\"https:\/\/dev.diginotar.at\/de\/#organization\"},\"potentialAction\":[{\"@type\":\"SearchAction\",\"target\":{\"@type\":\"EntryPoint\",\"urlTemplate\":\"https:\/\/dev.diginotar.at\/de\/?s={search_term_string}\"},\"query-input\":{\"@type\":\"PropertyValueSpecification\",\"valueRequired\":true,\"valueName\":\"search_term_string\"}}],\"inLanguage\":\"de\"},{\"@type\":\"Organization\",\"@id\":\"https:\/\/dev.diginotar.at\/de\/#organization\",\"name\":\"Notariat Mag. Klaus Sch\u00f6ffmann Klagenfurt\",\"url\":\"https:\/\/dev.diginotar.at\/de\/\",\"logo\":{\"@type\":\"ImageObject\",\"inLanguage\":\"de\",\"@id\":\"https:\/\/dev.diginotar.at\/de\/#\/schema\/logo\/image\/\",\"url\":\"https:\/\/dev.diginotar.at\/wp-content\/uploads\/2022\/02\/logo-notariat-schoeffmann.jpg\",\"contentUrl\":\"https:\/\/dev.diginotar.at\/wp-content\/uploads\/2022\/02\/logo-notariat-schoeffmann.jpg\",\"width\":600,\"height\":600,\"caption\":\"Notariat Mag. Klaus Sch\u00f6ffmann Klagenfurt\"},\"image\":{\"@id\":\"https:\/\/dev.diginotar.at\/de\/#\/schema\/logo\/image\/\"},\"sameAs\":[\"https:\/\/www.facebook.com\/NotarKlagenfurt\",\"https:\/\/www.youtube.com\/channel\/UCaITfbIQh6VIpzEonUsIhcg\"]}]}<\/script>\n<!-- \/ Yoast SEO plugin. -->","yoast_head_json":{"title":"Patientenverf\u00fcgung &#8211; Notariat Sch\u00f6ffmann","description":"Mit einer Patientenverf\u00fcgung k\u00f6nnen Sie bestimmte medizinische Behandlungen ablehnen. Was dabei zu beachten ist, erfahren Sie hier.","robots":{"index":"noindex","follow":"follow","max-snippet":"max-snippet:-1","max-image-preview":"max-image-preview:large","max-video-preview":"max-video-preview:-1"},"og_locale":"de_DE","og_type":"article","og_title":"Patientenverf\u00fcgung &#8211; Notariat Sch\u00f6ffmann","og_description":"Mit einer Patientenverf\u00fcgung k\u00f6nnen Sie bestimmte medizinische Behandlungen ablehnen. Was dabei zu beachten ist, erfahren Sie hier.","og_url":"https:\/\/dev.diginotar.at\/de\/vorsorge\/patientenverfuegung\/","og_site_name":"Notariat Sch\u00f6ffmann","article_publisher":"https:\/\/www.facebook.com\/NotarKlagenfurt","article_modified_time":"2022-03-06T12:27:04+00:00","og_image":[{"width":1600,"height":1067,"url":"https:\/\/dev.diginotar.at\/wp-content\/uploads\/2021\/11\/Juristen-1.jpg","type":"image\/jpeg"}],"twitter_card":"summary_large_image","schema":{"@context":"https:\/\/schema.org","@graph":[{"@type":"WebPage","@id":"https:\/\/dev.diginotar.at\/de\/vorsorge\/patientenverfuegung\/","url":"https:\/\/dev.diginotar.at\/de\/vorsorge\/patientenverfuegung\/","name":"Patientenverf\u00fcgung &#8211; Notariat Sch\u00f6ffmann","isPartOf":{"@id":"https:\/\/dev.diginotar.at\/de\/#website"},"datePublished":"2021-08-09T09:55:43+00:00","dateModified":"2022-03-06T12:27:04+00:00","description":"Mit einer Patientenverf\u00fcgung k\u00f6nnen Sie bestimmte medizinische Behandlungen ablehnen. Was dabei zu beachten ist, erfahren Sie hier.","breadcrumb":{"@id":"https:\/\/dev.diginotar.at\/de\/vorsorge\/patientenverfuegung\/#breadcrumb"},"inLanguage":"de","potentialAction":[{"@type":"ReadAction","target":["https:\/\/dev.diginotar.at\/de\/vorsorge\/patientenverfuegung\/"]}]},{"@type":"BreadcrumbList","@id":"https:\/\/dev.diginotar.at\/de\/vorsorge\/patientenverfuegung\/#breadcrumb","itemListElement":[{"@type":"ListItem","position":1,"name":"Startseite","item":"https:\/\/dev.diginotar.at\/de\/"},{"@type":"ListItem","position":2,"name":"Vorsorge","item":"https:\/\/dev.diginotar.at\/de\/vorsorge\/"},{"@type":"ListItem","position":3,"name":"Patientenverf\u00fcgung"}]},{"@type":"WebSite","@id":"https:\/\/dev.diginotar.at\/de\/#website","url":"https:\/\/dev.diginotar.at\/de\/","name":"Notariat Sch\u00f6ffmann","description":"Mag. Klaus Sch\u00f6ffmann - Ihr Notar in Klagenfurt","publisher":{"@id":"https:\/\/dev.diginotar.at\/de\/#organization"},"potentialAction":[{"@type":"SearchAction","target":{"@type":"EntryPoint","urlTemplate":"https:\/\/dev.diginotar.at\/de\/?s={search_term_string}"},"query-input":{"@type":"PropertyValueSpecification","valueRequired":true,"valueName":"search_term_string"}}],"inLanguage":"de"},{"@type":"Organization","@id":"https:\/\/dev.diginotar.at\/de\/#organization","name":"Notariat Mag. Klaus Sch\u00f6ffmann Klagenfurt","url":"https:\/\/dev.diginotar.at\/de\/","logo":{"@type":"ImageObject","inLanguage":"de","@id":"https:\/\/dev.diginotar.at\/de\/#\/schema\/logo\/image\/","url":"https:\/\/dev.diginotar.at\/wp-content\/uploads\/2022\/02\/logo-notariat-schoeffmann.jpg","contentUrl":"https:\/\/dev.diginotar.at\/wp-content\/uploads\/2022\/02\/logo-notariat-schoeffmann.jpg","width":600,"height":600,"caption":"Notariat Mag. Klaus Sch\u00f6ffmann Klagenfurt"},"image":{"@id":"https:\/\/dev.diginotar.at\/de\/#\/schema\/logo\/image\/"},"sameAs":["https:\/\/www.facebook.com\/NotarKlagenfurt","https:\/\/www.youtube.com\/channel\/UCaITfbIQh6VIpzEonUsIhcg"]}]}},"_links":{"self":[{"href":"https:\/\/dev.diginotar.at\/de\/wp-json\/wp\/v2\/pages\/468","targetHints":{"allow":["GET"]}}],"collection":[{"href":"https:\/\/dev.diginotar.at\/de\/wp-json\/wp\/v2\/pages"}],"about":[{"href":"https:\/\/dev.diginotar.at\/de\/wp-json\/wp\/v2\/types\/page"}],"author":[{"embeddable":true,"href":"https:\/\/dev.diginotar.at\/de\/wp-json\/wp\/v2\/users\/3"}],"replies":[{"embeddable":true,"href":"https:\/\/dev.diginotar.at\/de\/wp-json\/wp\/v2\/comments?post=468"}],"version-history":[{"count":5,"href":"https:\/\/dev.diginotar.at\/de\/wp-json\/wp\/v2\/pages\/468\/revisions"}],"predecessor-version":[{"id":2442,"href":"https:\/\/dev.diginotar.at\/de\/wp-json\/wp\/v2\/pages\/468\/revisions\/2442"}],"up":[{"embeddable":true,"href":"https:\/\/dev.diginotar.at\/de\/wp-json\/wp\/v2\/pages\/438"}],"wp:attachment":[{"href":"https:\/\/dev.diginotar.at\/de\/wp-json\/wp\/v2\/media?parent=468"}],"wp:term":[{"taxonomy":"category","embeddable":true,"href":"https:\/\/dev.diginotar.at\/de\/wp-json\/wp\/v2\/categories?post=468"}],"curies":[{"name":"wp","href":"https:\/\/api.w.org\/{rel}","templated":true}]}}