{"id":456,"date":"2021-08-09T11:49:50","date_gmt":"2021-08-09T09:49:50","guid":{"rendered":"https:\/\/dev.diginotar.at\/?page_id=456"},"modified":"2022-02-26T13:41:25","modified_gmt":"2022-02-26T12:41:25","slug":"tipps-fuer-naechste-angehoerige","status":"publish","type":"page","link":"https:\/\/dev.diginotar.at\/de\/vorsorge\/gesetzliche-erwachsenenvertretung\/tipps-fuer-naechste-angehoerige\/","title":{"rendered":"Tipps f\u00fcr gesetzliche Erwachsenenvertreter"},"content":{"rendered":"<div class=\" typo3-neos-nodetypes-headline\">\n<div><\/div>\n<\/div>\n<div class=\"standard typo3-neos-nodetypes-text\">\n<div>\n<h3>Registrierung<\/h3>\n<p>So organisieren Sie als n\u00e4chster Angeh\u00f6riger eine Vertretung f\u00fcr die betroffene Person.<\/p>\n<ul>\n<li>Lassen Sie ein \u00e4rztliches Attest \u00fcber die mangelnde Entscheidungsf\u00e4higkeit der betroffenen Person ausstellen.<\/li>\n<li>Bringen Sie das \u00e4rztliche Attest zum Notar, Rechtsanwalt oder Erwachsenenschutzverein. F\u00fcllen Sie dort den Auftrag zur Registrierung der gesetzlichen Erwachsenenvertretung aus.<\/li>\n<li>Die vertretene Person muss anschlie\u00dfend von der registrierenden Stelle \u00fcber die Art und den Umfang der Vertretung belehrt werden.<\/li>\n<li>Dann wird die Vertretungsbefugnis im \u00d6sterreichischen Zentralen Vertretungsverzeichnis (\u00d6ZVV) eingetragen. F\u00fcr die Registrierung im \u00d6ZVV ist eine einmalige Registrierungsgeb\u00fchr zu entrichten. F\u00fcr die Registrierung wird ein Nachweis \u00fcber die Angeh\u00f6rigeneigenschaft ben\u00f6tigt. Bitte daher Geburtsurkunde, eventuell Heiratsurkunde und Meldezettel nicht vergessen!<\/li>\n<li>Der Notar, Rechtsanwalt oder Erwachsenenschutzverein stellt eine Best\u00e4tigung \u00fcber die erfolgte Registrierung aus. Mit dieser Best\u00e4tigung k\u00f6nnen Sie dann f\u00fcr die betroffene Person handeln.<\/li>\n<\/ul>\n<\/div>\n<\/div>\n<div class=\"standard typo3-neos-nodetypes-text\">\n<div>\n<h3>Vertretung<\/h3>\n<p>Als gesetzlicher Erwachsenenvertreter haben Sie der betroffenen Person Geld f\u00fcr die Besorgung von geringf\u00fcgigen Alltagsgesch\u00e4ften zur Verf\u00fcgung zu stellen. Daf\u00fcr k\u00f6nnen Sie der betroffenen Person das notwendige Bargeld geben oder ein eigenes Konto f\u00fcr sie einrichten, das nicht \u00fcberzogen werden kann. Auf dieses \u00fcberweisen Sie dann w\u00f6chentlich oder monatlich den Betrag, der der betroffenen Person frei zur Verf\u00fcgung steht. Die betroffene Person kann auf das Konto zugreifen und mit dem Geld Alltagsgesch\u00e4fte besorgen wie z.B. Lebensmittel einkaufen.<\/p>\n<p>Beachten Sie auch, dass Sie f\u00fcr bestimmte Angelegenheiten (au\u00dferordentliche Gesch\u00e4fte, dauerhafte Wohnort\u00e4nderung, Zustimmung zu medizinischen Behandlungen gegen den Willen der betroffenen Person) immer eine&nbsp;<strong>gerichtliche Genehmigung<\/strong>&nbsp;ben\u00f6tigen. Ohne die Genehmigung k\u00f6nnen Sie die betroffene Person in diesen Angelegenheiten nicht wirksam vertreten.<\/p>\n<p>Des Weiteren sind Sie verpflichtet, dem Gericht j\u00e4hrlich einen&nbsp;<strong>Lebenssituationsbericht&nbsp;<\/strong>zu erstatten. Darin haben Sie \u00fcber<\/p>\n<ul>\n<li>die Gestaltung und H\u00e4ufigkeit der pers\u00f6nlichen Kontakte mit der betroffenen Person,<\/li>\n<li>ihren Wohnort,<\/li>\n<li>ihr geistiges und k\u00f6rperliches Befinden und<\/li>\n<li>die im vergangenen Jahr besorgten und im kommenden Jahr zu besorgenden Angelegenheiten<\/li>\n<\/ul>\n<p>zu berichten. Den ersten Bericht m\u00fcssen Sie dem Gericht binnen vier Wochen nach Beginn Ihrer Vertretungsbefugnis vorlegen.<\/p>\n<p>\u00dcbernehmen Sie die Verm\u00f6gensverwaltung der betroffenen Person, so unterliegen der gerichtlichen Kontrolle. Unabh\u00e4ngig davon, ob Sie zur laufenden&nbsp;<strong>Rechnungslegung&nbsp;<\/strong>verpflichtet sind, haben Sie nach Ablauf des ersten Jahres der Verm\u00f6gensverwaltung eine Antrittsrechnung zu erstellen. In dieser legen Sie das Verm\u00f6gen der betroffenen Person im Einzelnen dar, um dem Gericht einen \u00dcberblick \u00fcber Umfang und Art des Verm\u00f6gens zu verschaffen.<\/p>\n<p>Achten Sie darauf, dass Sie Belege \u00fcber die Verwaltung des Verm\u00f6gens der betroffenen Person sammeln und bis zur Beendigung der Verm\u00f6gensverwaltung aufbewahren. Au\u00dferdem m\u00fcssen Sie dem Gericht jeden Erwerb einer unbeweglichen Sache (z.B. einer Liegenschaft) melden und Sie haben dem Gericht mitzuteilen, wenn das Verm\u00f6gen der betroffenen Person \u20ac 15.000,- \u00fcberschreitet.<\/p>\n<\/div>\n<\/div>\n","protected":false},"excerpt":{"rendered":"<p>Registrierung So organisieren Sie als n\u00e4chster Angeh\u00f6riger eine Vertretung f\u00fcr die betroffene Person. Lassen Sie ein \u00e4rztliches Attest \u00fcber die mangelnde Entscheidungsf\u00e4higkeit der betroffenen Person ausstellen. Bringen Sie das \u00e4rztliche Attest zum Notar, Rechtsanwalt oder Erwachsenenschutzverein. F\u00fcllen Sie dort den Auftrag zur Registrierung der gesetzlichen Erwachsenenvertretung aus. Die vertretene Person muss anschlie\u00dfend von der registrierenden&hellip;<\/p>\n","protected":false},"author":3,"featured_media":0,"parent":454,"menu_order":0,"comment_status":"closed","ping_status":"closed","template":"","meta":{"inline_featured_image":false,"footnotes":""},"categories":[],"class_list":["post-456","page","type-page","status-publish","hentry","description-off"],"yoast_head":"<!-- This site is optimized with the Yoast SEO plugin v25.7 - https:\/\/yoast.com\/wordpress\/plugins\/seo\/ -->\n<title>Tipps f\u00fcr n\u00e4chste Angeh\u00f6rige &#8211; Notariat Sch\u00f6ffmann<\/title>\n<meta name=\"description\" content=\"Hier finden Sie Informationen zum Wirksamwerden der gesetzlichen Erwachsenenvertretung und \u00fcber die Pflichten des gesetzlichen Erwachsenenvertreters!\" \/>\n<meta name=\"robots\" content=\"noindex, follow, max-snippet:-1, max-image-preview:large, max-video-preview:-1\" \/>\n<meta property=\"og:locale\" content=\"de_DE\" \/>\n<meta property=\"og:type\" content=\"article\" \/>\n<meta property=\"og:title\" content=\"Tipps f\u00fcr n\u00e4chste Angeh\u00f6rige &#8211; Notariat Sch\u00f6ffmann\" \/>\n<meta property=\"og:description\" content=\"Hier finden Sie Informationen zum Wirksamwerden der gesetzlichen Erwachsenenvertretung und \u00fcber die Pflichten des gesetzlichen Erwachsenenvertreters!\" \/>\n<meta property=\"og:url\" content=\"https:\/\/dev.diginotar.at\/de\/vorsorge\/gesetzliche-erwachsenenvertretung\/tipps-fuer-naechste-angehoerige\/\" \/>\n<meta property=\"og:site_name\" content=\"Notariat Sch\u00f6ffmann\" \/>\n<meta property=\"article:publisher\" content=\"https:\/\/www.facebook.com\/NotarKlagenfurt\" \/>\n<meta property=\"article:modified_time\" content=\"2022-02-26T12:41:25+00:00\" \/>\n<meta property=\"og:image\" content=\"https:\/\/dev.diginotar.at\/wp-content\/uploads\/2021\/11\/Juristen-1.jpg\" \/>\n\t<meta property=\"og:image:width\" content=\"1600\" \/>\n\t<meta property=\"og:image:height\" content=\"1067\" \/>\n\t<meta property=\"og:image:type\" content=\"image\/jpeg\" \/>\n<meta name=\"twitter:card\" content=\"summary_large_image\" \/>\n<script type=\"application\/ld+json\" class=\"yoast-schema-graph\">{\"@context\":\"https:\/\/schema.org\",\"@graph\":[{\"@type\":\"WebPage\",\"@id\":\"https:\/\/dev.diginotar.at\/de\/vorsorge\/gesetzliche-erwachsenenvertretung\/tipps-fuer-naechste-angehoerige\/\",\"url\":\"https:\/\/dev.diginotar.at\/de\/vorsorge\/gesetzliche-erwachsenenvertretung\/tipps-fuer-naechste-angehoerige\/\",\"name\":\"Tipps f\u00fcr n\u00e4chste Angeh\u00f6rige &#8211; Notariat Sch\u00f6ffmann\",\"isPartOf\":{\"@id\":\"https:\/\/dev.diginotar.at\/de\/#website\"},\"datePublished\":\"2021-08-09T09:49:50+00:00\",\"dateModified\":\"2022-02-26T12:41:25+00:00\",\"description\":\"Hier finden Sie Informationen zum Wirksamwerden der gesetzlichen Erwachsenenvertretung und \u00fcber die Pflichten des gesetzlichen Erwachsenenvertreters!\",\"breadcrumb\":{\"@id\":\"https:\/\/dev.diginotar.at\/de\/vorsorge\/gesetzliche-erwachsenenvertretung\/tipps-fuer-naechste-angehoerige\/#breadcrumb\"},\"inLanguage\":\"de\",\"potentialAction\":[{\"@type\":\"ReadAction\",\"target\":[\"https:\/\/dev.diginotar.at\/de\/vorsorge\/gesetzliche-erwachsenenvertretung\/tipps-fuer-naechste-angehoerige\/\"]}]},{\"@type\":\"BreadcrumbList\",\"@id\":\"https:\/\/dev.diginotar.at\/de\/vorsorge\/gesetzliche-erwachsenenvertretung\/tipps-fuer-naechste-angehoerige\/#breadcrumb\",\"itemListElement\":[{\"@type\":\"ListItem\",\"position\":1,\"name\":\"Startseite\",\"item\":\"https:\/\/dev.diginotar.at\/de\/\"},{\"@type\":\"ListItem\",\"position\":2,\"name\":\"Vorsorge\",\"item\":\"https:\/\/dev.diginotar.at\/de\/vorsorge\/\"},{\"@type\":\"ListItem\",\"position\":3,\"name\":\"Gesetzliche Erwachsenenvertretung\",\"item\":\"https:\/\/dev.diginotar.at\/de\/vorsorge\/gesetzliche-erwachsenenvertretung\/\"},{\"@type\":\"ListItem\",\"position\":4,\"name\":\"Tipps f\u00fcr gesetzliche Erwachsenenvertreter\"}]},{\"@type\":\"WebSite\",\"@id\":\"https:\/\/dev.diginotar.at\/de\/#website\",\"url\":\"https:\/\/dev.diginotar.at\/de\/\",\"name\":\"Notariat Sch\u00f6ffmann\",\"description\":\"Mag. Klaus Sch\u00f6ffmann - Ihr Notar in Klagenfurt\",\"publisher\":{\"@id\":\"https:\/\/dev.diginotar.at\/de\/#organization\"},\"potentialAction\":[{\"@type\":\"SearchAction\",\"target\":{\"@type\":\"EntryPoint\",\"urlTemplate\":\"https:\/\/dev.diginotar.at\/de\/?s={search_term_string}\"},\"query-input\":{\"@type\":\"PropertyValueSpecification\",\"valueRequired\":true,\"valueName\":\"search_term_string\"}}],\"inLanguage\":\"de\"},{\"@type\":\"Organization\",\"@id\":\"https:\/\/dev.diginotar.at\/de\/#organization\",\"name\":\"Notariat Mag. Klaus Sch\u00f6ffmann Klagenfurt\",\"url\":\"https:\/\/dev.diginotar.at\/de\/\",\"logo\":{\"@type\":\"ImageObject\",\"inLanguage\":\"de\",\"@id\":\"https:\/\/dev.diginotar.at\/de\/#\/schema\/logo\/image\/\",\"url\":\"https:\/\/dev.diginotar.at\/wp-content\/uploads\/2022\/02\/logo-notariat-schoeffmann.jpg\",\"contentUrl\":\"https:\/\/dev.diginotar.at\/wp-content\/uploads\/2022\/02\/logo-notariat-schoeffmann.jpg\",\"width\":600,\"height\":600,\"caption\":\"Notariat Mag. Klaus Sch\u00f6ffmann Klagenfurt\"},\"image\":{\"@id\":\"https:\/\/dev.diginotar.at\/de\/#\/schema\/logo\/image\/\"},\"sameAs\":[\"https:\/\/www.facebook.com\/NotarKlagenfurt\",\"https:\/\/www.youtube.com\/channel\/UCaITfbIQh6VIpzEonUsIhcg\"]}]}<\/script>\n<!-- \/ Yoast SEO plugin. -->","yoast_head_json":{"title":"Tipps f\u00fcr n\u00e4chste Angeh\u00f6rige &#8211; Notariat Sch\u00f6ffmann","description":"Hier finden Sie Informationen zum Wirksamwerden der gesetzlichen Erwachsenenvertretung und \u00fcber die Pflichten des gesetzlichen Erwachsenenvertreters!","robots":{"index":"noindex","follow":"follow","max-snippet":"max-snippet:-1","max-image-preview":"max-image-preview:large","max-video-preview":"max-video-preview:-1"},"og_locale":"de_DE","og_type":"article","og_title":"Tipps f\u00fcr n\u00e4chste Angeh\u00f6rige &#8211; Notariat Sch\u00f6ffmann","og_description":"Hier finden Sie Informationen zum Wirksamwerden der gesetzlichen Erwachsenenvertretung und \u00fcber die Pflichten des gesetzlichen Erwachsenenvertreters!","og_url":"https:\/\/dev.diginotar.at\/de\/vorsorge\/gesetzliche-erwachsenenvertretung\/tipps-fuer-naechste-angehoerige\/","og_site_name":"Notariat Sch\u00f6ffmann","article_publisher":"https:\/\/www.facebook.com\/NotarKlagenfurt","article_modified_time":"2022-02-26T12:41:25+00:00","og_image":[{"width":1600,"height":1067,"url":"https:\/\/dev.diginotar.at\/wp-content\/uploads\/2021\/11\/Juristen-1.jpg","type":"image\/jpeg"}],"twitter_card":"summary_large_image","schema":{"@context":"https:\/\/schema.org","@graph":[{"@type":"WebPage","@id":"https:\/\/dev.diginotar.at\/de\/vorsorge\/gesetzliche-erwachsenenvertretung\/tipps-fuer-naechste-angehoerige\/","url":"https:\/\/dev.diginotar.at\/de\/vorsorge\/gesetzliche-erwachsenenvertretung\/tipps-fuer-naechste-angehoerige\/","name":"Tipps f\u00fcr n\u00e4chste Angeh\u00f6rige &#8211; Notariat Sch\u00f6ffmann","isPartOf":{"@id":"https:\/\/dev.diginotar.at\/de\/#website"},"datePublished":"2021-08-09T09:49:50+00:00","dateModified":"2022-02-26T12:41:25+00:00","description":"Hier finden Sie Informationen zum Wirksamwerden der gesetzlichen Erwachsenenvertretung und \u00fcber die Pflichten des gesetzlichen Erwachsenenvertreters!","breadcrumb":{"@id":"https:\/\/dev.diginotar.at\/de\/vorsorge\/gesetzliche-erwachsenenvertretung\/tipps-fuer-naechste-angehoerige\/#breadcrumb"},"inLanguage":"de","potentialAction":[{"@type":"ReadAction","target":["https:\/\/dev.diginotar.at\/de\/vorsorge\/gesetzliche-erwachsenenvertretung\/tipps-fuer-naechste-angehoerige\/"]}]},{"@type":"BreadcrumbList","@id":"https:\/\/dev.diginotar.at\/de\/vorsorge\/gesetzliche-erwachsenenvertretung\/tipps-fuer-naechste-angehoerige\/#breadcrumb","itemListElement":[{"@type":"ListItem","position":1,"name":"Startseite","item":"https:\/\/dev.diginotar.at\/de\/"},{"@type":"ListItem","position":2,"name":"Vorsorge","item":"https:\/\/dev.diginotar.at\/de\/vorsorge\/"},{"@type":"ListItem","position":3,"name":"Gesetzliche Erwachsenenvertretung","item":"https:\/\/dev.diginotar.at\/de\/vorsorge\/gesetzliche-erwachsenenvertretung\/"},{"@type":"ListItem","position":4,"name":"Tipps f\u00fcr gesetzliche Erwachsenenvertreter"}]},{"@type":"WebSite","@id":"https:\/\/dev.diginotar.at\/de\/#website","url":"https:\/\/dev.diginotar.at\/de\/","name":"Notariat Sch\u00f6ffmann","description":"Mag. Klaus Sch\u00f6ffmann - Ihr Notar in Klagenfurt","publisher":{"@id":"https:\/\/dev.diginotar.at\/de\/#organization"},"potentialAction":[{"@type":"SearchAction","target":{"@type":"EntryPoint","urlTemplate":"https:\/\/dev.diginotar.at\/de\/?s={search_term_string}"},"query-input":{"@type":"PropertyValueSpecification","valueRequired":true,"valueName":"search_term_string"}}],"inLanguage":"de"},{"@type":"Organization","@id":"https:\/\/dev.diginotar.at\/de\/#organization","name":"Notariat Mag. Klaus Sch\u00f6ffmann Klagenfurt","url":"https:\/\/dev.diginotar.at\/de\/","logo":{"@type":"ImageObject","inLanguage":"de","@id":"https:\/\/dev.diginotar.at\/de\/#\/schema\/logo\/image\/","url":"https:\/\/dev.diginotar.at\/wp-content\/uploads\/2022\/02\/logo-notariat-schoeffmann.jpg","contentUrl":"https:\/\/dev.diginotar.at\/wp-content\/uploads\/2022\/02\/logo-notariat-schoeffmann.jpg","width":600,"height":600,"caption":"Notariat Mag. Klaus Sch\u00f6ffmann Klagenfurt"},"image":{"@id":"https:\/\/dev.diginotar.at\/de\/#\/schema\/logo\/image\/"},"sameAs":["https:\/\/www.facebook.com\/NotarKlagenfurt","https:\/\/www.youtube.com\/channel\/UCaITfbIQh6VIpzEonUsIhcg"]}]}},"_links":{"self":[{"href":"https:\/\/dev.diginotar.at\/de\/wp-json\/wp\/v2\/pages\/456","targetHints":{"allow":["GET"]}}],"collection":[{"href":"https:\/\/dev.diginotar.at\/de\/wp-json\/wp\/v2\/pages"}],"about":[{"href":"https:\/\/dev.diginotar.at\/de\/wp-json\/wp\/v2\/types\/page"}],"author":[{"embeddable":true,"href":"https:\/\/dev.diginotar.at\/de\/wp-json\/wp\/v2\/users\/3"}],"replies":[{"embeddable":true,"href":"https:\/\/dev.diginotar.at\/de\/wp-json\/wp\/v2\/comments?post=456"}],"version-history":[{"count":4,"href":"https:\/\/dev.diginotar.at\/de\/wp-json\/wp\/v2\/pages\/456\/revisions"}],"predecessor-version":[{"id":2017,"href":"https:\/\/dev.diginotar.at\/de\/wp-json\/wp\/v2\/pages\/456\/revisions\/2017"}],"up":[{"embeddable":true,"href":"https:\/\/dev.diginotar.at\/de\/wp-json\/wp\/v2\/pages\/454"}],"wp:attachment":[{"href":"https:\/\/dev.diginotar.at\/de\/wp-json\/wp\/v2\/media?parent=456"}],"wp:term":[{"taxonomy":"category","embeddable":true,"href":"https:\/\/dev.diginotar.at\/de\/wp-json\/wp\/v2\/categories?post=456"}],"curies":[{"name":"wp","href":"https:\/\/api.w.org\/{rel}","templated":true}]}}