{"id":447,"date":"2021-08-09T11:45:12","date_gmt":"2021-08-09T09:45:12","guid":{"rendered":"https:\/\/dev.diginotar.at\/?page_id=447"},"modified":"2022-02-26T13:29:43","modified_gmt":"2022-02-26T12:29:43","slug":"tipps-fuer-vorsorgebevollmaechtigte","status":"publish","type":"page","link":"https:\/\/dev.diginotar.at\/de\/vorsorge\/vorsorgevollmacht\/tipps-fuer-vorsorgebevollmaechtigte\/","title":{"rendered":"Tipps f\u00fcr Vorsorgebevollm\u00e4chtigte"},"content":{"rendered":"<div class=\"standard typo3-neos-nodetypes-text\">\n<div>\n<h3><b>Wie wird die Vorsorgevollmacht wirksam?<\/b><\/h3>\n<p>Damit Sie als Bevollm\u00e4chtigter die betroffene Person vertreten k\u00f6nnen, muss im \u00d6sterreichischen Zentralen Vertretungsverzeichnis (\u00d6ZVV) registriert werden, dass die betroffene Person ihre Entscheidungsf\u00e4higkeit verloren hat (= Eintritt des Vorsorgefalls).<\/p>\n<p>Dass die betroffene Person nicht mehr entscheidungsf\u00e4hig ist, weisen Sie mit einem \u00e4rztlichen Attest nach. Gehen Sie mit dem \u00e4rztlichen Attest und der Best\u00e4tigung der Eintragung der Vorsorgevollmacht zum Notar, &nbsp;Rechtsanwalt oder Erwachsenenschutzverein. Dieser registriert den Eintritt des Vorsorgefalls im \u00d6ZVV und stellt Ihnen eine Best\u00e4tigung dar\u00fcber aus.<\/p>\n<p>Mit dieser Best\u00e4tigung und der Vorsorgevollmacht k\u00f6nnen Sie die betroffene Person vertreten.<\/p>\n<\/div>\n<div>\n<h3><b>Weitere Tipps:<\/b><\/h3>\n<p>Oft m\u00fcssen sich Bevollm\u00e4chtigte vor Familienangeh\u00f6rigen \u2013 oder nach dem Tod vor den Erben \u2013 der betroffenen Person f\u00fcr ihre T\u00e4tigkeit rechtfertigen. Um solche Situationen zu vermeiden oder dem Bevollm\u00e4chtigten die Rechtfertigung zu erleichtern, sollten folgende Tipps beachtet werden:<\/p>\n<p>Was Sie als Vorsorgebevollm\u00e4chtigter tun d\u00fcrfen, ergibt sich aus dem Inhalt der Vorsorgevollmacht.&nbsp; Ihnen werden die Abgrenzung Ihres T\u00e4tigkeitsbereiches und die Rechtfertigung vor Angeh\u00f6rigen leichter fallen, wenn die betroffene Person die Aufgaben in der Vorsorgevollmacht klar umschrieben hat.<\/p>\n<p>Dar\u00fcber hinaus kann die betroffene Person Sie absichern, indem sie verf\u00fcgt, dass Sie wichtige Entscheidungen gemeinsam mit einem zweiten Bevollm\u00e4chtigten treffen m\u00fcssen (\u201eVier-Augen-Prinzip\u201c).<\/p>\n<p>Sie werden als Vorsorgebevollm\u00e4chtigter nicht vom Gericht kontrolliert und sind nicht zur Rechnungslegung verpflichtet. Im Bereich der finanziellen Angelegenheiten ist es daher unbedingt zu empfehlen, eine Einnahmen-\/ Ausgabenrechnung zu f\u00fchren. Nur so k\u00f6nnen Sie nachweisen, wof\u00fcr Sie das Geld der betroffenen Person ausgegeben haben und so etwaige Anschuldigungen entkr\u00e4ften.<\/p>\n<p>Au\u00dferdem sollten Sie die Angeh\u00f6rigen der betroffenen Person \u00fcber Ihre T\u00e4tigkeit informieren und versuchen, mit den Angeh\u00f6rigen Einvernehmen zu erzielen.<\/p>\n<\/div>\n<\/div>\n","protected":false},"excerpt":{"rendered":"<p>Wie wird die Vorsorgevollmacht wirksam? Damit Sie als Bevollm\u00e4chtigter die betroffene Person vertreten k\u00f6nnen, muss im \u00d6sterreichischen Zentralen Vertretungsverzeichnis (\u00d6ZVV) registriert werden, dass die betroffene Person ihre Entscheidungsf\u00e4higkeit verloren hat (= Eintritt des Vorsorgefalls). Dass die betroffene Person nicht mehr entscheidungsf\u00e4hig ist, weisen Sie mit einem \u00e4rztlichen Attest nach. Gehen Sie mit dem \u00e4rztlichen Attest&hellip;<\/p>\n","protected":false},"author":3,"featured_media":0,"parent":444,"menu_order":0,"comment_status":"closed","ping_status":"closed","template":"","meta":{"inline_featured_image":false,"footnotes":""},"categories":[],"class_list":["post-447","page","type-page","status-publish","hentry","description-off"],"yoast_head":"<!-- This site is optimized with the Yoast SEO plugin v25.7 - https:\/\/yoast.com\/wordpress\/plugins\/seo\/ -->\n<title>Tipps f\u00fcr Vorsorgebevollm\u00e4chtigte &#8211; Notariat Sch\u00f6ffmann<\/title>\n<meta name=\"description\" content=\"Wie wird die Vorsorgevollmacht wirksam? Was muss ich als Vorsorgebevollm\u00e4chtigter beachten? Die Antworten auf diese Fragen finden Sie hier!\" \/>\n<meta name=\"robots\" content=\"noindex, follow, max-snippet:-1, max-image-preview:large, max-video-preview:-1\" \/>\n<meta property=\"og:locale\" content=\"de_DE\" \/>\n<meta property=\"og:type\" content=\"article\" \/>\n<meta property=\"og:title\" content=\"Tipps f\u00fcr Vorsorgebevollm\u00e4chtigte &#8211; Notariat Sch\u00f6ffmann\" \/>\n<meta property=\"og:description\" content=\"Wie wird die Vorsorgevollmacht wirksam? Was muss ich als Vorsorgebevollm\u00e4chtigter beachten? Die Antworten auf diese Fragen finden Sie hier!\" \/>\n<meta property=\"og:url\" content=\"https:\/\/dev.diginotar.at\/de\/vorsorge\/vorsorgevollmacht\/tipps-fuer-vorsorgebevollmaechtigte\/\" \/>\n<meta property=\"og:site_name\" content=\"Notariat Sch\u00f6ffmann\" \/>\n<meta property=\"article:publisher\" content=\"https:\/\/www.facebook.com\/NotarKlagenfurt\" \/>\n<meta property=\"article:modified_time\" content=\"2022-02-26T12:29:43+00:00\" \/>\n<meta property=\"og:image\" content=\"https:\/\/dev.diginotar.at\/wp-content\/uploads\/2021\/11\/Juristen-1.jpg\" \/>\n\t<meta property=\"og:image:width\" content=\"1600\" \/>\n\t<meta property=\"og:image:height\" content=\"1067\" \/>\n\t<meta property=\"og:image:type\" content=\"image\/jpeg\" \/>\n<meta name=\"twitter:card\" content=\"summary_large_image\" \/>\n<script type=\"application\/ld+json\" class=\"yoast-schema-graph\">{\"@context\":\"https:\/\/schema.org\",\"@graph\":[{\"@type\":\"WebPage\",\"@id\":\"https:\/\/dev.diginotar.at\/de\/vorsorge\/vorsorgevollmacht\/tipps-fuer-vorsorgebevollmaechtigte\/\",\"url\":\"https:\/\/dev.diginotar.at\/de\/vorsorge\/vorsorgevollmacht\/tipps-fuer-vorsorgebevollmaechtigte\/\",\"name\":\"Tipps f\u00fcr Vorsorgebevollm\u00e4chtigte &#8211; Notariat Sch\u00f6ffmann\",\"isPartOf\":{\"@id\":\"https:\/\/dev.diginotar.at\/de\/#website\"},\"datePublished\":\"2021-08-09T09:45:12+00:00\",\"dateModified\":\"2022-02-26T12:29:43+00:00\",\"description\":\"Wie wird die Vorsorgevollmacht wirksam? Was muss ich als Vorsorgebevollm\u00e4chtigter beachten? Die Antworten auf diese Fragen finden Sie hier!\",\"breadcrumb\":{\"@id\":\"https:\/\/dev.diginotar.at\/de\/vorsorge\/vorsorgevollmacht\/tipps-fuer-vorsorgebevollmaechtigte\/#breadcrumb\"},\"inLanguage\":\"de\",\"potentialAction\":[{\"@type\":\"ReadAction\",\"target\":[\"https:\/\/dev.diginotar.at\/de\/vorsorge\/vorsorgevollmacht\/tipps-fuer-vorsorgebevollmaechtigte\/\"]}]},{\"@type\":\"BreadcrumbList\",\"@id\":\"https:\/\/dev.diginotar.at\/de\/vorsorge\/vorsorgevollmacht\/tipps-fuer-vorsorgebevollmaechtigte\/#breadcrumb\",\"itemListElement\":[{\"@type\":\"ListItem\",\"position\":1,\"name\":\"Startseite\",\"item\":\"https:\/\/dev.diginotar.at\/de\/\"},{\"@type\":\"ListItem\",\"position\":2,\"name\":\"Vorsorge\",\"item\":\"https:\/\/dev.diginotar.at\/de\/vorsorge\/\"},{\"@type\":\"ListItem\",\"position\":3,\"name\":\"Vorsorgevollmacht\",\"item\":\"https:\/\/dev.diginotar.at\/de\/vorsorge\/vorsorgevollmacht\/\"},{\"@type\":\"ListItem\",\"position\":4,\"name\":\"Tipps f\u00fcr Vorsorgebevollm\u00e4chtigte\"}]},{\"@type\":\"WebSite\",\"@id\":\"https:\/\/dev.diginotar.at\/de\/#website\",\"url\":\"https:\/\/dev.diginotar.at\/de\/\",\"name\":\"Notariat Sch\u00f6ffmann\",\"description\":\"Mag. Klaus Sch\u00f6ffmann - Ihr Notar in Klagenfurt\",\"publisher\":{\"@id\":\"https:\/\/dev.diginotar.at\/de\/#organization\"},\"potentialAction\":[{\"@type\":\"SearchAction\",\"target\":{\"@type\":\"EntryPoint\",\"urlTemplate\":\"https:\/\/dev.diginotar.at\/de\/?s={search_term_string}\"},\"query-input\":{\"@type\":\"PropertyValueSpecification\",\"valueRequired\":true,\"valueName\":\"search_term_string\"}}],\"inLanguage\":\"de\"},{\"@type\":\"Organization\",\"@id\":\"https:\/\/dev.diginotar.at\/de\/#organization\",\"name\":\"Notariat Mag. Klaus Sch\u00f6ffmann Klagenfurt\",\"url\":\"https:\/\/dev.diginotar.at\/de\/\",\"logo\":{\"@type\":\"ImageObject\",\"inLanguage\":\"de\",\"@id\":\"https:\/\/dev.diginotar.at\/de\/#\/schema\/logo\/image\/\",\"url\":\"https:\/\/dev.diginotar.at\/wp-content\/uploads\/2022\/02\/logo-notariat-schoeffmann.jpg\",\"contentUrl\":\"https:\/\/dev.diginotar.at\/wp-content\/uploads\/2022\/02\/logo-notariat-schoeffmann.jpg\",\"width\":600,\"height\":600,\"caption\":\"Notariat Mag. Klaus Sch\u00f6ffmann Klagenfurt\"},\"image\":{\"@id\":\"https:\/\/dev.diginotar.at\/de\/#\/schema\/logo\/image\/\"},\"sameAs\":[\"https:\/\/www.facebook.com\/NotarKlagenfurt\",\"https:\/\/www.youtube.com\/channel\/UCaITfbIQh6VIpzEonUsIhcg\"]}]}<\/script>\n<!-- \/ Yoast SEO plugin. -->","yoast_head_json":{"title":"Tipps f\u00fcr Vorsorgebevollm\u00e4chtigte &#8211; Notariat Sch\u00f6ffmann","description":"Wie wird die Vorsorgevollmacht wirksam? Was muss ich als Vorsorgebevollm\u00e4chtigter beachten? Die Antworten auf diese Fragen finden Sie hier!","robots":{"index":"noindex","follow":"follow","max-snippet":"max-snippet:-1","max-image-preview":"max-image-preview:large","max-video-preview":"max-video-preview:-1"},"og_locale":"de_DE","og_type":"article","og_title":"Tipps f\u00fcr Vorsorgebevollm\u00e4chtigte &#8211; Notariat Sch\u00f6ffmann","og_description":"Wie wird die Vorsorgevollmacht wirksam? Was muss ich als Vorsorgebevollm\u00e4chtigter beachten? Die Antworten auf diese Fragen finden Sie hier!","og_url":"https:\/\/dev.diginotar.at\/de\/vorsorge\/vorsorgevollmacht\/tipps-fuer-vorsorgebevollmaechtigte\/","og_site_name":"Notariat Sch\u00f6ffmann","article_publisher":"https:\/\/www.facebook.com\/NotarKlagenfurt","article_modified_time":"2022-02-26T12:29:43+00:00","og_image":[{"width":1600,"height":1067,"url":"https:\/\/dev.diginotar.at\/wp-content\/uploads\/2021\/11\/Juristen-1.jpg","type":"image\/jpeg"}],"twitter_card":"summary_large_image","schema":{"@context":"https:\/\/schema.org","@graph":[{"@type":"WebPage","@id":"https:\/\/dev.diginotar.at\/de\/vorsorge\/vorsorgevollmacht\/tipps-fuer-vorsorgebevollmaechtigte\/","url":"https:\/\/dev.diginotar.at\/de\/vorsorge\/vorsorgevollmacht\/tipps-fuer-vorsorgebevollmaechtigte\/","name":"Tipps f\u00fcr Vorsorgebevollm\u00e4chtigte &#8211; Notariat Sch\u00f6ffmann","isPartOf":{"@id":"https:\/\/dev.diginotar.at\/de\/#website"},"datePublished":"2021-08-09T09:45:12+00:00","dateModified":"2022-02-26T12:29:43+00:00","description":"Wie wird die Vorsorgevollmacht wirksam? Was muss ich als Vorsorgebevollm\u00e4chtigter beachten? Die Antworten auf diese Fragen finden Sie hier!","breadcrumb":{"@id":"https:\/\/dev.diginotar.at\/de\/vorsorge\/vorsorgevollmacht\/tipps-fuer-vorsorgebevollmaechtigte\/#breadcrumb"},"inLanguage":"de","potentialAction":[{"@type":"ReadAction","target":["https:\/\/dev.diginotar.at\/de\/vorsorge\/vorsorgevollmacht\/tipps-fuer-vorsorgebevollmaechtigte\/"]}]},{"@type":"BreadcrumbList","@id":"https:\/\/dev.diginotar.at\/de\/vorsorge\/vorsorgevollmacht\/tipps-fuer-vorsorgebevollmaechtigte\/#breadcrumb","itemListElement":[{"@type":"ListItem","position":1,"name":"Startseite","item":"https:\/\/dev.diginotar.at\/de\/"},{"@type":"ListItem","position":2,"name":"Vorsorge","item":"https:\/\/dev.diginotar.at\/de\/vorsorge\/"},{"@type":"ListItem","position":3,"name":"Vorsorgevollmacht","item":"https:\/\/dev.diginotar.at\/de\/vorsorge\/vorsorgevollmacht\/"},{"@type":"ListItem","position":4,"name":"Tipps f\u00fcr Vorsorgebevollm\u00e4chtigte"}]},{"@type":"WebSite","@id":"https:\/\/dev.diginotar.at\/de\/#website","url":"https:\/\/dev.diginotar.at\/de\/","name":"Notariat Sch\u00f6ffmann","description":"Mag. Klaus Sch\u00f6ffmann - Ihr Notar in Klagenfurt","publisher":{"@id":"https:\/\/dev.diginotar.at\/de\/#organization"},"potentialAction":[{"@type":"SearchAction","target":{"@type":"EntryPoint","urlTemplate":"https:\/\/dev.diginotar.at\/de\/?s={search_term_string}"},"query-input":{"@type":"PropertyValueSpecification","valueRequired":true,"valueName":"search_term_string"}}],"inLanguage":"de"},{"@type":"Organization","@id":"https:\/\/dev.diginotar.at\/de\/#organization","name":"Notariat Mag. Klaus Sch\u00f6ffmann Klagenfurt","url":"https:\/\/dev.diginotar.at\/de\/","logo":{"@type":"ImageObject","inLanguage":"de","@id":"https:\/\/dev.diginotar.at\/de\/#\/schema\/logo\/image\/","url":"https:\/\/dev.diginotar.at\/wp-content\/uploads\/2022\/02\/logo-notariat-schoeffmann.jpg","contentUrl":"https:\/\/dev.diginotar.at\/wp-content\/uploads\/2022\/02\/logo-notariat-schoeffmann.jpg","width":600,"height":600,"caption":"Notariat Mag. Klaus Sch\u00f6ffmann Klagenfurt"},"image":{"@id":"https:\/\/dev.diginotar.at\/de\/#\/schema\/logo\/image\/"},"sameAs":["https:\/\/www.facebook.com\/NotarKlagenfurt","https:\/\/www.youtube.com\/channel\/UCaITfbIQh6VIpzEonUsIhcg"]}]}},"_links":{"self":[{"href":"https:\/\/dev.diginotar.at\/de\/wp-json\/wp\/v2\/pages\/447","targetHints":{"allow":["GET"]}}],"collection":[{"href":"https:\/\/dev.diginotar.at\/de\/wp-json\/wp\/v2\/pages"}],"about":[{"href":"https:\/\/dev.diginotar.at\/de\/wp-json\/wp\/v2\/types\/page"}],"author":[{"embeddable":true,"href":"https:\/\/dev.diginotar.at\/de\/wp-json\/wp\/v2\/users\/3"}],"replies":[{"embeddable":true,"href":"https:\/\/dev.diginotar.at\/de\/wp-json\/wp\/v2\/comments?post=447"}],"version-history":[{"count":3,"href":"https:\/\/dev.diginotar.at\/de\/wp-json\/wp\/v2\/pages\/447\/revisions"}],"predecessor-version":[{"id":2007,"href":"https:\/\/dev.diginotar.at\/de\/wp-json\/wp\/v2\/pages\/447\/revisions\/2007"}],"up":[{"embeddable":true,"href":"https:\/\/dev.diginotar.at\/de\/wp-json\/wp\/v2\/pages\/444"}],"wp:attachment":[{"href":"https:\/\/dev.diginotar.at\/de\/wp-json\/wp\/v2\/media?parent=447"}],"wp:term":[{"taxonomy":"category","embeddable":true,"href":"https:\/\/dev.diginotar.at\/de\/wp-json\/wp\/v2\/categories?post=447"}],"curies":[{"name":"wp","href":"https:\/\/api.w.org\/{rel}","templated":true}]}}