{"id":444,"date":"2021-08-09T11:44:30","date_gmt":"2021-08-09T09:44:30","guid":{"rendered":"https:\/\/dev.diginotar.at\/?page_id=444"},"modified":"2022-03-22T17:51:49","modified_gmt":"2022-03-22T16:51:49","slug":"vorsorgevollmacht","status":"publish","type":"page","link":"https:\/\/dev.diginotar.at\/de\/vorsorge\/vorsorgevollmacht\/","title":{"rendered":"Vorsorgevollmacht"},"content":{"rendered":"<div class=\"lazyblock-infobox-12rluN wp-block-lazyblock-infobox\"><div class=\"notar_beispielbox\">\n  <h2>Beispiel<\/h2>\n  <div class=\"notar_infobox_content\"><p>Anton ist 60 Jahre alt und lebt allein. Er wei\u00df, dass er nicht j\u00fcnger wird und er irgendwann nicht mehr selbst f\u00fcr sich sorgen k\u00f6nnen wird. Er will heute schon vorsorgen, dass einmal sein Bruder Bruno f\u00fcr ihn entscheiden soll, wenn er das selbst nicht mehr kann.<\/p><\/div>\n<\/div>\n\n<\/div>\n\n<div class=\"standard typo3-neos-nodetypes-text\">\n<div>\n<p>Mit einer Vorsorgevollmacht (VVM) kann eine Person schon vor dem Verlust der Entscheidungsf\u00e4higkeit selbst bestimmen, wer als Bevollm\u00e4chtigter f\u00fcr sie entscheiden und sie vertreten soll.<\/p>\n<p>Eine&nbsp;<b>Vorsorgevollmacht<\/b>&nbsp;wird wirksam, wenn der Vorsorgende die erforderliche Entscheidungsf\u00e4higkeit verliert. F\u00fcr den Zeitraum davor kann eine Vollmacht erteilt werden.&nbsp;Mit einer Vorsorgevollmacht entscheidet man selbst, wer sich um seine Angelegenheiten k\u00fcmmern soll, wenn man dazu selbst nicht mehr in der Lage ist.&nbsp; Die vorsorgende Person kann sich jede beliebige Person als Bevollm\u00e4chtigten aussuchen. Es gibt nur zwei Ausnahmen: Wenn man in einem Heim lebt, d\u00fcrfen Pfleger oder Betreuer von dem Heim nicht bevollm\u00e4chtigt werden.&nbsp;Au\u00dferdem darf der Bevollm\u00e4chtigte nicht selbst einen Erwachsenenvertreter haben.<\/p>\n<p>Eine Vorsorgevollmacht kommt f\u00fcr jeden in Frage. Gerade auch junge Personen und Unternehmer k\u00f6nnen mit einer Vorsorgevollmacht vorsorgen!<\/p>\n<p>F\u00fcr die Errichtung einer Vorsorgevollmacht muss die vorsorgende Person aber noch selbst f\u00fcr sich entscheiden k\u00f6nnen, also entscheidungsf\u00e4hig sein. Wenn dies nicht mehr der Fall ist, tritt die gesetzliche Erwachsenenvertretung durch n\u00e4chste Angeh\u00f6rige ein oder es wird vom Gericht ein gerichtlicher Erwachsenenvertreter bestellt. Vorsorgevollmachten&nbsp;m\u00fcssen vor einem Notar, einem Rechtsanwalt oder einem Erwachsenenschutzverein h\u00f6chstpers\u00f6nlich schriftlich errichtet und im&nbsp;<a title=\"\u00d6ffnet in neuem Fenster\" href=\"https:\/\/www.justiz.gv.at\/web2013\/home\/justiz\/erwachsenenschutz\/a-z-des-erwachsenenschutzrechts\/oesterreichisches-zentrales-vertretungsverzeichnis-oezvv~3a.de.html\" target=\"_blank\" rel=\"noopener\"><b>\u00d6sterreichischen Zentralen Vertretungsverzeichnis<\/b><\/a><b>&nbsp;(\u00d6ZVV)<\/b>&nbsp;registriert werden. Der Vorteil der Registrierung ist, dass die Vorsorgevollmacht im Bedarfsfall immer \u2013 und vor allem schnell \u2013 gefunden werden kann.<\/p>\n<p>Der Vorsorgebevollm\u00e4chtigte&nbsp;<b>wird nicht vom Gericht kontrolliert!<\/b>&nbsp;Bestimmen Sie daher nur eine Person, der Sie absolut vertrauen.<\/p>\n<\/div>\n<\/div>\n<h3>Wie errichte ich eine Vorsorgevollmacht?<\/h3>\n<ul>\n<li>Legen Sie fest, wen Sie zum Vorsorgebevollm\u00e4chtigten bestimmen wollen und welche Angelegenheiten dieser f\u00fcr Sie erledigen darf.<\/li>\n<li>Vereinbaren Sie einen Termin beim Notar, Rechtsanwalt oder Erwachsenenschutzverein, um vor diesem die Vorsorgevollmacht zu errichten. Er registriert die Vorsorgevollmacht dann im \u00d6sterreichischen Zentralen Vertretungsverzeichnis (\u00d6ZVV) und stellt dar\u00fcber eine Best\u00e4tigung aus<\/li>\n<li>Wenn Sie Ihre Entscheidungsf\u00e4higkeit verlieren, ist der Vorsorgefall eingetreten. Der Vorsorgebevollm\u00e4chtigte kann dann zum Notar, Rechtsanwalt oder Erwachsenenschutzverein gehen und den Eintritt des Vorsorgefalles im \u00d6ZVV registrieren lassen. Daf\u00fcr braucht er die\n<ul>\n<li>Best\u00e4tigung, dass die Vorsorgevollmacht registriert wurde und<\/li>\n<li>ein \u00e4rztliches Attest, mit dem der Verlust der Entscheidungsf\u00e4higkeit nachgewiesen wird.<\/li>\n<\/ul>\n<p>Mit der Registrierung wird die Vorsorgevollmacht wirksam.<\/p>\n<\/li>\n<\/ul>\n\n<div class=\"lazyblock-infobox-13Cf1D wp-block-lazyblock-infobox\"><div class=\"notar_standard\">\n  <h2>Anton errichtet eine Vorsorgevollmacht<\/h2>\n  <div class=\"notar_infobox_content\"><p>Anton errichtet beim Notar eine Vorsorgevollmacht. Verliert er seine Entscheidungsf\u00e4higkeit, kann sein Bruder Bruno f\u00fcr ihn alle Angelegenheiten rasch und unkompliziert regeln.<\/p><\/div>\n<\/div>\n\n<\/div>","protected":false},"excerpt":{"rendered":"<p>Mit einer Vorsorgevollmacht (VVM) kann eine Person schon vor dem Verlust der Entscheidungsf\u00e4higkeit selbst bestimmen, wer als Bevollm\u00e4chtigter f\u00fcr sie entscheiden und sie vertreten soll. Eine&nbsp;Vorsorgevollmacht&nbsp;wird wirksam, wenn der Vorsorgende die erforderliche Entscheidungsf\u00e4higkeit verliert. F\u00fcr den Zeitraum davor kann eine Vollmacht erteilt werden.&nbsp;Mit einer Vorsorgevollmacht entscheidet man selbst, wer sich um seine Angelegenheiten k\u00fcmmern soll,&hellip;<\/p>\n","protected":false},"author":3,"featured_media":0,"parent":438,"menu_order":1,"comment_status":"closed","ping_status":"closed","template":"","meta":{"inline_featured_image":false,"footnotes":""},"categories":[],"class_list":["post-444","page","type-page","status-publish","hentry","description-off"],"yoast_head":"<!-- This site is optimized with the Yoast SEO plugin v25.7 - https:\/\/yoast.com\/wordpress\/plugins\/seo\/ -->\n<title>Vorsorgevollmacht &#8211; Notariat Sch\u00f6ffmann<\/title>\n<meta name=\"description\" content=\"Informationen zur Vorsorgevollmacht. Bestimmen Sie selbst, wer Sie vertreten soll, wenn Sie nicht mehr selbst f\u00fcr sich sorgen k\u00f6nnen.\" \/>\n<meta name=\"robots\" content=\"noindex, follow, max-snippet:-1, max-image-preview:large, max-video-preview:-1\" \/>\n<meta property=\"og:locale\" content=\"de_DE\" \/>\n<meta property=\"og:type\" content=\"article\" \/>\n<meta property=\"og:title\" content=\"Vorsorgevollmacht &#8211; Notariat Sch\u00f6ffmann\" \/>\n<meta property=\"og:description\" content=\"Informationen zur Vorsorgevollmacht. Bestimmen Sie selbst, wer Sie vertreten soll, wenn Sie nicht mehr selbst f\u00fcr sich sorgen k\u00f6nnen.\" \/>\n<meta property=\"og:url\" content=\"https:\/\/dev.diginotar.at\/de\/vorsorge\/vorsorgevollmacht\/\" \/>\n<meta property=\"og:site_name\" content=\"Notariat Sch\u00f6ffmann\" \/>\n<meta property=\"article:publisher\" content=\"https:\/\/www.facebook.com\/NotarKlagenfurt\" \/>\n<meta property=\"article:modified_time\" content=\"2022-03-22T16:51:49+00:00\" \/>\n<meta property=\"og:image\" content=\"https:\/\/dev.diginotar.at\/wp-content\/uploads\/2021\/11\/Juristen-1.jpg\" \/>\n\t<meta property=\"og:image:width\" content=\"1600\" \/>\n\t<meta property=\"og:image:height\" content=\"1067\" \/>\n\t<meta property=\"og:image:type\" content=\"image\/jpeg\" \/>\n<meta name=\"twitter:card\" content=\"summary_large_image\" \/>\n<script type=\"application\/ld+json\" class=\"yoast-schema-graph\">{\"@context\":\"https:\/\/schema.org\",\"@graph\":[{\"@type\":\"WebPage\",\"@id\":\"https:\/\/dev.diginotar.at\/de\/vorsorge\/vorsorgevollmacht\/\",\"url\":\"https:\/\/dev.diginotar.at\/de\/vorsorge\/vorsorgevollmacht\/\",\"name\":\"Vorsorgevollmacht &#8211; Notariat Sch\u00f6ffmann\",\"isPartOf\":{\"@id\":\"https:\/\/dev.diginotar.at\/de\/#website\"},\"datePublished\":\"2021-08-09T09:44:30+00:00\",\"dateModified\":\"2022-03-22T16:51:49+00:00\",\"description\":\"Informationen zur Vorsorgevollmacht. Bestimmen Sie selbst, wer Sie vertreten soll, wenn Sie nicht mehr selbst f\u00fcr sich sorgen k\u00f6nnen.\",\"breadcrumb\":{\"@id\":\"https:\/\/dev.diginotar.at\/de\/vorsorge\/vorsorgevollmacht\/#breadcrumb\"},\"inLanguage\":\"de\",\"potentialAction\":[{\"@type\":\"ReadAction\",\"target\":[\"https:\/\/dev.diginotar.at\/de\/vorsorge\/vorsorgevollmacht\/\"]}]},{\"@type\":\"BreadcrumbList\",\"@id\":\"https:\/\/dev.diginotar.at\/de\/vorsorge\/vorsorgevollmacht\/#breadcrumb\",\"itemListElement\":[{\"@type\":\"ListItem\",\"position\":1,\"name\":\"Startseite\",\"item\":\"https:\/\/dev.diginotar.at\/de\/\"},{\"@type\":\"ListItem\",\"position\":2,\"name\":\"Vorsorge\",\"item\":\"https:\/\/dev.diginotar.at\/de\/vorsorge\/\"},{\"@type\":\"ListItem\",\"position\":3,\"name\":\"Vorsorgevollmacht\"}]},{\"@type\":\"WebSite\",\"@id\":\"https:\/\/dev.diginotar.at\/de\/#website\",\"url\":\"https:\/\/dev.diginotar.at\/de\/\",\"name\":\"Notariat Sch\u00f6ffmann\",\"description\":\"Mag. Klaus Sch\u00f6ffmann - Ihr Notar in Klagenfurt\",\"publisher\":{\"@id\":\"https:\/\/dev.diginotar.at\/de\/#organization\"},\"potentialAction\":[{\"@type\":\"SearchAction\",\"target\":{\"@type\":\"EntryPoint\",\"urlTemplate\":\"https:\/\/dev.diginotar.at\/de\/?s={search_term_string}\"},\"query-input\":{\"@type\":\"PropertyValueSpecification\",\"valueRequired\":true,\"valueName\":\"search_term_string\"}}],\"inLanguage\":\"de\"},{\"@type\":\"Organization\",\"@id\":\"https:\/\/dev.diginotar.at\/de\/#organization\",\"name\":\"Notariat Mag. Klaus Sch\u00f6ffmann Klagenfurt\",\"url\":\"https:\/\/dev.diginotar.at\/de\/\",\"logo\":{\"@type\":\"ImageObject\",\"inLanguage\":\"de\",\"@id\":\"https:\/\/dev.diginotar.at\/de\/#\/schema\/logo\/image\/\",\"url\":\"https:\/\/dev.diginotar.at\/wp-content\/uploads\/2022\/02\/logo-notariat-schoeffmann.jpg\",\"contentUrl\":\"https:\/\/dev.diginotar.at\/wp-content\/uploads\/2022\/02\/logo-notariat-schoeffmann.jpg\",\"width\":600,\"height\":600,\"caption\":\"Notariat Mag. Klaus Sch\u00f6ffmann Klagenfurt\"},\"image\":{\"@id\":\"https:\/\/dev.diginotar.at\/de\/#\/schema\/logo\/image\/\"},\"sameAs\":[\"https:\/\/www.facebook.com\/NotarKlagenfurt\",\"https:\/\/www.youtube.com\/channel\/UCaITfbIQh6VIpzEonUsIhcg\"]}]}<\/script>\n<!-- \/ Yoast SEO plugin. -->","yoast_head_json":{"title":"Vorsorgevollmacht &#8211; Notariat Sch\u00f6ffmann","description":"Informationen zur Vorsorgevollmacht. Bestimmen Sie selbst, wer Sie vertreten soll, wenn Sie nicht mehr selbst f\u00fcr sich sorgen k\u00f6nnen.","robots":{"index":"noindex","follow":"follow","max-snippet":"max-snippet:-1","max-image-preview":"max-image-preview:large","max-video-preview":"max-video-preview:-1"},"og_locale":"de_DE","og_type":"article","og_title":"Vorsorgevollmacht &#8211; Notariat Sch\u00f6ffmann","og_description":"Informationen zur Vorsorgevollmacht. Bestimmen Sie selbst, wer Sie vertreten soll, wenn Sie nicht mehr selbst f\u00fcr sich sorgen k\u00f6nnen.","og_url":"https:\/\/dev.diginotar.at\/de\/vorsorge\/vorsorgevollmacht\/","og_site_name":"Notariat Sch\u00f6ffmann","article_publisher":"https:\/\/www.facebook.com\/NotarKlagenfurt","article_modified_time":"2022-03-22T16:51:49+00:00","og_image":[{"width":1600,"height":1067,"url":"https:\/\/dev.diginotar.at\/wp-content\/uploads\/2021\/11\/Juristen-1.jpg","type":"image\/jpeg"}],"twitter_card":"summary_large_image","schema":{"@context":"https:\/\/schema.org","@graph":[{"@type":"WebPage","@id":"https:\/\/dev.diginotar.at\/de\/vorsorge\/vorsorgevollmacht\/","url":"https:\/\/dev.diginotar.at\/de\/vorsorge\/vorsorgevollmacht\/","name":"Vorsorgevollmacht &#8211; Notariat Sch\u00f6ffmann","isPartOf":{"@id":"https:\/\/dev.diginotar.at\/de\/#website"},"datePublished":"2021-08-09T09:44:30+00:00","dateModified":"2022-03-22T16:51:49+00:00","description":"Informationen zur Vorsorgevollmacht. Bestimmen Sie selbst, wer Sie vertreten soll, wenn Sie nicht mehr selbst f\u00fcr sich sorgen k\u00f6nnen.","breadcrumb":{"@id":"https:\/\/dev.diginotar.at\/de\/vorsorge\/vorsorgevollmacht\/#breadcrumb"},"inLanguage":"de","potentialAction":[{"@type":"ReadAction","target":["https:\/\/dev.diginotar.at\/de\/vorsorge\/vorsorgevollmacht\/"]}]},{"@type":"BreadcrumbList","@id":"https:\/\/dev.diginotar.at\/de\/vorsorge\/vorsorgevollmacht\/#breadcrumb","itemListElement":[{"@type":"ListItem","position":1,"name":"Startseite","item":"https:\/\/dev.diginotar.at\/de\/"},{"@type":"ListItem","position":2,"name":"Vorsorge","item":"https:\/\/dev.diginotar.at\/de\/vorsorge\/"},{"@type":"ListItem","position":3,"name":"Vorsorgevollmacht"}]},{"@type":"WebSite","@id":"https:\/\/dev.diginotar.at\/de\/#website","url":"https:\/\/dev.diginotar.at\/de\/","name":"Notariat Sch\u00f6ffmann","description":"Mag. Klaus Sch\u00f6ffmann - Ihr Notar in Klagenfurt","publisher":{"@id":"https:\/\/dev.diginotar.at\/de\/#organization"},"potentialAction":[{"@type":"SearchAction","target":{"@type":"EntryPoint","urlTemplate":"https:\/\/dev.diginotar.at\/de\/?s={search_term_string}"},"query-input":{"@type":"PropertyValueSpecification","valueRequired":true,"valueName":"search_term_string"}}],"inLanguage":"de"},{"@type":"Organization","@id":"https:\/\/dev.diginotar.at\/de\/#organization","name":"Notariat Mag. Klaus Sch\u00f6ffmann Klagenfurt","url":"https:\/\/dev.diginotar.at\/de\/","logo":{"@type":"ImageObject","inLanguage":"de","@id":"https:\/\/dev.diginotar.at\/de\/#\/schema\/logo\/image\/","url":"https:\/\/dev.diginotar.at\/wp-content\/uploads\/2022\/02\/logo-notariat-schoeffmann.jpg","contentUrl":"https:\/\/dev.diginotar.at\/wp-content\/uploads\/2022\/02\/logo-notariat-schoeffmann.jpg","width":600,"height":600,"caption":"Notariat Mag. Klaus Sch\u00f6ffmann Klagenfurt"},"image":{"@id":"https:\/\/dev.diginotar.at\/de\/#\/schema\/logo\/image\/"},"sameAs":["https:\/\/www.facebook.com\/NotarKlagenfurt","https:\/\/www.youtube.com\/channel\/UCaITfbIQh6VIpzEonUsIhcg"]}]}},"_links":{"self":[{"href":"https:\/\/dev.diginotar.at\/de\/wp-json\/wp\/v2\/pages\/444","targetHints":{"allow":["GET"]}}],"collection":[{"href":"https:\/\/dev.diginotar.at\/de\/wp-json\/wp\/v2\/pages"}],"about":[{"href":"https:\/\/dev.diginotar.at\/de\/wp-json\/wp\/v2\/types\/page"}],"author":[{"embeddable":true,"href":"https:\/\/dev.diginotar.at\/de\/wp-json\/wp\/v2\/users\/3"}],"replies":[{"embeddable":true,"href":"https:\/\/dev.diginotar.at\/de\/wp-json\/wp\/v2\/comments?post=444"}],"version-history":[{"count":10,"href":"https:\/\/dev.diginotar.at\/de\/wp-json\/wp\/v2\/pages\/444\/revisions"}],"predecessor-version":[{"id":2727,"href":"https:\/\/dev.diginotar.at\/de\/wp-json\/wp\/v2\/pages\/444\/revisions\/2727"}],"up":[{"embeddable":true,"href":"https:\/\/dev.diginotar.at\/de\/wp-json\/wp\/v2\/pages\/438"}],"wp:attachment":[{"href":"https:\/\/dev.diginotar.at\/de\/wp-json\/wp\/v2\/media?parent=444"}],"wp:term":[{"taxonomy":"category","embeddable":true,"href":"https:\/\/dev.diginotar.at\/de\/wp-json\/wp\/v2\/categories?post=444"}],"curies":[{"name":"wp","href":"https:\/\/api.w.org\/{rel}","templated":true}]}}