{"id":429,"date":"2021-08-09T11:34:23","date_gmt":"2021-08-09T09:34:23","guid":{"rendered":"https:\/\/dev.diginotar.at\/?page_id=429"},"modified":"2022-02-26T17:13:39","modified_gmt":"2022-02-26T16:13:39","slug":"einvernehmliche-ehescheidungen","status":"publish","type":"page","link":"https:\/\/dev.diginotar.at\/de\/familienrecht\/einvernehmliche-ehescheidungen\/","title":{"rendered":"Einvernehmliche Ehescheidungen"},"content":{"rendered":"<div class=\"standard typo3-neos-nodetypes-text\">\n<div>\n<h2>Wenn es auseinander geht \u2026<\/h2>\n<p>Im Falle des Scheiterns einer Ehe regelt das Gesetz die Aufteilung des ehelichen Gebrauchsverm\u00f6gens und der Ersparnisse, nicht jedoch die des \u00fcbrigen Verm\u00f6gens. Eine Scheidung kann mit einem langwierigen Aufteilungsverfahren vor dem Richter verbunden sein.<\/p>\n<p>Das\u00a0kann man mit einer einvernehmlichen Vereinbarung \u00fcber die Aufteilung des ehelichen Verm\u00f6gens abwenden.<\/p>\n<p>Eine einvernehmliche Scheidung ist m\u00f6glich, wenn\u00a0die eheliche Gemeinschaft seit mindestens einem halben Jahr aufgehoben ist und die ehelichen Verh\u00e4ltnisse unheilbar zerr\u00fcttet sind. Weitere Voraussetzung ist ein gemeinsamer Antrag bei Gericht und Einigkeit \u00fcber eine vollst\u00e4ndige Scheidungsfolgenvereinbarung.<\/p>\n<p>In einer solchen Scheidungsfolgenvereinbarung werden alle \u00fcbrigen Scheidungsfolgen, wie etwa die Aufteilung eines gemeinsamen Unternehmens, die Regelung des Unterhaltes, die Obsorge \u00fcber die Kinder und die Aufteilung der ehelichen Ersparnisse sowie der \u00fcbrigen Verm\u00f6genswerte geregelt.<\/p>\n<p>Der Notar ber\u00e4t als objektiver Berater beide Ehegatten und fasst die erzielte Einigung in einem Vergleich zusammen, den beide Gatten unterfertigen und der vom Scheidungsrichter best\u00e4tigt wird.<\/p>\n<p>Achtung: Bei einvernehmlichen Scheidungen m\u00fcssen sich Eltern minderj\u00e4hriger Kinder \u00fcber die Auswirkungen ihrer Scheidung auf ihre Kinder beraten lassen. N\u00e4here Info unter<a href=\"http:\/\/www.justiz.gv.at\/internet\/html\/default\/2c948485398b9b2a013c862f69fd2d7a.de.html\" target=\"_blank\" rel=\"noopener\">\u00a0www.justiz.gv.at\u00a0<\/a><\/p>\n<h2>Wie geht\u00b4s dann weiter?<\/h2>\n<p>Nachfolgende Durchf\u00fchrungen wie etwa Eigentumsumschreibungen im Grundbuch erledigt der Notar f\u00fcr Sie.<\/p>\n<\/div>\n<\/div>\n","protected":false},"excerpt":{"rendered":"<p>Wenn es auseinander geht \u2026 Im Falle des Scheiterns einer Ehe regelt das Gesetz die Aufteilung des ehelichen Gebrauchsverm\u00f6gens und der Ersparnisse, nicht jedoch die des \u00fcbrigen Verm\u00f6gens. Eine Scheidung kann mit einem langwierigen Aufteilungsverfahren vor dem Richter verbunden sein. Das\u00a0kann man mit einer einvernehmlichen Vereinbarung \u00fcber die Aufteilung des ehelichen Verm\u00f6gens abwenden. Eine einvernehmliche&hellip;<\/p>\n","protected":false},"author":3,"featured_media":0,"parent":418,"menu_order":3,"comment_status":"closed","ping_status":"closed","template":"","meta":{"inline_featured_image":false,"footnotes":""},"categories":[],"class_list":["post-429","page","type-page","status-publish","hentry","description-off"],"yoast_head":"<!-- This site is optimized with the Yoast SEO plugin v25.7 - https:\/\/yoast.com\/wordpress\/plugins\/seo\/ -->\n<title>Einvernehmliche Ehescheidungen &#8211; Notariat Sch\u00f6ffmann<\/title>\n<meta name=\"description\" content=\"Nach einer Scheidung stellt sich auch die Frage, wie das Verm\u00f6gen der Ehegatten aufzuteilen ist. Wie Sie die Aufteilung selbst regeln k\u00f6nnen, erfahren Sie hier!\" \/>\n<meta name=\"robots\" content=\"noindex, follow, max-snippet:-1, max-image-preview:large, max-video-preview:-1\" \/>\n<meta property=\"og:locale\" content=\"de_DE\" \/>\n<meta property=\"og:type\" content=\"article\" \/>\n<meta property=\"og:title\" content=\"Einvernehmliche Ehescheidungen &#8211; Notariat Sch\u00f6ffmann\" \/>\n<meta property=\"og:description\" content=\"Nach einer Scheidung stellt sich auch die Frage, wie das Verm\u00f6gen der Ehegatten aufzuteilen ist. Wie Sie die Aufteilung selbst regeln k\u00f6nnen, erfahren Sie hier!\" \/>\n<meta property=\"og:url\" content=\"https:\/\/dev.diginotar.at\/de\/familienrecht\/einvernehmliche-ehescheidungen\/\" \/>\n<meta property=\"og:site_name\" content=\"Notariat Sch\u00f6ffmann\" \/>\n<meta property=\"article:publisher\" content=\"https:\/\/www.facebook.com\/NotarKlagenfurt\" \/>\n<meta property=\"article:modified_time\" content=\"2022-02-26T16:13:39+00:00\" \/>\n<meta property=\"og:image\" content=\"https:\/\/dev.diginotar.at\/wp-content\/uploads\/2021\/11\/Juristen-1.jpg\" \/>\n\t<meta property=\"og:image:width\" content=\"1600\" \/>\n\t<meta property=\"og:image:height\" content=\"1067\" \/>\n\t<meta property=\"og:image:type\" content=\"image\/jpeg\" \/>\n<meta name=\"twitter:card\" content=\"summary_large_image\" \/>\n<script type=\"application\/ld+json\" class=\"yoast-schema-graph\">{\"@context\":\"https:\/\/schema.org\",\"@graph\":[{\"@type\":\"WebPage\",\"@id\":\"https:\/\/dev.diginotar.at\/de\/familienrecht\/einvernehmliche-ehescheidungen\/\",\"url\":\"https:\/\/dev.diginotar.at\/de\/familienrecht\/einvernehmliche-ehescheidungen\/\",\"name\":\"Einvernehmliche Ehescheidungen &#8211; Notariat Sch\u00f6ffmann\",\"isPartOf\":{\"@id\":\"https:\/\/dev.diginotar.at\/de\/#website\"},\"datePublished\":\"2021-08-09T09:34:23+00:00\",\"dateModified\":\"2022-02-26T16:13:39+00:00\",\"description\":\"Nach einer Scheidung stellt sich auch die Frage, wie das Verm\u00f6gen der Ehegatten aufzuteilen ist. Wie Sie die Aufteilung selbst regeln k\u00f6nnen, erfahren Sie hier!\",\"breadcrumb\":{\"@id\":\"https:\/\/dev.diginotar.at\/de\/familienrecht\/einvernehmliche-ehescheidungen\/#breadcrumb\"},\"inLanguage\":\"de\",\"potentialAction\":[{\"@type\":\"ReadAction\",\"target\":[\"https:\/\/dev.diginotar.at\/de\/familienrecht\/einvernehmliche-ehescheidungen\/\"]}]},{\"@type\":\"BreadcrumbList\",\"@id\":\"https:\/\/dev.diginotar.at\/de\/familienrecht\/einvernehmliche-ehescheidungen\/#breadcrumb\",\"itemListElement\":[{\"@type\":\"ListItem\",\"position\":1,\"name\":\"Startseite\",\"item\":\"https:\/\/dev.diginotar.at\/de\/\"},{\"@type\":\"ListItem\",\"position\":2,\"name\":\"Familienrecht\",\"item\":\"https:\/\/dev.diginotar.at\/de\/familienrecht\/\"},{\"@type\":\"ListItem\",\"position\":3,\"name\":\"Einvernehmliche Ehescheidungen\"}]},{\"@type\":\"WebSite\",\"@id\":\"https:\/\/dev.diginotar.at\/de\/#website\",\"url\":\"https:\/\/dev.diginotar.at\/de\/\",\"name\":\"Notariat Sch\u00f6ffmann\",\"description\":\"Mag. Klaus Sch\u00f6ffmann - Ihr Notar in Klagenfurt\",\"publisher\":{\"@id\":\"https:\/\/dev.diginotar.at\/de\/#organization\"},\"potentialAction\":[{\"@type\":\"SearchAction\",\"target\":{\"@type\":\"EntryPoint\",\"urlTemplate\":\"https:\/\/dev.diginotar.at\/de\/?s={search_term_string}\"},\"query-input\":{\"@type\":\"PropertyValueSpecification\",\"valueRequired\":true,\"valueName\":\"search_term_string\"}}],\"inLanguage\":\"de\"},{\"@type\":\"Organization\",\"@id\":\"https:\/\/dev.diginotar.at\/de\/#organization\",\"name\":\"Notariat Mag. Klaus Sch\u00f6ffmann Klagenfurt\",\"url\":\"https:\/\/dev.diginotar.at\/de\/\",\"logo\":{\"@type\":\"ImageObject\",\"inLanguage\":\"de\",\"@id\":\"https:\/\/dev.diginotar.at\/de\/#\/schema\/logo\/image\/\",\"url\":\"https:\/\/dev.diginotar.at\/wp-content\/uploads\/2022\/02\/logo-notariat-schoeffmann.jpg\",\"contentUrl\":\"https:\/\/dev.diginotar.at\/wp-content\/uploads\/2022\/02\/logo-notariat-schoeffmann.jpg\",\"width\":600,\"height\":600,\"caption\":\"Notariat Mag. Klaus Sch\u00f6ffmann Klagenfurt\"},\"image\":{\"@id\":\"https:\/\/dev.diginotar.at\/de\/#\/schema\/logo\/image\/\"},\"sameAs\":[\"https:\/\/www.facebook.com\/NotarKlagenfurt\",\"https:\/\/www.youtube.com\/channel\/UCaITfbIQh6VIpzEonUsIhcg\"]}]}<\/script>\n<!-- \/ Yoast SEO plugin. -->","yoast_head_json":{"title":"Einvernehmliche Ehescheidungen &#8211; Notariat Sch\u00f6ffmann","description":"Nach einer Scheidung stellt sich auch die Frage, wie das Verm\u00f6gen der Ehegatten aufzuteilen ist. Wie Sie die Aufteilung selbst regeln k\u00f6nnen, erfahren Sie hier!","robots":{"index":"noindex","follow":"follow","max-snippet":"max-snippet:-1","max-image-preview":"max-image-preview:large","max-video-preview":"max-video-preview:-1"},"og_locale":"de_DE","og_type":"article","og_title":"Einvernehmliche Ehescheidungen &#8211; Notariat Sch\u00f6ffmann","og_description":"Nach einer Scheidung stellt sich auch die Frage, wie das Verm\u00f6gen der Ehegatten aufzuteilen ist. Wie Sie die Aufteilung selbst regeln k\u00f6nnen, erfahren Sie hier!","og_url":"https:\/\/dev.diginotar.at\/de\/familienrecht\/einvernehmliche-ehescheidungen\/","og_site_name":"Notariat Sch\u00f6ffmann","article_publisher":"https:\/\/www.facebook.com\/NotarKlagenfurt","article_modified_time":"2022-02-26T16:13:39+00:00","og_image":[{"width":1600,"height":1067,"url":"https:\/\/dev.diginotar.at\/wp-content\/uploads\/2021\/11\/Juristen-1.jpg","type":"image\/jpeg"}],"twitter_card":"summary_large_image","schema":{"@context":"https:\/\/schema.org","@graph":[{"@type":"WebPage","@id":"https:\/\/dev.diginotar.at\/de\/familienrecht\/einvernehmliche-ehescheidungen\/","url":"https:\/\/dev.diginotar.at\/de\/familienrecht\/einvernehmliche-ehescheidungen\/","name":"Einvernehmliche Ehescheidungen &#8211; Notariat Sch\u00f6ffmann","isPartOf":{"@id":"https:\/\/dev.diginotar.at\/de\/#website"},"datePublished":"2021-08-09T09:34:23+00:00","dateModified":"2022-02-26T16:13:39+00:00","description":"Nach einer Scheidung stellt sich auch die Frage, wie das Verm\u00f6gen der Ehegatten aufzuteilen ist. Wie Sie die Aufteilung selbst regeln k\u00f6nnen, erfahren Sie hier!","breadcrumb":{"@id":"https:\/\/dev.diginotar.at\/de\/familienrecht\/einvernehmliche-ehescheidungen\/#breadcrumb"},"inLanguage":"de","potentialAction":[{"@type":"ReadAction","target":["https:\/\/dev.diginotar.at\/de\/familienrecht\/einvernehmliche-ehescheidungen\/"]}]},{"@type":"BreadcrumbList","@id":"https:\/\/dev.diginotar.at\/de\/familienrecht\/einvernehmliche-ehescheidungen\/#breadcrumb","itemListElement":[{"@type":"ListItem","position":1,"name":"Startseite","item":"https:\/\/dev.diginotar.at\/de\/"},{"@type":"ListItem","position":2,"name":"Familienrecht","item":"https:\/\/dev.diginotar.at\/de\/familienrecht\/"},{"@type":"ListItem","position":3,"name":"Einvernehmliche Ehescheidungen"}]},{"@type":"WebSite","@id":"https:\/\/dev.diginotar.at\/de\/#website","url":"https:\/\/dev.diginotar.at\/de\/","name":"Notariat Sch\u00f6ffmann","description":"Mag. Klaus Sch\u00f6ffmann - Ihr Notar in Klagenfurt","publisher":{"@id":"https:\/\/dev.diginotar.at\/de\/#organization"},"potentialAction":[{"@type":"SearchAction","target":{"@type":"EntryPoint","urlTemplate":"https:\/\/dev.diginotar.at\/de\/?s={search_term_string}"},"query-input":{"@type":"PropertyValueSpecification","valueRequired":true,"valueName":"search_term_string"}}],"inLanguage":"de"},{"@type":"Organization","@id":"https:\/\/dev.diginotar.at\/de\/#organization","name":"Notariat Mag. Klaus Sch\u00f6ffmann Klagenfurt","url":"https:\/\/dev.diginotar.at\/de\/","logo":{"@type":"ImageObject","inLanguage":"de","@id":"https:\/\/dev.diginotar.at\/de\/#\/schema\/logo\/image\/","url":"https:\/\/dev.diginotar.at\/wp-content\/uploads\/2022\/02\/logo-notariat-schoeffmann.jpg","contentUrl":"https:\/\/dev.diginotar.at\/wp-content\/uploads\/2022\/02\/logo-notariat-schoeffmann.jpg","width":600,"height":600,"caption":"Notariat Mag. Klaus Sch\u00f6ffmann Klagenfurt"},"image":{"@id":"https:\/\/dev.diginotar.at\/de\/#\/schema\/logo\/image\/"},"sameAs":["https:\/\/www.facebook.com\/NotarKlagenfurt","https:\/\/www.youtube.com\/channel\/UCaITfbIQh6VIpzEonUsIhcg"]}]}},"_links":{"self":[{"href":"https:\/\/dev.diginotar.at\/de\/wp-json\/wp\/v2\/pages\/429","targetHints":{"allow":["GET"]}}],"collection":[{"href":"https:\/\/dev.diginotar.at\/de\/wp-json\/wp\/v2\/pages"}],"about":[{"href":"https:\/\/dev.diginotar.at\/de\/wp-json\/wp\/v2\/types\/page"}],"author":[{"embeddable":true,"href":"https:\/\/dev.diginotar.at\/de\/wp-json\/wp\/v2\/users\/3"}],"replies":[{"embeddable":true,"href":"https:\/\/dev.diginotar.at\/de\/wp-json\/wp\/v2\/comments?post=429"}],"version-history":[{"count":4,"href":"https:\/\/dev.diginotar.at\/de\/wp-json\/wp\/v2\/pages\/429\/revisions"}],"predecessor-version":[{"id":2078,"href":"https:\/\/dev.diginotar.at\/de\/wp-json\/wp\/v2\/pages\/429\/revisions\/2078"}],"up":[{"embeddable":true,"href":"https:\/\/dev.diginotar.at\/de\/wp-json\/wp\/v2\/pages\/418"}],"wp:attachment":[{"href":"https:\/\/dev.diginotar.at\/de\/wp-json\/wp\/v2\/media?parent=429"}],"wp:term":[{"taxonomy":"category","embeddable":true,"href":"https:\/\/dev.diginotar.at\/de\/wp-json\/wp\/v2\/categories?post=429"}],"curies":[{"name":"wp","href":"https:\/\/api.w.org\/{rel}","templated":true}]}}