{"id":423,"date":"2021-08-09T11:32:27","date_gmt":"2021-08-09T09:32:27","guid":{"rendered":"https:\/\/dev.diginotar.at\/?page_id=423"},"modified":"2022-03-21T08:06:19","modified_gmt":"2022-03-21T07:06:19","slug":"ehepakte-ehevertraege","status":"publish","type":"page","link":"https:\/\/dev.diginotar.at\/de\/familienrecht\/ehepakte-ehevertraege\/","title":{"rendered":"Ehepakte"},"content":{"rendered":"<div class=\"standard typo3-neos-nodetypes-text\">\n<div>\n<h2>G\u00fctergemeinschaftsvertr\u00e4ge, Erbvertr\u00e4ge<\/h2>\n<p>Eine Ehe ist nicht nur eine pers\u00f6nliche Verbindung, sondern auch eine Gemeinschaft im verm\u00f6gensrechtlichen Sinn. Im allgemeinen geh\u00f6rt jedem der Ehepartner das, was er in die Ehe eingebracht hat sowie das, was er w\u00e4hrend der Ehe erworben hat. Der andere Ehepartner hat darauf grunds\u00e4tzlich keinen Anspruch (<b>G\u00fctertrennung<\/b>). &nbsp; Dies f\u00fchrt manchmal zu Ungerechtigkeiten. Ein Ehepakt schafft hier Abhilfe. Dieser regelt die Verm\u00f6gensverh\u00e4ltnisse zwischen Ehepartnern und muss vor dem Notar abgeschlossen werden.<\/p>\n<h2>G\u00fctergemeinschaftsvertrag<\/h2>\n<p>Durch&nbsp;notariellen G\u00fctergemeinschaftsvertrag&nbsp;(eine Form des Ehepaktes) k\u00f6nnen die Ehegatten vom&nbsp;gesetzlichen G\u00fcterstand der G\u00fctertrennung&nbsp;abgehen und eine G\u00fctergemeinschaft der Ehegatten begr\u00fcndet werden. Diese G\u00fctergemeinschaft kann auch nur beschr\u00e4nkt oder nur auf den Todesfall begr\u00fcndet werden.<\/p>\n<p>\u00dcber die genauen Vor- und Nachteile f\u00fcr Sie ber\u00e4t Sie Ihr Notar!<\/p>\n<h2>Erbvertrag<\/h2>\n<p>Der Erbvertrag beinhaltet eine vertragliche Verf\u00fcgung \u00fcber den k\u00fcnftigen Nachlass. Auch er bedarf der Form des Notariatsaktes. Zum Unterschied von jederzeit widerruflichen Testamente (auch das Ehegattentestament ist jederzeit einseitig widerruflich!) ist der Erbvertrag durch einen Ehepartner allein nicht widerruflich, da es sich um ein zweiseitiges Rechtsgesch\u00e4ft handelt.<\/p>\n<p>Eine Beschr\u00e4nkung \u00fcber Verf\u00fcgungen zu Lebzeiten wird durch den Erbvertrag nicht bewirkt. Nicht nur die wechselseitige vertragliche Erbseinsetzung &#8211; welche den Regelfall darstellt &#8211; ist m\u00f6glich, auch Dritte (Kinder) k\u00f6nnen mittels Erbvertrag berufen werden. Ihre Erbseinsetzung ist jedoch mangels zweiseitiger Verbindlichkeit einseitig widerruflich.<\/p>\n<\/div>\n<\/div>\n","protected":false},"excerpt":{"rendered":"<p>G\u00fctergemeinschaftsvertr\u00e4ge, Erbvertr\u00e4ge Eine Ehe ist nicht nur eine pers\u00f6nliche Verbindung, sondern auch eine Gemeinschaft im verm\u00f6gensrechtlichen Sinn. Im allgemeinen geh\u00f6rt jedem der Ehepartner das, was er in die Ehe eingebracht hat sowie das, was er w\u00e4hrend der Ehe erworben hat. Der andere Ehepartner hat darauf grunds\u00e4tzlich keinen Anspruch (G\u00fctertrennung). &nbsp; Dies f\u00fchrt manchmal zu Ungerechtigkeiten.&hellip;<\/p>\n","protected":false},"author":3,"featured_media":0,"parent":418,"menu_order":1,"comment_status":"closed","ping_status":"closed","template":"","meta":{"inline_featured_image":false,"footnotes":""},"categories":[],"class_list":["post-423","page","type-page","status-publish","hentry","description-off"],"yoast_head":"<!-- This site is optimized with the Yoast SEO plugin v25.7 - https:\/\/yoast.com\/wordpress\/plugins\/seo\/ -->\n<title>Ehepakt - Notariat Sch\u00f6ffmann<\/title>\n<meta name=\"description\" content=\"Eine Ehe ist nicht nur eine pers\u00f6nliche Verbindung, sondern auch eine Gemeinschaft im verm\u00f6gensrechtlichen Sinn. Mit einem Ehepakt regeln Sie die Verm\u00f6gensverh\u00e4ltnisse.\" \/>\n<meta name=\"robots\" content=\"noindex, follow, max-snippet:-1, max-image-preview:large, max-video-preview:-1\" \/>\n<meta property=\"og:locale\" content=\"de_DE\" \/>\n<meta property=\"og:type\" content=\"article\" \/>\n<meta property=\"og:title\" content=\"Ehepakt - Notariat Sch\u00f6ffmann\" \/>\n<meta property=\"og:description\" content=\"Eine Ehe ist nicht nur eine pers\u00f6nliche Verbindung, sondern auch eine Gemeinschaft im verm\u00f6gensrechtlichen Sinn. Mit einem Ehepakt regeln Sie die Verm\u00f6gensverh\u00e4ltnisse.\" \/>\n<meta property=\"og:url\" content=\"https:\/\/dev.diginotar.at\/de\/familienrecht\/ehepakte-ehevertraege\/\" \/>\n<meta property=\"og:site_name\" content=\"Notariat Sch\u00f6ffmann\" \/>\n<meta property=\"article:publisher\" content=\"https:\/\/www.facebook.com\/NotarKlagenfurt\" \/>\n<meta property=\"article:modified_time\" content=\"2022-03-21T07:06:19+00:00\" \/>\n<meta property=\"og:image\" content=\"https:\/\/dev.diginotar.at\/wp-content\/uploads\/2021\/08\/Notariat-Schoeffmann-Portraits-2021-09-23_0929.jpg\" \/>\n\t<meta property=\"og:image:width\" content=\"1600\" \/>\n\t<meta property=\"og:image:height\" content=\"1067\" \/>\n\t<meta property=\"og:image:type\" content=\"image\/jpeg\" \/>\n<meta name=\"twitter:card\" content=\"summary_large_image\" \/>\n<script type=\"application\/ld+json\" class=\"yoast-schema-graph\">{\"@context\":\"https:\/\/schema.org\",\"@graph\":[{\"@type\":\"WebPage\",\"@id\":\"https:\/\/dev.diginotar.at\/de\/familienrecht\/ehepakte-ehevertraege\/\",\"url\":\"https:\/\/dev.diginotar.at\/de\/familienrecht\/ehepakte-ehevertraege\/\",\"name\":\"Ehepakt - Notariat Sch\u00f6ffmann\",\"isPartOf\":{\"@id\":\"https:\/\/dev.diginotar.at\/de\/#website\"},\"datePublished\":\"2021-08-09T09:32:27+00:00\",\"dateModified\":\"2022-03-21T07:06:19+00:00\",\"description\":\"Eine Ehe ist nicht nur eine pers\u00f6nliche Verbindung, sondern auch eine Gemeinschaft im verm\u00f6gensrechtlichen Sinn. Mit einem Ehepakt regeln Sie die Verm\u00f6gensverh\u00e4ltnisse.\",\"breadcrumb\":{\"@id\":\"https:\/\/dev.diginotar.at\/de\/familienrecht\/ehepakte-ehevertraege\/#breadcrumb\"},\"inLanguage\":\"de\",\"potentialAction\":[{\"@type\":\"ReadAction\",\"target\":[\"https:\/\/dev.diginotar.at\/de\/familienrecht\/ehepakte-ehevertraege\/\"]}]},{\"@type\":\"BreadcrumbList\",\"@id\":\"https:\/\/dev.diginotar.at\/de\/familienrecht\/ehepakte-ehevertraege\/#breadcrumb\",\"itemListElement\":[{\"@type\":\"ListItem\",\"position\":1,\"name\":\"Startseite\",\"item\":\"https:\/\/dev.diginotar.at\/de\/\"},{\"@type\":\"ListItem\",\"position\":2,\"name\":\"Familienrecht\",\"item\":\"https:\/\/dev.diginotar.at\/de\/familienrecht\/\"},{\"@type\":\"ListItem\",\"position\":3,\"name\":\"Ehepakte\"}]},{\"@type\":\"WebSite\",\"@id\":\"https:\/\/dev.diginotar.at\/de\/#website\",\"url\":\"https:\/\/dev.diginotar.at\/de\/\",\"name\":\"Notariat Sch\u00f6ffmann\",\"description\":\"Mag. Klaus Sch\u00f6ffmann - Ihr Notar in Klagenfurt\",\"publisher\":{\"@id\":\"https:\/\/dev.diginotar.at\/de\/#organization\"},\"potentialAction\":[{\"@type\":\"SearchAction\",\"target\":{\"@type\":\"EntryPoint\",\"urlTemplate\":\"https:\/\/dev.diginotar.at\/de\/?s={search_term_string}\"},\"query-input\":{\"@type\":\"PropertyValueSpecification\",\"valueRequired\":true,\"valueName\":\"search_term_string\"}}],\"inLanguage\":\"de\"},{\"@type\":\"Organization\",\"@id\":\"https:\/\/dev.diginotar.at\/de\/#organization\",\"name\":\"Notariat Mag. Klaus Sch\u00f6ffmann Klagenfurt\",\"url\":\"https:\/\/dev.diginotar.at\/de\/\",\"logo\":{\"@type\":\"ImageObject\",\"inLanguage\":\"de\",\"@id\":\"https:\/\/dev.diginotar.at\/de\/#\/schema\/logo\/image\/\",\"url\":\"https:\/\/dev.diginotar.at\/wp-content\/uploads\/2022\/02\/logo-notariat-schoeffmann.jpg\",\"contentUrl\":\"https:\/\/dev.diginotar.at\/wp-content\/uploads\/2022\/02\/logo-notariat-schoeffmann.jpg\",\"width\":600,\"height\":600,\"caption\":\"Notariat Mag. Klaus Sch\u00f6ffmann Klagenfurt\"},\"image\":{\"@id\":\"https:\/\/dev.diginotar.at\/de\/#\/schema\/logo\/image\/\"},\"sameAs\":[\"https:\/\/www.facebook.com\/NotarKlagenfurt\",\"https:\/\/www.youtube.com\/channel\/UCaITfbIQh6VIpzEonUsIhcg\"]}]}<\/script>\n<!-- \/ Yoast SEO plugin. -->","yoast_head_json":{"title":"Ehepakt - Notariat Sch\u00f6ffmann","description":"Eine Ehe ist nicht nur eine pers\u00f6nliche Verbindung, sondern auch eine Gemeinschaft im verm\u00f6gensrechtlichen Sinn. Mit einem Ehepakt regeln Sie die Verm\u00f6gensverh\u00e4ltnisse.","robots":{"index":"noindex","follow":"follow","max-snippet":"max-snippet:-1","max-image-preview":"max-image-preview:large","max-video-preview":"max-video-preview:-1"},"og_locale":"de_DE","og_type":"article","og_title":"Ehepakt - Notariat Sch\u00f6ffmann","og_description":"Eine Ehe ist nicht nur eine pers\u00f6nliche Verbindung, sondern auch eine Gemeinschaft im verm\u00f6gensrechtlichen Sinn. Mit einem Ehepakt regeln Sie die Verm\u00f6gensverh\u00e4ltnisse.","og_url":"https:\/\/dev.diginotar.at\/de\/familienrecht\/ehepakte-ehevertraege\/","og_site_name":"Notariat Sch\u00f6ffmann","article_publisher":"https:\/\/www.facebook.com\/NotarKlagenfurt","article_modified_time":"2022-03-21T07:06:19+00:00","og_image":[{"width":1600,"height":1067,"url":"https:\/\/dev.diginotar.at\/wp-content\/uploads\/2021\/08\/Notariat-Schoeffmann-Portraits-2021-09-23_0929.jpg","type":"image\/jpeg"}],"twitter_card":"summary_large_image","schema":{"@context":"https:\/\/schema.org","@graph":[{"@type":"WebPage","@id":"https:\/\/dev.diginotar.at\/de\/familienrecht\/ehepakte-ehevertraege\/","url":"https:\/\/dev.diginotar.at\/de\/familienrecht\/ehepakte-ehevertraege\/","name":"Ehepakt - Notariat Sch\u00f6ffmann","isPartOf":{"@id":"https:\/\/dev.diginotar.at\/de\/#website"},"datePublished":"2021-08-09T09:32:27+00:00","dateModified":"2022-03-21T07:06:19+00:00","description":"Eine Ehe ist nicht nur eine pers\u00f6nliche Verbindung, sondern auch eine Gemeinschaft im verm\u00f6gensrechtlichen Sinn. Mit einem Ehepakt regeln Sie die Verm\u00f6gensverh\u00e4ltnisse.","breadcrumb":{"@id":"https:\/\/dev.diginotar.at\/de\/familienrecht\/ehepakte-ehevertraege\/#breadcrumb"},"inLanguage":"de","potentialAction":[{"@type":"ReadAction","target":["https:\/\/dev.diginotar.at\/de\/familienrecht\/ehepakte-ehevertraege\/"]}]},{"@type":"BreadcrumbList","@id":"https:\/\/dev.diginotar.at\/de\/familienrecht\/ehepakte-ehevertraege\/#breadcrumb","itemListElement":[{"@type":"ListItem","position":1,"name":"Startseite","item":"https:\/\/dev.diginotar.at\/de\/"},{"@type":"ListItem","position":2,"name":"Familienrecht","item":"https:\/\/dev.diginotar.at\/de\/familienrecht\/"},{"@type":"ListItem","position":3,"name":"Ehepakte"}]},{"@type":"WebSite","@id":"https:\/\/dev.diginotar.at\/de\/#website","url":"https:\/\/dev.diginotar.at\/de\/","name":"Notariat Sch\u00f6ffmann","description":"Mag. Klaus Sch\u00f6ffmann - Ihr Notar in Klagenfurt","publisher":{"@id":"https:\/\/dev.diginotar.at\/de\/#organization"},"potentialAction":[{"@type":"SearchAction","target":{"@type":"EntryPoint","urlTemplate":"https:\/\/dev.diginotar.at\/de\/?s={search_term_string}"},"query-input":{"@type":"PropertyValueSpecification","valueRequired":true,"valueName":"search_term_string"}}],"inLanguage":"de"},{"@type":"Organization","@id":"https:\/\/dev.diginotar.at\/de\/#organization","name":"Notariat Mag. Klaus Sch\u00f6ffmann Klagenfurt","url":"https:\/\/dev.diginotar.at\/de\/","logo":{"@type":"ImageObject","inLanguage":"de","@id":"https:\/\/dev.diginotar.at\/de\/#\/schema\/logo\/image\/","url":"https:\/\/dev.diginotar.at\/wp-content\/uploads\/2022\/02\/logo-notariat-schoeffmann.jpg","contentUrl":"https:\/\/dev.diginotar.at\/wp-content\/uploads\/2022\/02\/logo-notariat-schoeffmann.jpg","width":600,"height":600,"caption":"Notariat Mag. Klaus Sch\u00f6ffmann Klagenfurt"},"image":{"@id":"https:\/\/dev.diginotar.at\/de\/#\/schema\/logo\/image\/"},"sameAs":["https:\/\/www.facebook.com\/NotarKlagenfurt","https:\/\/www.youtube.com\/channel\/UCaITfbIQh6VIpzEonUsIhcg"]}]}},"_links":{"self":[{"href":"https:\/\/dev.diginotar.at\/de\/wp-json\/wp\/v2\/pages\/423","targetHints":{"allow":["GET"]}}],"collection":[{"href":"https:\/\/dev.diginotar.at\/de\/wp-json\/wp\/v2\/pages"}],"about":[{"href":"https:\/\/dev.diginotar.at\/de\/wp-json\/wp\/v2\/types\/page"}],"author":[{"embeddable":true,"href":"https:\/\/dev.diginotar.at\/de\/wp-json\/wp\/v2\/users\/3"}],"replies":[{"embeddable":true,"href":"https:\/\/dev.diginotar.at\/de\/wp-json\/wp\/v2\/comments?post=423"}],"version-history":[{"count":5,"href":"https:\/\/dev.diginotar.at\/de\/wp-json\/wp\/v2\/pages\/423\/revisions"}],"predecessor-version":[{"id":2714,"href":"https:\/\/dev.diginotar.at\/de\/wp-json\/wp\/v2\/pages\/423\/revisions\/2714"}],"up":[{"embeddable":true,"href":"https:\/\/dev.diginotar.at\/de\/wp-json\/wp\/v2\/pages\/418"}],"wp:attachment":[{"href":"https:\/\/dev.diginotar.at\/de\/wp-json\/wp\/v2\/media?parent=423"}],"wp:term":[{"taxonomy":"category","embeddable":true,"href":"https:\/\/dev.diginotar.at\/de\/wp-json\/wp\/v2\/categories?post=423"}],"curies":[{"name":"wp","href":"https:\/\/api.w.org\/{rel}","templated":true}]}}