{"id":414,"date":"2021-08-09T11:28:01","date_gmt":"2021-08-09T09:28:01","guid":{"rendered":"https:\/\/dev.diginotar.at\/?page_id=414"},"modified":"2022-02-26T16:54:17","modified_gmt":"2022-02-26T15:54:17","slug":"die-zeit-nach-dem-begraebnis","status":"publish","type":"page","link":"https:\/\/dev.diginotar.at\/de\/erben-vererben\/praktische-tipps-fuer-den-erbfall\/die-zeit-nach-dem-begraebnis\/","title":{"rendered":"Die Zeit nach dem Begr\u00e4bnis"},"content":{"rendered":"<p>Neben der Verst\u00e4ndigung des Arbeitgebers oder der pensionsauszahlenden Stelle kommen meist noch folgende Dinge auf Sie zu:<\/p>\n<ul>\n<li>Sperre des Bankkontos durch Mitteilung des Sterbefalls bei den Banken<\/li>\n<li>\u00c4nderung\/L\u00f6schung von Dauerauftr\u00e4gen<\/li>\n<li>Behebung von Versicherungen (Sterbeurkunde, Polizze, Lichtbildausweis des Antragsstellers)<\/li>\n<li>Mitteilung an die Hausverwaltung<\/li>\n<li>Mitteilung an Post, Telekom, Mobilfunkbetreiber<\/li>\n<li>Mitteilung an Gas- und Stromversorger<\/li>\n<li>Mitteilung an die Kirchenbeitragsstelle<\/li>\n<li>Mitteilung an das Meldeamt<\/li>\n<li>K\u00fcndigung von Mitgliedschaften<\/li>\n<li>K\u00fcndigung von Abonnements<\/li>\n<\/ul>\n<p>Wann immer jemand in \u00d6sterreich verstirbt, kommt es automatisch zu einem Verlassenschaftsverfahren. In diesem werden durch den Notar als Gerichtskommiss\u00e4r die verm\u00f6gensrechtlichen und die pers\u00f6nlichen Verh\u00e4ltnisse des Verstorbenen erhoben und den Erben die Verlassenschaft eingeantwortet.<\/p>\n<p>Wer Ihr zust\u00e4ndiger Gerichtskommiss\u00e4r ist, erfahren Sie am Bezirksgericht und bei ihrem Notar. Der Notar als Gerichtskommiss\u00e4r hilft Ihnen bei allen Frage rund um das Verlassenschaftsverfahren.<\/p>\n<p>Achtung! Bitte beachten Sie, dass in \u00d6sterreich niemand automatisch Erbe ist und daher nicht automatisch verpflichtet ist, Schulden des Verstorbenen zu begleichen, andererseits aber auch nicht erm\u00e4chtigt ist, Dinge des Verstorbenen eigenm\u00e4chtig in Besitz zu nehmen!<\/p>\n","protected":false},"excerpt":{"rendered":"<p>Neben der Verst\u00e4ndigung des Arbeitgebers oder der pensionsauszahlenden Stelle kommen meist noch folgende Dinge auf Sie zu: Sperre des Bankkontos durch Mitteilung des Sterbefalls bei den Banken \u00c4nderung\/L\u00f6schung von Dauerauftr\u00e4gen Behebung von Versicherungen (Sterbeurkunde, Polizze, Lichtbildausweis des Antragsstellers) Mitteilung an die Hausverwaltung Mitteilung an Post, Telekom, Mobilfunkbetreiber Mitteilung an Gas- und Stromversorger Mitteilung an die&hellip;<\/p>\n","protected":false},"author":3,"featured_media":0,"parent":405,"menu_order":2,"comment_status":"closed","ping_status":"closed","template":"","meta":{"inline_featured_image":false,"footnotes":""},"categories":[],"class_list":["post-414","page","type-page","status-publish","hentry","description-off"],"yoast_head":"<!-- This site is optimized with the Yoast SEO plugin v25.7 - https:\/\/yoast.com\/wordpress\/plugins\/seo\/ -->\n<title>Die Zeit nach dem Begr\u00e4bnis &#8211; Notariat Sch\u00f6ffmann<\/title>\n<meta name=\"description\" content=\"Nach dem Begr\u00e4bnis der verstorbenen Person kommen noch einige Dinge auf die Angeh\u00f6rigen zu. Eine Liste der noch zu erledigenden Dinge.\" \/>\n<meta name=\"robots\" content=\"noindex, follow, max-snippet:-1, max-image-preview:large, max-video-preview:-1\" \/>\n<meta property=\"og:locale\" content=\"de_DE\" \/>\n<meta property=\"og:type\" content=\"article\" \/>\n<meta property=\"og:title\" content=\"Die Zeit nach dem Begr\u00e4bnis &#8211; Notariat Sch\u00f6ffmann\" \/>\n<meta property=\"og:description\" content=\"Nach dem Begr\u00e4bnis der verstorbenen Person kommen noch einige Dinge auf die Angeh\u00f6rigen zu. Eine Liste der noch zu erledigenden Dinge.\" \/>\n<meta property=\"og:url\" content=\"https:\/\/dev.diginotar.at\/de\/erben-vererben\/praktische-tipps-fuer-den-erbfall\/die-zeit-nach-dem-begraebnis\/\" \/>\n<meta property=\"og:site_name\" content=\"Notariat Sch\u00f6ffmann\" \/>\n<meta property=\"article:publisher\" content=\"https:\/\/www.facebook.com\/NotarKlagenfurt\" \/>\n<meta property=\"article:modified_time\" content=\"2022-02-26T15:54:17+00:00\" \/>\n<meta property=\"og:image\" content=\"https:\/\/dev.diginotar.at\/wp-content\/uploads\/2021\/11\/Juristen-1.jpg\" \/>\n\t<meta property=\"og:image:width\" content=\"1600\" \/>\n\t<meta property=\"og:image:height\" content=\"1067\" \/>\n\t<meta property=\"og:image:type\" content=\"image\/jpeg\" \/>\n<meta name=\"twitter:card\" content=\"summary_large_image\" \/>\n<script type=\"application\/ld+json\" class=\"yoast-schema-graph\">{\"@context\":\"https:\/\/schema.org\",\"@graph\":[{\"@type\":\"WebPage\",\"@id\":\"https:\/\/dev.diginotar.at\/de\/erben-vererben\/praktische-tipps-fuer-den-erbfall\/die-zeit-nach-dem-begraebnis\/\",\"url\":\"https:\/\/dev.diginotar.at\/de\/erben-vererben\/praktische-tipps-fuer-den-erbfall\/die-zeit-nach-dem-begraebnis\/\",\"name\":\"Die Zeit nach dem Begr\u00e4bnis &#8211; Notariat Sch\u00f6ffmann\",\"isPartOf\":{\"@id\":\"https:\/\/dev.diginotar.at\/de\/#website\"},\"datePublished\":\"2021-08-09T09:28:01+00:00\",\"dateModified\":\"2022-02-26T15:54:17+00:00\",\"description\":\"Nach dem Begr\u00e4bnis der verstorbenen Person kommen noch einige Dinge auf die Angeh\u00f6rigen zu. Eine Liste der noch zu erledigenden Dinge.\",\"breadcrumb\":{\"@id\":\"https:\/\/dev.diginotar.at\/de\/erben-vererben\/praktische-tipps-fuer-den-erbfall\/die-zeit-nach-dem-begraebnis\/#breadcrumb\"},\"inLanguage\":\"de\",\"potentialAction\":[{\"@type\":\"ReadAction\",\"target\":[\"https:\/\/dev.diginotar.at\/de\/erben-vererben\/praktische-tipps-fuer-den-erbfall\/die-zeit-nach-dem-begraebnis\/\"]}]},{\"@type\":\"BreadcrumbList\",\"@id\":\"https:\/\/dev.diginotar.at\/de\/erben-vererben\/praktische-tipps-fuer-den-erbfall\/die-zeit-nach-dem-begraebnis\/#breadcrumb\",\"itemListElement\":[{\"@type\":\"ListItem\",\"position\":1,\"name\":\"Startseite\",\"item\":\"https:\/\/dev.diginotar.at\/de\/\"},{\"@type\":\"ListItem\",\"position\":2,\"name\":\"Was ist das Erbrecht?\",\"item\":\"https:\/\/dev.diginotar.at\/de\/erben-vererben\/\"},{\"@type\":\"ListItem\",\"position\":3,\"name\":\"Praktische Tipps f\u00fcr den Erbfall\",\"item\":\"https:\/\/dev.diginotar.at\/de\/erben-vererben\/praktische-tipps-fuer-den-erbfall\/\"},{\"@type\":\"ListItem\",\"position\":4,\"name\":\"Die Zeit nach dem Begr\u00e4bnis\"}]},{\"@type\":\"WebSite\",\"@id\":\"https:\/\/dev.diginotar.at\/de\/#website\",\"url\":\"https:\/\/dev.diginotar.at\/de\/\",\"name\":\"Notariat Sch\u00f6ffmann\",\"description\":\"Mag. Klaus Sch\u00f6ffmann - Ihr Notar in Klagenfurt\",\"publisher\":{\"@id\":\"https:\/\/dev.diginotar.at\/de\/#organization\"},\"potentialAction\":[{\"@type\":\"SearchAction\",\"target\":{\"@type\":\"EntryPoint\",\"urlTemplate\":\"https:\/\/dev.diginotar.at\/de\/?s={search_term_string}\"},\"query-input\":{\"@type\":\"PropertyValueSpecification\",\"valueRequired\":true,\"valueName\":\"search_term_string\"}}],\"inLanguage\":\"de\"},{\"@type\":\"Organization\",\"@id\":\"https:\/\/dev.diginotar.at\/de\/#organization\",\"name\":\"Notariat Mag. Klaus Sch\u00f6ffmann Klagenfurt\",\"url\":\"https:\/\/dev.diginotar.at\/de\/\",\"logo\":{\"@type\":\"ImageObject\",\"inLanguage\":\"de\",\"@id\":\"https:\/\/dev.diginotar.at\/de\/#\/schema\/logo\/image\/\",\"url\":\"https:\/\/dev.diginotar.at\/wp-content\/uploads\/2022\/02\/logo-notariat-schoeffmann.jpg\",\"contentUrl\":\"https:\/\/dev.diginotar.at\/wp-content\/uploads\/2022\/02\/logo-notariat-schoeffmann.jpg\",\"width\":600,\"height\":600,\"caption\":\"Notariat Mag. Klaus Sch\u00f6ffmann Klagenfurt\"},\"image\":{\"@id\":\"https:\/\/dev.diginotar.at\/de\/#\/schema\/logo\/image\/\"},\"sameAs\":[\"https:\/\/www.facebook.com\/NotarKlagenfurt\",\"https:\/\/www.youtube.com\/channel\/UCaITfbIQh6VIpzEonUsIhcg\"]}]}<\/script>\n<!-- \/ Yoast SEO plugin. -->","yoast_head_json":{"title":"Die Zeit nach dem Begr\u00e4bnis &#8211; Notariat Sch\u00f6ffmann","description":"Nach dem Begr\u00e4bnis der verstorbenen Person kommen noch einige Dinge auf die Angeh\u00f6rigen zu. Eine Liste der noch zu erledigenden Dinge.","robots":{"index":"noindex","follow":"follow","max-snippet":"max-snippet:-1","max-image-preview":"max-image-preview:large","max-video-preview":"max-video-preview:-1"},"og_locale":"de_DE","og_type":"article","og_title":"Die Zeit nach dem Begr\u00e4bnis &#8211; Notariat Sch\u00f6ffmann","og_description":"Nach dem Begr\u00e4bnis der verstorbenen Person kommen noch einige Dinge auf die Angeh\u00f6rigen zu. Eine Liste der noch zu erledigenden Dinge.","og_url":"https:\/\/dev.diginotar.at\/de\/erben-vererben\/praktische-tipps-fuer-den-erbfall\/die-zeit-nach-dem-begraebnis\/","og_site_name":"Notariat Sch\u00f6ffmann","article_publisher":"https:\/\/www.facebook.com\/NotarKlagenfurt","article_modified_time":"2022-02-26T15:54:17+00:00","og_image":[{"width":1600,"height":1067,"url":"https:\/\/dev.diginotar.at\/wp-content\/uploads\/2021\/11\/Juristen-1.jpg","type":"image\/jpeg"}],"twitter_card":"summary_large_image","schema":{"@context":"https:\/\/schema.org","@graph":[{"@type":"WebPage","@id":"https:\/\/dev.diginotar.at\/de\/erben-vererben\/praktische-tipps-fuer-den-erbfall\/die-zeit-nach-dem-begraebnis\/","url":"https:\/\/dev.diginotar.at\/de\/erben-vererben\/praktische-tipps-fuer-den-erbfall\/die-zeit-nach-dem-begraebnis\/","name":"Die Zeit nach dem Begr\u00e4bnis &#8211; Notariat Sch\u00f6ffmann","isPartOf":{"@id":"https:\/\/dev.diginotar.at\/de\/#website"},"datePublished":"2021-08-09T09:28:01+00:00","dateModified":"2022-02-26T15:54:17+00:00","description":"Nach dem Begr\u00e4bnis der verstorbenen Person kommen noch einige Dinge auf die Angeh\u00f6rigen zu. Eine Liste der noch zu erledigenden Dinge.","breadcrumb":{"@id":"https:\/\/dev.diginotar.at\/de\/erben-vererben\/praktische-tipps-fuer-den-erbfall\/die-zeit-nach-dem-begraebnis\/#breadcrumb"},"inLanguage":"de","potentialAction":[{"@type":"ReadAction","target":["https:\/\/dev.diginotar.at\/de\/erben-vererben\/praktische-tipps-fuer-den-erbfall\/die-zeit-nach-dem-begraebnis\/"]}]},{"@type":"BreadcrumbList","@id":"https:\/\/dev.diginotar.at\/de\/erben-vererben\/praktische-tipps-fuer-den-erbfall\/die-zeit-nach-dem-begraebnis\/#breadcrumb","itemListElement":[{"@type":"ListItem","position":1,"name":"Startseite","item":"https:\/\/dev.diginotar.at\/de\/"},{"@type":"ListItem","position":2,"name":"Was ist das Erbrecht?","item":"https:\/\/dev.diginotar.at\/de\/erben-vererben\/"},{"@type":"ListItem","position":3,"name":"Praktische Tipps f\u00fcr den Erbfall","item":"https:\/\/dev.diginotar.at\/de\/erben-vererben\/praktische-tipps-fuer-den-erbfall\/"},{"@type":"ListItem","position":4,"name":"Die Zeit nach dem Begr\u00e4bnis"}]},{"@type":"WebSite","@id":"https:\/\/dev.diginotar.at\/de\/#website","url":"https:\/\/dev.diginotar.at\/de\/","name":"Notariat Sch\u00f6ffmann","description":"Mag. Klaus Sch\u00f6ffmann - Ihr Notar in Klagenfurt","publisher":{"@id":"https:\/\/dev.diginotar.at\/de\/#organization"},"potentialAction":[{"@type":"SearchAction","target":{"@type":"EntryPoint","urlTemplate":"https:\/\/dev.diginotar.at\/de\/?s={search_term_string}"},"query-input":{"@type":"PropertyValueSpecification","valueRequired":true,"valueName":"search_term_string"}}],"inLanguage":"de"},{"@type":"Organization","@id":"https:\/\/dev.diginotar.at\/de\/#organization","name":"Notariat Mag. Klaus Sch\u00f6ffmann Klagenfurt","url":"https:\/\/dev.diginotar.at\/de\/","logo":{"@type":"ImageObject","inLanguage":"de","@id":"https:\/\/dev.diginotar.at\/de\/#\/schema\/logo\/image\/","url":"https:\/\/dev.diginotar.at\/wp-content\/uploads\/2022\/02\/logo-notariat-schoeffmann.jpg","contentUrl":"https:\/\/dev.diginotar.at\/wp-content\/uploads\/2022\/02\/logo-notariat-schoeffmann.jpg","width":600,"height":600,"caption":"Notariat Mag. Klaus Sch\u00f6ffmann Klagenfurt"},"image":{"@id":"https:\/\/dev.diginotar.at\/de\/#\/schema\/logo\/image\/"},"sameAs":["https:\/\/www.facebook.com\/NotarKlagenfurt","https:\/\/www.youtube.com\/channel\/UCaITfbIQh6VIpzEonUsIhcg"]}]}},"_links":{"self":[{"href":"https:\/\/dev.diginotar.at\/de\/wp-json\/wp\/v2\/pages\/414","targetHints":{"allow":["GET"]}}],"collection":[{"href":"https:\/\/dev.diginotar.at\/de\/wp-json\/wp\/v2\/pages"}],"about":[{"href":"https:\/\/dev.diginotar.at\/de\/wp-json\/wp\/v2\/types\/page"}],"author":[{"embeddable":true,"href":"https:\/\/dev.diginotar.at\/de\/wp-json\/wp\/v2\/users\/3"}],"replies":[{"embeddable":true,"href":"https:\/\/dev.diginotar.at\/de\/wp-json\/wp\/v2\/comments?post=414"}],"version-history":[{"count":2,"href":"https:\/\/dev.diginotar.at\/de\/wp-json\/wp\/v2\/pages\/414\/revisions"}],"predecessor-version":[{"id":1484,"href":"https:\/\/dev.diginotar.at\/de\/wp-json\/wp\/v2\/pages\/414\/revisions\/1484"}],"up":[{"embeddable":true,"href":"https:\/\/dev.diginotar.at\/de\/wp-json\/wp\/v2\/pages\/405"}],"wp:attachment":[{"href":"https:\/\/dev.diginotar.at\/de\/wp-json\/wp\/v2\/media?parent=414"}],"wp:term":[{"taxonomy":"category","embeddable":true,"href":"https:\/\/dev.diginotar.at\/de\/wp-json\/wp\/v2\/categories?post=414"}],"curies":[{"name":"wp","href":"https:\/\/api.w.org\/{rel}","templated":true}]}}