{"id":403,"date":"2021-08-09T11:25:08","date_gmt":"2021-08-09T09:25:08","guid":{"rendered":"https:\/\/dev.diginotar.at\/?page_id=403"},"modified":"2022-02-26T16:45:17","modified_gmt":"2022-02-26T15:45:17","slug":"lohnsteuer","status":"publish","type":"page","link":"https:\/\/dev.diginotar.at\/de\/erben-vererben\/steuern-und-gebuehren\/lohnsteuer\/","title":{"rendered":"Lohnsteuer"},"content":{"rendered":"<p>Die Kosten einer einfachen Bestattung (ca.5.000,- Euro) geh\u00f6ren in der Verlassenschaft zu den bevorrechteten Verlassenschaftsverbindlichkeiten. Sie sind demnach vorrangig aus einem vorhandenen Verlassenschaftsverm\u00f6gen zu bestreiten:<\/p>\n<p>Ist keine ausreichende Verlassenschaft zur Deckung der Begr\u00e4bniskosten vorhanden, so haften hierf\u00fcr die zum Unterhalt des Verstorbenen Verpflichteten. Diese k\u00f6nnen die von ihnen getragenen Begr\u00e4bniskosten sowie die Kosten f\u00fcr Blumen und Kr\u00e4nze, f\u00fcr ein schlichtes, dem Ortsgebrauch entsprechendes Totenmahl sowie von Beileiddanksagungen steuerlich als au\u00dfergew\u00f6hnliche Belastungen geltend machen. Nicht absetzbar sind hingegen Kosten der Trauerkleidung und der Grabpflege.<\/p>\n<p>Zusch\u00fcsse (Versicherungsleistungen wie z.B Wiener Verein) sind von den tats\u00e4chlich angefallenen Begr\u00e4bniskosten abzuziehen.<\/p>\n<p>Geltend gemacht werden k\u00f6nnen insbesondere<\/p>\n<ul>\n<li>Kosten eines einfach gestalteten Begr\u00e4bnisses<\/li>\n<li>Kosten eines Grabmals<\/li>\n<\/ul>\n","protected":false},"excerpt":{"rendered":"<p>Die Kosten einer einfachen Bestattung (ca.5.000,- Euro) geh\u00f6ren in der Verlassenschaft zu den bevorrechteten Verlassenschaftsverbindlichkeiten. Sie sind demnach vorrangig aus einem vorhandenen Verlassenschaftsverm\u00f6gen zu bestreiten: Ist keine ausreichende Verlassenschaft zur Deckung der Begr\u00e4bniskosten vorhanden, so haften hierf\u00fcr die zum Unterhalt des Verstorbenen Verpflichteten. Diese k\u00f6nnen die von ihnen getragenen Begr\u00e4bniskosten sowie die Kosten f\u00fcr Blumen&hellip;<\/p>\n","protected":false},"author":3,"featured_media":0,"parent":397,"menu_order":2,"comment_status":"closed","ping_status":"closed","template":"","meta":{"inline_featured_image":false,"footnotes":""},"categories":[],"class_list":["post-403","page","type-page","status-publish","hentry","description-off"],"yoast_head":"<!-- This site is optimized with the Yoast SEO plugin v25.7 - https:\/\/yoast.com\/wordpress\/plugins\/seo\/ -->\n<title>Lohnsteuer &#8211; Notariat Sch\u00f6ffmann<\/title>\n<meta name=\"description\" content=\"Personen, die zum Unterhalt des Verstorbenen verpflichtet waren, k\u00f6nnen gewisse Ausgaben steuerlich als au\u00dfergew\u00f6hnliche Belastungen geltend machen.\" \/>\n<meta name=\"robots\" content=\"noindex, follow, max-snippet:-1, max-image-preview:large, max-video-preview:-1\" \/>\n<meta property=\"og:locale\" content=\"de_DE\" \/>\n<meta property=\"og:type\" content=\"article\" \/>\n<meta property=\"og:title\" content=\"Lohnsteuer &#8211; Notariat Sch\u00f6ffmann\" \/>\n<meta property=\"og:description\" content=\"Personen, die zum Unterhalt des Verstorbenen verpflichtet waren, k\u00f6nnen gewisse Ausgaben steuerlich als au\u00dfergew\u00f6hnliche Belastungen geltend machen.\" \/>\n<meta property=\"og:url\" content=\"https:\/\/dev.diginotar.at\/de\/erben-vererben\/steuern-und-gebuehren\/lohnsteuer\/\" \/>\n<meta property=\"og:site_name\" content=\"Notariat Sch\u00f6ffmann\" \/>\n<meta property=\"article:publisher\" content=\"https:\/\/www.facebook.com\/NotarKlagenfurt\" \/>\n<meta property=\"article:modified_time\" content=\"2022-02-26T15:45:17+00:00\" \/>\n<meta property=\"og:image\" content=\"https:\/\/dev.diginotar.at\/wp-content\/uploads\/2021\/11\/Juristen-1.jpg\" \/>\n\t<meta property=\"og:image:width\" content=\"1600\" \/>\n\t<meta property=\"og:image:height\" content=\"1067\" \/>\n\t<meta property=\"og:image:type\" content=\"image\/jpeg\" \/>\n<meta name=\"twitter:card\" content=\"summary_large_image\" \/>\n<script type=\"application\/ld+json\" class=\"yoast-schema-graph\">{\"@context\":\"https:\/\/schema.org\",\"@graph\":[{\"@type\":\"WebPage\",\"@id\":\"https:\/\/dev.diginotar.at\/de\/erben-vererben\/steuern-und-gebuehren\/lohnsteuer\/\",\"url\":\"https:\/\/dev.diginotar.at\/de\/erben-vererben\/steuern-und-gebuehren\/lohnsteuer\/\",\"name\":\"Lohnsteuer &#8211; Notariat Sch\u00f6ffmann\",\"isPartOf\":{\"@id\":\"https:\/\/dev.diginotar.at\/de\/#website\"},\"datePublished\":\"2021-08-09T09:25:08+00:00\",\"dateModified\":\"2022-02-26T15:45:17+00:00\",\"description\":\"Personen, die zum Unterhalt des Verstorbenen verpflichtet waren, k\u00f6nnen gewisse Ausgaben steuerlich als au\u00dfergew\u00f6hnliche Belastungen geltend machen.\",\"breadcrumb\":{\"@id\":\"https:\/\/dev.diginotar.at\/de\/erben-vererben\/steuern-und-gebuehren\/lohnsteuer\/#breadcrumb\"},\"inLanguage\":\"de\",\"potentialAction\":[{\"@type\":\"ReadAction\",\"target\":[\"https:\/\/dev.diginotar.at\/de\/erben-vererben\/steuern-und-gebuehren\/lohnsteuer\/\"]}]},{\"@type\":\"BreadcrumbList\",\"@id\":\"https:\/\/dev.diginotar.at\/de\/erben-vererben\/steuern-und-gebuehren\/lohnsteuer\/#breadcrumb\",\"itemListElement\":[{\"@type\":\"ListItem\",\"position\":1,\"name\":\"Startseite\",\"item\":\"https:\/\/dev.diginotar.at\/de\/\"},{\"@type\":\"ListItem\",\"position\":2,\"name\":\"Was ist das Erbrecht?\",\"item\":\"https:\/\/dev.diginotar.at\/de\/erben-vererben\/\"},{\"@type\":\"ListItem\",\"position\":3,\"name\":\"Steuern und Geb\u00fchren\",\"item\":\"https:\/\/dev.diginotar.at\/de\/erben-vererben\/steuern-und-gebuehren\/\"},{\"@type\":\"ListItem\",\"position\":4,\"name\":\"Lohnsteuer\"}]},{\"@type\":\"WebSite\",\"@id\":\"https:\/\/dev.diginotar.at\/de\/#website\",\"url\":\"https:\/\/dev.diginotar.at\/de\/\",\"name\":\"Notariat Sch\u00f6ffmann\",\"description\":\"Mag. Klaus Sch\u00f6ffmann - Ihr Notar in Klagenfurt\",\"publisher\":{\"@id\":\"https:\/\/dev.diginotar.at\/de\/#organization\"},\"potentialAction\":[{\"@type\":\"SearchAction\",\"target\":{\"@type\":\"EntryPoint\",\"urlTemplate\":\"https:\/\/dev.diginotar.at\/de\/?s={search_term_string}\"},\"query-input\":{\"@type\":\"PropertyValueSpecification\",\"valueRequired\":true,\"valueName\":\"search_term_string\"}}],\"inLanguage\":\"de\"},{\"@type\":\"Organization\",\"@id\":\"https:\/\/dev.diginotar.at\/de\/#organization\",\"name\":\"Notariat Mag. Klaus Sch\u00f6ffmann Klagenfurt\",\"url\":\"https:\/\/dev.diginotar.at\/de\/\",\"logo\":{\"@type\":\"ImageObject\",\"inLanguage\":\"de\",\"@id\":\"https:\/\/dev.diginotar.at\/de\/#\/schema\/logo\/image\/\",\"url\":\"https:\/\/dev.diginotar.at\/wp-content\/uploads\/2022\/02\/logo-notariat-schoeffmann.jpg\",\"contentUrl\":\"https:\/\/dev.diginotar.at\/wp-content\/uploads\/2022\/02\/logo-notariat-schoeffmann.jpg\",\"width\":600,\"height\":600,\"caption\":\"Notariat Mag. Klaus Sch\u00f6ffmann Klagenfurt\"},\"image\":{\"@id\":\"https:\/\/dev.diginotar.at\/de\/#\/schema\/logo\/image\/\"},\"sameAs\":[\"https:\/\/www.facebook.com\/NotarKlagenfurt\",\"https:\/\/www.youtube.com\/channel\/UCaITfbIQh6VIpzEonUsIhcg\"]}]}<\/script>\n<!-- \/ Yoast SEO plugin. -->","yoast_head_json":{"title":"Lohnsteuer &#8211; Notariat Sch\u00f6ffmann","description":"Personen, die zum Unterhalt des Verstorbenen verpflichtet waren, k\u00f6nnen gewisse Ausgaben steuerlich als au\u00dfergew\u00f6hnliche Belastungen geltend machen.","robots":{"index":"noindex","follow":"follow","max-snippet":"max-snippet:-1","max-image-preview":"max-image-preview:large","max-video-preview":"max-video-preview:-1"},"og_locale":"de_DE","og_type":"article","og_title":"Lohnsteuer &#8211; Notariat Sch\u00f6ffmann","og_description":"Personen, die zum Unterhalt des Verstorbenen verpflichtet waren, k\u00f6nnen gewisse Ausgaben steuerlich als au\u00dfergew\u00f6hnliche Belastungen geltend machen.","og_url":"https:\/\/dev.diginotar.at\/de\/erben-vererben\/steuern-und-gebuehren\/lohnsteuer\/","og_site_name":"Notariat Sch\u00f6ffmann","article_publisher":"https:\/\/www.facebook.com\/NotarKlagenfurt","article_modified_time":"2022-02-26T15:45:17+00:00","og_image":[{"width":1600,"height":1067,"url":"https:\/\/dev.diginotar.at\/wp-content\/uploads\/2021\/11\/Juristen-1.jpg","type":"image\/jpeg"}],"twitter_card":"summary_large_image","schema":{"@context":"https:\/\/schema.org","@graph":[{"@type":"WebPage","@id":"https:\/\/dev.diginotar.at\/de\/erben-vererben\/steuern-und-gebuehren\/lohnsteuer\/","url":"https:\/\/dev.diginotar.at\/de\/erben-vererben\/steuern-und-gebuehren\/lohnsteuer\/","name":"Lohnsteuer &#8211; Notariat Sch\u00f6ffmann","isPartOf":{"@id":"https:\/\/dev.diginotar.at\/de\/#website"},"datePublished":"2021-08-09T09:25:08+00:00","dateModified":"2022-02-26T15:45:17+00:00","description":"Personen, die zum Unterhalt des Verstorbenen verpflichtet waren, k\u00f6nnen gewisse Ausgaben steuerlich als au\u00dfergew\u00f6hnliche Belastungen geltend machen.","breadcrumb":{"@id":"https:\/\/dev.diginotar.at\/de\/erben-vererben\/steuern-und-gebuehren\/lohnsteuer\/#breadcrumb"},"inLanguage":"de","potentialAction":[{"@type":"ReadAction","target":["https:\/\/dev.diginotar.at\/de\/erben-vererben\/steuern-und-gebuehren\/lohnsteuer\/"]}]},{"@type":"BreadcrumbList","@id":"https:\/\/dev.diginotar.at\/de\/erben-vererben\/steuern-und-gebuehren\/lohnsteuer\/#breadcrumb","itemListElement":[{"@type":"ListItem","position":1,"name":"Startseite","item":"https:\/\/dev.diginotar.at\/de\/"},{"@type":"ListItem","position":2,"name":"Was ist das Erbrecht?","item":"https:\/\/dev.diginotar.at\/de\/erben-vererben\/"},{"@type":"ListItem","position":3,"name":"Steuern und Geb\u00fchren","item":"https:\/\/dev.diginotar.at\/de\/erben-vererben\/steuern-und-gebuehren\/"},{"@type":"ListItem","position":4,"name":"Lohnsteuer"}]},{"@type":"WebSite","@id":"https:\/\/dev.diginotar.at\/de\/#website","url":"https:\/\/dev.diginotar.at\/de\/","name":"Notariat Sch\u00f6ffmann","description":"Mag. Klaus Sch\u00f6ffmann - Ihr Notar in Klagenfurt","publisher":{"@id":"https:\/\/dev.diginotar.at\/de\/#organization"},"potentialAction":[{"@type":"SearchAction","target":{"@type":"EntryPoint","urlTemplate":"https:\/\/dev.diginotar.at\/de\/?s={search_term_string}"},"query-input":{"@type":"PropertyValueSpecification","valueRequired":true,"valueName":"search_term_string"}}],"inLanguage":"de"},{"@type":"Organization","@id":"https:\/\/dev.diginotar.at\/de\/#organization","name":"Notariat Mag. Klaus Sch\u00f6ffmann Klagenfurt","url":"https:\/\/dev.diginotar.at\/de\/","logo":{"@type":"ImageObject","inLanguage":"de","@id":"https:\/\/dev.diginotar.at\/de\/#\/schema\/logo\/image\/","url":"https:\/\/dev.diginotar.at\/wp-content\/uploads\/2022\/02\/logo-notariat-schoeffmann.jpg","contentUrl":"https:\/\/dev.diginotar.at\/wp-content\/uploads\/2022\/02\/logo-notariat-schoeffmann.jpg","width":600,"height":600,"caption":"Notariat Mag. Klaus Sch\u00f6ffmann Klagenfurt"},"image":{"@id":"https:\/\/dev.diginotar.at\/de\/#\/schema\/logo\/image\/"},"sameAs":["https:\/\/www.facebook.com\/NotarKlagenfurt","https:\/\/www.youtube.com\/channel\/UCaITfbIQh6VIpzEonUsIhcg"]}]}},"_links":{"self":[{"href":"https:\/\/dev.diginotar.at\/de\/wp-json\/wp\/v2\/pages\/403","targetHints":{"allow":["GET"]}}],"collection":[{"href":"https:\/\/dev.diginotar.at\/de\/wp-json\/wp\/v2\/pages"}],"about":[{"href":"https:\/\/dev.diginotar.at\/de\/wp-json\/wp\/v2\/types\/page"}],"author":[{"embeddable":true,"href":"https:\/\/dev.diginotar.at\/de\/wp-json\/wp\/v2\/users\/3"}],"replies":[{"embeddable":true,"href":"https:\/\/dev.diginotar.at\/de\/wp-json\/wp\/v2\/comments?post=403"}],"version-history":[{"count":2,"href":"https:\/\/dev.diginotar.at\/de\/wp-json\/wp\/v2\/pages\/403\/revisions"}],"predecessor-version":[{"id":1493,"href":"https:\/\/dev.diginotar.at\/de\/wp-json\/wp\/v2\/pages\/403\/revisions\/1493"}],"up":[{"embeddable":true,"href":"https:\/\/dev.diginotar.at\/de\/wp-json\/wp\/v2\/pages\/397"}],"wp:attachment":[{"href":"https:\/\/dev.diginotar.at\/de\/wp-json\/wp\/v2\/media?parent=403"}],"wp:term":[{"taxonomy":"category","embeddable":true,"href":"https:\/\/dev.diginotar.at\/de\/wp-json\/wp\/v2\/categories?post=403"}],"curies":[{"name":"wp","href":"https:\/\/api.w.org\/{rel}","templated":true}]}}