{"id":395,"date":"2021-08-09T11:22:41","date_gmt":"2021-08-09T09:22:41","guid":{"rendered":"https:\/\/dev.diginotar.at\/?page_id=395"},"modified":"2022-02-26T16:36:30","modified_gmt":"2022-02-26T15:36:30","slug":"internationales-erbrecht","status":"publish","type":"page","link":"https:\/\/dev.diginotar.at\/de\/erben-vererben\/verlassenschaftsverfahren\/internationales-erbrecht\/","title":{"rendered":"Internationales Erbrecht"},"content":{"rendered":"<div class=\"neos-contentcollection\">\n<div class=\"standard typo3-neos-nodetypes-text\">\n<div>\n<p>Gerade ein zusammenwachsendes Europa bewirkt auch, dass Sterbef\u00e4lle mit grenz\u00fcberschreitenden Aspekten h\u00e4ufiger vorkommen.<\/p>\n<p>Hier ist in jedem Fall die Beratung durch einen Notar, oft auch ein grenz\u00fcberschreitendes Zusammenwirken mehrerer Notare ein MUSS!<\/p>\n<\/div>\n<\/div>\n<\/div>\n<h3>Die EU-Erbrechtsverordnung<\/h3>\n<p>Seit 17.08.2015 ist die EU-Erbrechtsverordnung auf grenz\u00fcberschreitende Erbf\u00e4lle anzuwenden. Sie gilt in allen Mitgliedstaaten der EU mit Ausnahme Irlands und D\u00e4nemarks.<\/p>\n<p>Zentraler Ankn\u00fcpfungspunkt f\u00fcr Gerichtszust\u00e4ndigkeit und anwendbares Recht ist der&nbsp;<b>gew\u00f6hnliche Aufenthaltsort<\/b>&nbsp;des Verstorbenen.<\/p>\n<p>Der Verstorbene kann auch selbst das anzuwendende Recht bestimmen, indem er es in seinem Testament festlegt. Er kann im Testament aber nur das Recht des Staates w\u00e4hlen, dessen Staatsangeh\u00f6riger er im Todeszeitpunkt ist. Durch die Rechtswahl kann sich der Verstorbene gegen einen Rechtsnormenwechsel infolge Ver\u00e4nderung seines Aufenthaltsortes absichern und so die Anwendung eines ihm vertrauten Rechts auf seine Erbfolge absichern<\/p>\n\n<div class=\"lazyblock-infobox-26m7Xr wp-block-lazyblock-infobox\"><div class=\"notar_beispielbox\">\n  <h2>Beispiel<\/h2>\n  <div class=\"notar_infobox_content\"><p>Ein \u00f6sterreichischer Staatsangeh\u00f6riger zieht nach Berlin, lebt dort einige Jahre und verstirbt schlie\u00dflich dort. Hat er keine Rechtswahl in einem Testament getroffen, ist auf seinen Todesfall deutsches Recht anzuwenden. M\u00f6chte er nicht, dass er nach deutschem Recht beerbt wird, kann er in seinem Testament anordnen, dass \u00f6sterreichisches Recht anzuwenden ist.<\/p><\/div>\n<\/div>\n\n<\/div>\n\n\n<p>Eine Rechtswahl ist vor allem Personen zu empfehlen, die ihren gew\u00f6hnlichen Aufenthaltsort h\u00e4ufig wechseln.<\/p>\n\n\n\n<p>Umgekehrt kann durch gezielte Auswahl des Aufenthaltsortes oder durch gezielte Rechtswahl auch die rechtliche Situation in Zusammenhang mit Erb- und Pflichtteilsanpr\u00fcchen gesteuert werden.<br>Eine optimale Beratung setzt allerdings eine Kenntnis des Erbrechts am gew\u00f6hnlichen bzw. am k\u00fcnftigen Aufenthaltsort des Verstorbenen als auch des Erbrechts in seinem Heimatstaat voraus.<\/p>\n\n\n<div class=\"lazyblock-infobox-vvAGy wp-block-lazyblock-infobox\"><div class=\"notar_standard\">\n  <h2>Tipp<\/h2>\n  <div class=\"notar_infobox_content\"><p>Auch wenn derzeit keine Anhaltspunkte daf\u00fcr ersichtlich sind, dass ein Auslandsbezug auftritt, ist eine Rechtswahl sinnvoll. Sie k\u00f6nnten ja in Zukunft einmal \u00fcbersiedeln. Der Notar ber\u00e4t Sie!<\/p><\/div>\n<\/div>\n\n<\/div>\n\n\n<p>Als Nachweis der erbrechtlichen Stellung im Ausland dient das&nbsp;<strong>Europ\u00e4ische Nachlasszeugnis<\/strong>, das auf Antrag ausgestellt wird. Antragsberechtigt sind Erben, Verm\u00e4chtnisnehmer oder Testamentsvollstrecker.<\/p>\n\n\n\n<p>In \u00d6sterreich wird das Europ\u00e4ische Nachlasszeugnis im Regelfall durch den Gerichtskommiss\u00e4r und in bestimmten F\u00e4llen durch das Gericht ausgestellt.<\/p>\n\n\n\n<p>Das Europ\u00e4ische Nachlasszeugnis ist f\u00fcr maximal 6 Monate g\u00fcltig. Nach Ablauf der sechs Monate kann eine Verl\u00e4ngerung der G\u00fcltigkeit oder die Ausstellung einer neuen beglaubigten Abschrift beantragt werden.<\/p>\n\n\n\n<p>Das Europ\u00e4ische Nachlasszeugnis entfaltet ohne weitere Voraussetzungen in allen Mitgliedsstaaten der EU seine Wirkungen. Mit Hilfe des Europ\u00e4ischen Nachlasszeugnisses kann daher in jedem Mitgliedsstaat das Eigentum des Erben einverleibt werden. Damit k\u00f6nnen Sie zum Beispiel das Konto in Deutschland realisieren oder die Wohnung in Grado \u00fcberschreiben lassen.<\/p>\n","protected":false},"excerpt":{"rendered":"<p>Gerade ein zusammenwachsendes Europa bewirkt auch, dass Sterbef\u00e4lle mit grenz\u00fcberschreitenden Aspekten h\u00e4ufiger vorkommen. Hier ist in jedem Fall die Beratung durch einen Notar, oft auch ein grenz\u00fcberschreitendes Zusammenwirken mehrerer Notare ein MUSS! Die EU-Erbrechtsverordnung Seit 17.08.2015 ist die EU-Erbrechtsverordnung auf grenz\u00fcberschreitende Erbf\u00e4lle anzuwenden. Sie gilt in allen Mitgliedstaaten der EU mit Ausnahme Irlands und D\u00e4nemarks.&hellip;<\/p>\n","protected":false},"author":3,"featured_media":0,"parent":389,"menu_order":2,"comment_status":"closed","ping_status":"closed","template":"","meta":{"inline_featured_image":false,"footnotes":""},"categories":[],"class_list":["post-395","page","type-page","status-publish","hentry","description-off"],"yoast_head":"<!-- This site is optimized with the Yoast SEO plugin v25.7 - https:\/\/yoast.com\/wordpress\/plugins\/seo\/ -->\n<title>Internationales Erbrecht &#8211; Notariat Sch\u00f6ffmann<\/title>\n<meta name=\"description\" content=\"Gerade ein zusammenwachsendes Europa bewirkt, dass Sterbef\u00e4lle mit grenz\u00fcberschreitenden Aspekten h\u00e4ufiger vorkommen. Der Notar ber\u00e4t Sie.\" \/>\n<meta name=\"robots\" content=\"noindex, follow, max-snippet:-1, max-image-preview:large, max-video-preview:-1\" \/>\n<meta property=\"og:locale\" content=\"de_DE\" \/>\n<meta property=\"og:type\" content=\"article\" \/>\n<meta property=\"og:title\" content=\"Internationales Erbrecht &#8211; Notariat Sch\u00f6ffmann\" \/>\n<meta property=\"og:description\" content=\"Gerade ein zusammenwachsendes Europa bewirkt, dass Sterbef\u00e4lle mit grenz\u00fcberschreitenden Aspekten h\u00e4ufiger vorkommen. Der Notar ber\u00e4t Sie.\" \/>\n<meta property=\"og:url\" content=\"https:\/\/dev.diginotar.at\/de\/erben-vererben\/verlassenschaftsverfahren\/internationales-erbrecht\/\" \/>\n<meta property=\"og:site_name\" content=\"Notariat Sch\u00f6ffmann\" \/>\n<meta property=\"article:publisher\" content=\"https:\/\/www.facebook.com\/NotarKlagenfurt\" \/>\n<meta property=\"article:modified_time\" content=\"2022-02-26T15:36:30+00:00\" \/>\n<meta property=\"og:image\" content=\"https:\/\/dev.diginotar.at\/wp-content\/uploads\/2021\/11\/Juristen-1.jpg\" \/>\n\t<meta property=\"og:image:width\" content=\"1600\" \/>\n\t<meta property=\"og:image:height\" content=\"1067\" \/>\n\t<meta property=\"og:image:type\" content=\"image\/jpeg\" \/>\n<meta name=\"twitter:card\" content=\"summary_large_image\" \/>\n<script type=\"application\/ld+json\" class=\"yoast-schema-graph\">{\"@context\":\"https:\/\/schema.org\",\"@graph\":[{\"@type\":\"WebPage\",\"@id\":\"https:\/\/dev.diginotar.at\/de\/erben-vererben\/verlassenschaftsverfahren\/internationales-erbrecht\/\",\"url\":\"https:\/\/dev.diginotar.at\/de\/erben-vererben\/verlassenschaftsverfahren\/internationales-erbrecht\/\",\"name\":\"Internationales Erbrecht &#8211; Notariat Sch\u00f6ffmann\",\"isPartOf\":{\"@id\":\"https:\/\/dev.diginotar.at\/de\/#website\"},\"datePublished\":\"2021-08-09T09:22:41+00:00\",\"dateModified\":\"2022-02-26T15:36:30+00:00\",\"description\":\"Gerade ein zusammenwachsendes Europa bewirkt, dass Sterbef\u00e4lle mit grenz\u00fcberschreitenden Aspekten h\u00e4ufiger vorkommen. Der Notar ber\u00e4t Sie.\",\"breadcrumb\":{\"@id\":\"https:\/\/dev.diginotar.at\/de\/erben-vererben\/verlassenschaftsverfahren\/internationales-erbrecht\/#breadcrumb\"},\"inLanguage\":\"de\",\"potentialAction\":[{\"@type\":\"ReadAction\",\"target\":[\"https:\/\/dev.diginotar.at\/de\/erben-vererben\/verlassenschaftsverfahren\/internationales-erbrecht\/\"]}]},{\"@type\":\"BreadcrumbList\",\"@id\":\"https:\/\/dev.diginotar.at\/de\/erben-vererben\/verlassenschaftsverfahren\/internationales-erbrecht\/#breadcrumb\",\"itemListElement\":[{\"@type\":\"ListItem\",\"position\":1,\"name\":\"Startseite\",\"item\":\"https:\/\/dev.diginotar.at\/de\/\"},{\"@type\":\"ListItem\",\"position\":2,\"name\":\"Was ist das Erbrecht?\",\"item\":\"https:\/\/dev.diginotar.at\/de\/erben-vererben\/\"},{\"@type\":\"ListItem\",\"position\":3,\"name\":\"Verlassenschaftsverfahren\",\"item\":\"https:\/\/dev.diginotar.at\/de\/erben-vererben\/verlassenschaftsverfahren\/\"},{\"@type\":\"ListItem\",\"position\":4,\"name\":\"Internationales Erbrecht\"}]},{\"@type\":\"WebSite\",\"@id\":\"https:\/\/dev.diginotar.at\/de\/#website\",\"url\":\"https:\/\/dev.diginotar.at\/de\/\",\"name\":\"Notariat Sch\u00f6ffmann\",\"description\":\"Mag. Klaus Sch\u00f6ffmann - Ihr Notar in Klagenfurt\",\"publisher\":{\"@id\":\"https:\/\/dev.diginotar.at\/de\/#organization\"},\"potentialAction\":[{\"@type\":\"SearchAction\",\"target\":{\"@type\":\"EntryPoint\",\"urlTemplate\":\"https:\/\/dev.diginotar.at\/de\/?s={search_term_string}\"},\"query-input\":{\"@type\":\"PropertyValueSpecification\",\"valueRequired\":true,\"valueName\":\"search_term_string\"}}],\"inLanguage\":\"de\"},{\"@type\":\"Organization\",\"@id\":\"https:\/\/dev.diginotar.at\/de\/#organization\",\"name\":\"Notariat Mag. Klaus Sch\u00f6ffmann Klagenfurt\",\"url\":\"https:\/\/dev.diginotar.at\/de\/\",\"logo\":{\"@type\":\"ImageObject\",\"inLanguage\":\"de\",\"@id\":\"https:\/\/dev.diginotar.at\/de\/#\/schema\/logo\/image\/\",\"url\":\"https:\/\/dev.diginotar.at\/wp-content\/uploads\/2022\/02\/logo-notariat-schoeffmann.jpg\",\"contentUrl\":\"https:\/\/dev.diginotar.at\/wp-content\/uploads\/2022\/02\/logo-notariat-schoeffmann.jpg\",\"width\":600,\"height\":600,\"caption\":\"Notariat Mag. Klaus Sch\u00f6ffmann Klagenfurt\"},\"image\":{\"@id\":\"https:\/\/dev.diginotar.at\/de\/#\/schema\/logo\/image\/\"},\"sameAs\":[\"https:\/\/www.facebook.com\/NotarKlagenfurt\",\"https:\/\/www.youtube.com\/channel\/UCaITfbIQh6VIpzEonUsIhcg\"]}]}<\/script>\n<!-- \/ Yoast SEO plugin. -->","yoast_head_json":{"title":"Internationales Erbrecht &#8211; Notariat Sch\u00f6ffmann","description":"Gerade ein zusammenwachsendes Europa bewirkt, dass Sterbef\u00e4lle mit grenz\u00fcberschreitenden Aspekten h\u00e4ufiger vorkommen. Der Notar ber\u00e4t Sie.","robots":{"index":"noindex","follow":"follow","max-snippet":"max-snippet:-1","max-image-preview":"max-image-preview:large","max-video-preview":"max-video-preview:-1"},"og_locale":"de_DE","og_type":"article","og_title":"Internationales Erbrecht &#8211; Notariat Sch\u00f6ffmann","og_description":"Gerade ein zusammenwachsendes Europa bewirkt, dass Sterbef\u00e4lle mit grenz\u00fcberschreitenden Aspekten h\u00e4ufiger vorkommen. Der Notar ber\u00e4t Sie.","og_url":"https:\/\/dev.diginotar.at\/de\/erben-vererben\/verlassenschaftsverfahren\/internationales-erbrecht\/","og_site_name":"Notariat Sch\u00f6ffmann","article_publisher":"https:\/\/www.facebook.com\/NotarKlagenfurt","article_modified_time":"2022-02-26T15:36:30+00:00","og_image":[{"width":1600,"height":1067,"url":"https:\/\/dev.diginotar.at\/wp-content\/uploads\/2021\/11\/Juristen-1.jpg","type":"image\/jpeg"}],"twitter_card":"summary_large_image","schema":{"@context":"https:\/\/schema.org","@graph":[{"@type":"WebPage","@id":"https:\/\/dev.diginotar.at\/de\/erben-vererben\/verlassenschaftsverfahren\/internationales-erbrecht\/","url":"https:\/\/dev.diginotar.at\/de\/erben-vererben\/verlassenschaftsverfahren\/internationales-erbrecht\/","name":"Internationales Erbrecht &#8211; Notariat Sch\u00f6ffmann","isPartOf":{"@id":"https:\/\/dev.diginotar.at\/de\/#website"},"datePublished":"2021-08-09T09:22:41+00:00","dateModified":"2022-02-26T15:36:30+00:00","description":"Gerade ein zusammenwachsendes Europa bewirkt, dass Sterbef\u00e4lle mit grenz\u00fcberschreitenden Aspekten h\u00e4ufiger vorkommen. Der Notar ber\u00e4t Sie.","breadcrumb":{"@id":"https:\/\/dev.diginotar.at\/de\/erben-vererben\/verlassenschaftsverfahren\/internationales-erbrecht\/#breadcrumb"},"inLanguage":"de","potentialAction":[{"@type":"ReadAction","target":["https:\/\/dev.diginotar.at\/de\/erben-vererben\/verlassenschaftsverfahren\/internationales-erbrecht\/"]}]},{"@type":"BreadcrumbList","@id":"https:\/\/dev.diginotar.at\/de\/erben-vererben\/verlassenschaftsverfahren\/internationales-erbrecht\/#breadcrumb","itemListElement":[{"@type":"ListItem","position":1,"name":"Startseite","item":"https:\/\/dev.diginotar.at\/de\/"},{"@type":"ListItem","position":2,"name":"Was ist das Erbrecht?","item":"https:\/\/dev.diginotar.at\/de\/erben-vererben\/"},{"@type":"ListItem","position":3,"name":"Verlassenschaftsverfahren","item":"https:\/\/dev.diginotar.at\/de\/erben-vererben\/verlassenschaftsverfahren\/"},{"@type":"ListItem","position":4,"name":"Internationales Erbrecht"}]},{"@type":"WebSite","@id":"https:\/\/dev.diginotar.at\/de\/#website","url":"https:\/\/dev.diginotar.at\/de\/","name":"Notariat Sch\u00f6ffmann","description":"Mag. Klaus Sch\u00f6ffmann - Ihr Notar in Klagenfurt","publisher":{"@id":"https:\/\/dev.diginotar.at\/de\/#organization"},"potentialAction":[{"@type":"SearchAction","target":{"@type":"EntryPoint","urlTemplate":"https:\/\/dev.diginotar.at\/de\/?s={search_term_string}"},"query-input":{"@type":"PropertyValueSpecification","valueRequired":true,"valueName":"search_term_string"}}],"inLanguage":"de"},{"@type":"Organization","@id":"https:\/\/dev.diginotar.at\/de\/#organization","name":"Notariat Mag. Klaus Sch\u00f6ffmann Klagenfurt","url":"https:\/\/dev.diginotar.at\/de\/","logo":{"@type":"ImageObject","inLanguage":"de","@id":"https:\/\/dev.diginotar.at\/de\/#\/schema\/logo\/image\/","url":"https:\/\/dev.diginotar.at\/wp-content\/uploads\/2022\/02\/logo-notariat-schoeffmann.jpg","contentUrl":"https:\/\/dev.diginotar.at\/wp-content\/uploads\/2022\/02\/logo-notariat-schoeffmann.jpg","width":600,"height":600,"caption":"Notariat Mag. Klaus Sch\u00f6ffmann Klagenfurt"},"image":{"@id":"https:\/\/dev.diginotar.at\/de\/#\/schema\/logo\/image\/"},"sameAs":["https:\/\/www.facebook.com\/NotarKlagenfurt","https:\/\/www.youtube.com\/channel\/UCaITfbIQh6VIpzEonUsIhcg"]}]}},"_links":{"self":[{"href":"https:\/\/dev.diginotar.at\/de\/wp-json\/wp\/v2\/pages\/395","targetHints":{"allow":["GET"]}}],"collection":[{"href":"https:\/\/dev.diginotar.at\/de\/wp-json\/wp\/v2\/pages"}],"about":[{"href":"https:\/\/dev.diginotar.at\/de\/wp-json\/wp\/v2\/types\/page"}],"author":[{"embeddable":true,"href":"https:\/\/dev.diginotar.at\/de\/wp-json\/wp\/v2\/users\/3"}],"replies":[{"embeddable":true,"href":"https:\/\/dev.diginotar.at\/de\/wp-json\/wp\/v2\/comments?post=395"}],"version-history":[{"count":5,"href":"https:\/\/dev.diginotar.at\/de\/wp-json\/wp\/v2\/pages\/395\/revisions"}],"predecessor-version":[{"id":2062,"href":"https:\/\/dev.diginotar.at\/de\/wp-json\/wp\/v2\/pages\/395\/revisions\/2062"}],"up":[{"embeddable":true,"href":"https:\/\/dev.diginotar.at\/de\/wp-json\/wp\/v2\/pages\/389"}],"wp:attachment":[{"href":"https:\/\/dev.diginotar.at\/de\/wp-json\/wp\/v2\/media?parent=395"}],"wp:term":[{"taxonomy":"category","embeddable":true,"href":"https:\/\/dev.diginotar.at\/de\/wp-json\/wp\/v2\/categories?post=395"}],"curies":[{"name":"wp","href":"https:\/\/api.w.org\/{rel}","templated":true}]}}