{"id":381,"date":"2021-08-09T11:16:40","date_gmt":"2021-08-09T09:16:40","guid":{"rendered":"https:\/\/dev.diginotar.at\/?page_id=381"},"modified":"2022-02-26T16:20:04","modified_gmt":"2022-02-26T15:20:04","slug":"unternehmensnachfolge","status":"publish","type":"page","link":"https:\/\/dev.diginotar.at\/de\/erben-vererben\/unternehmensnachfolge\/","title":{"rendered":"Unternehmensnachfolge"},"content":{"rendered":"<p>Die gesetzliche Erbfolge wirkt sich regelm\u00e4\u00dfig nachteilig auf den Weiterbestand eines Unternehmens aus. Probleme ergeben sich insbesondere bei Hinterlassung mehrerer Erben, wenn die Entscheidung \u00fcber die Unternehmensnachfolge dem Erben \u00fcberlassen wird bzw. zwei oder mehrere Miterben ein Unternehmen gemeinsam fortf\u00fchren.<\/p>\n<p>Erbteilungsanspr\u00fcche und Erbstreitigkeiten k\u00f6nnen die wirtschafliche Existenz eines Unternehmens gef\u00e4hrden, da f\u00fcr Zwecke der Erbteilung und zur Berechnung der Erb- und Pflichtteilsanspr\u00fcche ein Unternehmen nicht mit dem steuerlichen Einheitswert, sondern stets mit dem Verkehrswert (einschlie\u00dflich Firmenwert, &#8222;good will&#8220;) bewertet wird, der im Streitfall von einem gerichtlich beeideten Sachverst\u00e4ndigen ermittelt wird.<\/p>\n\n<div class=\"lazyblock-infobox-Z2lvNjl wp-block-lazyblock-infobox\"><div class=\"notar_beispielbox\">\n  <h2>Beispiel<\/h2>\n  <div class=\"notar_infobox_content\"><p>Ein Unternehmer hinterl\u00e4sst zwei Kinder und eine Ehegattin. Die Ehegattin hat bisher nicht im Unternehmen mitgearbeitet, ein Sohn ist fachkundig und sollte dem Unternehmer nachfolgen. Einziges Verlassenschaftsverm\u00f6gen von Wert ist das Unternehmen.<\/p><p>Mangels Testaments tritt die gesetzliche Erbfolge ein, sowohl die Gattin als auch jedes Kind erhalten ein Drittel der Verlassenschaft. Der fachkundige und allenfalls bereits mitt\u00e4tige Sohn hat kein Sonderrecht. Da er die Erbteile der Miterben nicht auszahlen kann und die Miterben auf Erbanspr\u00fcche nicht verzichten, muss entweder eine gesellschafsrechtliche L\u00f6sung unter Gewinnbeteiligung der Miterben gesucht oder das Unternehmen ver\u00e4u\u00dfert bzw. liquidiert werden.<\/p><\/div>\n<\/div>\n\n<\/div>\n\n\n<p><strong>Das Unternehmertestament ist daher auch eine Lebensversicherung f\u00fcr den Betrieb!&nbsp;<\/strong><\/p>\n","protected":false},"excerpt":{"rendered":"<p>Die gesetzliche Erbfolge wirkt sich regelm\u00e4\u00dfig nachteilig auf den Weiterbestand eines Unternehmens aus. Probleme ergeben sich insbesondere bei Hinterlassung mehrerer Erben, wenn die Entscheidung \u00fcber die Unternehmensnachfolge dem Erben \u00fcberlassen wird bzw. zwei oder mehrere Miterben ein Unternehmen gemeinsam fortf\u00fchren. Erbteilungsanspr\u00fcche und Erbstreitigkeiten k\u00f6nnen die wirtschafliche Existenz eines Unternehmens gef\u00e4hrden, da f\u00fcr Zwecke der Erbteilung&hellip;<\/p>\n","protected":false},"author":3,"featured_media":0,"parent":305,"menu_order":11,"comment_status":"closed","ping_status":"closed","template":"","meta":{"inline_featured_image":false,"footnotes":""},"categories":[],"class_list":["post-381","page","type-page","status-publish","hentry","description-off"],"yoast_head":"<!-- This site is optimized with the Yoast SEO plugin v25.7 - https:\/\/yoast.com\/wordpress\/plugins\/seo\/ -->\n<title>Unternehmensnachfolge &#8211; Notariat Sch\u00f6ffmann<\/title>\n<meta name=\"description\" content=\"Hier finden Sie Tipps zur Unternehmensnachfolge! Worauf Sie bei der Unternehmensnachfolge achten m\u00fcssen.\" \/>\n<meta name=\"robots\" content=\"noindex, follow, max-snippet:-1, max-image-preview:large, max-video-preview:-1\" \/>\n<meta property=\"og:locale\" content=\"de_DE\" \/>\n<meta property=\"og:type\" content=\"article\" \/>\n<meta property=\"og:title\" content=\"Unternehmensnachfolge &#8211; Notariat Sch\u00f6ffmann\" \/>\n<meta property=\"og:description\" content=\"Hier finden Sie Tipps zur Unternehmensnachfolge! Worauf Sie bei der Unternehmensnachfolge achten m\u00fcssen.\" \/>\n<meta property=\"og:url\" content=\"https:\/\/dev.diginotar.at\/de\/erben-vererben\/unternehmensnachfolge\/\" \/>\n<meta property=\"og:site_name\" content=\"Notariat Sch\u00f6ffmann\" \/>\n<meta property=\"article:publisher\" content=\"https:\/\/www.facebook.com\/NotarKlagenfurt\" \/>\n<meta property=\"article:modified_time\" content=\"2022-02-26T15:20:04+00:00\" \/>\n<meta property=\"og:image\" content=\"https:\/\/dev.diginotar.at\/wp-content\/uploads\/2021\/11\/Juristen-1.jpg\" \/>\n\t<meta property=\"og:image:width\" content=\"1600\" \/>\n\t<meta property=\"og:image:height\" content=\"1067\" \/>\n\t<meta property=\"og:image:type\" content=\"image\/jpeg\" \/>\n<meta name=\"twitter:card\" content=\"summary_large_image\" \/>\n<script type=\"application\/ld+json\" class=\"yoast-schema-graph\">{\"@context\":\"https:\/\/schema.org\",\"@graph\":[{\"@type\":\"WebPage\",\"@id\":\"https:\/\/dev.diginotar.at\/de\/erben-vererben\/unternehmensnachfolge\/\",\"url\":\"https:\/\/dev.diginotar.at\/de\/erben-vererben\/unternehmensnachfolge\/\",\"name\":\"Unternehmensnachfolge &#8211; Notariat Sch\u00f6ffmann\",\"isPartOf\":{\"@id\":\"https:\/\/dev.diginotar.at\/de\/#website\"},\"datePublished\":\"2021-08-09T09:16:40+00:00\",\"dateModified\":\"2022-02-26T15:20:04+00:00\",\"description\":\"Hier finden Sie Tipps zur Unternehmensnachfolge! Worauf Sie bei der Unternehmensnachfolge achten m\u00fcssen.\",\"breadcrumb\":{\"@id\":\"https:\/\/dev.diginotar.at\/de\/erben-vererben\/unternehmensnachfolge\/#breadcrumb\"},\"inLanguage\":\"de\",\"potentialAction\":[{\"@type\":\"ReadAction\",\"target\":[\"https:\/\/dev.diginotar.at\/de\/erben-vererben\/unternehmensnachfolge\/\"]}]},{\"@type\":\"BreadcrumbList\",\"@id\":\"https:\/\/dev.diginotar.at\/de\/erben-vererben\/unternehmensnachfolge\/#breadcrumb\",\"itemListElement\":[{\"@type\":\"ListItem\",\"position\":1,\"name\":\"Startseite\",\"item\":\"https:\/\/dev.diginotar.at\/de\/\"},{\"@type\":\"ListItem\",\"position\":2,\"name\":\"Was ist das Erbrecht?\",\"item\":\"https:\/\/dev.diginotar.at\/de\/erben-vererben\/\"},{\"@type\":\"ListItem\",\"position\":3,\"name\":\"Unternehmensnachfolge\"}]},{\"@type\":\"WebSite\",\"@id\":\"https:\/\/dev.diginotar.at\/de\/#website\",\"url\":\"https:\/\/dev.diginotar.at\/de\/\",\"name\":\"Notariat Sch\u00f6ffmann\",\"description\":\"Mag. Klaus Sch\u00f6ffmann - Ihr Notar in Klagenfurt\",\"publisher\":{\"@id\":\"https:\/\/dev.diginotar.at\/de\/#organization\"},\"potentialAction\":[{\"@type\":\"SearchAction\",\"target\":{\"@type\":\"EntryPoint\",\"urlTemplate\":\"https:\/\/dev.diginotar.at\/de\/?s={search_term_string}\"},\"query-input\":{\"@type\":\"PropertyValueSpecification\",\"valueRequired\":true,\"valueName\":\"search_term_string\"}}],\"inLanguage\":\"de\"},{\"@type\":\"Organization\",\"@id\":\"https:\/\/dev.diginotar.at\/de\/#organization\",\"name\":\"Notariat Mag. Klaus Sch\u00f6ffmann Klagenfurt\",\"url\":\"https:\/\/dev.diginotar.at\/de\/\",\"logo\":{\"@type\":\"ImageObject\",\"inLanguage\":\"de\",\"@id\":\"https:\/\/dev.diginotar.at\/de\/#\/schema\/logo\/image\/\",\"url\":\"https:\/\/dev.diginotar.at\/wp-content\/uploads\/2022\/02\/logo-notariat-schoeffmann.jpg\",\"contentUrl\":\"https:\/\/dev.diginotar.at\/wp-content\/uploads\/2022\/02\/logo-notariat-schoeffmann.jpg\",\"width\":600,\"height\":600,\"caption\":\"Notariat Mag. Klaus Sch\u00f6ffmann Klagenfurt\"},\"image\":{\"@id\":\"https:\/\/dev.diginotar.at\/de\/#\/schema\/logo\/image\/\"},\"sameAs\":[\"https:\/\/www.facebook.com\/NotarKlagenfurt\",\"https:\/\/www.youtube.com\/channel\/UCaITfbIQh6VIpzEonUsIhcg\"]}]}<\/script>\n<!-- \/ Yoast SEO plugin. -->","yoast_head_json":{"title":"Unternehmensnachfolge &#8211; Notariat Sch\u00f6ffmann","description":"Hier finden Sie Tipps zur Unternehmensnachfolge! Worauf Sie bei der Unternehmensnachfolge achten m\u00fcssen.","robots":{"index":"noindex","follow":"follow","max-snippet":"max-snippet:-1","max-image-preview":"max-image-preview:large","max-video-preview":"max-video-preview:-1"},"og_locale":"de_DE","og_type":"article","og_title":"Unternehmensnachfolge &#8211; Notariat Sch\u00f6ffmann","og_description":"Hier finden Sie Tipps zur Unternehmensnachfolge! Worauf Sie bei der Unternehmensnachfolge achten m\u00fcssen.","og_url":"https:\/\/dev.diginotar.at\/de\/erben-vererben\/unternehmensnachfolge\/","og_site_name":"Notariat Sch\u00f6ffmann","article_publisher":"https:\/\/www.facebook.com\/NotarKlagenfurt","article_modified_time":"2022-02-26T15:20:04+00:00","og_image":[{"width":1600,"height":1067,"url":"https:\/\/dev.diginotar.at\/wp-content\/uploads\/2021\/11\/Juristen-1.jpg","type":"image\/jpeg"}],"twitter_card":"summary_large_image","schema":{"@context":"https:\/\/schema.org","@graph":[{"@type":"WebPage","@id":"https:\/\/dev.diginotar.at\/de\/erben-vererben\/unternehmensnachfolge\/","url":"https:\/\/dev.diginotar.at\/de\/erben-vererben\/unternehmensnachfolge\/","name":"Unternehmensnachfolge &#8211; Notariat Sch\u00f6ffmann","isPartOf":{"@id":"https:\/\/dev.diginotar.at\/de\/#website"},"datePublished":"2021-08-09T09:16:40+00:00","dateModified":"2022-02-26T15:20:04+00:00","description":"Hier finden Sie Tipps zur Unternehmensnachfolge! Worauf Sie bei der Unternehmensnachfolge achten m\u00fcssen.","breadcrumb":{"@id":"https:\/\/dev.diginotar.at\/de\/erben-vererben\/unternehmensnachfolge\/#breadcrumb"},"inLanguage":"de","potentialAction":[{"@type":"ReadAction","target":["https:\/\/dev.diginotar.at\/de\/erben-vererben\/unternehmensnachfolge\/"]}]},{"@type":"BreadcrumbList","@id":"https:\/\/dev.diginotar.at\/de\/erben-vererben\/unternehmensnachfolge\/#breadcrumb","itemListElement":[{"@type":"ListItem","position":1,"name":"Startseite","item":"https:\/\/dev.diginotar.at\/de\/"},{"@type":"ListItem","position":2,"name":"Was ist das Erbrecht?","item":"https:\/\/dev.diginotar.at\/de\/erben-vererben\/"},{"@type":"ListItem","position":3,"name":"Unternehmensnachfolge"}]},{"@type":"WebSite","@id":"https:\/\/dev.diginotar.at\/de\/#website","url":"https:\/\/dev.diginotar.at\/de\/","name":"Notariat Sch\u00f6ffmann","description":"Mag. Klaus Sch\u00f6ffmann - Ihr Notar in Klagenfurt","publisher":{"@id":"https:\/\/dev.diginotar.at\/de\/#organization"},"potentialAction":[{"@type":"SearchAction","target":{"@type":"EntryPoint","urlTemplate":"https:\/\/dev.diginotar.at\/de\/?s={search_term_string}"},"query-input":{"@type":"PropertyValueSpecification","valueRequired":true,"valueName":"search_term_string"}}],"inLanguage":"de"},{"@type":"Organization","@id":"https:\/\/dev.diginotar.at\/de\/#organization","name":"Notariat Mag. Klaus Sch\u00f6ffmann Klagenfurt","url":"https:\/\/dev.diginotar.at\/de\/","logo":{"@type":"ImageObject","inLanguage":"de","@id":"https:\/\/dev.diginotar.at\/de\/#\/schema\/logo\/image\/","url":"https:\/\/dev.diginotar.at\/wp-content\/uploads\/2022\/02\/logo-notariat-schoeffmann.jpg","contentUrl":"https:\/\/dev.diginotar.at\/wp-content\/uploads\/2022\/02\/logo-notariat-schoeffmann.jpg","width":600,"height":600,"caption":"Notariat Mag. Klaus Sch\u00f6ffmann Klagenfurt"},"image":{"@id":"https:\/\/dev.diginotar.at\/de\/#\/schema\/logo\/image\/"},"sameAs":["https:\/\/www.facebook.com\/NotarKlagenfurt","https:\/\/www.youtube.com\/channel\/UCaITfbIQh6VIpzEonUsIhcg"]}]}},"_links":{"self":[{"href":"https:\/\/dev.diginotar.at\/de\/wp-json\/wp\/v2\/pages\/381","targetHints":{"allow":["GET"]}}],"collection":[{"href":"https:\/\/dev.diginotar.at\/de\/wp-json\/wp\/v2\/pages"}],"about":[{"href":"https:\/\/dev.diginotar.at\/de\/wp-json\/wp\/v2\/types\/page"}],"author":[{"embeddable":true,"href":"https:\/\/dev.diginotar.at\/de\/wp-json\/wp\/v2\/users\/3"}],"replies":[{"embeddable":true,"href":"https:\/\/dev.diginotar.at\/de\/wp-json\/wp\/v2\/comments?post=381"}],"version-history":[{"count":4,"href":"https:\/\/dev.diginotar.at\/de\/wp-json\/wp\/v2\/pages\/381\/revisions"}],"predecessor-version":[{"id":2056,"href":"https:\/\/dev.diginotar.at\/de\/wp-json\/wp\/v2\/pages\/381\/revisions\/2056"}],"up":[{"embeddable":true,"href":"https:\/\/dev.diginotar.at\/de\/wp-json\/wp\/v2\/pages\/305"}],"wp:attachment":[{"href":"https:\/\/dev.diginotar.at\/de\/wp-json\/wp\/v2\/media?parent=381"}],"wp:term":[{"taxonomy":"category","embeddable":true,"href":"https:\/\/dev.diginotar.at\/de\/wp-json\/wp\/v2\/categories?post=381"}],"curies":[{"name":"wp","href":"https:\/\/api.w.org\/{rel}","templated":true}]}}