{"id":375,"date":"2021-08-09T11:14:40","date_gmt":"2021-08-09T09:14:40","guid":{"rendered":"https:\/\/dev.diginotar.at\/?page_id=375"},"modified":"2022-02-26T16:09:37","modified_gmt":"2022-02-26T15:09:37","slug":"adoption-und-erbrecht","status":"publish","type":"page","link":"https:\/\/dev.diginotar.at\/de\/erben-vererben\/adoption-und-erbrecht\/","title":{"rendered":"Adoption und Erbrecht"},"content":{"rendered":"<h3>Adoptierte Kinder erben gleich wie leibliche Kinder.<\/h3>\n<p>Durch die Adoption werden famili\u00e4re Beziehungen zwischen Wahlelternteil und Wahlkind sowie dessen zum Zeitpunkt der Adoption minderj\u00e4hrigen Kindern begr\u00fcndet.<\/p>\n<p>Zu anderen Verwandten als dem Wahlelternteil werden&nbsp;<b>keine<\/b>&nbsp;famili\u00e4ren Beziehungen begr\u00fcndet, also auch kein gesetzliches Erbrecht. Das Verwandtschaftsverh\u00e4ltnis des Wahlkindes zu dessen leiblichen Vorfahren bleibt jedoch bestehen.<\/p>\n<p><em>Beispiel:<\/em><br \/>\nRudi Sorglos (Wahlvater) adoptiert ein Wahlkind, das selbst ein minderj\u00e4hriges Kind hat:<br \/>\nAuch zu diesem Kind entsteht eine Verwandtschaftsbeziehung. Ist das Kind aber bereits vollj\u00e4hrig, kann es nach der gesetzlichen Erbfolge den Wahlvater auch nicht beerben.<\/p>\n<p>Das&nbsp;<strong>Wahlkind erbt daher doppelt<\/strong>, sowohl nach den Wahleltern als auch nach den leiblichen Eltern.<\/p>\n<p>Verstirbt das Wahlkind ohne Nachkommen, erben zun\u00e4chst die Adoptiveltern und wenn diese bereits vorverstorben sind, deren Nachkommen. Nur wenn beide nicht erben k\u00f6nnen oder wollen, erben die leiblichen Eltern.<\/p>\n<p>Die Adoption kann daher ein Mittel sein, erbrechtliche Gestaltungen vorzubereiten. Zu denken ist auch an Fortbetriebsrechte nach der Gewerbeordnung, die der Verlassenschaft, dem \u00fcberlebenden Ehegatten sowie Kindern und Wahlkindern zustehen. Zu bedenken ist jedoch, dass f\u00fcr die Adoption gesetzliche Bedingungen (Adoptionsvertrag, gerichtliche Genehmigung, Zustimmungen, Altersunterschied, &#8230;) gefordert sind und neben steuerlichen Folgen auch einschneidende zivilrechtliche Folgen eintreten, so zB ein gesetzliches Erb- und Pflichtteilsrecht aber auch famili\u00e4re Unterhaltsanspr\u00fcche.<\/p>\n","protected":false},"excerpt":{"rendered":"<p>Adoptierte Kinder erben gleich wie leibliche Kinder. Durch die Adoption werden famili\u00e4re Beziehungen zwischen Wahlelternteil und Wahlkind sowie dessen zum Zeitpunkt der Adoption minderj\u00e4hrigen Kindern begr\u00fcndet. Zu anderen Verwandten als dem Wahlelternteil werden&nbsp;keine&nbsp;famili\u00e4ren Beziehungen begr\u00fcndet, also auch kein gesetzliches Erbrecht. Das Verwandtschaftsverh\u00e4ltnis des Wahlkindes zu dessen leiblichen Vorfahren bleibt jedoch bestehen. Beispiel: Rudi Sorglos (Wahlvater)&hellip;<\/p>\n","protected":false},"author":3,"featured_media":0,"parent":305,"menu_order":8,"comment_status":"closed","ping_status":"closed","template":"","meta":{"inline_featured_image":false,"footnotes":""},"categories":[],"class_list":["post-375","page","type-page","status-publish","hentry","description-off"],"yoast_head":"<!-- This site is optimized with the Yoast SEO plugin v25.7 - https:\/\/yoast.com\/wordpress\/plugins\/seo\/ -->\n<title>Adoption und Erbrecht &#8211; Notariat Sch\u00f6ffmann<\/title>\n<meta name=\"description\" content=\"Durch Adoption wird eine famili\u00e4re Beziehung begr\u00fcndet. Adoptivkinder erben daher gleich leiblichen Kindern.\" \/>\n<meta name=\"robots\" content=\"noindex, follow, max-snippet:-1, max-image-preview:large, max-video-preview:-1\" \/>\n<meta property=\"og:locale\" content=\"de_DE\" \/>\n<meta property=\"og:type\" content=\"article\" \/>\n<meta property=\"og:title\" content=\"Adoption und Erbrecht &#8211; Notariat Sch\u00f6ffmann\" \/>\n<meta property=\"og:description\" content=\"Durch Adoption wird eine famili\u00e4re Beziehung begr\u00fcndet. Adoptivkinder erben daher gleich leiblichen Kindern.\" \/>\n<meta property=\"og:url\" content=\"https:\/\/dev.diginotar.at\/de\/erben-vererben\/adoption-und-erbrecht\/\" \/>\n<meta property=\"og:site_name\" content=\"Notariat Sch\u00f6ffmann\" \/>\n<meta property=\"article:publisher\" content=\"https:\/\/www.facebook.com\/NotarKlagenfurt\" \/>\n<meta property=\"article:modified_time\" content=\"2022-02-26T15:09:37+00:00\" \/>\n<meta property=\"og:image\" content=\"https:\/\/dev.diginotar.at\/wp-content\/uploads\/2021\/11\/Juristen-1.jpg\" \/>\n\t<meta property=\"og:image:width\" content=\"1600\" \/>\n\t<meta property=\"og:image:height\" content=\"1067\" \/>\n\t<meta property=\"og:image:type\" content=\"image\/jpeg\" \/>\n<meta name=\"twitter:card\" content=\"summary_large_image\" \/>\n<script type=\"application\/ld+json\" class=\"yoast-schema-graph\">{\"@context\":\"https:\/\/schema.org\",\"@graph\":[{\"@type\":\"WebPage\",\"@id\":\"https:\/\/dev.diginotar.at\/de\/erben-vererben\/adoption-und-erbrecht\/\",\"url\":\"https:\/\/dev.diginotar.at\/de\/erben-vererben\/adoption-und-erbrecht\/\",\"name\":\"Adoption und Erbrecht &#8211; Notariat Sch\u00f6ffmann\",\"isPartOf\":{\"@id\":\"https:\/\/dev.diginotar.at\/de\/#website\"},\"datePublished\":\"2021-08-09T09:14:40+00:00\",\"dateModified\":\"2022-02-26T15:09:37+00:00\",\"description\":\"Durch Adoption wird eine famili\u00e4re Beziehung begr\u00fcndet. Adoptivkinder erben daher gleich leiblichen Kindern.\",\"breadcrumb\":{\"@id\":\"https:\/\/dev.diginotar.at\/de\/erben-vererben\/adoption-und-erbrecht\/#breadcrumb\"},\"inLanguage\":\"de\",\"potentialAction\":[{\"@type\":\"ReadAction\",\"target\":[\"https:\/\/dev.diginotar.at\/de\/erben-vererben\/adoption-und-erbrecht\/\"]}]},{\"@type\":\"BreadcrumbList\",\"@id\":\"https:\/\/dev.diginotar.at\/de\/erben-vererben\/adoption-und-erbrecht\/#breadcrumb\",\"itemListElement\":[{\"@type\":\"ListItem\",\"position\":1,\"name\":\"Startseite\",\"item\":\"https:\/\/dev.diginotar.at\/de\/\"},{\"@type\":\"ListItem\",\"position\":2,\"name\":\"Was ist das Erbrecht?\",\"item\":\"https:\/\/dev.diginotar.at\/de\/erben-vererben\/\"},{\"@type\":\"ListItem\",\"position\":3,\"name\":\"Adoption und Erbrecht\"}]},{\"@type\":\"WebSite\",\"@id\":\"https:\/\/dev.diginotar.at\/de\/#website\",\"url\":\"https:\/\/dev.diginotar.at\/de\/\",\"name\":\"Notariat Sch\u00f6ffmann\",\"description\":\"Mag. Klaus Sch\u00f6ffmann - Ihr Notar in Klagenfurt\",\"publisher\":{\"@id\":\"https:\/\/dev.diginotar.at\/de\/#organization\"},\"potentialAction\":[{\"@type\":\"SearchAction\",\"target\":{\"@type\":\"EntryPoint\",\"urlTemplate\":\"https:\/\/dev.diginotar.at\/de\/?s={search_term_string}\"},\"query-input\":{\"@type\":\"PropertyValueSpecification\",\"valueRequired\":true,\"valueName\":\"search_term_string\"}}],\"inLanguage\":\"de\"},{\"@type\":\"Organization\",\"@id\":\"https:\/\/dev.diginotar.at\/de\/#organization\",\"name\":\"Notariat Mag. Klaus Sch\u00f6ffmann Klagenfurt\",\"url\":\"https:\/\/dev.diginotar.at\/de\/\",\"logo\":{\"@type\":\"ImageObject\",\"inLanguage\":\"de\",\"@id\":\"https:\/\/dev.diginotar.at\/de\/#\/schema\/logo\/image\/\",\"url\":\"https:\/\/dev.diginotar.at\/wp-content\/uploads\/2022\/02\/logo-notariat-schoeffmann.jpg\",\"contentUrl\":\"https:\/\/dev.diginotar.at\/wp-content\/uploads\/2022\/02\/logo-notariat-schoeffmann.jpg\",\"width\":600,\"height\":600,\"caption\":\"Notariat Mag. Klaus Sch\u00f6ffmann Klagenfurt\"},\"image\":{\"@id\":\"https:\/\/dev.diginotar.at\/de\/#\/schema\/logo\/image\/\"},\"sameAs\":[\"https:\/\/www.facebook.com\/NotarKlagenfurt\",\"https:\/\/www.youtube.com\/channel\/UCaITfbIQh6VIpzEonUsIhcg\"]}]}<\/script>\n<!-- \/ Yoast SEO plugin. -->","yoast_head_json":{"title":"Adoption und Erbrecht &#8211; Notariat Sch\u00f6ffmann","description":"Durch Adoption wird eine famili\u00e4re Beziehung begr\u00fcndet. Adoptivkinder erben daher gleich leiblichen Kindern.","robots":{"index":"noindex","follow":"follow","max-snippet":"max-snippet:-1","max-image-preview":"max-image-preview:large","max-video-preview":"max-video-preview:-1"},"og_locale":"de_DE","og_type":"article","og_title":"Adoption und Erbrecht &#8211; Notariat Sch\u00f6ffmann","og_description":"Durch Adoption wird eine famili\u00e4re Beziehung begr\u00fcndet. Adoptivkinder erben daher gleich leiblichen Kindern.","og_url":"https:\/\/dev.diginotar.at\/de\/erben-vererben\/adoption-und-erbrecht\/","og_site_name":"Notariat Sch\u00f6ffmann","article_publisher":"https:\/\/www.facebook.com\/NotarKlagenfurt","article_modified_time":"2022-02-26T15:09:37+00:00","og_image":[{"width":1600,"height":1067,"url":"https:\/\/dev.diginotar.at\/wp-content\/uploads\/2021\/11\/Juristen-1.jpg","type":"image\/jpeg"}],"twitter_card":"summary_large_image","schema":{"@context":"https:\/\/schema.org","@graph":[{"@type":"WebPage","@id":"https:\/\/dev.diginotar.at\/de\/erben-vererben\/adoption-und-erbrecht\/","url":"https:\/\/dev.diginotar.at\/de\/erben-vererben\/adoption-und-erbrecht\/","name":"Adoption und Erbrecht &#8211; Notariat Sch\u00f6ffmann","isPartOf":{"@id":"https:\/\/dev.diginotar.at\/de\/#website"},"datePublished":"2021-08-09T09:14:40+00:00","dateModified":"2022-02-26T15:09:37+00:00","description":"Durch Adoption wird eine famili\u00e4re Beziehung begr\u00fcndet. Adoptivkinder erben daher gleich leiblichen Kindern.","breadcrumb":{"@id":"https:\/\/dev.diginotar.at\/de\/erben-vererben\/adoption-und-erbrecht\/#breadcrumb"},"inLanguage":"de","potentialAction":[{"@type":"ReadAction","target":["https:\/\/dev.diginotar.at\/de\/erben-vererben\/adoption-und-erbrecht\/"]}]},{"@type":"BreadcrumbList","@id":"https:\/\/dev.diginotar.at\/de\/erben-vererben\/adoption-und-erbrecht\/#breadcrumb","itemListElement":[{"@type":"ListItem","position":1,"name":"Startseite","item":"https:\/\/dev.diginotar.at\/de\/"},{"@type":"ListItem","position":2,"name":"Was ist das Erbrecht?","item":"https:\/\/dev.diginotar.at\/de\/erben-vererben\/"},{"@type":"ListItem","position":3,"name":"Adoption und Erbrecht"}]},{"@type":"WebSite","@id":"https:\/\/dev.diginotar.at\/de\/#website","url":"https:\/\/dev.diginotar.at\/de\/","name":"Notariat Sch\u00f6ffmann","description":"Mag. Klaus Sch\u00f6ffmann - Ihr Notar in Klagenfurt","publisher":{"@id":"https:\/\/dev.diginotar.at\/de\/#organization"},"potentialAction":[{"@type":"SearchAction","target":{"@type":"EntryPoint","urlTemplate":"https:\/\/dev.diginotar.at\/de\/?s={search_term_string}"},"query-input":{"@type":"PropertyValueSpecification","valueRequired":true,"valueName":"search_term_string"}}],"inLanguage":"de"},{"@type":"Organization","@id":"https:\/\/dev.diginotar.at\/de\/#organization","name":"Notariat Mag. Klaus Sch\u00f6ffmann Klagenfurt","url":"https:\/\/dev.diginotar.at\/de\/","logo":{"@type":"ImageObject","inLanguage":"de","@id":"https:\/\/dev.diginotar.at\/de\/#\/schema\/logo\/image\/","url":"https:\/\/dev.diginotar.at\/wp-content\/uploads\/2022\/02\/logo-notariat-schoeffmann.jpg","contentUrl":"https:\/\/dev.diginotar.at\/wp-content\/uploads\/2022\/02\/logo-notariat-schoeffmann.jpg","width":600,"height":600,"caption":"Notariat Mag. Klaus Sch\u00f6ffmann Klagenfurt"},"image":{"@id":"https:\/\/dev.diginotar.at\/de\/#\/schema\/logo\/image\/"},"sameAs":["https:\/\/www.facebook.com\/NotarKlagenfurt","https:\/\/www.youtube.com\/channel\/UCaITfbIQh6VIpzEonUsIhcg"]}]}},"_links":{"self":[{"href":"https:\/\/dev.diginotar.at\/de\/wp-json\/wp\/v2\/pages\/375","targetHints":{"allow":["GET"]}}],"collection":[{"href":"https:\/\/dev.diginotar.at\/de\/wp-json\/wp\/v2\/pages"}],"about":[{"href":"https:\/\/dev.diginotar.at\/de\/wp-json\/wp\/v2\/types\/page"}],"author":[{"embeddable":true,"href":"https:\/\/dev.diginotar.at\/de\/wp-json\/wp\/v2\/users\/3"}],"replies":[{"embeddable":true,"href":"https:\/\/dev.diginotar.at\/de\/wp-json\/wp\/v2\/comments?post=375"}],"version-history":[{"count":3,"href":"https:\/\/dev.diginotar.at\/de\/wp-json\/wp\/v2\/pages\/375\/revisions"}],"predecessor-version":[{"id":2053,"href":"https:\/\/dev.diginotar.at\/de\/wp-json\/wp\/v2\/pages\/375\/revisions\/2053"}],"up":[{"embeddable":true,"href":"https:\/\/dev.diginotar.at\/de\/wp-json\/wp\/v2\/pages\/305"}],"wp:attachment":[{"href":"https:\/\/dev.diginotar.at\/de\/wp-json\/wp\/v2\/media?parent=375"}],"wp:term":[{"taxonomy":"category","embeddable":true,"href":"https:\/\/dev.diginotar.at\/de\/wp-json\/wp\/v2\/categories?post=375"}],"curies":[{"name":"wp","href":"https:\/\/api.w.org\/{rel}","templated":true}]}}