{"id":365,"date":"2021-08-09T11:11:26","date_gmt":"2021-08-09T09:11:26","guid":{"rendered":"https:\/\/dev.diginotar.at\/?page_id=365"},"modified":"2022-03-19T10:22:53","modified_gmt":"2022-03-19T09:22:53","slug":"mein-pflichtteil-ist-weg","status":"publish","type":"page","link":"https:\/\/dev.diginotar.at\/de\/erben-vererben\/pflichtteilsrecht\/mein-pflichtteil-ist-weg\/","title":{"rendered":"Mein Pflichtteil ist weg!"},"content":{"rendered":"<div class=\"lazyblock-infobox-298y0B wp-block-lazyblock-infobox\"><div class=\"notar_einleitung\">\n\n  <div class=\"notar_einleitung_wrapper\"><p>Die \u00dcbergabe aus Sicht der \u00fcbergangenen Kinder<\/p><\/div>\n<\/div>\n<\/div>\n\n\n<p>In der notariellen Praxis taucht immer wieder die Frage auf, warum die Eltern die elterliche Liegenschaft einem Geschwisterteil zuwenden, ohne dass die \u00fcbrigen Kinder davon etwas wussten und die Eltern so &#8222;den Erbteil verschenkt&#8220; haben.<\/p>\n\n\n\n<p>Grunds\u00e4tzlich sind Schenkungen auch ohne Zuziehung der \u00fcbrigen Geschwister m\u00f6glich. Wird dabei auch den Eltern ein Recht einger\u00e4umt (Wohn-, Fruchtgenussrecht, eine Rente), so liegt keine reine Schenkung, sondern eine&nbsp;<strong>\u00dcbergabe&nbsp;<\/strong>(&#8222;gemischte Schenkung&#8220;) vor.<\/p>\n\n\n\n<p>Diese Vertr\u00e4ge sind in der Regel&nbsp;<strong>notariatsaktspflichtig<\/strong>&nbsp;und es trifft den Notar als Urkundenerrichter eine umfassende Belehrungspflicht. So wird der Notar mit den Beteiligten die Rechtsfolgen dieser \u00dcbergabe ausf\u00fchrlich besprechen, insbesondere was die Sicherstellung von Rechten der \u00dcbergeber im Grundbuch betrifft, aber auch die erb- und steuerrechtlichen Konsequenzen. Genauso wie den Notar jedoch eine umfassende Belehrungspflicht trifft, hat er gegen\u00fcber Au\u00dfenstehenden strikte Verschwiegenheit zu bewahren und ist nicht zur Auskunftserteilung an dritte Personen berechtigt.<\/p>\n\n\n\n<p>Kinder, die nicht ausreichend bedacht wurden, k\u00f6nnen jedoch im Ablebensfall der Eltern&nbsp;<strong>Pflichtteilsanspr\u00fcche<\/strong>&nbsp;geltend machen. Diesen Pflichtteilsanspr\u00fcchen sind \u00fcber Verlangen lebzeitig erfolgte Schenkungen an andere Kinder hinzuzurechnen.<\/p>\n\n\n\n<p>Betreffend zur\u00fcckliegender Schenkungen, Kontobewegungen vor dem Todestag, etc, steht Pflichtteilsberechtigten, Erben und Verm\u00e4chtnisnehmern ein&nbsp;<b>Auskunftsanspruch<\/b>&nbsp;zu. Auskunftspflichtig sind die Verlassenschaft, die Erben und die Geschenknehmer. Wer die Auskunft begehrt, muss allerdings beweisen, dass der Anspruchsgegner tats\u00e4chlich eine anrechenbare Schenkung erhalten hat.<\/p>\n\n\n\n<p>Der Pflichtteilsanspruch ist&nbsp;<strong>aus der Verlassenschaft zu erf\u00fcllen<\/strong>. Ist in der Verlassenschaft aber&nbsp;<strong>weniger vorhanden<\/strong>, als sich aufgrund dieser Bestimmungen rechnerisch an Anspruch ergibt, haben die<strong>&nbsp;beschenkten Geschwister den Fehlbetrag zu leisten<\/strong>. Es kann also dazu kommen, dass das Kind, an welches die Liegenschaft \u00fcbergeben wurde, dem nicht bedachten Kind den Pflichtteil auszahlen muss.<\/p>\n\n\n\n<p>Aus Anlass der Vertragsbesprechung wird der Notar auf diese Anspr\u00fcche ausdr\u00fccklich aufmerksam machen und dazu raten, solche Pflichtteilsanspr\u00fcche bereits lebzeitig zu regeln. Nicht zuletzt deshalb, weil sich infolge von zuk\u00fcnftigen Aufwendungen (z.B. Aus- und Umbauten) erhebliche Bewertungsprobleme ergeben k\u00f6nnen.<\/p>\n\n\n\n<p>Solche Pflichtteilsanspr\u00fcche k\u00f6nnen&nbsp;<strong>lebzeitig mittels&nbsp;<a href=\"https:\/\/dev.diginotar.at\/erben-vererben\/pflichtteilsrecht\/pflichtteilsverzicht\/\">Pflichtteilsverzicht<\/a><\/strong>&nbsp;geregelt werden. Geben nicht bedachte Kinder einen Pflichtteilsverzicht ab, muss das beschenkte Kind nicht mehr bef\u00fcrchten, dass es im Ablebensfall der Eltern eventuell Pflichtteilsanspr\u00fcche dieser Geschwister zu erf\u00fcllen hat.<\/p>\n\n\n\n<p>Daher ist anzuraten, dass alle Kinder bei lebzeitigen Vertr\u00e4gen miteinbezogen werden.<\/p>\n","protected":false},"excerpt":{"rendered":"<p>In der notariellen Praxis taucht immer wieder die Frage auf, warum die Eltern die elterliche Liegenschaft einem Geschwisterteil zuwenden, ohne dass die \u00fcbrigen Kinder davon etwas wussten und die Eltern so &#8222;den Erbteil verschenkt&#8220; haben. Grunds\u00e4tzlich sind Schenkungen auch ohne Zuziehung der \u00fcbrigen Geschwister m\u00f6glich. Wird dabei auch den Eltern ein Recht einger\u00e4umt (Wohn-, Fruchtgenussrecht,&hellip;<\/p>\n","protected":false},"author":3,"featured_media":0,"parent":344,"menu_order":4,"comment_status":"closed","ping_status":"closed","template":"","meta":{"inline_featured_image":false,"footnotes":""},"categories":[],"class_list":["post-365","page","type-page","status-publish","hentry","description-off"],"yoast_head":"<!-- This site is optimized with the Yoast SEO plugin v25.7 - https:\/\/yoast.com\/wordpress\/plugins\/seo\/ -->\n<title>Mein Pflichtteil ist weg! &#8211; Notariat Sch\u00f6ffmann<\/title>\n<meta name=\"description\" content=\"Bei der lebzeitigen \u00dcbergabe der elterlichen Liegenschaft an eines der Kinder ist anzuraten, alle Kinder miteinzubeziehen. Warum erfahren Sie hier.\" \/>\n<meta name=\"robots\" content=\"noindex, follow, max-snippet:-1, max-image-preview:large, max-video-preview:-1\" \/>\n<meta property=\"og:locale\" content=\"de_DE\" \/>\n<meta property=\"og:type\" content=\"article\" \/>\n<meta property=\"og:title\" content=\"Mein Pflichtteil ist weg! &#8211; Notariat Sch\u00f6ffmann\" \/>\n<meta property=\"og:description\" content=\"Bei der lebzeitigen \u00dcbergabe der elterlichen Liegenschaft an eines der Kinder ist anzuraten, alle Kinder miteinzubeziehen. Warum erfahren Sie hier.\" \/>\n<meta property=\"og:url\" content=\"https:\/\/dev.diginotar.at\/de\/erben-vererben\/pflichtteilsrecht\/mein-pflichtteil-ist-weg\/\" \/>\n<meta property=\"og:site_name\" content=\"Notariat Sch\u00f6ffmann\" \/>\n<meta property=\"article:publisher\" content=\"https:\/\/www.facebook.com\/NotarKlagenfurt\" \/>\n<meta property=\"article:modified_time\" content=\"2022-03-19T09:22:53+00:00\" \/>\n<meta property=\"og:image\" content=\"https:\/\/dev.diginotar.at\/wp-content\/uploads\/2021\/11\/Juristen-1.jpg\" \/>\n\t<meta property=\"og:image:width\" content=\"1600\" \/>\n\t<meta property=\"og:image:height\" content=\"1067\" \/>\n\t<meta property=\"og:image:type\" content=\"image\/jpeg\" \/>\n<meta name=\"twitter:card\" content=\"summary_large_image\" \/>\n<script type=\"application\/ld+json\" class=\"yoast-schema-graph\">{\"@context\":\"https:\/\/schema.org\",\"@graph\":[{\"@type\":\"WebPage\",\"@id\":\"https:\/\/dev.diginotar.at\/de\/erben-vererben\/pflichtteilsrecht\/mein-pflichtteil-ist-weg\/\",\"url\":\"https:\/\/dev.diginotar.at\/de\/erben-vererben\/pflichtteilsrecht\/mein-pflichtteil-ist-weg\/\",\"name\":\"Mein Pflichtteil ist weg! &#8211; Notariat Sch\u00f6ffmann\",\"isPartOf\":{\"@id\":\"https:\/\/dev.diginotar.at\/de\/#website\"},\"datePublished\":\"2021-08-09T09:11:26+00:00\",\"dateModified\":\"2022-03-19T09:22:53+00:00\",\"description\":\"Bei der lebzeitigen \u00dcbergabe der elterlichen Liegenschaft an eines der Kinder ist anzuraten, alle Kinder miteinzubeziehen. Warum erfahren Sie hier.\",\"breadcrumb\":{\"@id\":\"https:\/\/dev.diginotar.at\/de\/erben-vererben\/pflichtteilsrecht\/mein-pflichtteil-ist-weg\/#breadcrumb\"},\"inLanguage\":\"de\",\"potentialAction\":[{\"@type\":\"ReadAction\",\"target\":[\"https:\/\/dev.diginotar.at\/de\/erben-vererben\/pflichtteilsrecht\/mein-pflichtteil-ist-weg\/\"]}]},{\"@type\":\"BreadcrumbList\",\"@id\":\"https:\/\/dev.diginotar.at\/de\/erben-vererben\/pflichtteilsrecht\/mein-pflichtteil-ist-weg\/#breadcrumb\",\"itemListElement\":[{\"@type\":\"ListItem\",\"position\":1,\"name\":\"Startseite\",\"item\":\"https:\/\/dev.diginotar.at\/de\/\"},{\"@type\":\"ListItem\",\"position\":2,\"name\":\"Was ist das Erbrecht?\",\"item\":\"https:\/\/dev.diginotar.at\/de\/erben-vererben\/\"},{\"@type\":\"ListItem\",\"position\":3,\"name\":\"Pflichtteilsrecht\",\"item\":\"https:\/\/dev.diginotar.at\/de\/erben-vererben\/pflichtteilsrecht\/\"},{\"@type\":\"ListItem\",\"position\":4,\"name\":\"Mein Pflichtteil ist weg!\"}]},{\"@type\":\"WebSite\",\"@id\":\"https:\/\/dev.diginotar.at\/de\/#website\",\"url\":\"https:\/\/dev.diginotar.at\/de\/\",\"name\":\"Notariat Sch\u00f6ffmann\",\"description\":\"Mag. Klaus Sch\u00f6ffmann - Ihr Notar in Klagenfurt\",\"publisher\":{\"@id\":\"https:\/\/dev.diginotar.at\/de\/#organization\"},\"potentialAction\":[{\"@type\":\"SearchAction\",\"target\":{\"@type\":\"EntryPoint\",\"urlTemplate\":\"https:\/\/dev.diginotar.at\/de\/?s={search_term_string}\"},\"query-input\":{\"@type\":\"PropertyValueSpecification\",\"valueRequired\":true,\"valueName\":\"search_term_string\"}}],\"inLanguage\":\"de\"},{\"@type\":\"Organization\",\"@id\":\"https:\/\/dev.diginotar.at\/de\/#organization\",\"name\":\"Notariat Mag. Klaus Sch\u00f6ffmann Klagenfurt\",\"url\":\"https:\/\/dev.diginotar.at\/de\/\",\"logo\":{\"@type\":\"ImageObject\",\"inLanguage\":\"de\",\"@id\":\"https:\/\/dev.diginotar.at\/de\/#\/schema\/logo\/image\/\",\"url\":\"https:\/\/dev.diginotar.at\/wp-content\/uploads\/2022\/02\/logo-notariat-schoeffmann.jpg\",\"contentUrl\":\"https:\/\/dev.diginotar.at\/wp-content\/uploads\/2022\/02\/logo-notariat-schoeffmann.jpg\",\"width\":600,\"height\":600,\"caption\":\"Notariat Mag. Klaus Sch\u00f6ffmann Klagenfurt\"},\"image\":{\"@id\":\"https:\/\/dev.diginotar.at\/de\/#\/schema\/logo\/image\/\"},\"sameAs\":[\"https:\/\/www.facebook.com\/NotarKlagenfurt\",\"https:\/\/www.youtube.com\/channel\/UCaITfbIQh6VIpzEonUsIhcg\"]}]}<\/script>\n<!-- \/ Yoast SEO plugin. -->","yoast_head_json":{"title":"Mein Pflichtteil ist weg! &#8211; Notariat Sch\u00f6ffmann","description":"Bei der lebzeitigen \u00dcbergabe der elterlichen Liegenschaft an eines der Kinder ist anzuraten, alle Kinder miteinzubeziehen. Warum erfahren Sie hier.","robots":{"index":"noindex","follow":"follow","max-snippet":"max-snippet:-1","max-image-preview":"max-image-preview:large","max-video-preview":"max-video-preview:-1"},"og_locale":"de_DE","og_type":"article","og_title":"Mein Pflichtteil ist weg! &#8211; Notariat Sch\u00f6ffmann","og_description":"Bei der lebzeitigen \u00dcbergabe der elterlichen Liegenschaft an eines der Kinder ist anzuraten, alle Kinder miteinzubeziehen. Warum erfahren Sie hier.","og_url":"https:\/\/dev.diginotar.at\/de\/erben-vererben\/pflichtteilsrecht\/mein-pflichtteil-ist-weg\/","og_site_name":"Notariat Sch\u00f6ffmann","article_publisher":"https:\/\/www.facebook.com\/NotarKlagenfurt","article_modified_time":"2022-03-19T09:22:53+00:00","og_image":[{"width":1600,"height":1067,"url":"https:\/\/dev.diginotar.at\/wp-content\/uploads\/2021\/11\/Juristen-1.jpg","type":"image\/jpeg"}],"twitter_card":"summary_large_image","schema":{"@context":"https:\/\/schema.org","@graph":[{"@type":"WebPage","@id":"https:\/\/dev.diginotar.at\/de\/erben-vererben\/pflichtteilsrecht\/mein-pflichtteil-ist-weg\/","url":"https:\/\/dev.diginotar.at\/de\/erben-vererben\/pflichtteilsrecht\/mein-pflichtteil-ist-weg\/","name":"Mein Pflichtteil ist weg! &#8211; Notariat Sch\u00f6ffmann","isPartOf":{"@id":"https:\/\/dev.diginotar.at\/de\/#website"},"datePublished":"2021-08-09T09:11:26+00:00","dateModified":"2022-03-19T09:22:53+00:00","description":"Bei der lebzeitigen \u00dcbergabe der elterlichen Liegenschaft an eines der Kinder ist anzuraten, alle Kinder miteinzubeziehen. Warum erfahren Sie hier.","breadcrumb":{"@id":"https:\/\/dev.diginotar.at\/de\/erben-vererben\/pflichtteilsrecht\/mein-pflichtteil-ist-weg\/#breadcrumb"},"inLanguage":"de","potentialAction":[{"@type":"ReadAction","target":["https:\/\/dev.diginotar.at\/de\/erben-vererben\/pflichtteilsrecht\/mein-pflichtteil-ist-weg\/"]}]},{"@type":"BreadcrumbList","@id":"https:\/\/dev.diginotar.at\/de\/erben-vererben\/pflichtteilsrecht\/mein-pflichtteil-ist-weg\/#breadcrumb","itemListElement":[{"@type":"ListItem","position":1,"name":"Startseite","item":"https:\/\/dev.diginotar.at\/de\/"},{"@type":"ListItem","position":2,"name":"Was ist das Erbrecht?","item":"https:\/\/dev.diginotar.at\/de\/erben-vererben\/"},{"@type":"ListItem","position":3,"name":"Pflichtteilsrecht","item":"https:\/\/dev.diginotar.at\/de\/erben-vererben\/pflichtteilsrecht\/"},{"@type":"ListItem","position":4,"name":"Mein Pflichtteil ist weg!"}]},{"@type":"WebSite","@id":"https:\/\/dev.diginotar.at\/de\/#website","url":"https:\/\/dev.diginotar.at\/de\/","name":"Notariat Sch\u00f6ffmann","description":"Mag. Klaus Sch\u00f6ffmann - Ihr Notar in Klagenfurt","publisher":{"@id":"https:\/\/dev.diginotar.at\/de\/#organization"},"potentialAction":[{"@type":"SearchAction","target":{"@type":"EntryPoint","urlTemplate":"https:\/\/dev.diginotar.at\/de\/?s={search_term_string}"},"query-input":{"@type":"PropertyValueSpecification","valueRequired":true,"valueName":"search_term_string"}}],"inLanguage":"de"},{"@type":"Organization","@id":"https:\/\/dev.diginotar.at\/de\/#organization","name":"Notariat Mag. Klaus Sch\u00f6ffmann Klagenfurt","url":"https:\/\/dev.diginotar.at\/de\/","logo":{"@type":"ImageObject","inLanguage":"de","@id":"https:\/\/dev.diginotar.at\/de\/#\/schema\/logo\/image\/","url":"https:\/\/dev.diginotar.at\/wp-content\/uploads\/2022\/02\/logo-notariat-schoeffmann.jpg","contentUrl":"https:\/\/dev.diginotar.at\/wp-content\/uploads\/2022\/02\/logo-notariat-schoeffmann.jpg","width":600,"height":600,"caption":"Notariat Mag. Klaus Sch\u00f6ffmann Klagenfurt"},"image":{"@id":"https:\/\/dev.diginotar.at\/de\/#\/schema\/logo\/image\/"},"sameAs":["https:\/\/www.facebook.com\/NotarKlagenfurt","https:\/\/www.youtube.com\/channel\/UCaITfbIQh6VIpzEonUsIhcg"]}]}},"_links":{"self":[{"href":"https:\/\/dev.diginotar.at\/de\/wp-json\/wp\/v2\/pages\/365","targetHints":{"allow":["GET"]}}],"collection":[{"href":"https:\/\/dev.diginotar.at\/de\/wp-json\/wp\/v2\/pages"}],"about":[{"href":"https:\/\/dev.diginotar.at\/de\/wp-json\/wp\/v2\/types\/page"}],"author":[{"embeddable":true,"href":"https:\/\/dev.diginotar.at\/de\/wp-json\/wp\/v2\/users\/3"}],"replies":[{"embeddable":true,"href":"https:\/\/dev.diginotar.at\/de\/wp-json\/wp\/v2\/comments?post=365"}],"version-history":[{"count":5,"href":"https:\/\/dev.diginotar.at\/de\/wp-json\/wp\/v2\/pages\/365\/revisions"}],"predecessor-version":[{"id":2650,"href":"https:\/\/dev.diginotar.at\/de\/wp-json\/wp\/v2\/pages\/365\/revisions\/2650"}],"up":[{"embeddable":true,"href":"https:\/\/dev.diginotar.at\/de\/wp-json\/wp\/v2\/pages\/344"}],"wp:attachment":[{"href":"https:\/\/dev.diginotar.at\/de\/wp-json\/wp\/v2\/media?parent=365"}],"wp:term":[{"taxonomy":"category","embeddable":true,"href":"https:\/\/dev.diginotar.at\/de\/wp-json\/wp\/v2\/categories?post=365"}],"curies":[{"name":"wp","href":"https:\/\/api.w.org\/{rel}","templated":true}]}}