{"id":346,"date":"2021-08-09T11:05:12","date_gmt":"2021-08-09T09:05:12","guid":{"rendered":"https:\/\/dev.diginotar.at\/?page_id=346"},"modified":"2022-03-19T10:26:24","modified_gmt":"2022-03-19T09:26:24","slug":"pflichtteilsanrechnung","status":"publish","type":"page","link":"https:\/\/dev.diginotar.at\/de\/erben-vererben\/pflichtteilsrecht\/pflichtteilsanrechnung\/","title":{"rendered":"Pflichtteilsanrechnung"},"content":{"rendered":"\n<p>Alles, was ein Pflichtteilsberechtigter letztwillig (zB als Verm\u00e4chtnis) oder als Erbteil erhalten hat, ist auf seinen Pflichtteil anzurechnen. Das bedeutet, dass der Wert dieser Zuwendung vom jeweiligen Pflichtteilsanspruch abgezogen wird. Der pflichtteilsberechtigte Ehegatte muss sich das\u00a0<a href=\"https:\/\/dev.diginotar.at\/erben-vererben\/gesetzliches-erbrecht\/erbrecht-von-ehegatten\/\">gesetzliche Vorausverm\u00e4chtnis\u00a0<\/a>anrechnen lassen.<\/p>\n\n\n\n<p><a href=\"https:\/\/dev.diginotar.at\/erben-vererben\/pflichtteilsrecht\/schenkungsanrechnung\/\"><strong>Schenkungen<\/strong><\/a>, die ein Pflichtteilsberechtigter vom Verstorbenen zu dessen Lebzeiten erhalten hat, sind ebenfalls bei der Pflichtteilsberechnung zu ber\u00fccksichtigen.<\/p>\n\n\n<div class=\"lazyblock-infobox-2v6dLc wp-block-lazyblock-infobox\"><div class=\"notar_beispielbox\">\n  <h2>Beispiel<\/h2>\n  <div class=\"notar_infobox_content\"><p>Der Verstorbene hinterl\u00e4sst seine Gattin, einen Sohn und eine Tochter. Der Sohn erh\u00e4lt als Verm\u00e4chtnis eine Liegenschaft im Wert von EUR 60.000,-, die Gattin wird als Alleinerbin eingesetzt.<\/p><p>Ergibt die Pflichtteilsberechnung, dass dem Sohn ein Pflichtteil von EUR 80.000,- zusteht, so hat er nach Anrechnung des Verm\u00e4chtnisses noch einen Pflichtteilsanspruch von EUR 20.000,-. Ergibt die Pflichtteilsberechnung einen Pflichtteil von EUR 60.000,-, so ist mit dem Verm\u00e4chtnis der Liegenschaft sein Anspruch befriedigt und er hat keinen weiteren Anspruch.<\/p><\/div>\n<\/div>\n\n<\/div>","protected":false},"excerpt":{"rendered":"<p>Alles, was ein Pflichtteilsberechtigter letztwillig (zB als Verm\u00e4chtnis) oder als Erbteil erhalten hat, ist auf seinen Pflichtteil anzurechnen. Das bedeutet, dass der Wert dieser Zuwendung vom jeweiligen Pflichtteilsanspruch abgezogen wird. Der pflichtteilsberechtigte Ehegatte muss sich das\u00a0gesetzliche Vorausverm\u00e4chtnis\u00a0anrechnen lassen. Schenkungen, die ein Pflichtteilsberechtigter vom Verstorbenen zu dessen Lebzeiten erhalten hat, sind ebenfalls bei der Pflichtteilsberechnung zu&hellip;<\/p>\n","protected":false},"author":3,"featured_media":0,"parent":344,"menu_order":0,"comment_status":"closed","ping_status":"closed","template":"","meta":{"inline_featured_image":false,"footnotes":""},"categories":[],"class_list":["post-346","page","type-page","status-publish","hentry","description-off"],"yoast_head":"<!-- This site is optimized with the Yoast SEO plugin v25.7 - https:\/\/yoast.com\/wordpress\/plugins\/seo\/ -->\n<title>Pflichtteilsanrechnung &#8211; Notariat Sch\u00f6ffmann<\/title>\n<meta name=\"description\" content=\"Alles, was ein Pflichtteilsberechtigter letztwillig oder als Erbteil erhalten hat, ist auf seinen Pflichtteil anzurechnen. Das mindert seinen Pflichtteil.\" \/>\n<meta name=\"robots\" content=\"noindex, follow, max-snippet:-1, max-image-preview:large, max-video-preview:-1\" \/>\n<meta property=\"og:locale\" content=\"de_DE\" \/>\n<meta property=\"og:type\" content=\"article\" \/>\n<meta property=\"og:title\" content=\"Pflichtteilsanrechnung &#8211; Notariat Sch\u00f6ffmann\" \/>\n<meta property=\"og:description\" content=\"Alles, was ein Pflichtteilsberechtigter letztwillig oder als Erbteil erhalten hat, ist auf seinen Pflichtteil anzurechnen. Das mindert seinen Pflichtteil.\" \/>\n<meta property=\"og:url\" content=\"https:\/\/dev.diginotar.at\/de\/erben-vererben\/pflichtteilsrecht\/pflichtteilsanrechnung\/\" \/>\n<meta property=\"og:site_name\" content=\"Notariat Sch\u00f6ffmann\" \/>\n<meta property=\"article:publisher\" content=\"https:\/\/www.facebook.com\/NotarKlagenfurt\" \/>\n<meta property=\"article:modified_time\" content=\"2022-03-19T09:26:24+00:00\" \/>\n<meta property=\"og:image\" content=\"https:\/\/dev.diginotar.at\/wp-content\/uploads\/2021\/11\/Juristen-1.jpg\" \/>\n\t<meta property=\"og:image:width\" content=\"1600\" \/>\n\t<meta property=\"og:image:height\" content=\"1067\" \/>\n\t<meta property=\"og:image:type\" content=\"image\/jpeg\" \/>\n<meta name=\"twitter:card\" content=\"summary_large_image\" \/>\n<script type=\"application\/ld+json\" class=\"yoast-schema-graph\">{\"@context\":\"https:\/\/schema.org\",\"@graph\":[{\"@type\":\"WebPage\",\"@id\":\"https:\/\/dev.diginotar.at\/de\/erben-vererben\/pflichtteilsrecht\/pflichtteilsanrechnung\/\",\"url\":\"https:\/\/dev.diginotar.at\/de\/erben-vererben\/pflichtteilsrecht\/pflichtteilsanrechnung\/\",\"name\":\"Pflichtteilsanrechnung &#8211; Notariat Sch\u00f6ffmann\",\"isPartOf\":{\"@id\":\"https:\/\/dev.diginotar.at\/de\/#website\"},\"datePublished\":\"2021-08-09T09:05:12+00:00\",\"dateModified\":\"2022-03-19T09:26:24+00:00\",\"description\":\"Alles, was ein Pflichtteilsberechtigter letztwillig oder als Erbteil erhalten hat, ist auf seinen Pflichtteil anzurechnen. Das mindert seinen Pflichtteil.\",\"breadcrumb\":{\"@id\":\"https:\/\/dev.diginotar.at\/de\/erben-vererben\/pflichtteilsrecht\/pflichtteilsanrechnung\/#breadcrumb\"},\"inLanguage\":\"de\",\"potentialAction\":[{\"@type\":\"ReadAction\",\"target\":[\"https:\/\/dev.diginotar.at\/de\/erben-vererben\/pflichtteilsrecht\/pflichtteilsanrechnung\/\"]}]},{\"@type\":\"BreadcrumbList\",\"@id\":\"https:\/\/dev.diginotar.at\/de\/erben-vererben\/pflichtteilsrecht\/pflichtteilsanrechnung\/#breadcrumb\",\"itemListElement\":[{\"@type\":\"ListItem\",\"position\":1,\"name\":\"Startseite\",\"item\":\"https:\/\/dev.diginotar.at\/de\/\"},{\"@type\":\"ListItem\",\"position\":2,\"name\":\"Was ist das Erbrecht?\",\"item\":\"https:\/\/dev.diginotar.at\/de\/erben-vererben\/\"},{\"@type\":\"ListItem\",\"position\":3,\"name\":\"Pflichtteilsrecht\",\"item\":\"https:\/\/dev.diginotar.at\/de\/erben-vererben\/pflichtteilsrecht\/\"},{\"@type\":\"ListItem\",\"position\":4,\"name\":\"Pflichtteilsanrechnung\"}]},{\"@type\":\"WebSite\",\"@id\":\"https:\/\/dev.diginotar.at\/de\/#website\",\"url\":\"https:\/\/dev.diginotar.at\/de\/\",\"name\":\"Notariat Sch\u00f6ffmann\",\"description\":\"Mag. Klaus Sch\u00f6ffmann - Ihr Notar in Klagenfurt\",\"publisher\":{\"@id\":\"https:\/\/dev.diginotar.at\/de\/#organization\"},\"potentialAction\":[{\"@type\":\"SearchAction\",\"target\":{\"@type\":\"EntryPoint\",\"urlTemplate\":\"https:\/\/dev.diginotar.at\/de\/?s={search_term_string}\"},\"query-input\":{\"@type\":\"PropertyValueSpecification\",\"valueRequired\":true,\"valueName\":\"search_term_string\"}}],\"inLanguage\":\"de\"},{\"@type\":\"Organization\",\"@id\":\"https:\/\/dev.diginotar.at\/de\/#organization\",\"name\":\"Notariat Mag. Klaus Sch\u00f6ffmann Klagenfurt\",\"url\":\"https:\/\/dev.diginotar.at\/de\/\",\"logo\":{\"@type\":\"ImageObject\",\"inLanguage\":\"de\",\"@id\":\"https:\/\/dev.diginotar.at\/de\/#\/schema\/logo\/image\/\",\"url\":\"https:\/\/dev.diginotar.at\/wp-content\/uploads\/2022\/02\/logo-notariat-schoeffmann.jpg\",\"contentUrl\":\"https:\/\/dev.diginotar.at\/wp-content\/uploads\/2022\/02\/logo-notariat-schoeffmann.jpg\",\"width\":600,\"height\":600,\"caption\":\"Notariat Mag. Klaus Sch\u00f6ffmann Klagenfurt\"},\"image\":{\"@id\":\"https:\/\/dev.diginotar.at\/de\/#\/schema\/logo\/image\/\"},\"sameAs\":[\"https:\/\/www.facebook.com\/NotarKlagenfurt\",\"https:\/\/www.youtube.com\/channel\/UCaITfbIQh6VIpzEonUsIhcg\"]}]}<\/script>\n<!-- \/ Yoast SEO plugin. -->","yoast_head_json":{"title":"Pflichtteilsanrechnung &#8211; Notariat Sch\u00f6ffmann","description":"Alles, was ein Pflichtteilsberechtigter letztwillig oder als Erbteil erhalten hat, ist auf seinen Pflichtteil anzurechnen. Das mindert seinen Pflichtteil.","robots":{"index":"noindex","follow":"follow","max-snippet":"max-snippet:-1","max-image-preview":"max-image-preview:large","max-video-preview":"max-video-preview:-1"},"og_locale":"de_DE","og_type":"article","og_title":"Pflichtteilsanrechnung &#8211; Notariat Sch\u00f6ffmann","og_description":"Alles, was ein Pflichtteilsberechtigter letztwillig oder als Erbteil erhalten hat, ist auf seinen Pflichtteil anzurechnen. Das mindert seinen Pflichtteil.","og_url":"https:\/\/dev.diginotar.at\/de\/erben-vererben\/pflichtteilsrecht\/pflichtteilsanrechnung\/","og_site_name":"Notariat Sch\u00f6ffmann","article_publisher":"https:\/\/www.facebook.com\/NotarKlagenfurt","article_modified_time":"2022-03-19T09:26:24+00:00","og_image":[{"width":1600,"height":1067,"url":"https:\/\/dev.diginotar.at\/wp-content\/uploads\/2021\/11\/Juristen-1.jpg","type":"image\/jpeg"}],"twitter_card":"summary_large_image","schema":{"@context":"https:\/\/schema.org","@graph":[{"@type":"WebPage","@id":"https:\/\/dev.diginotar.at\/de\/erben-vererben\/pflichtteilsrecht\/pflichtteilsanrechnung\/","url":"https:\/\/dev.diginotar.at\/de\/erben-vererben\/pflichtteilsrecht\/pflichtteilsanrechnung\/","name":"Pflichtteilsanrechnung &#8211; Notariat Sch\u00f6ffmann","isPartOf":{"@id":"https:\/\/dev.diginotar.at\/de\/#website"},"datePublished":"2021-08-09T09:05:12+00:00","dateModified":"2022-03-19T09:26:24+00:00","description":"Alles, was ein Pflichtteilsberechtigter letztwillig oder als Erbteil erhalten hat, ist auf seinen Pflichtteil anzurechnen. Das mindert seinen Pflichtteil.","breadcrumb":{"@id":"https:\/\/dev.diginotar.at\/de\/erben-vererben\/pflichtteilsrecht\/pflichtteilsanrechnung\/#breadcrumb"},"inLanguage":"de","potentialAction":[{"@type":"ReadAction","target":["https:\/\/dev.diginotar.at\/de\/erben-vererben\/pflichtteilsrecht\/pflichtteilsanrechnung\/"]}]},{"@type":"BreadcrumbList","@id":"https:\/\/dev.diginotar.at\/de\/erben-vererben\/pflichtteilsrecht\/pflichtteilsanrechnung\/#breadcrumb","itemListElement":[{"@type":"ListItem","position":1,"name":"Startseite","item":"https:\/\/dev.diginotar.at\/de\/"},{"@type":"ListItem","position":2,"name":"Was ist das Erbrecht?","item":"https:\/\/dev.diginotar.at\/de\/erben-vererben\/"},{"@type":"ListItem","position":3,"name":"Pflichtteilsrecht","item":"https:\/\/dev.diginotar.at\/de\/erben-vererben\/pflichtteilsrecht\/"},{"@type":"ListItem","position":4,"name":"Pflichtteilsanrechnung"}]},{"@type":"WebSite","@id":"https:\/\/dev.diginotar.at\/de\/#website","url":"https:\/\/dev.diginotar.at\/de\/","name":"Notariat Sch\u00f6ffmann","description":"Mag. Klaus Sch\u00f6ffmann - Ihr Notar in Klagenfurt","publisher":{"@id":"https:\/\/dev.diginotar.at\/de\/#organization"},"potentialAction":[{"@type":"SearchAction","target":{"@type":"EntryPoint","urlTemplate":"https:\/\/dev.diginotar.at\/de\/?s={search_term_string}"},"query-input":{"@type":"PropertyValueSpecification","valueRequired":true,"valueName":"search_term_string"}}],"inLanguage":"de"},{"@type":"Organization","@id":"https:\/\/dev.diginotar.at\/de\/#organization","name":"Notariat Mag. Klaus Sch\u00f6ffmann Klagenfurt","url":"https:\/\/dev.diginotar.at\/de\/","logo":{"@type":"ImageObject","inLanguage":"de","@id":"https:\/\/dev.diginotar.at\/de\/#\/schema\/logo\/image\/","url":"https:\/\/dev.diginotar.at\/wp-content\/uploads\/2022\/02\/logo-notariat-schoeffmann.jpg","contentUrl":"https:\/\/dev.diginotar.at\/wp-content\/uploads\/2022\/02\/logo-notariat-schoeffmann.jpg","width":600,"height":600,"caption":"Notariat Mag. Klaus Sch\u00f6ffmann Klagenfurt"},"image":{"@id":"https:\/\/dev.diginotar.at\/de\/#\/schema\/logo\/image\/"},"sameAs":["https:\/\/www.facebook.com\/NotarKlagenfurt","https:\/\/www.youtube.com\/channel\/UCaITfbIQh6VIpzEonUsIhcg"]}]}},"_links":{"self":[{"href":"https:\/\/dev.diginotar.at\/de\/wp-json\/wp\/v2\/pages\/346","targetHints":{"allow":["GET"]}}],"collection":[{"href":"https:\/\/dev.diginotar.at\/de\/wp-json\/wp\/v2\/pages"}],"about":[{"href":"https:\/\/dev.diginotar.at\/de\/wp-json\/wp\/v2\/types\/page"}],"author":[{"embeddable":true,"href":"https:\/\/dev.diginotar.at\/de\/wp-json\/wp\/v2\/users\/3"}],"replies":[{"embeddable":true,"href":"https:\/\/dev.diginotar.at\/de\/wp-json\/wp\/v2\/comments?post=346"}],"version-history":[{"count":6,"href":"https:\/\/dev.diginotar.at\/de\/wp-json\/wp\/v2\/pages\/346\/revisions"}],"predecessor-version":[{"id":2658,"href":"https:\/\/dev.diginotar.at\/de\/wp-json\/wp\/v2\/pages\/346\/revisions\/2658"}],"up":[{"embeddable":true,"href":"https:\/\/dev.diginotar.at\/de\/wp-json\/wp\/v2\/pages\/344"}],"wp:attachment":[{"href":"https:\/\/dev.diginotar.at\/de\/wp-json\/wp\/v2\/media?parent=346"}],"wp:term":[{"taxonomy":"category","embeddable":true,"href":"https:\/\/dev.diginotar.at\/de\/wp-json\/wp\/v2\/categories?post=346"}],"curies":[{"name":"wp","href":"https:\/\/api.w.org\/{rel}","templated":true}]}}