{"id":340,"date":"2021-08-09T11:03:42","date_gmt":"2021-08-09T09:03:42","guid":{"rendered":"https:\/\/dev.diginotar.at\/?page_id=340"},"modified":"2022-03-05T17:24:14","modified_gmt":"2022-03-05T16:24:14","slug":"vermaechtnis","status":"publish","type":"page","link":"https:\/\/dev.diginotar.at\/de\/erben-vererben\/gewillkuerte-erbfolge\/vermaechtnis\/","title":{"rendered":"Das Verm\u00e4chtnis"},"content":{"rendered":"\n<p>Vom\u00a0<a href=\"https:\/\/dev.diginotar.at\/erben-vererben\/gewillkuerte-erbfolge\/testament\/\">Testament<\/a>\u00a0unterscheidet sich das Verm\u00e4chtnis dadurch, dass es keine Erbseinsetzung beinhaltet. Nur hinsichtlich einzelner Verm\u00f6genswerte werden Verf\u00fcgungen getroffen. Mit dem Verm\u00e4chtnis kann der Verf\u00fcgende einzelne Sachen, wie zB Schmuckst\u00fccke oder Liegenschaften, vermachen.<\/p>\n\n\n\n<p>F\u00fcr die Formerfordernisse gilt das zu\u00a0<a href=\"https:\/\/dev.diginotar.at\/erben-vererben\/gewillkuerte-erbfolge\/testament\/\">Testamenten\u00a0<\/a>Gesagte.<\/p>\n\n\n<div class=\"lazyblock-infobox-Z2qJFqw wp-block-lazyblock-infobox\"><div class=\"notar_beispielbox\">\n  <h2>Beispiel<\/h2>\n  <div class=\"notar_infobox_content\"><p>Ich, Rudolf Sorglos, Kaufmann, Salmstrasse 3, 9020 Klagenfurt, vermache meine Goldm\u00fcnzensammlung meiner Nichte, Edeltraud Strebsam, Reinstrasse 23, 9500 Villach.<\/p><p>Klagenfurt, am 15.05.2026<\/p><p><em>Rudolf Sorglos<\/em>&#8222;<\/p><\/div>\n<\/div>\n\n<\/div>","protected":false},"excerpt":{"rendered":"<p>Vom\u00a0Testament\u00a0unterscheidet sich das Verm\u00e4chtnis dadurch, dass es keine Erbseinsetzung beinhaltet. Nur hinsichtlich einzelner Verm\u00f6genswerte werden Verf\u00fcgungen getroffen. Mit dem Verm\u00e4chtnis kann der Verf\u00fcgende einzelne Sachen, wie zB Schmuckst\u00fccke oder Liegenschaften, vermachen. F\u00fcr die Formerfordernisse gilt das zu\u00a0Testamenten\u00a0Gesagte.<\/p>\n","protected":false},"author":3,"featured_media":0,"parent":327,"menu_order":1,"comment_status":"closed","ping_status":"closed","template":"","meta":{"inline_featured_image":false,"footnotes":""},"categories":[],"class_list":["post-340","page","type-page","status-publish","hentry","description-off"],"yoast_head":"<!-- This site is optimized with the Yoast SEO plugin v25.7 - https:\/\/yoast.com\/wordpress\/plugins\/seo\/ -->\n<title>Das Verm\u00e4chtnis &#8211; Notariat Sch\u00f6ffmann<\/title>\n<meta name=\"description\" content=\"Wollen Sie einzelne Sachen, wie etwa ein Auto oder Schmuck, vermachen, so k\u00f6nnen Sie dies in einem Verm\u00e4chtnis verf\u00fcgen.\" \/>\n<meta name=\"robots\" content=\"noindex, follow, max-snippet:-1, max-image-preview:large, max-video-preview:-1\" \/>\n<meta property=\"og:locale\" content=\"de_DE\" \/>\n<meta property=\"og:type\" content=\"article\" \/>\n<meta property=\"og:title\" content=\"Das Verm\u00e4chtnis &#8211; Notariat Sch\u00f6ffmann\" \/>\n<meta property=\"og:description\" content=\"Wollen Sie einzelne Sachen, wie etwa ein Auto oder Schmuck, vermachen, so k\u00f6nnen Sie dies in einem Verm\u00e4chtnis verf\u00fcgen.\" \/>\n<meta property=\"og:url\" content=\"https:\/\/dev.diginotar.at\/de\/erben-vererben\/gewillkuerte-erbfolge\/vermaechtnis\/\" \/>\n<meta property=\"og:site_name\" content=\"Notariat Sch\u00f6ffmann\" \/>\n<meta property=\"article:publisher\" content=\"https:\/\/www.facebook.com\/NotarKlagenfurt\" \/>\n<meta property=\"article:modified_time\" content=\"2022-03-05T16:24:14+00:00\" \/>\n<meta property=\"og:image\" content=\"https:\/\/dev.diginotar.at\/wp-content\/uploads\/2021\/11\/Juristen-1.jpg\" \/>\n\t<meta property=\"og:image:width\" content=\"1600\" \/>\n\t<meta property=\"og:image:height\" content=\"1067\" \/>\n\t<meta property=\"og:image:type\" content=\"image\/jpeg\" \/>\n<meta name=\"twitter:card\" content=\"summary_large_image\" \/>\n<script type=\"application\/ld+json\" class=\"yoast-schema-graph\">{\"@context\":\"https:\/\/schema.org\",\"@graph\":[{\"@type\":\"WebPage\",\"@id\":\"https:\/\/dev.diginotar.at\/de\/erben-vererben\/gewillkuerte-erbfolge\/vermaechtnis\/\",\"url\":\"https:\/\/dev.diginotar.at\/de\/erben-vererben\/gewillkuerte-erbfolge\/vermaechtnis\/\",\"name\":\"Das Verm\u00e4chtnis &#8211; Notariat Sch\u00f6ffmann\",\"isPartOf\":{\"@id\":\"https:\/\/dev.diginotar.at\/de\/#website\"},\"datePublished\":\"2021-08-09T09:03:42+00:00\",\"dateModified\":\"2022-03-05T16:24:14+00:00\",\"description\":\"Wollen Sie einzelne Sachen, wie etwa ein Auto oder Schmuck, vermachen, so k\u00f6nnen Sie dies in einem Verm\u00e4chtnis verf\u00fcgen.\",\"breadcrumb\":{\"@id\":\"https:\/\/dev.diginotar.at\/de\/erben-vererben\/gewillkuerte-erbfolge\/vermaechtnis\/#breadcrumb\"},\"inLanguage\":\"de\",\"potentialAction\":[{\"@type\":\"ReadAction\",\"target\":[\"https:\/\/dev.diginotar.at\/de\/erben-vererben\/gewillkuerte-erbfolge\/vermaechtnis\/\"]}]},{\"@type\":\"BreadcrumbList\",\"@id\":\"https:\/\/dev.diginotar.at\/de\/erben-vererben\/gewillkuerte-erbfolge\/vermaechtnis\/#breadcrumb\",\"itemListElement\":[{\"@type\":\"ListItem\",\"position\":1,\"name\":\"Startseite\",\"item\":\"https:\/\/dev.diginotar.at\/de\/\"},{\"@type\":\"ListItem\",\"position\":2,\"name\":\"Was ist das Erbrecht?\",\"item\":\"https:\/\/dev.diginotar.at\/de\/erben-vererben\/\"},{\"@type\":\"ListItem\",\"position\":3,\"name\":\"Gewillk\u00fcrte Erbfolge\",\"item\":\"https:\/\/dev.diginotar.at\/de\/erben-vererben\/gewillkuerte-erbfolge\/\"},{\"@type\":\"ListItem\",\"position\":4,\"name\":\"Das Verm\u00e4chtnis\"}]},{\"@type\":\"WebSite\",\"@id\":\"https:\/\/dev.diginotar.at\/de\/#website\",\"url\":\"https:\/\/dev.diginotar.at\/de\/\",\"name\":\"Notariat Sch\u00f6ffmann\",\"description\":\"Mag. Klaus Sch\u00f6ffmann - Ihr Notar in Klagenfurt\",\"publisher\":{\"@id\":\"https:\/\/dev.diginotar.at\/de\/#organization\"},\"potentialAction\":[{\"@type\":\"SearchAction\",\"target\":{\"@type\":\"EntryPoint\",\"urlTemplate\":\"https:\/\/dev.diginotar.at\/de\/?s={search_term_string}\"},\"query-input\":{\"@type\":\"PropertyValueSpecification\",\"valueRequired\":true,\"valueName\":\"search_term_string\"}}],\"inLanguage\":\"de\"},{\"@type\":\"Organization\",\"@id\":\"https:\/\/dev.diginotar.at\/de\/#organization\",\"name\":\"Notariat Mag. Klaus Sch\u00f6ffmann Klagenfurt\",\"url\":\"https:\/\/dev.diginotar.at\/de\/\",\"logo\":{\"@type\":\"ImageObject\",\"inLanguage\":\"de\",\"@id\":\"https:\/\/dev.diginotar.at\/de\/#\/schema\/logo\/image\/\",\"url\":\"https:\/\/dev.diginotar.at\/wp-content\/uploads\/2022\/02\/logo-notariat-schoeffmann.jpg\",\"contentUrl\":\"https:\/\/dev.diginotar.at\/wp-content\/uploads\/2022\/02\/logo-notariat-schoeffmann.jpg\",\"width\":600,\"height\":600,\"caption\":\"Notariat Mag. Klaus Sch\u00f6ffmann Klagenfurt\"},\"image\":{\"@id\":\"https:\/\/dev.diginotar.at\/de\/#\/schema\/logo\/image\/\"},\"sameAs\":[\"https:\/\/www.facebook.com\/NotarKlagenfurt\",\"https:\/\/www.youtube.com\/channel\/UCaITfbIQh6VIpzEonUsIhcg\"]}]}<\/script>\n<!-- \/ Yoast SEO plugin. -->","yoast_head_json":{"title":"Das Verm\u00e4chtnis &#8211; Notariat Sch\u00f6ffmann","description":"Wollen Sie einzelne Sachen, wie etwa ein Auto oder Schmuck, vermachen, so k\u00f6nnen Sie dies in einem Verm\u00e4chtnis verf\u00fcgen.","robots":{"index":"noindex","follow":"follow","max-snippet":"max-snippet:-1","max-image-preview":"max-image-preview:large","max-video-preview":"max-video-preview:-1"},"og_locale":"de_DE","og_type":"article","og_title":"Das Verm\u00e4chtnis &#8211; Notariat Sch\u00f6ffmann","og_description":"Wollen Sie einzelne Sachen, wie etwa ein Auto oder Schmuck, vermachen, so k\u00f6nnen Sie dies in einem Verm\u00e4chtnis verf\u00fcgen.","og_url":"https:\/\/dev.diginotar.at\/de\/erben-vererben\/gewillkuerte-erbfolge\/vermaechtnis\/","og_site_name":"Notariat Sch\u00f6ffmann","article_publisher":"https:\/\/www.facebook.com\/NotarKlagenfurt","article_modified_time":"2022-03-05T16:24:14+00:00","og_image":[{"width":1600,"height":1067,"url":"https:\/\/dev.diginotar.at\/wp-content\/uploads\/2021\/11\/Juristen-1.jpg","type":"image\/jpeg"}],"twitter_card":"summary_large_image","schema":{"@context":"https:\/\/schema.org","@graph":[{"@type":"WebPage","@id":"https:\/\/dev.diginotar.at\/de\/erben-vererben\/gewillkuerte-erbfolge\/vermaechtnis\/","url":"https:\/\/dev.diginotar.at\/de\/erben-vererben\/gewillkuerte-erbfolge\/vermaechtnis\/","name":"Das Verm\u00e4chtnis &#8211; Notariat Sch\u00f6ffmann","isPartOf":{"@id":"https:\/\/dev.diginotar.at\/de\/#website"},"datePublished":"2021-08-09T09:03:42+00:00","dateModified":"2022-03-05T16:24:14+00:00","description":"Wollen Sie einzelne Sachen, wie etwa ein Auto oder Schmuck, vermachen, so k\u00f6nnen Sie dies in einem Verm\u00e4chtnis verf\u00fcgen.","breadcrumb":{"@id":"https:\/\/dev.diginotar.at\/de\/erben-vererben\/gewillkuerte-erbfolge\/vermaechtnis\/#breadcrumb"},"inLanguage":"de","potentialAction":[{"@type":"ReadAction","target":["https:\/\/dev.diginotar.at\/de\/erben-vererben\/gewillkuerte-erbfolge\/vermaechtnis\/"]}]},{"@type":"BreadcrumbList","@id":"https:\/\/dev.diginotar.at\/de\/erben-vererben\/gewillkuerte-erbfolge\/vermaechtnis\/#breadcrumb","itemListElement":[{"@type":"ListItem","position":1,"name":"Startseite","item":"https:\/\/dev.diginotar.at\/de\/"},{"@type":"ListItem","position":2,"name":"Was ist das Erbrecht?","item":"https:\/\/dev.diginotar.at\/de\/erben-vererben\/"},{"@type":"ListItem","position":3,"name":"Gewillk\u00fcrte Erbfolge","item":"https:\/\/dev.diginotar.at\/de\/erben-vererben\/gewillkuerte-erbfolge\/"},{"@type":"ListItem","position":4,"name":"Das Verm\u00e4chtnis"}]},{"@type":"WebSite","@id":"https:\/\/dev.diginotar.at\/de\/#website","url":"https:\/\/dev.diginotar.at\/de\/","name":"Notariat Sch\u00f6ffmann","description":"Mag. Klaus Sch\u00f6ffmann - Ihr Notar in Klagenfurt","publisher":{"@id":"https:\/\/dev.diginotar.at\/de\/#organization"},"potentialAction":[{"@type":"SearchAction","target":{"@type":"EntryPoint","urlTemplate":"https:\/\/dev.diginotar.at\/de\/?s={search_term_string}"},"query-input":{"@type":"PropertyValueSpecification","valueRequired":true,"valueName":"search_term_string"}}],"inLanguage":"de"},{"@type":"Organization","@id":"https:\/\/dev.diginotar.at\/de\/#organization","name":"Notariat Mag. Klaus Sch\u00f6ffmann Klagenfurt","url":"https:\/\/dev.diginotar.at\/de\/","logo":{"@type":"ImageObject","inLanguage":"de","@id":"https:\/\/dev.diginotar.at\/de\/#\/schema\/logo\/image\/","url":"https:\/\/dev.diginotar.at\/wp-content\/uploads\/2022\/02\/logo-notariat-schoeffmann.jpg","contentUrl":"https:\/\/dev.diginotar.at\/wp-content\/uploads\/2022\/02\/logo-notariat-schoeffmann.jpg","width":600,"height":600,"caption":"Notariat Mag. Klaus Sch\u00f6ffmann Klagenfurt"},"image":{"@id":"https:\/\/dev.diginotar.at\/de\/#\/schema\/logo\/image\/"},"sameAs":["https:\/\/www.facebook.com\/NotarKlagenfurt","https:\/\/www.youtube.com\/channel\/UCaITfbIQh6VIpzEonUsIhcg"]}]}},"_links":{"self":[{"href":"https:\/\/dev.diginotar.at\/de\/wp-json\/wp\/v2\/pages\/340","targetHints":{"allow":["GET"]}}],"collection":[{"href":"https:\/\/dev.diginotar.at\/de\/wp-json\/wp\/v2\/pages"}],"about":[{"href":"https:\/\/dev.diginotar.at\/de\/wp-json\/wp\/v2\/types\/page"}],"author":[{"embeddable":true,"href":"https:\/\/dev.diginotar.at\/de\/wp-json\/wp\/v2\/users\/3"}],"replies":[{"embeddable":true,"href":"https:\/\/dev.diginotar.at\/de\/wp-json\/wp\/v2\/comments?post=340"}],"version-history":[{"count":5,"href":"https:\/\/dev.diginotar.at\/de\/wp-json\/wp\/v2\/pages\/340\/revisions"}],"predecessor-version":[{"id":2391,"href":"https:\/\/dev.diginotar.at\/de\/wp-json\/wp\/v2\/pages\/340\/revisions\/2391"}],"up":[{"embeddable":true,"href":"https:\/\/dev.diginotar.at\/de\/wp-json\/wp\/v2\/pages\/327"}],"wp:attachment":[{"href":"https:\/\/dev.diginotar.at\/de\/wp-json\/wp\/v2\/media?parent=340"}],"wp:term":[{"taxonomy":"category","embeddable":true,"href":"https:\/\/dev.diginotar.at\/de\/wp-json\/wp\/v2\/categories?post=340"}],"curies":[{"name":"wp","href":"https:\/\/api.w.org\/{rel}","templated":true}]}}