{"id":32,"date":"2021-09-12T16:32:25","date_gmt":"2021-08-05T18:54:41","guid":{"rendered":"https:\/\/dev.diginotar.at\/?page_id=32"},"modified":"2023-04-02T19:29:56","modified_gmt":"2023-04-02T17:29:56","slug":"sprechtage","status":"publish","type":"page","link":"https:\/\/dev.diginotar.at\/de\/sprechtage\/","title":{"rendered":"Sprechtage &#038; Veranstaltungen"},"content":{"rendered":"<div class=\"wpb-content-wrapper\"><p>[vc_row][vc_column]<div class=\"sprechtage_box_schoeffmann sprechtage\" ><h3>Sprechtage:<\/h3><ul><li>Aktuell keine Eintr\u00e4ge.<\/li><\/ul><\/div>[vc_separator border_width=&#8220;3&#8243; css=&#8220;.vc_custom_1680456594084{padding-top: 15px !important;padding-bottom: 15px !important;}&#8220;]<div class=\"veranstaltungen_box_schoeffmann veranstaltungen\" ><h3>Veranstaltungen:<\/h3><ul><\/ul><\/div>[vc_separator border_width=&#8220;3&#8243; css=&#8220;.vc_custom_1680456587028{padding-top: 15px !important;padding-bottom: 15px !important;}&#8220;]<div class=\"event_box_schoeffmann kanzleisprechtag\" ><h3>Kanzleisprechtag:<\/h3><ul><li>\n<h3 class=\"wp-block-heading\"><strong>B<\/strong>Ich komme zur Sprechstunde in die Kanzlei<\/h3>\n\n\n\n<p id=\"kanzleisprechstunde\">Jeden Dienstag von 16.00 Uhr bis 17.00 Uhr besteht die M\u00f6glichkeit zu einer unentgeltlichen ersten Rechtsauskunft in die Kanzlei zu kommen.<\/p>\n\n\n\n<p><strong>Voranmeldung erforderlich unter <a href=\"tel:0043463509508\">+43 463 509 508<\/a><\/strong><\/p>\n<\/li><\/ul><\/div>[\/vc_column][\/vc_row]<\/p>\n<\/div>","protected":false},"excerpt":{"rendered":"<p>[vc_row][vc_column][vc_separator border_width=&#8220;3&#8243; css=&#8220;.vc_custom_1680456594084{padding-top: 15px !important;padding-bottom: 15px !important;}&#8220;][vc_separator border_width=&#8220;3&#8243; css=&#8220;.vc_custom_1680456587028{padding-top: 15px !important;padding-bottom: 15px !important;}&#8220;][\/vc_column][\/vc_row]<\/p>\n","protected":false},"author":2,"featured_media":0,"parent":0,"menu_order":10,"comment_status":"closed","ping_status":"closed","template":"","meta":{"inline_featured_image":false,"footnotes":""},"categories":[1],"class_list":["post-32","page","type-page","status-publish","hentry","category-unkategorisiert","category-13","description-off"],"yoast_head":"<!-- This site is optimized with the Yoast SEO plugin v25.7 - https:\/\/yoast.com\/wordpress\/plugins\/seo\/ -->\n<title>Notar Sch\u00f6ffmann, Klagenfurt: Sprechtage &amp; Veranstaltungen &#8211; Notariat Sch\u00f6ffmann<\/title>\n<meta name=\"description\" content=\"Notar Sch\u00f6ffmann, Klagenfurt: Nutzen Sie unsere kostenlosen Notarsprechtage in Klagenfurt, Ebenthal, Maria Saal und Techelsberg.\" \/>\n<meta name=\"robots\" content=\"noindex, follow, max-snippet:-1, max-image-preview:large, max-video-preview:-1\" \/>\n<meta property=\"og:locale\" content=\"de_DE\" \/>\n<meta property=\"og:type\" content=\"article\" \/>\n<meta property=\"og:title\" content=\"Notar Sch\u00f6ffmann, Klagenfurt: Sprechtage &amp; Veranstaltungen &#8211; Notariat Sch\u00f6ffmann\" \/>\n<meta property=\"og:description\" content=\"Notar Sch\u00f6ffmann, Klagenfurt: Nutzen Sie unsere kostenlosen Notarsprechtage in Klagenfurt, Ebenthal, Maria Saal und Techelsberg.\" \/>\n<meta property=\"og:url\" content=\"https:\/\/dev.diginotar.at\/de\/sprechtage\/\" \/>\n<meta property=\"og:site_name\" content=\"Notariat Sch\u00f6ffmann\" \/>\n<meta property=\"article:publisher\" content=\"https:\/\/www.facebook.com\/NotarKlagenfurt\" \/>\n<meta property=\"article:modified_time\" content=\"2023-04-02T17:29:56+00:00\" \/>\n<meta property=\"og:image\" content=\"https:\/\/dev.diginotar.at\/wp-content\/uploads\/2021\/11\/Juristen-1.jpg\" \/>\n\t<meta property=\"og:image:width\" content=\"1600\" \/>\n\t<meta property=\"og:image:height\" content=\"1067\" \/>\n\t<meta property=\"og:image:type\" content=\"image\/jpeg\" \/>\n<meta name=\"twitter:card\" content=\"summary_large_image\" \/>\n<script type=\"application\/ld+json\" class=\"yoast-schema-graph\">{\"@context\":\"https:\/\/schema.org\",\"@graph\":[{\"@type\":\"WebPage\",\"@id\":\"https:\/\/dev.diginotar.at\/de\/sprechtage\/\",\"url\":\"https:\/\/dev.diginotar.at\/de\/sprechtage\/\",\"name\":\"Notar Sch\u00f6ffmann, Klagenfurt: Sprechtage & Veranstaltungen &#8211; Notariat Sch\u00f6ffmann\",\"isPartOf\":{\"@id\":\"https:\/\/dev.diginotar.at\/de\/#website\"},\"datePublished\":\"2021-08-05T18:54:41+00:00\",\"dateModified\":\"2023-04-02T17:29:56+00:00\",\"description\":\"Notar Sch\u00f6ffmann, Klagenfurt: Nutzen Sie unsere kostenlosen Notarsprechtage in Klagenfurt, Ebenthal, Maria Saal und Techelsberg.\",\"breadcrumb\":{\"@id\":\"https:\/\/dev.diginotar.at\/de\/sprechtage\/#breadcrumb\"},\"inLanguage\":\"de\",\"potentialAction\":[{\"@type\":\"ReadAction\",\"target\":[\"https:\/\/dev.diginotar.at\/de\/sprechtage\/\"]}]},{\"@type\":\"BreadcrumbList\",\"@id\":\"https:\/\/dev.diginotar.at\/de\/sprechtage\/#breadcrumb\",\"itemListElement\":[{\"@type\":\"ListItem\",\"position\":1,\"name\":\"Startseite\",\"item\":\"https:\/\/dev.diginotar.at\/de\/\"},{\"@type\":\"ListItem\",\"position\":2,\"name\":\"Sprechtage &#038; Veranstaltungen\"}]},{\"@type\":\"WebSite\",\"@id\":\"https:\/\/dev.diginotar.at\/de\/#website\",\"url\":\"https:\/\/dev.diginotar.at\/de\/\",\"name\":\"Notariat Sch\u00f6ffmann\",\"description\":\"Mag. Klaus Sch\u00f6ffmann - Ihr Notar in Klagenfurt\",\"publisher\":{\"@id\":\"https:\/\/dev.diginotar.at\/de\/#organization\"},\"potentialAction\":[{\"@type\":\"SearchAction\",\"target\":{\"@type\":\"EntryPoint\",\"urlTemplate\":\"https:\/\/dev.diginotar.at\/de\/?s={search_term_string}\"},\"query-input\":{\"@type\":\"PropertyValueSpecification\",\"valueRequired\":true,\"valueName\":\"search_term_string\"}}],\"inLanguage\":\"de\"},{\"@type\":\"Organization\",\"@id\":\"https:\/\/dev.diginotar.at\/de\/#organization\",\"name\":\"Notariat Mag. Klaus Sch\u00f6ffmann Klagenfurt\",\"url\":\"https:\/\/dev.diginotar.at\/de\/\",\"logo\":{\"@type\":\"ImageObject\",\"inLanguage\":\"de\",\"@id\":\"https:\/\/dev.diginotar.at\/de\/#\/schema\/logo\/image\/\",\"url\":\"https:\/\/dev.diginotar.at\/wp-content\/uploads\/2022\/02\/logo-notariat-schoeffmann.jpg\",\"contentUrl\":\"https:\/\/dev.diginotar.at\/wp-content\/uploads\/2022\/02\/logo-notariat-schoeffmann.jpg\",\"width\":600,\"height\":600,\"caption\":\"Notariat Mag. Klaus Sch\u00f6ffmann Klagenfurt\"},\"image\":{\"@id\":\"https:\/\/dev.diginotar.at\/de\/#\/schema\/logo\/image\/\"},\"sameAs\":[\"https:\/\/www.facebook.com\/NotarKlagenfurt\",\"https:\/\/www.youtube.com\/channel\/UCaITfbIQh6VIpzEonUsIhcg\"]}]}<\/script>\n<!-- \/ Yoast SEO plugin. -->","yoast_head_json":{"title":"Notar Sch\u00f6ffmann, Klagenfurt: Sprechtage & Veranstaltungen &#8211; Notariat Sch\u00f6ffmann","description":"Notar Sch\u00f6ffmann, Klagenfurt: Nutzen Sie unsere kostenlosen Notarsprechtage in Klagenfurt, Ebenthal, Maria Saal und Techelsberg.","robots":{"index":"noindex","follow":"follow","max-snippet":"max-snippet:-1","max-image-preview":"max-image-preview:large","max-video-preview":"max-video-preview:-1"},"og_locale":"de_DE","og_type":"article","og_title":"Notar Sch\u00f6ffmann, Klagenfurt: Sprechtage & Veranstaltungen &#8211; Notariat Sch\u00f6ffmann","og_description":"Notar Sch\u00f6ffmann, Klagenfurt: Nutzen Sie unsere kostenlosen Notarsprechtage in Klagenfurt, Ebenthal, Maria Saal und Techelsberg.","og_url":"https:\/\/dev.diginotar.at\/de\/sprechtage\/","og_site_name":"Notariat Sch\u00f6ffmann","article_publisher":"https:\/\/www.facebook.com\/NotarKlagenfurt","article_modified_time":"2023-04-02T17:29:56+00:00","og_image":[{"width":1600,"height":1067,"url":"https:\/\/dev.diginotar.at\/wp-content\/uploads\/2021\/11\/Juristen-1.jpg","type":"image\/jpeg"}],"twitter_card":"summary_large_image","schema":{"@context":"https:\/\/schema.org","@graph":[{"@type":"WebPage","@id":"https:\/\/dev.diginotar.at\/de\/sprechtage\/","url":"https:\/\/dev.diginotar.at\/de\/sprechtage\/","name":"Notar Sch\u00f6ffmann, Klagenfurt: Sprechtage & Veranstaltungen &#8211; Notariat Sch\u00f6ffmann","isPartOf":{"@id":"https:\/\/dev.diginotar.at\/de\/#website"},"datePublished":"2021-08-05T18:54:41+00:00","dateModified":"2023-04-02T17:29:56+00:00","description":"Notar Sch\u00f6ffmann, Klagenfurt: Nutzen Sie unsere kostenlosen Notarsprechtage in Klagenfurt, Ebenthal, Maria Saal und Techelsberg.","breadcrumb":{"@id":"https:\/\/dev.diginotar.at\/de\/sprechtage\/#breadcrumb"},"inLanguage":"de","potentialAction":[{"@type":"ReadAction","target":["https:\/\/dev.diginotar.at\/de\/sprechtage\/"]}]},{"@type":"BreadcrumbList","@id":"https:\/\/dev.diginotar.at\/de\/sprechtage\/#breadcrumb","itemListElement":[{"@type":"ListItem","position":1,"name":"Startseite","item":"https:\/\/dev.diginotar.at\/de\/"},{"@type":"ListItem","position":2,"name":"Sprechtage &#038; Veranstaltungen"}]},{"@type":"WebSite","@id":"https:\/\/dev.diginotar.at\/de\/#website","url":"https:\/\/dev.diginotar.at\/de\/","name":"Notariat Sch\u00f6ffmann","description":"Mag. Klaus Sch\u00f6ffmann - Ihr Notar in Klagenfurt","publisher":{"@id":"https:\/\/dev.diginotar.at\/de\/#organization"},"potentialAction":[{"@type":"SearchAction","target":{"@type":"EntryPoint","urlTemplate":"https:\/\/dev.diginotar.at\/de\/?s={search_term_string}"},"query-input":{"@type":"PropertyValueSpecification","valueRequired":true,"valueName":"search_term_string"}}],"inLanguage":"de"},{"@type":"Organization","@id":"https:\/\/dev.diginotar.at\/de\/#organization","name":"Notariat Mag. Klaus Sch\u00f6ffmann Klagenfurt","url":"https:\/\/dev.diginotar.at\/de\/","logo":{"@type":"ImageObject","inLanguage":"de","@id":"https:\/\/dev.diginotar.at\/de\/#\/schema\/logo\/image\/","url":"https:\/\/dev.diginotar.at\/wp-content\/uploads\/2022\/02\/logo-notariat-schoeffmann.jpg","contentUrl":"https:\/\/dev.diginotar.at\/wp-content\/uploads\/2022\/02\/logo-notariat-schoeffmann.jpg","width":600,"height":600,"caption":"Notariat Mag. Klaus Sch\u00f6ffmann Klagenfurt"},"image":{"@id":"https:\/\/dev.diginotar.at\/de\/#\/schema\/logo\/image\/"},"sameAs":["https:\/\/www.facebook.com\/NotarKlagenfurt","https:\/\/www.youtube.com\/channel\/UCaITfbIQh6VIpzEonUsIhcg"]}]}},"_links":{"self":[{"href":"https:\/\/dev.diginotar.at\/de\/wp-json\/wp\/v2\/pages\/32","targetHints":{"allow":["GET"]}}],"collection":[{"href":"https:\/\/dev.diginotar.at\/de\/wp-json\/wp\/v2\/pages"}],"about":[{"href":"https:\/\/dev.diginotar.at\/de\/wp-json\/wp\/v2\/types\/page"}],"author":[{"embeddable":true,"href":"https:\/\/dev.diginotar.at\/de\/wp-json\/wp\/v2\/users\/2"}],"replies":[{"embeddable":true,"href":"https:\/\/dev.diginotar.at\/de\/wp-json\/wp\/v2\/comments?post=32"}],"version-history":[{"count":10,"href":"https:\/\/dev.diginotar.at\/de\/wp-json\/wp\/v2\/pages\/32\/revisions"}],"predecessor-version":[{"id":3062,"href":"https:\/\/dev.diginotar.at\/de\/wp-json\/wp\/v2\/pages\/32\/revisions\/3062"}],"wp:attachment":[{"href":"https:\/\/dev.diginotar.at\/de\/wp-json\/wp\/v2\/media?parent=32"}],"wp:term":[{"taxonomy":"category","embeddable":true,"href":"https:\/\/dev.diginotar.at\/de\/wp-json\/wp\/v2\/categories?post=32"}],"curies":[{"name":"wp","href":"https:\/\/api.w.org\/{rel}","templated":true}]}}