{"id":314,"date":"2021-08-09T10:54:27","date_gmt":"2021-08-09T08:54:27","guid":{"rendered":"https:\/\/dev.diginotar.at\/?page_id=314"},"modified":"2022-03-19T10:24:38","modified_gmt":"2022-03-19T09:24:38","slug":"kinder","status":"publish","type":"page","link":"https:\/\/dev.diginotar.at\/de\/erben-vererben\/gesetzliches-erbrecht\/kinder\/","title":{"rendered":"Kinder"},"content":{"rendered":"\n<h2 class=\"wp-block-heading\">Das Erbrecht in der 1. Parentel<\/h2>\n\n\n\n<p>Zur&nbsp;<strong>ersten Linie<\/strong>&nbsp;geh\u00f6ren die&nbsp;<strong>Kinder und Kindeskinder<\/strong>&nbsp;(= Enkel, Urenkel, \u2026) des Verstorbenen. Unter diesen wird die Erbschaft nach K\u00f6pfen geteilt (siehe Beispiel 1). Vorverstorbene Kinder werden durch deren Nachkommen (= Enkel, \u2026 des Verstorbenen) repr\u00e4sentiert. Diese bekommen den Anteil an der Verlassenschaft, der dem vorverstorbenen Kind zust\u00fcnde (siehe Beispiel 2). Hinterlassen vorverstorbene Kinder keine Nachkommen, w\u00e4chst ihr Anteil den \u00fcbrigen Kindern oder deren Nachkommen zu (siehe Beispiel 3).<\/p>\n\n\n\n<p>Ob das Kind ehelicher oder unehelicher Abstammung ist, ist heutzutage unerheblich, sie werden vom Gesetz gleich behandelt. Das Verwandtschaftsverh\u00e4ltnis muss zu Lebzeiten des\u00a0Verstorbenen feststehen oder nach dessen Tod gerichtlich festgestellt werden.\u00a0<a href=\"https:\/\/dev.diginotar.at\/familienrecht\/adoption\/\">Adoptierte Kinder<\/a>\u00a0erben gleich wie leibliche Kinder. Durch blo\u00dfe Namensgebung wird keine Verwandtschaft begr\u00fcndet! Kinder, die nur den Namen bekommen haben, m\u00fcssen entweder auch adoptiert oder testamentarisch berufen werden damit sie erben k\u00f6nnen.<\/p>\n\n\n\n<p>War der Verstorbene im Zeitpunkt des Todes&nbsp;<strong>verheiratet<\/strong>, so erben Angeh\u00f6rige der ersten Linie neben dem Ehegatten zusammen immer zwei Drittel der Verlassenschaft. Dem Ehegatten steht das restliche Drittel der Verlassenschaft zu (siehe Beispiel 4).<\/p>\n\n\n\n<p>Hat die verstorbene Person keine Kinder, so kommen die\u00a0<a href=\"https:\/\/dev.diginotar.at\/erben-vererben\/gesetzliches-erbrecht\/weitere-verwandte\/\">weiteren Verwandten<\/a> in den nachfolgenden Parentelen zum Zug.<\/p>\n\n\n<div class=\"lazyblock-infobox-Z1R8v9n wp-block-lazyblock-infobox\"><div class=\"notar_beispielbox\">\n  <h2>Beispiel 1<\/h2>\n  <div class=\"notar_infobox_content\"><p>Egon hinterl\u00e4sst zwei Kinder, Anna und Bernd. Egon ist geschieden und hat kein Testament verfasst. Nach der gesetzlichen Erbfolge erben Anna und Bernd je zur H\u00e4lfte.<\/p><\/div>\n<\/div>\n\n<\/div>\n\n<div class=\"lazyblock-infobox-2jf7jv wp-block-lazyblock-infobox\"><div class=\"notar_beispielbox\">\n  <h2>Beispiel 2<\/h2>\n  <div class=\"notar_infobox_content\"><p>Ist Bernd bereits vor seinem Vater Egon gestorben, sieht die Rechtslage folgenderma\u00dfen aus: Hat Bernd selbst zwei Kinder (Enkel des verstorbenen Egon) hinterlassen, bekommen diese, was Bernd zust\u00fcnde. Die H\u00e4lfte der Verlassenschaft, die Bernd zust\u00fcnde, wird dann auf seine beiden Kinder verteilt. Egons Tochter Anna erh\u00e4lt somit die H\u00e4lfte und seine zwei Enkelkinder jeweils ein Viertel der Verlassenschaft.<\/p><\/div>\n<\/div>\n\n<\/div>\n\n<div class=\"lazyblock-infobox-iP73h wp-block-lazyblock-infobox\"><div class=\"notar_beispielbox\">\n  <h2>Beispiel 3<\/h2>\n  <div class=\"notar_infobox_content\"><p>Ist Bernd vorverstorben und hat er keine Kinder hinterlassen, f\u00e4llt sein Erbteil seiner Schwester Anna zu, sodass diese als einzig lebendes Kind des Egon zur G\u00e4nze erbt.<\/p><\/div>\n<\/div>\n\n<\/div>\n\n<div class=\"lazyblock-infobox-Z1u1rYD wp-block-lazyblock-infobox\"><div class=\"notar_beispielbox\">\n  <h2>Beispiel 4<\/h2>\n  <div class=\"notar_infobox_content\"><p>War Egon im Zeitpunkt des Todes verheiratet und hat er zwei Kinder, so bekommt seine Ehefrau ein Drittel der Verlassenschaft. Die restlichen zwei Drittel werden auf die Kinder verteilt, die jeweils ein Drittel erhalten.<\/p><\/div>\n<\/div>\n\n<\/div>","protected":false},"excerpt":{"rendered":"<p>Das Erbrecht in der 1. Parentel Zur&nbsp;ersten Linie&nbsp;geh\u00f6ren die&nbsp;Kinder und Kindeskinder&nbsp;(= Enkel, Urenkel, \u2026) des Verstorbenen. Unter diesen wird die Erbschaft nach K\u00f6pfen geteilt (siehe Beispiel 1). Vorverstorbene Kinder werden durch deren Nachkommen (= Enkel, \u2026 des Verstorbenen) repr\u00e4sentiert. Diese bekommen den Anteil an der Verlassenschaft, der dem vorverstorbenen Kind zust\u00fcnde (siehe Beispiel 2). Hinterlassen&hellip;<\/p>\n","protected":false},"author":3,"featured_media":0,"parent":311,"menu_order":0,"comment_status":"closed","ping_status":"closed","template":"","meta":{"inline_featured_image":false,"footnotes":""},"categories":[],"class_list":["post-314","page","type-page","status-publish","hentry","description-off"],"yoast_head":"<!-- This site is optimized with the Yoast SEO plugin v25.7 - https:\/\/yoast.com\/wordpress\/plugins\/seo\/ -->\n<title>Gesetztliches Erbrecht f\u00fcr Kinder &#8211; Notariat Sch\u00f6ffmann<\/title>\n<meta name=\"description\" content=\"Notar Sch\u00f6ffmann, Klagenfurt: Gesetztliches Erbrecht f\u00fcr Kinder. Alle Informationen zur gesetztlichen Erbfolge f\u00fcr Kinder und Kindeskinder in \u00d6sterreich.\" \/>\n<meta name=\"robots\" content=\"noindex, follow, max-snippet:-1, max-image-preview:large, max-video-preview:-1\" \/>\n<meta property=\"og:locale\" content=\"de_DE\" \/>\n<meta property=\"og:type\" content=\"article\" \/>\n<meta property=\"og:title\" content=\"Gesetztliches Erbrecht f\u00fcr Kinder &#8211; Notariat Sch\u00f6ffmann\" \/>\n<meta property=\"og:description\" content=\"Notar Sch\u00f6ffmann, Klagenfurt: Gesetztliches Erbrecht f\u00fcr Kinder. Alle Informationen zur gesetztlichen Erbfolge f\u00fcr Kinder und Kindeskinder in \u00d6sterreich.\" \/>\n<meta property=\"og:url\" content=\"https:\/\/dev.diginotar.at\/de\/erben-vererben\/gesetzliches-erbrecht\/kinder\/\" \/>\n<meta property=\"og:site_name\" content=\"Notariat Sch\u00f6ffmann\" \/>\n<meta property=\"article:publisher\" content=\"https:\/\/www.facebook.com\/NotarKlagenfurt\" \/>\n<meta property=\"article:modified_time\" content=\"2022-03-19T09:24:38+00:00\" \/>\n<meta property=\"og:image\" content=\"https:\/\/dev.diginotar.at\/wp-content\/uploads\/2021\/11\/Juristen-1.jpg\" \/>\n\t<meta property=\"og:image:width\" content=\"1600\" \/>\n\t<meta property=\"og:image:height\" content=\"1067\" \/>\n\t<meta property=\"og:image:type\" content=\"image\/jpeg\" \/>\n<meta name=\"twitter:card\" content=\"summary_large_image\" \/>\n<script type=\"application\/ld+json\" class=\"yoast-schema-graph\">{\"@context\":\"https:\/\/schema.org\",\"@graph\":[{\"@type\":\"WebPage\",\"@id\":\"https:\/\/dev.diginotar.at\/de\/erben-vererben\/gesetzliches-erbrecht\/kinder\/\",\"url\":\"https:\/\/dev.diginotar.at\/de\/erben-vererben\/gesetzliches-erbrecht\/kinder\/\",\"name\":\"Gesetztliches Erbrecht f\u00fcr Kinder &#8211; Notariat Sch\u00f6ffmann\",\"isPartOf\":{\"@id\":\"https:\/\/dev.diginotar.at\/de\/#website\"},\"datePublished\":\"2021-08-09T08:54:27+00:00\",\"dateModified\":\"2022-03-19T09:24:38+00:00\",\"description\":\"Notar Sch\u00f6ffmann, Klagenfurt: Gesetztliches Erbrecht f\u00fcr Kinder. Alle Informationen zur gesetztlichen Erbfolge f\u00fcr Kinder und Kindeskinder in \u00d6sterreich.\",\"breadcrumb\":{\"@id\":\"https:\/\/dev.diginotar.at\/de\/erben-vererben\/gesetzliches-erbrecht\/kinder\/#breadcrumb\"},\"inLanguage\":\"de\",\"potentialAction\":[{\"@type\":\"ReadAction\",\"target\":[\"https:\/\/dev.diginotar.at\/de\/erben-vererben\/gesetzliches-erbrecht\/kinder\/\"]}]},{\"@type\":\"BreadcrumbList\",\"@id\":\"https:\/\/dev.diginotar.at\/de\/erben-vererben\/gesetzliches-erbrecht\/kinder\/#breadcrumb\",\"itemListElement\":[{\"@type\":\"ListItem\",\"position\":1,\"name\":\"Startseite\",\"item\":\"https:\/\/dev.diginotar.at\/de\/\"},{\"@type\":\"ListItem\",\"position\":2,\"name\":\"Was ist das Erbrecht?\",\"item\":\"https:\/\/dev.diginotar.at\/de\/erben-vererben\/\"},{\"@type\":\"ListItem\",\"position\":3,\"name\":\"Gesetzliches Erbrecht\",\"item\":\"https:\/\/dev.diginotar.at\/de\/erben-vererben\/gesetzliches-erbrecht\/\"},{\"@type\":\"ListItem\",\"position\":4,\"name\":\"Kinder\"}]},{\"@type\":\"WebSite\",\"@id\":\"https:\/\/dev.diginotar.at\/de\/#website\",\"url\":\"https:\/\/dev.diginotar.at\/de\/\",\"name\":\"Notariat Sch\u00f6ffmann\",\"description\":\"Mag. Klaus Sch\u00f6ffmann - Ihr Notar in Klagenfurt\",\"publisher\":{\"@id\":\"https:\/\/dev.diginotar.at\/de\/#organization\"},\"potentialAction\":[{\"@type\":\"SearchAction\",\"target\":{\"@type\":\"EntryPoint\",\"urlTemplate\":\"https:\/\/dev.diginotar.at\/de\/?s={search_term_string}\"},\"query-input\":{\"@type\":\"PropertyValueSpecification\",\"valueRequired\":true,\"valueName\":\"search_term_string\"}}],\"inLanguage\":\"de\"},{\"@type\":\"Organization\",\"@id\":\"https:\/\/dev.diginotar.at\/de\/#organization\",\"name\":\"Notariat Mag. Klaus Sch\u00f6ffmann Klagenfurt\",\"url\":\"https:\/\/dev.diginotar.at\/de\/\",\"logo\":{\"@type\":\"ImageObject\",\"inLanguage\":\"de\",\"@id\":\"https:\/\/dev.diginotar.at\/de\/#\/schema\/logo\/image\/\",\"url\":\"https:\/\/dev.diginotar.at\/wp-content\/uploads\/2022\/02\/logo-notariat-schoeffmann.jpg\",\"contentUrl\":\"https:\/\/dev.diginotar.at\/wp-content\/uploads\/2022\/02\/logo-notariat-schoeffmann.jpg\",\"width\":600,\"height\":600,\"caption\":\"Notariat Mag. Klaus Sch\u00f6ffmann Klagenfurt\"},\"image\":{\"@id\":\"https:\/\/dev.diginotar.at\/de\/#\/schema\/logo\/image\/\"},\"sameAs\":[\"https:\/\/www.facebook.com\/NotarKlagenfurt\",\"https:\/\/www.youtube.com\/channel\/UCaITfbIQh6VIpzEonUsIhcg\"]}]}<\/script>\n<!-- \/ Yoast SEO plugin. -->","yoast_head_json":{"title":"Gesetztliches Erbrecht f\u00fcr Kinder &#8211; Notariat Sch\u00f6ffmann","description":"Notar Sch\u00f6ffmann, Klagenfurt: Gesetztliches Erbrecht f\u00fcr Kinder. Alle Informationen zur gesetztlichen Erbfolge f\u00fcr Kinder und Kindeskinder in \u00d6sterreich.","robots":{"index":"noindex","follow":"follow","max-snippet":"max-snippet:-1","max-image-preview":"max-image-preview:large","max-video-preview":"max-video-preview:-1"},"og_locale":"de_DE","og_type":"article","og_title":"Gesetztliches Erbrecht f\u00fcr Kinder &#8211; Notariat Sch\u00f6ffmann","og_description":"Notar Sch\u00f6ffmann, Klagenfurt: Gesetztliches Erbrecht f\u00fcr Kinder. Alle Informationen zur gesetztlichen Erbfolge f\u00fcr Kinder und Kindeskinder in \u00d6sterreich.","og_url":"https:\/\/dev.diginotar.at\/de\/erben-vererben\/gesetzliches-erbrecht\/kinder\/","og_site_name":"Notariat Sch\u00f6ffmann","article_publisher":"https:\/\/www.facebook.com\/NotarKlagenfurt","article_modified_time":"2022-03-19T09:24:38+00:00","og_image":[{"width":1600,"height":1067,"url":"https:\/\/dev.diginotar.at\/wp-content\/uploads\/2021\/11\/Juristen-1.jpg","type":"image\/jpeg"}],"twitter_card":"summary_large_image","schema":{"@context":"https:\/\/schema.org","@graph":[{"@type":"WebPage","@id":"https:\/\/dev.diginotar.at\/de\/erben-vererben\/gesetzliches-erbrecht\/kinder\/","url":"https:\/\/dev.diginotar.at\/de\/erben-vererben\/gesetzliches-erbrecht\/kinder\/","name":"Gesetztliches Erbrecht f\u00fcr Kinder &#8211; Notariat Sch\u00f6ffmann","isPartOf":{"@id":"https:\/\/dev.diginotar.at\/de\/#website"},"datePublished":"2021-08-09T08:54:27+00:00","dateModified":"2022-03-19T09:24:38+00:00","description":"Notar Sch\u00f6ffmann, Klagenfurt: Gesetztliches Erbrecht f\u00fcr Kinder. Alle Informationen zur gesetztlichen Erbfolge f\u00fcr Kinder und Kindeskinder in \u00d6sterreich.","breadcrumb":{"@id":"https:\/\/dev.diginotar.at\/de\/erben-vererben\/gesetzliches-erbrecht\/kinder\/#breadcrumb"},"inLanguage":"de","potentialAction":[{"@type":"ReadAction","target":["https:\/\/dev.diginotar.at\/de\/erben-vererben\/gesetzliches-erbrecht\/kinder\/"]}]},{"@type":"BreadcrumbList","@id":"https:\/\/dev.diginotar.at\/de\/erben-vererben\/gesetzliches-erbrecht\/kinder\/#breadcrumb","itemListElement":[{"@type":"ListItem","position":1,"name":"Startseite","item":"https:\/\/dev.diginotar.at\/de\/"},{"@type":"ListItem","position":2,"name":"Was ist das Erbrecht?","item":"https:\/\/dev.diginotar.at\/de\/erben-vererben\/"},{"@type":"ListItem","position":3,"name":"Gesetzliches Erbrecht","item":"https:\/\/dev.diginotar.at\/de\/erben-vererben\/gesetzliches-erbrecht\/"},{"@type":"ListItem","position":4,"name":"Kinder"}]},{"@type":"WebSite","@id":"https:\/\/dev.diginotar.at\/de\/#website","url":"https:\/\/dev.diginotar.at\/de\/","name":"Notariat Sch\u00f6ffmann","description":"Mag. Klaus Sch\u00f6ffmann - Ihr Notar in Klagenfurt","publisher":{"@id":"https:\/\/dev.diginotar.at\/de\/#organization"},"potentialAction":[{"@type":"SearchAction","target":{"@type":"EntryPoint","urlTemplate":"https:\/\/dev.diginotar.at\/de\/?s={search_term_string}"},"query-input":{"@type":"PropertyValueSpecification","valueRequired":true,"valueName":"search_term_string"}}],"inLanguage":"de"},{"@type":"Organization","@id":"https:\/\/dev.diginotar.at\/de\/#organization","name":"Notariat Mag. Klaus Sch\u00f6ffmann Klagenfurt","url":"https:\/\/dev.diginotar.at\/de\/","logo":{"@type":"ImageObject","inLanguage":"de","@id":"https:\/\/dev.diginotar.at\/de\/#\/schema\/logo\/image\/","url":"https:\/\/dev.diginotar.at\/wp-content\/uploads\/2022\/02\/logo-notariat-schoeffmann.jpg","contentUrl":"https:\/\/dev.diginotar.at\/wp-content\/uploads\/2022\/02\/logo-notariat-schoeffmann.jpg","width":600,"height":600,"caption":"Notariat Mag. Klaus Sch\u00f6ffmann Klagenfurt"},"image":{"@id":"https:\/\/dev.diginotar.at\/de\/#\/schema\/logo\/image\/"},"sameAs":["https:\/\/www.facebook.com\/NotarKlagenfurt","https:\/\/www.youtube.com\/channel\/UCaITfbIQh6VIpzEonUsIhcg"]}]}},"_links":{"self":[{"href":"https:\/\/dev.diginotar.at\/de\/wp-json\/wp\/v2\/pages\/314","targetHints":{"allow":["GET"]}}],"collection":[{"href":"https:\/\/dev.diginotar.at\/de\/wp-json\/wp\/v2\/pages"}],"about":[{"href":"https:\/\/dev.diginotar.at\/de\/wp-json\/wp\/v2\/types\/page"}],"author":[{"embeddable":true,"href":"https:\/\/dev.diginotar.at\/de\/wp-json\/wp\/v2\/users\/3"}],"replies":[{"embeddable":true,"href":"https:\/\/dev.diginotar.at\/de\/wp-json\/wp\/v2\/comments?post=314"}],"version-history":[{"count":5,"href":"https:\/\/dev.diginotar.at\/de\/wp-json\/wp\/v2\/pages\/314\/revisions"}],"predecessor-version":[{"id":2654,"href":"https:\/\/dev.diginotar.at\/de\/wp-json\/wp\/v2\/pages\/314\/revisions\/2654"}],"up":[{"embeddable":true,"href":"https:\/\/dev.diginotar.at\/de\/wp-json\/wp\/v2\/pages\/311"}],"wp:attachment":[{"href":"https:\/\/dev.diginotar.at\/de\/wp-json\/wp\/v2\/media?parent=314"}],"wp:term":[{"taxonomy":"category","embeddable":true,"href":"https:\/\/dev.diginotar.at\/de\/wp-json\/wp\/v2\/categories?post=314"}],"curies":[{"name":"wp","href":"https:\/\/api.w.org\/{rel}","templated":true}]}}