{"id":267,"date":"2021-08-09T10:37:09","date_gmt":"2021-08-09T08:37:09","guid":{"rendered":"https:\/\/dev.diginotar.at\/?page_id=267"},"modified":"2022-03-05T17:10:25","modified_gmt":"2022-03-05T16:10:25","slug":"uebergeben-oder-vererben","status":"publish","type":"page","link":"https:\/\/dev.diginotar.at\/de\/bauen-wohnen\/uebergeben-oder-vererben\/","title":{"rendered":"\u00dcbergeben oder vererben?"},"content":{"rendered":"<div class=\"lazyblock-infobox-50fNr wp-block-lazyblock-infobox\"><div class=\"notar_einleitung\">\n\n  <div class=\"notar_einleitung_wrapper\"><p>Will man seine Liegenschaft den Kindern zukommen lassen, so stellt sich die Frage, ob es\u00a0sinnvoller ist, sein Haus schon heute zu \u00fcbergeben oder ob man\u00a0 dies doch besser in einem Testament regeln sollte?<\/p><\/div>\n<\/div>\n<\/div>\n\n\n<p>Beide Varianten haben etwas f\u00fcr sich!<\/p>\n\n\n\n<p>Vorweg: Es gibt derzeit keine Erbschaftssteuer, es w\u00fcrde daher nach derzeitiger Rechtslage bei beiden Varianten in etwa gleich hohe Steuern anfallen.<\/p>\n\n\n\n<p>Die lebzeitige <strong>\u00dcbergabe<\/strong> hat mehrere Vorteile:<\/p>\n\n\n\n<ul class=\"wp-block-list\"><li>Der \u00dcbernehmer wird bereits jetzt Eigent\u00fcmer und kann vielleicht notwendige Investitionen bereits in SEIN Haus t\u00e4tigen.<\/li><li>Es kann ein Wohn- oder Fruchtgenussrecht vereinbart werden, dass den \u00dcbergebern (oder auch anderen Personen) das lebensl\u00e4ngliche Recht an der Nutzung des Hauses im vereinbarten Umfang garantiert.<\/li><li>Durch ein Belastungs- und Ver\u00e4u\u00dferungsverbot wird sichergestellt, dass der \u00dcbernehmer das Haus nicht ohne Zustimmung der \u00dcbergeber verkaufen oder belasten kann.<\/li><li>Sollte der \u00dcbergeber pflegebed\u00fcrftig werden und&nbsp; Zusch\u00fcsse des Landes K\u00e4rnten im Zuge der Mindestsicherung in Anspruch nehmen, so muss dieser auch mit all seinem Verm\u00f6gen selbst zur Pflege beitragen. Sollte die Liegenschaft aber mehr als drei Jahre vor der Inanspruchnahme der Mindestsicherung \u00fcbergeben worden sein, so w\u00fcrde sie nach derzeitiger Gesetzeslage nicht mehr als Verm\u00f6gen des \u00dcbergebers angesehen werden und k\u00f6nnte das Land K\u00e4rnten nicht darauf zur\u00fcckgreifen.<\/li><\/ul>\n\n\n\n<p>Der gro\u00dfe Nachteil der lebzeigen \u00dcbergabe liegt nat\u00fcrlich darin, dass man sein Eigentum aus der Hand gibt und selbst nicht mehr dar\u00fcber verf\u00fcgen kann! Hier bleibt die M\u00f6glichkeit, ein\u00a0<strong><a href=\"https:\/\/dev.diginotar.at\/erben-vererben\/gewillkuerte-erbfolge\/testament\/\">Testament<\/a><\/strong>\u00a0zu errichten. In diesem kann man letztwillig verf\u00fcgen, wer das Hab und Gut erh\u00e4lt, wenn man selbst einmal nicht mehr ist. Zu beachten ist, dass es f\u00fcr Testamente sehr strenge Form- und Auslegungsvorschriften gibt!<\/p>\n\n\n\n<p>Nat\u00fcrlich ist jeder Fall anders und besprechen wir gerne mit Ihnen die beste M\u00f6glichkeit f\u00fcr Ihre konkrete Situation!<\/p>\n","protected":false},"excerpt":{"rendered":"<p>Beide Varianten haben etwas f\u00fcr sich! Vorweg: Es gibt derzeit keine Erbschaftssteuer, es w\u00fcrde daher nach derzeitiger Rechtslage bei beiden Varianten in etwa gleich hohe Steuern anfallen. Die lebzeitige \u00dcbergabe hat mehrere Vorteile: Der \u00dcbernehmer wird bereits jetzt Eigent\u00fcmer und kann vielleicht notwendige Investitionen bereits in SEIN Haus t\u00e4tigen. Es kann ein Wohn- oder Fruchtgenussrecht&hellip;<\/p>\n","protected":false},"author":3,"featured_media":0,"parent":255,"menu_order":3,"comment_status":"closed","ping_status":"closed","template":"","meta":{"inline_featured_image":false,"footnotes":""},"categories":[],"class_list":["post-267","page","type-page","status-publish","hentry","description-off"],"yoast_head":"<!-- This site is optimized with the Yoast SEO plugin v25.7 - https:\/\/yoast.com\/wordpress\/plugins\/seo\/ -->\n<title>\u00dcbergeben oder vererben? &#8211; Notariat Sch\u00f6ffmann<\/title>\n<meta name=\"description\" content=\"Notariat Mag. Klaus Sch\u00f6ffmann: Ihr Notar in Klagenfurt am W\u00f6rthersee. Individuelle Rechtsberatung f\u00fcr Unternehmen und Privatpersonen. Unsere erste Rechtsauskunft ist f\u00fcr Sie kostenfrei!\" \/>\n<meta name=\"robots\" content=\"noindex, follow, max-snippet:-1, max-image-preview:large, max-video-preview:-1\" \/>\n<meta property=\"og:locale\" content=\"de_DE\" \/>\n<meta property=\"og:type\" content=\"article\" \/>\n<meta property=\"og:title\" content=\"\u00dcbergeben oder vererben? &#8211; Notariat Sch\u00f6ffmann\" \/>\n<meta property=\"og:description\" content=\"Notariat Mag. Klaus Sch\u00f6ffmann: Ihr Notar in Klagenfurt am W\u00f6rthersee. Individuelle Rechtsberatung f\u00fcr Unternehmen und Privatpersonen. Unsere erste Rechtsauskunft ist f\u00fcr Sie kostenfrei!\" \/>\n<meta property=\"og:url\" content=\"https:\/\/dev.diginotar.at\/de\/bauen-wohnen\/uebergeben-oder-vererben\/\" \/>\n<meta property=\"og:site_name\" content=\"Notariat Sch\u00f6ffmann\" \/>\n<meta property=\"article:publisher\" content=\"https:\/\/www.facebook.com\/NotarKlagenfurt\" \/>\n<meta property=\"article:modified_time\" content=\"2022-03-05T16:10:25+00:00\" \/>\n<meta property=\"og:image\" content=\"https:\/\/dev.diginotar.at\/wp-content\/uploads\/2021\/11\/Juristen-1.jpg\" \/>\n\t<meta property=\"og:image:width\" content=\"1600\" \/>\n\t<meta property=\"og:image:height\" content=\"1067\" \/>\n\t<meta property=\"og:image:type\" content=\"image\/jpeg\" \/>\n<meta name=\"twitter:card\" content=\"summary_large_image\" \/>\n<script type=\"application\/ld+json\" class=\"yoast-schema-graph\">{\"@context\":\"https:\/\/schema.org\",\"@graph\":[{\"@type\":\"WebPage\",\"@id\":\"https:\/\/dev.diginotar.at\/de\/bauen-wohnen\/uebergeben-oder-vererben\/\",\"url\":\"https:\/\/dev.diginotar.at\/de\/bauen-wohnen\/uebergeben-oder-vererben\/\",\"name\":\"\u00dcbergeben oder vererben? &#8211; Notariat Sch\u00f6ffmann\",\"isPartOf\":{\"@id\":\"https:\/\/dev.diginotar.at\/de\/#website\"},\"datePublished\":\"2021-08-09T08:37:09+00:00\",\"dateModified\":\"2022-03-05T16:10:25+00:00\",\"description\":\"Notariat Mag. Klaus Sch\u00f6ffmann: Ihr Notar in Klagenfurt am W\u00f6rthersee. Individuelle Rechtsberatung f\u00fcr Unternehmen und Privatpersonen. Unsere erste Rechtsauskunft ist f\u00fcr Sie kostenfrei!\",\"breadcrumb\":{\"@id\":\"https:\/\/dev.diginotar.at\/de\/bauen-wohnen\/uebergeben-oder-vererben\/#breadcrumb\"},\"inLanguage\":\"de\",\"potentialAction\":[{\"@type\":\"ReadAction\",\"target\":[\"https:\/\/dev.diginotar.at\/de\/bauen-wohnen\/uebergeben-oder-vererben\/\"]}]},{\"@type\":\"BreadcrumbList\",\"@id\":\"https:\/\/dev.diginotar.at\/de\/bauen-wohnen\/uebergeben-oder-vererben\/#breadcrumb\",\"itemListElement\":[{\"@type\":\"ListItem\",\"position\":1,\"name\":\"Startseite\",\"item\":\"https:\/\/dev.diginotar.at\/de\/\"},{\"@type\":\"ListItem\",\"position\":2,\"name\":\"Bauen &#038; Wohnen\",\"item\":\"https:\/\/dev.diginotar.at\/de\/bauen-wohnen\/\"},{\"@type\":\"ListItem\",\"position\":3,\"name\":\"\u00dcbergeben oder vererben?\"}]},{\"@type\":\"WebSite\",\"@id\":\"https:\/\/dev.diginotar.at\/de\/#website\",\"url\":\"https:\/\/dev.diginotar.at\/de\/\",\"name\":\"Notariat Sch\u00f6ffmann\",\"description\":\"Mag. Klaus Sch\u00f6ffmann - Ihr Notar in Klagenfurt\",\"publisher\":{\"@id\":\"https:\/\/dev.diginotar.at\/de\/#organization\"},\"potentialAction\":[{\"@type\":\"SearchAction\",\"target\":{\"@type\":\"EntryPoint\",\"urlTemplate\":\"https:\/\/dev.diginotar.at\/de\/?s={search_term_string}\"},\"query-input\":{\"@type\":\"PropertyValueSpecification\",\"valueRequired\":true,\"valueName\":\"search_term_string\"}}],\"inLanguage\":\"de\"},{\"@type\":\"Organization\",\"@id\":\"https:\/\/dev.diginotar.at\/de\/#organization\",\"name\":\"Notariat Mag. Klaus Sch\u00f6ffmann Klagenfurt\",\"url\":\"https:\/\/dev.diginotar.at\/de\/\",\"logo\":{\"@type\":\"ImageObject\",\"inLanguage\":\"de\",\"@id\":\"https:\/\/dev.diginotar.at\/de\/#\/schema\/logo\/image\/\",\"url\":\"https:\/\/dev.diginotar.at\/wp-content\/uploads\/2022\/02\/logo-notariat-schoeffmann.jpg\",\"contentUrl\":\"https:\/\/dev.diginotar.at\/wp-content\/uploads\/2022\/02\/logo-notariat-schoeffmann.jpg\",\"width\":600,\"height\":600,\"caption\":\"Notariat Mag. Klaus Sch\u00f6ffmann Klagenfurt\"},\"image\":{\"@id\":\"https:\/\/dev.diginotar.at\/de\/#\/schema\/logo\/image\/\"},\"sameAs\":[\"https:\/\/www.facebook.com\/NotarKlagenfurt\",\"https:\/\/www.youtube.com\/channel\/UCaITfbIQh6VIpzEonUsIhcg\"]}]}<\/script>\n<!-- \/ Yoast SEO plugin. -->","yoast_head_json":{"title":"\u00dcbergeben oder vererben? &#8211; Notariat Sch\u00f6ffmann","description":"Notariat Mag. Klaus Sch\u00f6ffmann: Ihr Notar in Klagenfurt am W\u00f6rthersee. Individuelle Rechtsberatung f\u00fcr Unternehmen und Privatpersonen. Unsere erste Rechtsauskunft ist f\u00fcr Sie kostenfrei!","robots":{"index":"noindex","follow":"follow","max-snippet":"max-snippet:-1","max-image-preview":"max-image-preview:large","max-video-preview":"max-video-preview:-1"},"og_locale":"de_DE","og_type":"article","og_title":"\u00dcbergeben oder vererben? &#8211; Notariat Sch\u00f6ffmann","og_description":"Notariat Mag. Klaus Sch\u00f6ffmann: Ihr Notar in Klagenfurt am W\u00f6rthersee. Individuelle Rechtsberatung f\u00fcr Unternehmen und Privatpersonen. Unsere erste Rechtsauskunft ist f\u00fcr Sie kostenfrei!","og_url":"https:\/\/dev.diginotar.at\/de\/bauen-wohnen\/uebergeben-oder-vererben\/","og_site_name":"Notariat Sch\u00f6ffmann","article_publisher":"https:\/\/www.facebook.com\/NotarKlagenfurt","article_modified_time":"2022-03-05T16:10:25+00:00","og_image":[{"width":1600,"height":1067,"url":"https:\/\/dev.diginotar.at\/wp-content\/uploads\/2021\/11\/Juristen-1.jpg","type":"image\/jpeg"}],"twitter_card":"summary_large_image","schema":{"@context":"https:\/\/schema.org","@graph":[{"@type":"WebPage","@id":"https:\/\/dev.diginotar.at\/de\/bauen-wohnen\/uebergeben-oder-vererben\/","url":"https:\/\/dev.diginotar.at\/de\/bauen-wohnen\/uebergeben-oder-vererben\/","name":"\u00dcbergeben oder vererben? &#8211; Notariat Sch\u00f6ffmann","isPartOf":{"@id":"https:\/\/dev.diginotar.at\/de\/#website"},"datePublished":"2021-08-09T08:37:09+00:00","dateModified":"2022-03-05T16:10:25+00:00","description":"Notariat Mag. Klaus Sch\u00f6ffmann: Ihr Notar in Klagenfurt am W\u00f6rthersee. Individuelle Rechtsberatung f\u00fcr Unternehmen und Privatpersonen. Unsere erste Rechtsauskunft ist f\u00fcr Sie kostenfrei!","breadcrumb":{"@id":"https:\/\/dev.diginotar.at\/de\/bauen-wohnen\/uebergeben-oder-vererben\/#breadcrumb"},"inLanguage":"de","potentialAction":[{"@type":"ReadAction","target":["https:\/\/dev.diginotar.at\/de\/bauen-wohnen\/uebergeben-oder-vererben\/"]}]},{"@type":"BreadcrumbList","@id":"https:\/\/dev.diginotar.at\/de\/bauen-wohnen\/uebergeben-oder-vererben\/#breadcrumb","itemListElement":[{"@type":"ListItem","position":1,"name":"Startseite","item":"https:\/\/dev.diginotar.at\/de\/"},{"@type":"ListItem","position":2,"name":"Bauen &#038; Wohnen","item":"https:\/\/dev.diginotar.at\/de\/bauen-wohnen\/"},{"@type":"ListItem","position":3,"name":"\u00dcbergeben oder vererben?"}]},{"@type":"WebSite","@id":"https:\/\/dev.diginotar.at\/de\/#website","url":"https:\/\/dev.diginotar.at\/de\/","name":"Notariat Sch\u00f6ffmann","description":"Mag. Klaus Sch\u00f6ffmann - Ihr Notar in Klagenfurt","publisher":{"@id":"https:\/\/dev.diginotar.at\/de\/#organization"},"potentialAction":[{"@type":"SearchAction","target":{"@type":"EntryPoint","urlTemplate":"https:\/\/dev.diginotar.at\/de\/?s={search_term_string}"},"query-input":{"@type":"PropertyValueSpecification","valueRequired":true,"valueName":"search_term_string"}}],"inLanguage":"de"},{"@type":"Organization","@id":"https:\/\/dev.diginotar.at\/de\/#organization","name":"Notariat Mag. Klaus Sch\u00f6ffmann Klagenfurt","url":"https:\/\/dev.diginotar.at\/de\/","logo":{"@type":"ImageObject","inLanguage":"de","@id":"https:\/\/dev.diginotar.at\/de\/#\/schema\/logo\/image\/","url":"https:\/\/dev.diginotar.at\/wp-content\/uploads\/2022\/02\/logo-notariat-schoeffmann.jpg","contentUrl":"https:\/\/dev.diginotar.at\/wp-content\/uploads\/2022\/02\/logo-notariat-schoeffmann.jpg","width":600,"height":600,"caption":"Notariat Mag. Klaus Sch\u00f6ffmann Klagenfurt"},"image":{"@id":"https:\/\/dev.diginotar.at\/de\/#\/schema\/logo\/image\/"},"sameAs":["https:\/\/www.facebook.com\/NotarKlagenfurt","https:\/\/www.youtube.com\/channel\/UCaITfbIQh6VIpzEonUsIhcg"]}]}},"_links":{"self":[{"href":"https:\/\/dev.diginotar.at\/de\/wp-json\/wp\/v2\/pages\/267","targetHints":{"allow":["GET"]}}],"collection":[{"href":"https:\/\/dev.diginotar.at\/de\/wp-json\/wp\/v2\/pages"}],"about":[{"href":"https:\/\/dev.diginotar.at\/de\/wp-json\/wp\/v2\/types\/page"}],"author":[{"embeddable":true,"href":"https:\/\/dev.diginotar.at\/de\/wp-json\/wp\/v2\/users\/3"}],"replies":[{"embeddable":true,"href":"https:\/\/dev.diginotar.at\/de\/wp-json\/wp\/v2\/comments?post=267"}],"version-history":[{"count":4,"href":"https:\/\/dev.diginotar.at\/de\/wp-json\/wp\/v2\/pages\/267\/revisions"}],"predecessor-version":[{"id":2377,"href":"https:\/\/dev.diginotar.at\/de\/wp-json\/wp\/v2\/pages\/267\/revisions\/2377"}],"up":[{"embeddable":true,"href":"https:\/\/dev.diginotar.at\/de\/wp-json\/wp\/v2\/pages\/255"}],"wp:attachment":[{"href":"https:\/\/dev.diginotar.at\/de\/wp-json\/wp\/v2\/media?parent=267"}],"wp:term":[{"taxonomy":"category","embeddable":true,"href":"https:\/\/dev.diginotar.at\/de\/wp-json\/wp\/v2\/categories?post=267"}],"curies":[{"name":"wp","href":"https:\/\/api.w.org\/{rel}","templated":true}]}}