{"id":251,"date":"2021-08-09T10:28:48","date_gmt":"2021-08-09T08:28:48","guid":{"rendered":"https:\/\/dev.diginotar.at\/?page_id=251"},"modified":"2022-03-05T09:49:18","modified_gmt":"2022-03-05T08:49:18","slug":"corporate-governance","status":"publish","type":"page","link":"https:\/\/dev.diginotar.at\/de\/unternehmen\/corporate-governance\/","title":{"rendered":"Corporate Governance"},"content":{"rendered":"<div class=\"lazyblock-infobox-ZqUmJM wp-block-lazyblock-infobox\"><div class=\"notar_einleitung\">\n\n  <div class=\"notar_einleitung_wrapper\"><p>Corporate Governance ist ein Regelwerk f\u00fcr die verantwortungsvolle F\u00fchrung und Leitung von Unternehmen in \u00d6sterreich.<\/p><\/div>\n<\/div>\n<\/div>\n\n\n<p>Anfang Oktober 2002 wurde vom \u00d6sterreichischen Arbeitskreis f\u00fcr Corporate Governance ein&nbsp;<a href=\"https:\/\/www.corporate-governance.at\/kodex\/\" target=\"_blank\" rel=\"noopener\">\u00d6sterreichischer Corporate Governance Kodex&nbsp;<\/a>pr\u00e4sentiert. Der Kodex versteht sich als freiwillige Selbstverpflichtung und geht \u00fcber die gesetzlichen Anforderungen an eine Aktiengesellschaft hinaus. Er zielt auf eine verantwortungsvolle, auf langfristige Wertsch\u00f6pfung ausgerichtete Unternehmensf\u00fchrung und -kontrolle, die s\u00e4mtliche Rechte und Pflichten aller Anspruchsgruppen (Stakeholder) &#8211; Management, Aufsichtsrat, Mitarbeiter, Aktion\u00e4re und sonstige \u00d6ffentlichkeit &#8211; sowie deren Verh\u00e4ltnis untereinander regelt. Mit diesem Kodex soll ein hohes Ma\u00df an Transparenz f\u00fcr alle Anspruchsgruppen garantiert werden.<\/p>\n\n\n\n<h2 class=\"wp-block-heading\">Der Kodex im Detail<\/h2>\n\n\n\n<p>Der \u00f6sterreichische Corporate Governance Kodex umfasst Regelungen, die in drei Kategorien unterteilt sind:<\/p>\n\n\n\n<ol class=\"wp-block-list\"><li>Legal Requirement (L):<br>Regel beruht auf zwingenden Rechtsvorschriften.<\/li><li>Complay or Explain (C):<br>Regel soll eingehalten werden; eine Abweichung muss erkl\u00e4rt und begr\u00fcndet werden, um ein kodexkonformes Verhalten zu erreichen.<\/li><li>Recommendation (R):<br>Regel mit Empfehlungscharakter; Nichteinhaltung muss weder offen gelegt noch begr\u00fcndet werden.<\/li><\/ol>\n","protected":false},"excerpt":{"rendered":"<p>Anfang Oktober 2002 wurde vom \u00d6sterreichischen Arbeitskreis f\u00fcr Corporate Governance ein&nbsp;\u00d6sterreichischer Corporate Governance Kodex&nbsp;pr\u00e4sentiert. Der Kodex versteht sich als freiwillige Selbstverpflichtung und geht \u00fcber die gesetzlichen Anforderungen an eine Aktiengesellschaft hinaus. Er zielt auf eine verantwortungsvolle, auf langfristige Wertsch\u00f6pfung ausgerichtete Unternehmensf\u00fchrung und -kontrolle, die s\u00e4mtliche Rechte und Pflichten aller Anspruchsgruppen (Stakeholder) &#8211; Management, Aufsichtsrat, Mitarbeiter,&hellip;<\/p>\n","protected":false},"author":3,"featured_media":0,"parent":151,"menu_order":15,"comment_status":"closed","ping_status":"closed","template":"","meta":{"inline_featured_image":false,"footnotes":""},"categories":[],"class_list":["post-251","page","type-page","status-publish","hentry","description-off"],"yoast_head":"<!-- This site is optimized with the Yoast SEO plugin v25.7 - https:\/\/yoast.com\/wordpress\/plugins\/seo\/ -->\n<title>Corporate Governance &#8211; Notariat Sch\u00f6ffmann<\/title>\n<meta name=\"description\" content=\"Corporate Governance ist ein Regelwerk f\u00fcr die verantwortungsvolle F\u00fchrung von Unternehmen in \u00d6sterreich. Der Kodex versteht sich als freiwillige Selbstverpflichtung.\" \/>\n<meta name=\"robots\" content=\"noindex, follow, max-snippet:-1, max-image-preview:large, max-video-preview:-1\" \/>\n<meta property=\"og:locale\" content=\"de_DE\" \/>\n<meta property=\"og:type\" content=\"article\" \/>\n<meta property=\"og:title\" content=\"Corporate Governance &#8211; Notariat Sch\u00f6ffmann\" \/>\n<meta property=\"og:description\" content=\"Corporate Governance ist ein Regelwerk f\u00fcr die verantwortungsvolle F\u00fchrung von Unternehmen in \u00d6sterreich. Der Kodex versteht sich als freiwillige Selbstverpflichtung.\" \/>\n<meta property=\"og:url\" content=\"https:\/\/dev.diginotar.at\/de\/unternehmen\/corporate-governance\/\" \/>\n<meta property=\"og:site_name\" content=\"Notariat Sch\u00f6ffmann\" \/>\n<meta property=\"article:publisher\" content=\"https:\/\/www.facebook.com\/NotarKlagenfurt\" \/>\n<meta property=\"article:modified_time\" content=\"2022-03-05T08:49:18+00:00\" \/>\n<meta property=\"og:image\" content=\"https:\/\/dev.diginotar.at\/wp-content\/uploads\/2021\/11\/Juristen-1.jpg\" \/>\n\t<meta property=\"og:image:width\" content=\"1600\" \/>\n\t<meta property=\"og:image:height\" content=\"1067\" \/>\n\t<meta property=\"og:image:type\" content=\"image\/jpeg\" \/>\n<meta name=\"twitter:card\" content=\"summary_large_image\" \/>\n<script type=\"application\/ld+json\" class=\"yoast-schema-graph\">{\"@context\":\"https:\/\/schema.org\",\"@graph\":[{\"@type\":\"WebPage\",\"@id\":\"https:\/\/dev.diginotar.at\/de\/unternehmen\/corporate-governance\/\",\"url\":\"https:\/\/dev.diginotar.at\/de\/unternehmen\/corporate-governance\/\",\"name\":\"Corporate Governance &#8211; Notariat Sch\u00f6ffmann\",\"isPartOf\":{\"@id\":\"https:\/\/dev.diginotar.at\/de\/#website\"},\"datePublished\":\"2021-08-09T08:28:48+00:00\",\"dateModified\":\"2022-03-05T08:49:18+00:00\",\"description\":\"Corporate Governance ist ein Regelwerk f\u00fcr die verantwortungsvolle F\u00fchrung von Unternehmen in \u00d6sterreich. Der Kodex versteht sich als freiwillige Selbstverpflichtung.\",\"breadcrumb\":{\"@id\":\"https:\/\/dev.diginotar.at\/de\/unternehmen\/corporate-governance\/#breadcrumb\"},\"inLanguage\":\"de\",\"potentialAction\":[{\"@type\":\"ReadAction\",\"target\":[\"https:\/\/dev.diginotar.at\/de\/unternehmen\/corporate-governance\/\"]}]},{\"@type\":\"BreadcrumbList\",\"@id\":\"https:\/\/dev.diginotar.at\/de\/unternehmen\/corporate-governance\/#breadcrumb\",\"itemListElement\":[{\"@type\":\"ListItem\",\"position\":1,\"name\":\"Startseite\",\"item\":\"https:\/\/dev.diginotar.at\/de\/\"},{\"@type\":\"ListItem\",\"position\":2,\"name\":\"Unternehmen\",\"item\":\"https:\/\/dev.diginotar.at\/de\/unternehmen\/\"},{\"@type\":\"ListItem\",\"position\":3,\"name\":\"Corporate Governance\"}]},{\"@type\":\"WebSite\",\"@id\":\"https:\/\/dev.diginotar.at\/de\/#website\",\"url\":\"https:\/\/dev.diginotar.at\/de\/\",\"name\":\"Notariat Sch\u00f6ffmann\",\"description\":\"Mag. Klaus Sch\u00f6ffmann - Ihr Notar in Klagenfurt\",\"publisher\":{\"@id\":\"https:\/\/dev.diginotar.at\/de\/#organization\"},\"potentialAction\":[{\"@type\":\"SearchAction\",\"target\":{\"@type\":\"EntryPoint\",\"urlTemplate\":\"https:\/\/dev.diginotar.at\/de\/?s={search_term_string}\"},\"query-input\":{\"@type\":\"PropertyValueSpecification\",\"valueRequired\":true,\"valueName\":\"search_term_string\"}}],\"inLanguage\":\"de\"},{\"@type\":\"Organization\",\"@id\":\"https:\/\/dev.diginotar.at\/de\/#organization\",\"name\":\"Notariat Mag. Klaus Sch\u00f6ffmann Klagenfurt\",\"url\":\"https:\/\/dev.diginotar.at\/de\/\",\"logo\":{\"@type\":\"ImageObject\",\"inLanguage\":\"de\",\"@id\":\"https:\/\/dev.diginotar.at\/de\/#\/schema\/logo\/image\/\",\"url\":\"https:\/\/dev.diginotar.at\/wp-content\/uploads\/2022\/02\/logo-notariat-schoeffmann.jpg\",\"contentUrl\":\"https:\/\/dev.diginotar.at\/wp-content\/uploads\/2022\/02\/logo-notariat-schoeffmann.jpg\",\"width\":600,\"height\":600,\"caption\":\"Notariat Mag. Klaus Sch\u00f6ffmann Klagenfurt\"},\"image\":{\"@id\":\"https:\/\/dev.diginotar.at\/de\/#\/schema\/logo\/image\/\"},\"sameAs\":[\"https:\/\/www.facebook.com\/NotarKlagenfurt\",\"https:\/\/www.youtube.com\/channel\/UCaITfbIQh6VIpzEonUsIhcg\"]}]}<\/script>\n<!-- \/ Yoast SEO plugin. -->","yoast_head_json":{"title":"Corporate Governance &#8211; Notariat Sch\u00f6ffmann","description":"Corporate Governance ist ein Regelwerk f\u00fcr die verantwortungsvolle F\u00fchrung von Unternehmen in \u00d6sterreich. Der Kodex versteht sich als freiwillige Selbstverpflichtung.","robots":{"index":"noindex","follow":"follow","max-snippet":"max-snippet:-1","max-image-preview":"max-image-preview:large","max-video-preview":"max-video-preview:-1"},"og_locale":"de_DE","og_type":"article","og_title":"Corporate Governance &#8211; Notariat Sch\u00f6ffmann","og_description":"Corporate Governance ist ein Regelwerk f\u00fcr die verantwortungsvolle F\u00fchrung von Unternehmen in \u00d6sterreich. Der Kodex versteht sich als freiwillige Selbstverpflichtung.","og_url":"https:\/\/dev.diginotar.at\/de\/unternehmen\/corporate-governance\/","og_site_name":"Notariat Sch\u00f6ffmann","article_publisher":"https:\/\/www.facebook.com\/NotarKlagenfurt","article_modified_time":"2022-03-05T08:49:18+00:00","og_image":[{"width":1600,"height":1067,"url":"https:\/\/dev.diginotar.at\/wp-content\/uploads\/2021\/11\/Juristen-1.jpg","type":"image\/jpeg"}],"twitter_card":"summary_large_image","schema":{"@context":"https:\/\/schema.org","@graph":[{"@type":"WebPage","@id":"https:\/\/dev.diginotar.at\/de\/unternehmen\/corporate-governance\/","url":"https:\/\/dev.diginotar.at\/de\/unternehmen\/corporate-governance\/","name":"Corporate Governance &#8211; Notariat Sch\u00f6ffmann","isPartOf":{"@id":"https:\/\/dev.diginotar.at\/de\/#website"},"datePublished":"2021-08-09T08:28:48+00:00","dateModified":"2022-03-05T08:49:18+00:00","description":"Corporate Governance ist ein Regelwerk f\u00fcr die verantwortungsvolle F\u00fchrung von Unternehmen in \u00d6sterreich. Der Kodex versteht sich als freiwillige Selbstverpflichtung.","breadcrumb":{"@id":"https:\/\/dev.diginotar.at\/de\/unternehmen\/corporate-governance\/#breadcrumb"},"inLanguage":"de","potentialAction":[{"@type":"ReadAction","target":["https:\/\/dev.diginotar.at\/de\/unternehmen\/corporate-governance\/"]}]},{"@type":"BreadcrumbList","@id":"https:\/\/dev.diginotar.at\/de\/unternehmen\/corporate-governance\/#breadcrumb","itemListElement":[{"@type":"ListItem","position":1,"name":"Startseite","item":"https:\/\/dev.diginotar.at\/de\/"},{"@type":"ListItem","position":2,"name":"Unternehmen","item":"https:\/\/dev.diginotar.at\/de\/unternehmen\/"},{"@type":"ListItem","position":3,"name":"Corporate Governance"}]},{"@type":"WebSite","@id":"https:\/\/dev.diginotar.at\/de\/#website","url":"https:\/\/dev.diginotar.at\/de\/","name":"Notariat Sch\u00f6ffmann","description":"Mag. Klaus Sch\u00f6ffmann - Ihr Notar in Klagenfurt","publisher":{"@id":"https:\/\/dev.diginotar.at\/de\/#organization"},"potentialAction":[{"@type":"SearchAction","target":{"@type":"EntryPoint","urlTemplate":"https:\/\/dev.diginotar.at\/de\/?s={search_term_string}"},"query-input":{"@type":"PropertyValueSpecification","valueRequired":true,"valueName":"search_term_string"}}],"inLanguage":"de"},{"@type":"Organization","@id":"https:\/\/dev.diginotar.at\/de\/#organization","name":"Notariat Mag. Klaus Sch\u00f6ffmann Klagenfurt","url":"https:\/\/dev.diginotar.at\/de\/","logo":{"@type":"ImageObject","inLanguage":"de","@id":"https:\/\/dev.diginotar.at\/de\/#\/schema\/logo\/image\/","url":"https:\/\/dev.diginotar.at\/wp-content\/uploads\/2022\/02\/logo-notariat-schoeffmann.jpg","contentUrl":"https:\/\/dev.diginotar.at\/wp-content\/uploads\/2022\/02\/logo-notariat-schoeffmann.jpg","width":600,"height":600,"caption":"Notariat Mag. Klaus Sch\u00f6ffmann Klagenfurt"},"image":{"@id":"https:\/\/dev.diginotar.at\/de\/#\/schema\/logo\/image\/"},"sameAs":["https:\/\/www.facebook.com\/NotarKlagenfurt","https:\/\/www.youtube.com\/channel\/UCaITfbIQh6VIpzEonUsIhcg"]}]}},"_links":{"self":[{"href":"https:\/\/dev.diginotar.at\/de\/wp-json\/wp\/v2\/pages\/251","targetHints":{"allow":["GET"]}}],"collection":[{"href":"https:\/\/dev.diginotar.at\/de\/wp-json\/wp\/v2\/pages"}],"about":[{"href":"https:\/\/dev.diginotar.at\/de\/wp-json\/wp\/v2\/types\/page"}],"author":[{"embeddable":true,"href":"https:\/\/dev.diginotar.at\/de\/wp-json\/wp\/v2\/users\/3"}],"replies":[{"embeddable":true,"href":"https:\/\/dev.diginotar.at\/de\/wp-json\/wp\/v2\/comments?post=251"}],"version-history":[{"count":3,"href":"https:\/\/dev.diginotar.at\/de\/wp-json\/wp\/v2\/pages\/251\/revisions"}],"predecessor-version":[{"id":2350,"href":"https:\/\/dev.diginotar.at\/de\/wp-json\/wp\/v2\/pages\/251\/revisions\/2350"}],"up":[{"embeddable":true,"href":"https:\/\/dev.diginotar.at\/de\/wp-json\/wp\/v2\/pages\/151"}],"wp:attachment":[{"href":"https:\/\/dev.diginotar.at\/de\/wp-json\/wp\/v2\/media?parent=251"}],"wp:term":[{"taxonomy":"category","embeddable":true,"href":"https:\/\/dev.diginotar.at\/de\/wp-json\/wp\/v2\/categories?post=251"}],"curies":[{"name":"wp","href":"https:\/\/api.w.org\/{rel}","templated":true}]}}