{"id":247,"date":"2021-08-09T10:26:54","date_gmt":"2021-08-09T08:26:54","guid":{"rendered":"https:\/\/dev.diginotar.at\/?page_id=247"},"modified":"2022-02-26T23:08:39","modified_gmt":"2022-02-26T22:08:39","slug":"realteilung","status":"publish","type":"page","link":"https:\/\/dev.diginotar.at\/de\/unternehmen\/umgruendungen\/realteilung\/","title":{"rendered":"Realteilung"},"content":{"rendered":"<p>Unter Realteilung wird die \u00dcbertragung von Verm\u00f6gen von Personengesellschaften aufgrund eines Teilungsvertrages zum Ausgleich untergehender Gesellschafterrechte oder ohne wesentliche Ausgleichszahlung auf Nachfolgeunternehmen verstanden.<\/p>\n<p>Verm\u00f6gen ist in diesem Zusammenhang wiederum ein Betrieb, Teilbetrieb oder ein Mitunternehmeranteil (nicht auch ein Kapitalanteil). Das Verm\u00f6gen muss einen positiven Verkehrswert besitzen.<\/p>\n<p>Die Realteilung ist die Spaltung einer Personengesellschaft. Wir kennen zwei Formen der Realteilung:<\/p>\n<ol>\n<li>Durch die Abteilung wird ein Betrieb von einer Gesellschaft getrennt und in Form einer eigenen (neugegr\u00fcndeten) Personengesellschaft weitergef\u00fchrt. Die Verm\u00f6gens\u00fcbertragung erfolgt dabei zu Buchwerten.<\/li>\n<li>Die Aufteilung f\u00fchrt zum Untergang der urspr\u00fcnglichen Personengesellschaft und zur Weiterf\u00fchrungen der Betriebe in Form von selbst\u00e4ndigen Unternehmungen.<\/li>\n<\/ol>\n<p>Auch die Realteilung erfolgt aufgrund eines Realteilungsvertrages (Gesellschaftsvertrag) sowie einer Bilanz zu einem Stichtag.<\/p>\n","protected":false},"excerpt":{"rendered":"<p>Unter Realteilung wird die \u00dcbertragung von Verm\u00f6gen von Personengesellschaften aufgrund eines Teilungsvertrages zum Ausgleich untergehender Gesellschafterrechte oder ohne wesentliche Ausgleichszahlung auf Nachfolgeunternehmen verstanden. Verm\u00f6gen ist in diesem Zusammenhang wiederum ein Betrieb, Teilbetrieb oder ein Mitunternehmeranteil (nicht auch ein Kapitalanteil). Das Verm\u00f6gen muss einen positiven Verkehrswert besitzen. Die Realteilung ist die Spaltung einer Personengesellschaft. Wir kennen&hellip;<\/p>\n","protected":false},"author":3,"featured_media":0,"parent":236,"menu_order":4,"comment_status":"closed","ping_status":"closed","template":"","meta":{"inline_featured_image":false,"footnotes":""},"categories":[],"class_list":["post-247","page","type-page","status-publish","hentry","description-off"],"yoast_head":"<!-- This site is optimized with the Yoast SEO plugin v25.7 - https:\/\/yoast.com\/wordpress\/plugins\/seo\/ -->\n<title>Realteilung &#8211; Notariat Sch\u00f6ffmann<\/title>\n<meta name=\"description\" content=\"Unter Realteilung wird die \u00dcbertragung von Verm\u00f6gen von Personengesellschaften auf ein Nachfolgeunternehmen verstanden.\" \/>\n<meta name=\"robots\" content=\"noindex, follow, max-snippet:-1, max-image-preview:large, max-video-preview:-1\" \/>\n<meta property=\"og:locale\" content=\"de_DE\" \/>\n<meta property=\"og:type\" content=\"article\" \/>\n<meta property=\"og:title\" content=\"Realteilung &#8211; Notariat Sch\u00f6ffmann\" \/>\n<meta property=\"og:description\" content=\"Unter Realteilung wird die \u00dcbertragung von Verm\u00f6gen von Personengesellschaften auf ein Nachfolgeunternehmen verstanden.\" \/>\n<meta property=\"og:url\" content=\"https:\/\/dev.diginotar.at\/de\/unternehmen\/umgruendungen\/realteilung\/\" \/>\n<meta property=\"og:site_name\" content=\"Notariat Sch\u00f6ffmann\" \/>\n<meta property=\"article:publisher\" content=\"https:\/\/www.facebook.com\/NotarKlagenfurt\" \/>\n<meta property=\"article:modified_time\" content=\"2022-02-26T22:08:39+00:00\" \/>\n<meta property=\"og:image\" content=\"https:\/\/dev.diginotar.at\/wp-content\/uploads\/2021\/11\/Juristen-1.jpg\" \/>\n\t<meta property=\"og:image:width\" content=\"1600\" \/>\n\t<meta property=\"og:image:height\" content=\"1067\" \/>\n\t<meta property=\"og:image:type\" content=\"image\/jpeg\" \/>\n<meta name=\"twitter:card\" content=\"summary_large_image\" \/>\n<script type=\"application\/ld+json\" class=\"yoast-schema-graph\">{\"@context\":\"https:\/\/schema.org\",\"@graph\":[{\"@type\":\"WebPage\",\"@id\":\"https:\/\/dev.diginotar.at\/de\/unternehmen\/umgruendungen\/realteilung\/\",\"url\":\"https:\/\/dev.diginotar.at\/de\/unternehmen\/umgruendungen\/realteilung\/\",\"name\":\"Realteilung &#8211; Notariat Sch\u00f6ffmann\",\"isPartOf\":{\"@id\":\"https:\/\/dev.diginotar.at\/de\/#website\"},\"datePublished\":\"2021-08-09T08:26:54+00:00\",\"dateModified\":\"2022-02-26T22:08:39+00:00\",\"description\":\"Unter Realteilung wird die \u00dcbertragung von Verm\u00f6gen von Personengesellschaften auf ein Nachfolgeunternehmen verstanden.\",\"breadcrumb\":{\"@id\":\"https:\/\/dev.diginotar.at\/de\/unternehmen\/umgruendungen\/realteilung\/#breadcrumb\"},\"inLanguage\":\"de\",\"potentialAction\":[{\"@type\":\"ReadAction\",\"target\":[\"https:\/\/dev.diginotar.at\/de\/unternehmen\/umgruendungen\/realteilung\/\"]}]},{\"@type\":\"BreadcrumbList\",\"@id\":\"https:\/\/dev.diginotar.at\/de\/unternehmen\/umgruendungen\/realteilung\/#breadcrumb\",\"itemListElement\":[{\"@type\":\"ListItem\",\"position\":1,\"name\":\"Startseite\",\"item\":\"https:\/\/dev.diginotar.at\/de\/\"},{\"@type\":\"ListItem\",\"position\":2,\"name\":\"Unternehmen\",\"item\":\"https:\/\/dev.diginotar.at\/de\/unternehmen\/\"},{\"@type\":\"ListItem\",\"position\":3,\"name\":\"Umgr\u00fcndungen\",\"item\":\"https:\/\/dev.diginotar.at\/de\/unternehmen\/umgruendungen\/\"},{\"@type\":\"ListItem\",\"position\":4,\"name\":\"Realteilung\"}]},{\"@type\":\"WebSite\",\"@id\":\"https:\/\/dev.diginotar.at\/de\/#website\",\"url\":\"https:\/\/dev.diginotar.at\/de\/\",\"name\":\"Notariat Sch\u00f6ffmann\",\"description\":\"Mag. Klaus Sch\u00f6ffmann - Ihr Notar in Klagenfurt\",\"publisher\":{\"@id\":\"https:\/\/dev.diginotar.at\/de\/#organization\"},\"potentialAction\":[{\"@type\":\"SearchAction\",\"target\":{\"@type\":\"EntryPoint\",\"urlTemplate\":\"https:\/\/dev.diginotar.at\/de\/?s={search_term_string}\"},\"query-input\":{\"@type\":\"PropertyValueSpecification\",\"valueRequired\":true,\"valueName\":\"search_term_string\"}}],\"inLanguage\":\"de\"},{\"@type\":\"Organization\",\"@id\":\"https:\/\/dev.diginotar.at\/de\/#organization\",\"name\":\"Notariat Mag. Klaus Sch\u00f6ffmann Klagenfurt\",\"url\":\"https:\/\/dev.diginotar.at\/de\/\",\"logo\":{\"@type\":\"ImageObject\",\"inLanguage\":\"de\",\"@id\":\"https:\/\/dev.diginotar.at\/de\/#\/schema\/logo\/image\/\",\"url\":\"https:\/\/dev.diginotar.at\/wp-content\/uploads\/2022\/02\/logo-notariat-schoeffmann.jpg\",\"contentUrl\":\"https:\/\/dev.diginotar.at\/wp-content\/uploads\/2022\/02\/logo-notariat-schoeffmann.jpg\",\"width\":600,\"height\":600,\"caption\":\"Notariat Mag. Klaus Sch\u00f6ffmann Klagenfurt\"},\"image\":{\"@id\":\"https:\/\/dev.diginotar.at\/de\/#\/schema\/logo\/image\/\"},\"sameAs\":[\"https:\/\/www.facebook.com\/NotarKlagenfurt\",\"https:\/\/www.youtube.com\/channel\/UCaITfbIQh6VIpzEonUsIhcg\"]}]}<\/script>\n<!-- \/ Yoast SEO plugin. -->","yoast_head_json":{"title":"Realteilung &#8211; Notariat Sch\u00f6ffmann","description":"Unter Realteilung wird die \u00dcbertragung von Verm\u00f6gen von Personengesellschaften auf ein Nachfolgeunternehmen verstanden.","robots":{"index":"noindex","follow":"follow","max-snippet":"max-snippet:-1","max-image-preview":"max-image-preview:large","max-video-preview":"max-video-preview:-1"},"og_locale":"de_DE","og_type":"article","og_title":"Realteilung &#8211; Notariat Sch\u00f6ffmann","og_description":"Unter Realteilung wird die \u00dcbertragung von Verm\u00f6gen von Personengesellschaften auf ein Nachfolgeunternehmen verstanden.","og_url":"https:\/\/dev.diginotar.at\/de\/unternehmen\/umgruendungen\/realteilung\/","og_site_name":"Notariat Sch\u00f6ffmann","article_publisher":"https:\/\/www.facebook.com\/NotarKlagenfurt","article_modified_time":"2022-02-26T22:08:39+00:00","og_image":[{"width":1600,"height":1067,"url":"https:\/\/dev.diginotar.at\/wp-content\/uploads\/2021\/11\/Juristen-1.jpg","type":"image\/jpeg"}],"twitter_card":"summary_large_image","schema":{"@context":"https:\/\/schema.org","@graph":[{"@type":"WebPage","@id":"https:\/\/dev.diginotar.at\/de\/unternehmen\/umgruendungen\/realteilung\/","url":"https:\/\/dev.diginotar.at\/de\/unternehmen\/umgruendungen\/realteilung\/","name":"Realteilung &#8211; Notariat Sch\u00f6ffmann","isPartOf":{"@id":"https:\/\/dev.diginotar.at\/de\/#website"},"datePublished":"2021-08-09T08:26:54+00:00","dateModified":"2022-02-26T22:08:39+00:00","description":"Unter Realteilung wird die \u00dcbertragung von Verm\u00f6gen von Personengesellschaften auf ein Nachfolgeunternehmen verstanden.","breadcrumb":{"@id":"https:\/\/dev.diginotar.at\/de\/unternehmen\/umgruendungen\/realteilung\/#breadcrumb"},"inLanguage":"de","potentialAction":[{"@type":"ReadAction","target":["https:\/\/dev.diginotar.at\/de\/unternehmen\/umgruendungen\/realteilung\/"]}]},{"@type":"BreadcrumbList","@id":"https:\/\/dev.diginotar.at\/de\/unternehmen\/umgruendungen\/realteilung\/#breadcrumb","itemListElement":[{"@type":"ListItem","position":1,"name":"Startseite","item":"https:\/\/dev.diginotar.at\/de\/"},{"@type":"ListItem","position":2,"name":"Unternehmen","item":"https:\/\/dev.diginotar.at\/de\/unternehmen\/"},{"@type":"ListItem","position":3,"name":"Umgr\u00fcndungen","item":"https:\/\/dev.diginotar.at\/de\/unternehmen\/umgruendungen\/"},{"@type":"ListItem","position":4,"name":"Realteilung"}]},{"@type":"WebSite","@id":"https:\/\/dev.diginotar.at\/de\/#website","url":"https:\/\/dev.diginotar.at\/de\/","name":"Notariat Sch\u00f6ffmann","description":"Mag. Klaus Sch\u00f6ffmann - Ihr Notar in Klagenfurt","publisher":{"@id":"https:\/\/dev.diginotar.at\/de\/#organization"},"potentialAction":[{"@type":"SearchAction","target":{"@type":"EntryPoint","urlTemplate":"https:\/\/dev.diginotar.at\/de\/?s={search_term_string}"},"query-input":{"@type":"PropertyValueSpecification","valueRequired":true,"valueName":"search_term_string"}}],"inLanguage":"de"},{"@type":"Organization","@id":"https:\/\/dev.diginotar.at\/de\/#organization","name":"Notariat Mag. Klaus Sch\u00f6ffmann Klagenfurt","url":"https:\/\/dev.diginotar.at\/de\/","logo":{"@type":"ImageObject","inLanguage":"de","@id":"https:\/\/dev.diginotar.at\/de\/#\/schema\/logo\/image\/","url":"https:\/\/dev.diginotar.at\/wp-content\/uploads\/2022\/02\/logo-notariat-schoeffmann.jpg","contentUrl":"https:\/\/dev.diginotar.at\/wp-content\/uploads\/2022\/02\/logo-notariat-schoeffmann.jpg","width":600,"height":600,"caption":"Notariat Mag. Klaus Sch\u00f6ffmann Klagenfurt"},"image":{"@id":"https:\/\/dev.diginotar.at\/de\/#\/schema\/logo\/image\/"},"sameAs":["https:\/\/www.facebook.com\/NotarKlagenfurt","https:\/\/www.youtube.com\/channel\/UCaITfbIQh6VIpzEonUsIhcg"]}]}},"_links":{"self":[{"href":"https:\/\/dev.diginotar.at\/de\/wp-json\/wp\/v2\/pages\/247","targetHints":{"allow":["GET"]}}],"collection":[{"href":"https:\/\/dev.diginotar.at\/de\/wp-json\/wp\/v2\/pages"}],"about":[{"href":"https:\/\/dev.diginotar.at\/de\/wp-json\/wp\/v2\/types\/page"}],"author":[{"embeddable":true,"href":"https:\/\/dev.diginotar.at\/de\/wp-json\/wp\/v2\/users\/3"}],"replies":[{"embeddable":true,"href":"https:\/\/dev.diginotar.at\/de\/wp-json\/wp\/v2\/comments?post=247"}],"version-history":[{"count":2,"href":"https:\/\/dev.diginotar.at\/de\/wp-json\/wp\/v2\/pages\/247\/revisions"}],"predecessor-version":[{"id":1285,"href":"https:\/\/dev.diginotar.at\/de\/wp-json\/wp\/v2\/pages\/247\/revisions\/1285"}],"up":[{"embeddable":true,"href":"https:\/\/dev.diginotar.at\/de\/wp-json\/wp\/v2\/pages\/236"}],"wp:attachment":[{"href":"https:\/\/dev.diginotar.at\/de\/wp-json\/wp\/v2\/media?parent=247"}],"wp:term":[{"taxonomy":"category","embeddable":true,"href":"https:\/\/dev.diginotar.at\/de\/wp-json\/wp\/v2\/categories?post=247"}],"curies":[{"name":"wp","href":"https:\/\/api.w.org\/{rel}","templated":true}]}}