{"id":243,"date":"2021-08-09T10:25:40","date_gmt":"2021-08-09T08:25:40","guid":{"rendered":"https:\/\/dev.diginotar.at\/?page_id=243"},"modified":"2022-03-19T10:05:28","modified_gmt":"2022-03-19T09:05:28","slug":"einbringung","status":"publish","type":"page","link":"https:\/\/dev.diginotar.at\/de\/unternehmen\/umgruendungen\/einbringung\/","title":{"rendered":"Einbringung"},"content":{"rendered":"\n<p>Eine&nbsp;<b>Einbringung<\/b>&nbsp;(Artikel III) liegt vor, wenn Unternehmen, Teilbetriebe oder Gesellschaftsanteile (an Personengesellschaften oder an Kapitalgesellschaften) an eine Kapitalgesellschaft auf der Grundlage eines Einbringungsvertrages \u00fcbertragen werden. Als Gegenleistung f\u00fcr die \u00dcbertragung werden in der Regel Gesch\u00e4ftsanteile an der \u00fcbernehmenden Gesellschaft gew\u00e4hrt.<\/p>\n\n\n\n<p>Das \u00fcbertragene Verm\u00f6gen muss dabei einen positiven Verkehrswert haben, real \u00fcberschuldete Betriebe k\u00f6nnen daher nicht nach Art III eingebracht werden. Ist ein Betrieb nur buchm\u00e4\u00dfig \u00fcberschuldet und kann durch ein Gutachten der tats\u00e4chliche positive Wert nachgewiesen werden, hindert dies die Einbringung nicht.<\/p>\n\n\n\n<p>Aufgrund des Fehlens einer generellen gesetzlichen Regelung erfolgt bei der Einbringung grunds\u00e4tzlich keine Gesamtrechtsnachfolge. Demnach bedarf es der einzelnen \u00dcbertragungsakte, soweit nicht in diversen Gesetzen vorhandene Sonderbestimmungen wirksam werden. Die im Aktiengesetz und im GmbH-Gesetz normierten Regeln f\u00fcr Sacheinlagen (Betrieb) sind zu beachten.<\/p>\n\n\n\n<h2 class=\"wp-block-heading\">Gegenstand der Einbringung<\/h2>\n\n\n\n<p>Gegenstand der Einbringung k\u00f6nnen alle Betriebe sein, die der Erzielung von Gewinnen dienen. Demnach k\u00f6nnen auch Land- und Forstwirtschaften oder Betriebe, die eine selbst\u00e4ndige T\u00e4tigkeit zum Inhalt haben, eingebracht werden.<\/p>\n\n\n\n<p>Auch Mitunternehmeranteile k\u00f6nnen eingebracht werden. Darunter fallen inl\u00e4ndische und ausl\u00e4ndische Mitunternehmeranteile wie auch atypisch stille Beteiligungen.<\/p>\n\n\n\n<p>Als&nbsp;<b>Einbringungsstichtag<\/b> kann jeder beliebige Termin, zu dem eine Bilanz f\u00fcr den gesamten Betrieb vorliegt, gew\u00e4hlt werden. Innerhalb von neun Monaten ab dem Stichtag muss die Einbringung zur Eintragung in das Firmenbuch angemeldet und\/oder dem Finanzamt angezeigt werden.<\/p>\n","protected":false},"excerpt":{"rendered":"<p>Eine&nbsp;Einbringung&nbsp;(Artikel III) liegt vor, wenn Unternehmen, Teilbetriebe oder Gesellschaftsanteile (an Personengesellschaften oder an Kapitalgesellschaften) an eine Kapitalgesellschaft auf der Grundlage eines Einbringungsvertrages \u00fcbertragen werden. Als Gegenleistung f\u00fcr die \u00dcbertragung werden in der Regel Gesch\u00e4ftsanteile an der \u00fcbernehmenden Gesellschaft gew\u00e4hrt. Das \u00fcbertragene Verm\u00f6gen muss dabei einen positiven Verkehrswert haben, real \u00fcberschuldete Betriebe k\u00f6nnen daher nicht nach&hellip;<\/p>\n","protected":false},"author":3,"featured_media":0,"parent":236,"menu_order":2,"comment_status":"closed","ping_status":"closed","template":"","meta":{"inline_featured_image":false,"footnotes":""},"categories":[],"class_list":["post-243","page","type-page","status-publish","hentry","description-off"],"yoast_head":"<!-- This site is optimized with the Yoast SEO plugin v25.7 - https:\/\/yoast.com\/wordpress\/plugins\/seo\/ -->\n<title>Einbringung &#8211; Notariat Sch\u00f6ffmann<\/title>\n<meta name=\"description\" content=\"Bei der Einbringung werden Unternehmen, Teilbetriebe oder Gesellschaftsanteile an eine Kapitalgesellschaft \u00fcbertragen. Als Gegenleistung werden Gesch\u00e4ftsanteile gew\u00e4hrt.\" \/>\n<meta name=\"robots\" content=\"noindex, follow, max-snippet:-1, max-image-preview:large, max-video-preview:-1\" \/>\n<meta property=\"og:locale\" content=\"de_DE\" \/>\n<meta property=\"og:type\" content=\"article\" \/>\n<meta property=\"og:title\" content=\"Einbringung &#8211; Notariat Sch\u00f6ffmann\" \/>\n<meta property=\"og:description\" content=\"Bei der Einbringung werden Unternehmen, Teilbetriebe oder Gesellschaftsanteile an eine Kapitalgesellschaft \u00fcbertragen. Als Gegenleistung werden Gesch\u00e4ftsanteile gew\u00e4hrt.\" \/>\n<meta property=\"og:url\" content=\"https:\/\/dev.diginotar.at\/de\/unternehmen\/umgruendungen\/einbringung\/\" \/>\n<meta property=\"og:site_name\" content=\"Notariat Sch\u00f6ffmann\" \/>\n<meta property=\"article:publisher\" content=\"https:\/\/www.facebook.com\/NotarKlagenfurt\" \/>\n<meta property=\"article:modified_time\" content=\"2022-03-19T09:05:28+00:00\" \/>\n<meta property=\"og:image\" content=\"https:\/\/dev.diginotar.at\/wp-content\/uploads\/2021\/11\/Juristen-1.jpg\" \/>\n\t<meta property=\"og:image:width\" content=\"1600\" \/>\n\t<meta property=\"og:image:height\" content=\"1067\" \/>\n\t<meta property=\"og:image:type\" content=\"image\/jpeg\" \/>\n<meta name=\"twitter:card\" content=\"summary_large_image\" \/>\n<script type=\"application\/ld+json\" class=\"yoast-schema-graph\">{\"@context\":\"https:\/\/schema.org\",\"@graph\":[{\"@type\":\"WebPage\",\"@id\":\"https:\/\/dev.diginotar.at\/de\/unternehmen\/umgruendungen\/einbringung\/\",\"url\":\"https:\/\/dev.diginotar.at\/de\/unternehmen\/umgruendungen\/einbringung\/\",\"name\":\"Einbringung &#8211; Notariat Sch\u00f6ffmann\",\"isPartOf\":{\"@id\":\"https:\/\/dev.diginotar.at\/de\/#website\"},\"datePublished\":\"2021-08-09T08:25:40+00:00\",\"dateModified\":\"2022-03-19T09:05:28+00:00\",\"description\":\"Bei der Einbringung werden Unternehmen, Teilbetriebe oder Gesellschaftsanteile an eine Kapitalgesellschaft \u00fcbertragen. Als Gegenleistung werden Gesch\u00e4ftsanteile gew\u00e4hrt.\",\"breadcrumb\":{\"@id\":\"https:\/\/dev.diginotar.at\/de\/unternehmen\/umgruendungen\/einbringung\/#breadcrumb\"},\"inLanguage\":\"de\",\"potentialAction\":[{\"@type\":\"ReadAction\",\"target\":[\"https:\/\/dev.diginotar.at\/de\/unternehmen\/umgruendungen\/einbringung\/\"]}]},{\"@type\":\"BreadcrumbList\",\"@id\":\"https:\/\/dev.diginotar.at\/de\/unternehmen\/umgruendungen\/einbringung\/#breadcrumb\",\"itemListElement\":[{\"@type\":\"ListItem\",\"position\":1,\"name\":\"Startseite\",\"item\":\"https:\/\/dev.diginotar.at\/de\/\"},{\"@type\":\"ListItem\",\"position\":2,\"name\":\"Unternehmen\",\"item\":\"https:\/\/dev.diginotar.at\/de\/unternehmen\/\"},{\"@type\":\"ListItem\",\"position\":3,\"name\":\"Umgr\u00fcndungen\",\"item\":\"https:\/\/dev.diginotar.at\/de\/unternehmen\/umgruendungen\/\"},{\"@type\":\"ListItem\",\"position\":4,\"name\":\"Einbringung\"}]},{\"@type\":\"WebSite\",\"@id\":\"https:\/\/dev.diginotar.at\/de\/#website\",\"url\":\"https:\/\/dev.diginotar.at\/de\/\",\"name\":\"Notariat Sch\u00f6ffmann\",\"description\":\"Mag. Klaus Sch\u00f6ffmann - Ihr Notar in Klagenfurt\",\"publisher\":{\"@id\":\"https:\/\/dev.diginotar.at\/de\/#organization\"},\"potentialAction\":[{\"@type\":\"SearchAction\",\"target\":{\"@type\":\"EntryPoint\",\"urlTemplate\":\"https:\/\/dev.diginotar.at\/de\/?s={search_term_string}\"},\"query-input\":{\"@type\":\"PropertyValueSpecification\",\"valueRequired\":true,\"valueName\":\"search_term_string\"}}],\"inLanguage\":\"de\"},{\"@type\":\"Organization\",\"@id\":\"https:\/\/dev.diginotar.at\/de\/#organization\",\"name\":\"Notariat Mag. Klaus Sch\u00f6ffmann Klagenfurt\",\"url\":\"https:\/\/dev.diginotar.at\/de\/\",\"logo\":{\"@type\":\"ImageObject\",\"inLanguage\":\"de\",\"@id\":\"https:\/\/dev.diginotar.at\/de\/#\/schema\/logo\/image\/\",\"url\":\"https:\/\/dev.diginotar.at\/wp-content\/uploads\/2022\/02\/logo-notariat-schoeffmann.jpg\",\"contentUrl\":\"https:\/\/dev.diginotar.at\/wp-content\/uploads\/2022\/02\/logo-notariat-schoeffmann.jpg\",\"width\":600,\"height\":600,\"caption\":\"Notariat Mag. Klaus Sch\u00f6ffmann Klagenfurt\"},\"image\":{\"@id\":\"https:\/\/dev.diginotar.at\/de\/#\/schema\/logo\/image\/\"},\"sameAs\":[\"https:\/\/www.facebook.com\/NotarKlagenfurt\",\"https:\/\/www.youtube.com\/channel\/UCaITfbIQh6VIpzEonUsIhcg\"]}]}<\/script>\n<!-- \/ Yoast SEO plugin. -->","yoast_head_json":{"title":"Einbringung &#8211; Notariat Sch\u00f6ffmann","description":"Bei der Einbringung werden Unternehmen, Teilbetriebe oder Gesellschaftsanteile an eine Kapitalgesellschaft \u00fcbertragen. Als Gegenleistung werden Gesch\u00e4ftsanteile gew\u00e4hrt.","robots":{"index":"noindex","follow":"follow","max-snippet":"max-snippet:-1","max-image-preview":"max-image-preview:large","max-video-preview":"max-video-preview:-1"},"og_locale":"de_DE","og_type":"article","og_title":"Einbringung &#8211; Notariat Sch\u00f6ffmann","og_description":"Bei der Einbringung werden Unternehmen, Teilbetriebe oder Gesellschaftsanteile an eine Kapitalgesellschaft \u00fcbertragen. Als Gegenleistung werden Gesch\u00e4ftsanteile gew\u00e4hrt.","og_url":"https:\/\/dev.diginotar.at\/de\/unternehmen\/umgruendungen\/einbringung\/","og_site_name":"Notariat Sch\u00f6ffmann","article_publisher":"https:\/\/www.facebook.com\/NotarKlagenfurt","article_modified_time":"2022-03-19T09:05:28+00:00","og_image":[{"width":1600,"height":1067,"url":"https:\/\/dev.diginotar.at\/wp-content\/uploads\/2021\/11\/Juristen-1.jpg","type":"image\/jpeg"}],"twitter_card":"summary_large_image","schema":{"@context":"https:\/\/schema.org","@graph":[{"@type":"WebPage","@id":"https:\/\/dev.diginotar.at\/de\/unternehmen\/umgruendungen\/einbringung\/","url":"https:\/\/dev.diginotar.at\/de\/unternehmen\/umgruendungen\/einbringung\/","name":"Einbringung &#8211; Notariat Sch\u00f6ffmann","isPartOf":{"@id":"https:\/\/dev.diginotar.at\/de\/#website"},"datePublished":"2021-08-09T08:25:40+00:00","dateModified":"2022-03-19T09:05:28+00:00","description":"Bei der Einbringung werden Unternehmen, Teilbetriebe oder Gesellschaftsanteile an eine Kapitalgesellschaft \u00fcbertragen. Als Gegenleistung werden Gesch\u00e4ftsanteile gew\u00e4hrt.","breadcrumb":{"@id":"https:\/\/dev.diginotar.at\/de\/unternehmen\/umgruendungen\/einbringung\/#breadcrumb"},"inLanguage":"de","potentialAction":[{"@type":"ReadAction","target":["https:\/\/dev.diginotar.at\/de\/unternehmen\/umgruendungen\/einbringung\/"]}]},{"@type":"BreadcrumbList","@id":"https:\/\/dev.diginotar.at\/de\/unternehmen\/umgruendungen\/einbringung\/#breadcrumb","itemListElement":[{"@type":"ListItem","position":1,"name":"Startseite","item":"https:\/\/dev.diginotar.at\/de\/"},{"@type":"ListItem","position":2,"name":"Unternehmen","item":"https:\/\/dev.diginotar.at\/de\/unternehmen\/"},{"@type":"ListItem","position":3,"name":"Umgr\u00fcndungen","item":"https:\/\/dev.diginotar.at\/de\/unternehmen\/umgruendungen\/"},{"@type":"ListItem","position":4,"name":"Einbringung"}]},{"@type":"WebSite","@id":"https:\/\/dev.diginotar.at\/de\/#website","url":"https:\/\/dev.diginotar.at\/de\/","name":"Notariat Sch\u00f6ffmann","description":"Mag. Klaus Sch\u00f6ffmann - Ihr Notar in Klagenfurt","publisher":{"@id":"https:\/\/dev.diginotar.at\/de\/#organization"},"potentialAction":[{"@type":"SearchAction","target":{"@type":"EntryPoint","urlTemplate":"https:\/\/dev.diginotar.at\/de\/?s={search_term_string}"},"query-input":{"@type":"PropertyValueSpecification","valueRequired":true,"valueName":"search_term_string"}}],"inLanguage":"de"},{"@type":"Organization","@id":"https:\/\/dev.diginotar.at\/de\/#organization","name":"Notariat Mag. Klaus Sch\u00f6ffmann Klagenfurt","url":"https:\/\/dev.diginotar.at\/de\/","logo":{"@type":"ImageObject","inLanguage":"de","@id":"https:\/\/dev.diginotar.at\/de\/#\/schema\/logo\/image\/","url":"https:\/\/dev.diginotar.at\/wp-content\/uploads\/2022\/02\/logo-notariat-schoeffmann.jpg","contentUrl":"https:\/\/dev.diginotar.at\/wp-content\/uploads\/2022\/02\/logo-notariat-schoeffmann.jpg","width":600,"height":600,"caption":"Notariat Mag. Klaus Sch\u00f6ffmann Klagenfurt"},"image":{"@id":"https:\/\/dev.diginotar.at\/de\/#\/schema\/logo\/image\/"},"sameAs":["https:\/\/www.facebook.com\/NotarKlagenfurt","https:\/\/www.youtube.com\/channel\/UCaITfbIQh6VIpzEonUsIhcg"]}]}},"_links":{"self":[{"href":"https:\/\/dev.diginotar.at\/de\/wp-json\/wp\/v2\/pages\/243","targetHints":{"allow":["GET"]}}],"collection":[{"href":"https:\/\/dev.diginotar.at\/de\/wp-json\/wp\/v2\/pages"}],"about":[{"href":"https:\/\/dev.diginotar.at\/de\/wp-json\/wp\/v2\/types\/page"}],"author":[{"embeddable":true,"href":"https:\/\/dev.diginotar.at\/de\/wp-json\/wp\/v2\/users\/3"}],"replies":[{"embeddable":true,"href":"https:\/\/dev.diginotar.at\/de\/wp-json\/wp\/v2\/comments?post=243"}],"version-history":[{"count":4,"href":"https:\/\/dev.diginotar.at\/de\/wp-json\/wp\/v2\/pages\/243\/revisions"}],"predecessor-version":[{"id":2620,"href":"https:\/\/dev.diginotar.at\/de\/wp-json\/wp\/v2\/pages\/243\/revisions\/2620"}],"up":[{"embeddable":true,"href":"https:\/\/dev.diginotar.at\/de\/wp-json\/wp\/v2\/pages\/236"}],"wp:attachment":[{"href":"https:\/\/dev.diginotar.at\/de\/wp-json\/wp\/v2\/media?parent=243"}],"wp:term":[{"taxonomy":"category","embeddable":true,"href":"https:\/\/dev.diginotar.at\/de\/wp-json\/wp\/v2\/categories?post=243"}],"curies":[{"name":"wp","href":"https:\/\/api.w.org\/{rel}","templated":true}]}}