{"id":232,"date":"2021-08-09T10:20:22","date_gmt":"2021-08-09T08:20:22","guid":{"rendered":"https:\/\/dev.diginotar.at\/?page_id=232"},"modified":"2022-03-05T09:44:30","modified_gmt":"2022-03-05T08:44:30","slug":"firmenbuch","status":"publish","type":"page","link":"https:\/\/dev.diginotar.at\/de\/unternehmen\/firmenbuch\/","title":{"rendered":"Firmenbuch"},"content":{"rendered":"<div class=\"lazyblock-infobox-1Lkbma wp-block-lazyblock-infobox\"><div class=\"notar_einleitung\">\n\n  <div class=\"notar_einleitung_wrapper\"><p>Das Firmenbuch ist die offizielle Datenbank des Bundesministeriums f\u00fcr Justiz. Es wird von den Firmenbuchgerichten (das sind in den Bundesl\u00e4ndern die Landesgerichte, in Wien das Handelsgericht) gef\u00fchrt.<\/p><\/div>\n<\/div>\n<\/div>\n\n\n<p>Es besteht aus<\/p>\n\n\n\n<ul class=\"wp-block-list\"><li>dem Hauptbuch: dieses enth\u00e4lt die Firmenbucheintragungen (z.B. Firmenbuchnummer, Firma) und<\/li><li>der Urkundensammlung: diese enth\u00e4lt die Urkunden, die den Firmenbucheintragungen zugrunde liegen (z.B. Gesellschaftsvertr\u00e4ge).<\/li><\/ul>\n\n\n\n<p>Der Firmenbuch-Auszug enth\u00e4lt aktuelle Informationen \u00fcber Firmensitz, Gesch\u00e4ftsf\u00fchrer, Kapital einer Gesellschaft, Prokura, Gesellschafter, Umwandlung, Verschmelzung, Spaltung, Satzungen und vieles mehr. Auch inzwischen gel\u00f6schte Daten k\u00f6nnen ausgegeben werden (historischer Firmenbuchauszug).<\/p>\n\n\n\n<h2 class=\"wp-block-heading\">Woher bekomme ich einen Firmenbuch-Auszug?<\/h2>\n\n\n\n<p>Die Abfrage der Firmenbuch-Datenbank ist f\u00fcr jedermann freigegeben.<\/p>\n\n\n\n<p>Eine Datenabfrage ist bei jedem Firmenbuchgericht, Notar, Rechtsanwalt oder Wirtschaftstreuh\u00e4nder m\u00f6glich. Au\u00dferdem kann sie im Internet \u00fcber die vom Bundesministerium f\u00fcr Justiz autorisierten Unternehmen (\u201eVerrechnungsstellen\u201c) durchgef\u00fchrt werden. Eine Liste der Verrechnungsstellen finden Sie auf der Seite des <a href=\"https:\/\/www.justiz.gv.at\/web2013\/home\/e-justice\/firmenbuch\/die-firmenbuchdatenbank~2c9484852308c2a601240b693e1c0860.de.html\" target=\"_blank\" rel=\"noopener\">BMJ<\/a>.<\/p>\n\n\n\n<p>Seit 11. Juli 2005 werden die Urkundensammlungen aller Firmenbuchgerichte elektronisch gef\u00fchrt und sind online abrufbar. \u00c4ltere Urkunden k\u00f6nnen beim Firmenbuchgericht eingesehen werden.<\/p>\n\n\n\n<p>Ben\u00f6tigen Sie einen beglaubigten Firmenbuchauszug zur Vorlage bei einer Beh\u00f6rde etc., m\u00fcssen Sie sich diese bei Gericht oder einem Notar besorgen. Die Internetausgabe kann elektronisch signiert werden.<\/p>\n\n\n\n<p>Jede Abfrage ist kostenpflichtig.<\/p>\n","protected":false},"excerpt":{"rendered":"<p>Es besteht aus dem Hauptbuch: dieses enth\u00e4lt die Firmenbucheintragungen (z.B. Firmenbuchnummer, Firma) und der Urkundensammlung: diese enth\u00e4lt die Urkunden, die den Firmenbucheintragungen zugrunde liegen (z.B. Gesellschaftsvertr\u00e4ge). Der Firmenbuch-Auszug enth\u00e4lt aktuelle Informationen \u00fcber Firmensitz, Gesch\u00e4ftsf\u00fchrer, Kapital einer Gesellschaft, Prokura, Gesellschafter, Umwandlung, Verschmelzung, Spaltung, Satzungen und vieles mehr. Auch inzwischen gel\u00f6schte Daten k\u00f6nnen ausgegeben werden (historischer Firmenbuchauszug).&hellip;<\/p>\n","protected":false},"author":3,"featured_media":0,"parent":151,"menu_order":13,"comment_status":"closed","ping_status":"closed","template":"","meta":{"inline_featured_image":false,"footnotes":""},"categories":[],"class_list":["post-232","page","type-page","status-publish","hentry","description-off"],"yoast_head":"<!-- This site is optimized with the Yoast SEO plugin v25.7 - https:\/\/yoast.com\/wordpress\/plugins\/seo\/ -->\n<title>Firmenbuch &#8211; Notariat Sch\u00f6ffmann<\/title>\n<meta name=\"description\" content=\"Das Firmenbuch ist die offizielle Datenbank des Bundesministeriums f\u00fcr Justiz. Es enth\u00e4lt aktuelle Informationen \u00fcber eine Gesellschaft.\" \/>\n<meta name=\"robots\" content=\"noindex, follow, max-snippet:-1, max-image-preview:large, max-video-preview:-1\" \/>\n<meta property=\"og:locale\" content=\"de_DE\" \/>\n<meta property=\"og:type\" content=\"article\" \/>\n<meta property=\"og:title\" content=\"Firmenbuch &#8211; Notariat Sch\u00f6ffmann\" \/>\n<meta property=\"og:description\" content=\"Das Firmenbuch ist die offizielle Datenbank des Bundesministeriums f\u00fcr Justiz. Es enth\u00e4lt aktuelle Informationen \u00fcber eine Gesellschaft.\" \/>\n<meta property=\"og:url\" content=\"https:\/\/dev.diginotar.at\/de\/unternehmen\/firmenbuch\/\" \/>\n<meta property=\"og:site_name\" content=\"Notariat Sch\u00f6ffmann\" \/>\n<meta property=\"article:publisher\" content=\"https:\/\/www.facebook.com\/NotarKlagenfurt\" \/>\n<meta property=\"article:modified_time\" content=\"2022-03-05T08:44:30+00:00\" \/>\n<meta property=\"og:image\" content=\"https:\/\/dev.diginotar.at\/wp-content\/uploads\/2021\/11\/Juristen-1.jpg\" \/>\n\t<meta property=\"og:image:width\" content=\"1600\" \/>\n\t<meta property=\"og:image:height\" content=\"1067\" \/>\n\t<meta property=\"og:image:type\" content=\"image\/jpeg\" \/>\n<meta name=\"twitter:card\" content=\"summary_large_image\" \/>\n<script type=\"application\/ld+json\" class=\"yoast-schema-graph\">{\"@context\":\"https:\/\/schema.org\",\"@graph\":[{\"@type\":\"WebPage\",\"@id\":\"https:\/\/dev.diginotar.at\/de\/unternehmen\/firmenbuch\/\",\"url\":\"https:\/\/dev.diginotar.at\/de\/unternehmen\/firmenbuch\/\",\"name\":\"Firmenbuch &#8211; Notariat Sch\u00f6ffmann\",\"isPartOf\":{\"@id\":\"https:\/\/dev.diginotar.at\/de\/#website\"},\"datePublished\":\"2021-08-09T08:20:22+00:00\",\"dateModified\":\"2022-03-05T08:44:30+00:00\",\"description\":\"Das Firmenbuch ist die offizielle Datenbank des Bundesministeriums f\u00fcr Justiz. Es enth\u00e4lt aktuelle Informationen \u00fcber eine Gesellschaft.\",\"breadcrumb\":{\"@id\":\"https:\/\/dev.diginotar.at\/de\/unternehmen\/firmenbuch\/#breadcrumb\"},\"inLanguage\":\"de\",\"potentialAction\":[{\"@type\":\"ReadAction\",\"target\":[\"https:\/\/dev.diginotar.at\/de\/unternehmen\/firmenbuch\/\"]}]},{\"@type\":\"BreadcrumbList\",\"@id\":\"https:\/\/dev.diginotar.at\/de\/unternehmen\/firmenbuch\/#breadcrumb\",\"itemListElement\":[{\"@type\":\"ListItem\",\"position\":1,\"name\":\"Startseite\",\"item\":\"https:\/\/dev.diginotar.at\/de\/\"},{\"@type\":\"ListItem\",\"position\":2,\"name\":\"Unternehmen\",\"item\":\"https:\/\/dev.diginotar.at\/de\/unternehmen\/\"},{\"@type\":\"ListItem\",\"position\":3,\"name\":\"Firmenbuch\"}]},{\"@type\":\"WebSite\",\"@id\":\"https:\/\/dev.diginotar.at\/de\/#website\",\"url\":\"https:\/\/dev.diginotar.at\/de\/\",\"name\":\"Notariat Sch\u00f6ffmann\",\"description\":\"Mag. Klaus Sch\u00f6ffmann - Ihr Notar in Klagenfurt\",\"publisher\":{\"@id\":\"https:\/\/dev.diginotar.at\/de\/#organization\"},\"potentialAction\":[{\"@type\":\"SearchAction\",\"target\":{\"@type\":\"EntryPoint\",\"urlTemplate\":\"https:\/\/dev.diginotar.at\/de\/?s={search_term_string}\"},\"query-input\":{\"@type\":\"PropertyValueSpecification\",\"valueRequired\":true,\"valueName\":\"search_term_string\"}}],\"inLanguage\":\"de\"},{\"@type\":\"Organization\",\"@id\":\"https:\/\/dev.diginotar.at\/de\/#organization\",\"name\":\"Notariat Mag. Klaus Sch\u00f6ffmann Klagenfurt\",\"url\":\"https:\/\/dev.diginotar.at\/de\/\",\"logo\":{\"@type\":\"ImageObject\",\"inLanguage\":\"de\",\"@id\":\"https:\/\/dev.diginotar.at\/de\/#\/schema\/logo\/image\/\",\"url\":\"https:\/\/dev.diginotar.at\/wp-content\/uploads\/2022\/02\/logo-notariat-schoeffmann.jpg\",\"contentUrl\":\"https:\/\/dev.diginotar.at\/wp-content\/uploads\/2022\/02\/logo-notariat-schoeffmann.jpg\",\"width\":600,\"height\":600,\"caption\":\"Notariat Mag. Klaus Sch\u00f6ffmann Klagenfurt\"},\"image\":{\"@id\":\"https:\/\/dev.diginotar.at\/de\/#\/schema\/logo\/image\/\"},\"sameAs\":[\"https:\/\/www.facebook.com\/NotarKlagenfurt\",\"https:\/\/www.youtube.com\/channel\/UCaITfbIQh6VIpzEonUsIhcg\"]}]}<\/script>\n<!-- \/ Yoast SEO plugin. -->","yoast_head_json":{"title":"Firmenbuch &#8211; Notariat Sch\u00f6ffmann","description":"Das Firmenbuch ist die offizielle Datenbank des Bundesministeriums f\u00fcr Justiz. Es enth\u00e4lt aktuelle Informationen \u00fcber eine Gesellschaft.","robots":{"index":"noindex","follow":"follow","max-snippet":"max-snippet:-1","max-image-preview":"max-image-preview:large","max-video-preview":"max-video-preview:-1"},"og_locale":"de_DE","og_type":"article","og_title":"Firmenbuch &#8211; Notariat Sch\u00f6ffmann","og_description":"Das Firmenbuch ist die offizielle Datenbank des Bundesministeriums f\u00fcr Justiz. Es enth\u00e4lt aktuelle Informationen \u00fcber eine Gesellschaft.","og_url":"https:\/\/dev.diginotar.at\/de\/unternehmen\/firmenbuch\/","og_site_name":"Notariat Sch\u00f6ffmann","article_publisher":"https:\/\/www.facebook.com\/NotarKlagenfurt","article_modified_time":"2022-03-05T08:44:30+00:00","og_image":[{"width":1600,"height":1067,"url":"https:\/\/dev.diginotar.at\/wp-content\/uploads\/2021\/11\/Juristen-1.jpg","type":"image\/jpeg"}],"twitter_card":"summary_large_image","schema":{"@context":"https:\/\/schema.org","@graph":[{"@type":"WebPage","@id":"https:\/\/dev.diginotar.at\/de\/unternehmen\/firmenbuch\/","url":"https:\/\/dev.diginotar.at\/de\/unternehmen\/firmenbuch\/","name":"Firmenbuch &#8211; Notariat Sch\u00f6ffmann","isPartOf":{"@id":"https:\/\/dev.diginotar.at\/de\/#website"},"datePublished":"2021-08-09T08:20:22+00:00","dateModified":"2022-03-05T08:44:30+00:00","description":"Das Firmenbuch ist die offizielle Datenbank des Bundesministeriums f\u00fcr Justiz. Es enth\u00e4lt aktuelle Informationen \u00fcber eine Gesellschaft.","breadcrumb":{"@id":"https:\/\/dev.diginotar.at\/de\/unternehmen\/firmenbuch\/#breadcrumb"},"inLanguage":"de","potentialAction":[{"@type":"ReadAction","target":["https:\/\/dev.diginotar.at\/de\/unternehmen\/firmenbuch\/"]}]},{"@type":"BreadcrumbList","@id":"https:\/\/dev.diginotar.at\/de\/unternehmen\/firmenbuch\/#breadcrumb","itemListElement":[{"@type":"ListItem","position":1,"name":"Startseite","item":"https:\/\/dev.diginotar.at\/de\/"},{"@type":"ListItem","position":2,"name":"Unternehmen","item":"https:\/\/dev.diginotar.at\/de\/unternehmen\/"},{"@type":"ListItem","position":3,"name":"Firmenbuch"}]},{"@type":"WebSite","@id":"https:\/\/dev.diginotar.at\/de\/#website","url":"https:\/\/dev.diginotar.at\/de\/","name":"Notariat Sch\u00f6ffmann","description":"Mag. Klaus Sch\u00f6ffmann - Ihr Notar in Klagenfurt","publisher":{"@id":"https:\/\/dev.diginotar.at\/de\/#organization"},"potentialAction":[{"@type":"SearchAction","target":{"@type":"EntryPoint","urlTemplate":"https:\/\/dev.diginotar.at\/de\/?s={search_term_string}"},"query-input":{"@type":"PropertyValueSpecification","valueRequired":true,"valueName":"search_term_string"}}],"inLanguage":"de"},{"@type":"Organization","@id":"https:\/\/dev.diginotar.at\/de\/#organization","name":"Notariat Mag. Klaus Sch\u00f6ffmann Klagenfurt","url":"https:\/\/dev.diginotar.at\/de\/","logo":{"@type":"ImageObject","inLanguage":"de","@id":"https:\/\/dev.diginotar.at\/de\/#\/schema\/logo\/image\/","url":"https:\/\/dev.diginotar.at\/wp-content\/uploads\/2022\/02\/logo-notariat-schoeffmann.jpg","contentUrl":"https:\/\/dev.diginotar.at\/wp-content\/uploads\/2022\/02\/logo-notariat-schoeffmann.jpg","width":600,"height":600,"caption":"Notariat Mag. Klaus Sch\u00f6ffmann Klagenfurt"},"image":{"@id":"https:\/\/dev.diginotar.at\/de\/#\/schema\/logo\/image\/"},"sameAs":["https:\/\/www.facebook.com\/NotarKlagenfurt","https:\/\/www.youtube.com\/channel\/UCaITfbIQh6VIpzEonUsIhcg"]}]}},"_links":{"self":[{"href":"https:\/\/dev.diginotar.at\/de\/wp-json\/wp\/v2\/pages\/232","targetHints":{"allow":["GET"]}}],"collection":[{"href":"https:\/\/dev.diginotar.at\/de\/wp-json\/wp\/v2\/pages"}],"about":[{"href":"https:\/\/dev.diginotar.at\/de\/wp-json\/wp\/v2\/types\/page"}],"author":[{"embeddable":true,"href":"https:\/\/dev.diginotar.at\/de\/wp-json\/wp\/v2\/users\/3"}],"replies":[{"embeddable":true,"href":"https:\/\/dev.diginotar.at\/de\/wp-json\/wp\/v2\/comments?post=232"}],"version-history":[{"count":4,"href":"https:\/\/dev.diginotar.at\/de\/wp-json\/wp\/v2\/pages\/232\/revisions"}],"predecessor-version":[{"id":2346,"href":"https:\/\/dev.diginotar.at\/de\/wp-json\/wp\/v2\/pages\/232\/revisions\/2346"}],"up":[{"embeddable":true,"href":"https:\/\/dev.diginotar.at\/de\/wp-json\/wp\/v2\/pages\/151"}],"wp:attachment":[{"href":"https:\/\/dev.diginotar.at\/de\/wp-json\/wp\/v2\/media?parent=232"}],"wp:term":[{"taxonomy":"category","embeddable":true,"href":"https:\/\/dev.diginotar.at\/de\/wp-json\/wp\/v2\/categories?post=232"}],"curies":[{"name":"wp","href":"https:\/\/api.w.org\/{rel}","templated":true}]}}