{"id":217,"date":"2021-08-09T10:14:02","date_gmt":"2021-08-09T08:14:02","guid":{"rendered":"https:\/\/dev.diginotar.at\/?page_id=217"},"modified":"2022-03-06T13:42:49","modified_gmt":"2022-03-06T12:42:49","slug":"ueberpruefung-des-gesellschaftsvertrags","status":"publish","type":"page","link":"https:\/\/dev.diginotar.at\/de\/unternehmen\/ueberpruefung-des-gesellschaftsvertrags\/","title":{"rendered":"\u00dcberpr\u00fcfung des Gesellschaftsvertrags"},"content":{"rendered":"\n<h2 class=\"wp-block-heading\">Gesellschaftsvertr\u00e4ge m\u00fcssen individuell gestaltet sein.<\/h2>\n\n\n\n<p><strong>Wenn sich in der Unternehmerfamilie etwas \u00e4ndert, ist auch der Vertrag anzupassen!<\/strong><\/p>\n\n\n\n<p>Jede GmbH ist etwas Einzigartiges.&nbsp;Der Gesellschaftsvertrag als wichtigstes Regelwerk in einem Unternehmen sollte in regelm\u00e4\u00dfigen Abst\u00e4nden einer Pr\u00fcfung unterzogen werden. Notar Sch\u00f6ffmann r\u00e4t den Gesellschaftsvertrag alle f\u00fcnf Jahre auf seine Aktualit\u00e4t zu \u00fcberpr\u00fcfen. Dar\u00fcber hinaus sollte immer, wenn \u00c4nderungen auf Gesellschafterebene passieren und bei wesentlichen rechtlichen oder steuerlichen Ver\u00e4nderungen, der Gesellschaftsvertrag mit dem Notar \u00fcberpr\u00fcft werden.<\/p>\n\n\n\n<h3 class=\"wp-block-heading\">Mit dem Notar das &#8222;Pickerl&#8220; machen.<\/h3>\n\n\n\n<p>Wer seinen Gesellschaftsvertrag schon zehn Jahre nicht mehr angeschaut hat, bei dem ist Anpassungsbedarf gegeben.<\/p>\n\n\n\n<p>Der Gesellschaftsvertrag soll Streit vorbeugen. Instrumente dazu k\u00f6nnen Aufgriffsrechte, Vorkaufsrechte und Zustimmungserfordernisse sein. Bedenken sollte man auch unvorhersehbare Ereignisse wie Sterbef\u00e4lle, Unf\u00e4lle oder Erkrankungen.<\/p>\n\n\n\n<p>Auch Sonderbestimmungen in Hinblick auf Stimmrechte und Gesch\u00e4ftsf\u00fchrung sollten individuell vereinbart werden. Dazu ist der Rat des Notars von besonderer Bedeutung.<\/p>\n\n\n\n<p>Die regelm\u00e4\u00dfige &#8222;Gesundenuntersuchung&#8220; der Gesellschaft mit dem Notar ist angeraten.<\/p>\n","protected":false},"excerpt":{"rendered":"<p>Gesellschaftsvertr\u00e4ge m\u00fcssen individuell gestaltet sein. Wenn sich in der Unternehmerfamilie etwas \u00e4ndert, ist auch der Vertrag anzupassen! Jede GmbH ist etwas Einzigartiges.&nbsp;Der Gesellschaftsvertrag als wichtigstes Regelwerk in einem Unternehmen sollte in regelm\u00e4\u00dfigen Abst\u00e4nden einer Pr\u00fcfung unterzogen werden. Notar Sch\u00f6ffmann r\u00e4t den Gesellschaftsvertrag alle f\u00fcnf Jahre auf seine Aktualit\u00e4t zu \u00fcberpr\u00fcfen. Dar\u00fcber hinaus sollte immer, wenn&hellip;<\/p>\n","protected":false},"author":3,"featured_media":0,"parent":151,"menu_order":9,"comment_status":"closed","ping_status":"closed","template":"","meta":{"inline_featured_image":false,"footnotes":""},"categories":[],"class_list":["post-217","page","type-page","status-publish","hentry","description-off"],"yoast_head":"<!-- This site is optimized with the Yoast SEO plugin v25.7 - https:\/\/yoast.com\/wordpress\/plugins\/seo\/ -->\n<title>\u00dcberpr\u00fcfung Gesellschaftsvertr\u00e4ge &#8211; Notariat Sch\u00f6ffmann<\/title>\n<meta name=\"description\" content=\"Notariat Mag. Klaus Sch\u00f6ffmann: Ihr Notar in Klagenfurt am W\u00f6rthersee. Individuelle Rechtsberatung f\u00fcr Unternehmen und Privatpersonen. Unsere erste Rechtsauskunft ist f\u00fcr Sie kostenfrei!\" \/>\n<meta name=\"robots\" content=\"noindex, follow, max-snippet:-1, max-image-preview:large, max-video-preview:-1\" \/>\n<meta property=\"og:locale\" content=\"de_DE\" \/>\n<meta property=\"og:type\" content=\"article\" \/>\n<meta property=\"og:title\" content=\"\u00dcberpr\u00fcfung Gesellschaftsvertr\u00e4ge &#8211; Notariat Sch\u00f6ffmann\" \/>\n<meta property=\"og:description\" content=\"Notariat Mag. Klaus Sch\u00f6ffmann: Ihr Notar in Klagenfurt am W\u00f6rthersee. Individuelle Rechtsberatung f\u00fcr Unternehmen und Privatpersonen. Unsere erste Rechtsauskunft ist f\u00fcr Sie kostenfrei!\" \/>\n<meta property=\"og:url\" content=\"https:\/\/dev.diginotar.at\/de\/unternehmen\/ueberpruefung-des-gesellschaftsvertrags\/\" \/>\n<meta property=\"og:site_name\" content=\"Notariat Sch\u00f6ffmann\" \/>\n<meta property=\"article:publisher\" content=\"https:\/\/www.facebook.com\/NotarKlagenfurt\" \/>\n<meta property=\"article:modified_time\" content=\"2022-03-06T12:42:49+00:00\" \/>\n<meta property=\"og:image\" content=\"https:\/\/dev.diginotar.at\/wp-content\/uploads\/2021\/11\/Juristen-1.jpg\" \/>\n\t<meta property=\"og:image:width\" content=\"1600\" \/>\n\t<meta property=\"og:image:height\" content=\"1067\" \/>\n\t<meta property=\"og:image:type\" content=\"image\/jpeg\" \/>\n<meta name=\"twitter:card\" content=\"summary_large_image\" \/>\n<script type=\"application\/ld+json\" class=\"yoast-schema-graph\">{\"@context\":\"https:\/\/schema.org\",\"@graph\":[{\"@type\":\"WebPage\",\"@id\":\"https:\/\/dev.diginotar.at\/de\/unternehmen\/ueberpruefung-des-gesellschaftsvertrags\/\",\"url\":\"https:\/\/dev.diginotar.at\/de\/unternehmen\/ueberpruefung-des-gesellschaftsvertrags\/\",\"name\":\"\u00dcberpr\u00fcfung Gesellschaftsvertr\u00e4ge &#8211; Notariat Sch\u00f6ffmann\",\"isPartOf\":{\"@id\":\"https:\/\/dev.diginotar.at\/de\/#website\"},\"datePublished\":\"2021-08-09T08:14:02+00:00\",\"dateModified\":\"2022-03-06T12:42:49+00:00\",\"description\":\"Notariat Mag. Klaus Sch\u00f6ffmann: Ihr Notar in Klagenfurt am W\u00f6rthersee. Individuelle Rechtsberatung f\u00fcr Unternehmen und Privatpersonen. Unsere erste Rechtsauskunft ist f\u00fcr Sie kostenfrei!\",\"breadcrumb\":{\"@id\":\"https:\/\/dev.diginotar.at\/de\/unternehmen\/ueberpruefung-des-gesellschaftsvertrags\/#breadcrumb\"},\"inLanguage\":\"de\",\"potentialAction\":[{\"@type\":\"ReadAction\",\"target\":[\"https:\/\/dev.diginotar.at\/de\/unternehmen\/ueberpruefung-des-gesellschaftsvertrags\/\"]}]},{\"@type\":\"BreadcrumbList\",\"@id\":\"https:\/\/dev.diginotar.at\/de\/unternehmen\/ueberpruefung-des-gesellschaftsvertrags\/#breadcrumb\",\"itemListElement\":[{\"@type\":\"ListItem\",\"position\":1,\"name\":\"Startseite\",\"item\":\"https:\/\/dev.diginotar.at\/de\/\"},{\"@type\":\"ListItem\",\"position\":2,\"name\":\"Unternehmen\",\"item\":\"https:\/\/dev.diginotar.at\/de\/unternehmen\/\"},{\"@type\":\"ListItem\",\"position\":3,\"name\":\"\u00dcberpr\u00fcfung des Gesellschaftsvertrags\"}]},{\"@type\":\"WebSite\",\"@id\":\"https:\/\/dev.diginotar.at\/de\/#website\",\"url\":\"https:\/\/dev.diginotar.at\/de\/\",\"name\":\"Notariat Sch\u00f6ffmann\",\"description\":\"Mag. Klaus Sch\u00f6ffmann - Ihr Notar in Klagenfurt\",\"publisher\":{\"@id\":\"https:\/\/dev.diginotar.at\/de\/#organization\"},\"potentialAction\":[{\"@type\":\"SearchAction\",\"target\":{\"@type\":\"EntryPoint\",\"urlTemplate\":\"https:\/\/dev.diginotar.at\/de\/?s={search_term_string}\"},\"query-input\":{\"@type\":\"PropertyValueSpecification\",\"valueRequired\":true,\"valueName\":\"search_term_string\"}}],\"inLanguage\":\"de\"},{\"@type\":\"Organization\",\"@id\":\"https:\/\/dev.diginotar.at\/de\/#organization\",\"name\":\"Notariat Mag. Klaus Sch\u00f6ffmann Klagenfurt\",\"url\":\"https:\/\/dev.diginotar.at\/de\/\",\"logo\":{\"@type\":\"ImageObject\",\"inLanguage\":\"de\",\"@id\":\"https:\/\/dev.diginotar.at\/de\/#\/schema\/logo\/image\/\",\"url\":\"https:\/\/dev.diginotar.at\/wp-content\/uploads\/2022\/02\/logo-notariat-schoeffmann.jpg\",\"contentUrl\":\"https:\/\/dev.diginotar.at\/wp-content\/uploads\/2022\/02\/logo-notariat-schoeffmann.jpg\",\"width\":600,\"height\":600,\"caption\":\"Notariat Mag. Klaus Sch\u00f6ffmann Klagenfurt\"},\"image\":{\"@id\":\"https:\/\/dev.diginotar.at\/de\/#\/schema\/logo\/image\/\"},\"sameAs\":[\"https:\/\/www.facebook.com\/NotarKlagenfurt\",\"https:\/\/www.youtube.com\/channel\/UCaITfbIQh6VIpzEonUsIhcg\"]}]}<\/script>\n<!-- \/ Yoast SEO plugin. -->","yoast_head_json":{"title":"\u00dcberpr\u00fcfung Gesellschaftsvertr\u00e4ge &#8211; Notariat Sch\u00f6ffmann","description":"Notariat Mag. Klaus Sch\u00f6ffmann: Ihr Notar in Klagenfurt am W\u00f6rthersee. Individuelle Rechtsberatung f\u00fcr Unternehmen und Privatpersonen. Unsere erste Rechtsauskunft ist f\u00fcr Sie kostenfrei!","robots":{"index":"noindex","follow":"follow","max-snippet":"max-snippet:-1","max-image-preview":"max-image-preview:large","max-video-preview":"max-video-preview:-1"},"og_locale":"de_DE","og_type":"article","og_title":"\u00dcberpr\u00fcfung Gesellschaftsvertr\u00e4ge &#8211; Notariat Sch\u00f6ffmann","og_description":"Notariat Mag. Klaus Sch\u00f6ffmann: Ihr Notar in Klagenfurt am W\u00f6rthersee. Individuelle Rechtsberatung f\u00fcr Unternehmen und Privatpersonen. Unsere erste Rechtsauskunft ist f\u00fcr Sie kostenfrei!","og_url":"https:\/\/dev.diginotar.at\/de\/unternehmen\/ueberpruefung-des-gesellschaftsvertrags\/","og_site_name":"Notariat Sch\u00f6ffmann","article_publisher":"https:\/\/www.facebook.com\/NotarKlagenfurt","article_modified_time":"2022-03-06T12:42:49+00:00","og_image":[{"width":1600,"height":1067,"url":"https:\/\/dev.diginotar.at\/wp-content\/uploads\/2021\/11\/Juristen-1.jpg","type":"image\/jpeg"}],"twitter_card":"summary_large_image","schema":{"@context":"https:\/\/schema.org","@graph":[{"@type":"WebPage","@id":"https:\/\/dev.diginotar.at\/de\/unternehmen\/ueberpruefung-des-gesellschaftsvertrags\/","url":"https:\/\/dev.diginotar.at\/de\/unternehmen\/ueberpruefung-des-gesellschaftsvertrags\/","name":"\u00dcberpr\u00fcfung Gesellschaftsvertr\u00e4ge &#8211; Notariat Sch\u00f6ffmann","isPartOf":{"@id":"https:\/\/dev.diginotar.at\/de\/#website"},"datePublished":"2021-08-09T08:14:02+00:00","dateModified":"2022-03-06T12:42:49+00:00","description":"Notariat Mag. Klaus Sch\u00f6ffmann: Ihr Notar in Klagenfurt am W\u00f6rthersee. Individuelle Rechtsberatung f\u00fcr Unternehmen und Privatpersonen. Unsere erste Rechtsauskunft ist f\u00fcr Sie kostenfrei!","breadcrumb":{"@id":"https:\/\/dev.diginotar.at\/de\/unternehmen\/ueberpruefung-des-gesellschaftsvertrags\/#breadcrumb"},"inLanguage":"de","potentialAction":[{"@type":"ReadAction","target":["https:\/\/dev.diginotar.at\/de\/unternehmen\/ueberpruefung-des-gesellschaftsvertrags\/"]}]},{"@type":"BreadcrumbList","@id":"https:\/\/dev.diginotar.at\/de\/unternehmen\/ueberpruefung-des-gesellschaftsvertrags\/#breadcrumb","itemListElement":[{"@type":"ListItem","position":1,"name":"Startseite","item":"https:\/\/dev.diginotar.at\/de\/"},{"@type":"ListItem","position":2,"name":"Unternehmen","item":"https:\/\/dev.diginotar.at\/de\/unternehmen\/"},{"@type":"ListItem","position":3,"name":"\u00dcberpr\u00fcfung des Gesellschaftsvertrags"}]},{"@type":"WebSite","@id":"https:\/\/dev.diginotar.at\/de\/#website","url":"https:\/\/dev.diginotar.at\/de\/","name":"Notariat Sch\u00f6ffmann","description":"Mag. Klaus Sch\u00f6ffmann - Ihr Notar in Klagenfurt","publisher":{"@id":"https:\/\/dev.diginotar.at\/de\/#organization"},"potentialAction":[{"@type":"SearchAction","target":{"@type":"EntryPoint","urlTemplate":"https:\/\/dev.diginotar.at\/de\/?s={search_term_string}"},"query-input":{"@type":"PropertyValueSpecification","valueRequired":true,"valueName":"search_term_string"}}],"inLanguage":"de"},{"@type":"Organization","@id":"https:\/\/dev.diginotar.at\/de\/#organization","name":"Notariat Mag. Klaus Sch\u00f6ffmann Klagenfurt","url":"https:\/\/dev.diginotar.at\/de\/","logo":{"@type":"ImageObject","inLanguage":"de","@id":"https:\/\/dev.diginotar.at\/de\/#\/schema\/logo\/image\/","url":"https:\/\/dev.diginotar.at\/wp-content\/uploads\/2022\/02\/logo-notariat-schoeffmann.jpg","contentUrl":"https:\/\/dev.diginotar.at\/wp-content\/uploads\/2022\/02\/logo-notariat-schoeffmann.jpg","width":600,"height":600,"caption":"Notariat Mag. Klaus Sch\u00f6ffmann Klagenfurt"},"image":{"@id":"https:\/\/dev.diginotar.at\/de\/#\/schema\/logo\/image\/"},"sameAs":["https:\/\/www.facebook.com\/NotarKlagenfurt","https:\/\/www.youtube.com\/channel\/UCaITfbIQh6VIpzEonUsIhcg"]}]}},"_links":{"self":[{"href":"https:\/\/dev.diginotar.at\/de\/wp-json\/wp\/v2\/pages\/217","targetHints":{"allow":["GET"]}}],"collection":[{"href":"https:\/\/dev.diginotar.at\/de\/wp-json\/wp\/v2\/pages"}],"about":[{"href":"https:\/\/dev.diginotar.at\/de\/wp-json\/wp\/v2\/types\/page"}],"author":[{"embeddable":true,"href":"https:\/\/dev.diginotar.at\/de\/wp-json\/wp\/v2\/users\/3"}],"replies":[{"embeddable":true,"href":"https:\/\/dev.diginotar.at\/de\/wp-json\/wp\/v2\/comments?post=217"}],"version-history":[{"count":9,"href":"https:\/\/dev.diginotar.at\/de\/wp-json\/wp\/v2\/pages\/217\/revisions"}],"predecessor-version":[{"id":2468,"href":"https:\/\/dev.diginotar.at\/de\/wp-json\/wp\/v2\/pages\/217\/revisions\/2468"}],"up":[{"embeddable":true,"href":"https:\/\/dev.diginotar.at\/de\/wp-json\/wp\/v2\/pages\/151"}],"wp:attachment":[{"href":"https:\/\/dev.diginotar.at\/de\/wp-json\/wp\/v2\/media?parent=217"}],"wp:term":[{"taxonomy":"category","embeddable":true,"href":"https:\/\/dev.diginotar.at\/de\/wp-json\/wp\/v2\/categories?post=217"}],"curies":[{"name":"wp","href":"https:\/\/api.w.org\/{rel}","templated":true}]}}