{"id":2,"date":"2021-08-05T08:31:21","date_gmt":"2021-08-05T06:31:21","guid":{"rendered":"https:\/\/dev.diginotar.at\/?page_id=2"},"modified":"2025-08-19T10:31:30","modified_gmt":"2025-08-19T08:31:30","slug":"start","status":"publish","type":"page","link":"https:\/\/dev.diginotar.at\/de\/","title":{"rendered":"Startseite Notariat Mag. Klaus Sch\u00f6ffmann"},"content":{"rendered":"<div class=\"wpb-content-wrapper\"><p>[vc_row full_width=&#8220;stretch_row&#8220; gap=&#8220;35&#8243; css=&#8220;.vc_custom_1740494714414{background-color: #D4E9F9 !important;}&#8220;][vc_column width=&#8220;1\/3&#8243;][vc_column_text css=&#8220;&#8220;]<\/p>\n<h2>Unser<br \/>\nSocial-Media-Feed<\/h2>\n<p>[\/vc_column_text][vc_row_inner][vc_column_inner width=&#8220;1\/3&#8243;][vc_single_image image=&#8220;3544&#8243; img_size=&#8220;full&#8220; css=&#8220;&#8220;][\/vc_column_inner][vc_column_inner width=&#8220;1\/3&#8243;][\/vc_column_inner][vc_column_inner width=&#8220;1\/3&#8243;][\/vc_column_inner][\/vc_row_inner][\/vc_column][vc_column width=&#8220;2\/3&#8243;][vc_single_image image=&#8220;3547&#8243; img_size=&#8220;full&#8220; alignment=&#8220;center&#8220; css=&#8220;&#8220;][\/vc_column][\/vc_row][vc_row full_width=&#8220;stretch_row&#8220; css=&#8220;.vc_custom_1740494785532{background-color: #266982 !important;}&#8220; el_class=&#8220;invert&#8220;][vc_column][vc_column_text css=&#8220;&#8220;]<\/p>\n<h2>Aus unserer Kanzlei<\/h2>\n<p>[\/vc_column_text][vc_column_text css=&#8220;&#8220;]<div  id=\"news-blocks\"><div class=\"notar_blog_block_outer\"><a href=\"https:\/\/dev.diginotar.at\/de\/20241104\/dasgutetestament\/\" class=\"notar_blog_block_inner\"><img decoding=\"async\"  class=\"news_block_image\" src=\"https:\/\/dev.diginotar.at\/wp-content\/uploads\/professional-notary-guiding-senior-man-sign-last-will-testatment-600x450.jpg\"><div class=\"notar_blog_title\"><h5><img decoding=\"async\" alt=\"Icon Aus der Kanzlei\" class=\"news_slider_icn\" src=\"https:\/\/dev.diginotar.at\/wp-content\/uploads\/2021\/12\/icn-notar-home.svg\">Aus der Kanzlei <\/h5><h2>Das gute Testament<\/h2><p>Herr Gruber ist verwitwet und hat keine Kinder. Da es zu den entfernten Verwandten keinen Kontakt gibt, m\u00f6chte Herr Gruber nicht, dass diese etwas ...<\/p><\/div><\/a><\/div><div class=\"notar_blog_block_outer\"><a href=\"https:\/\/dev.diginotar.at\/de\/20241030\/unternehmerinnen-vorsorge\/\" class=\"notar_blog_block_inner\"><img decoding=\"async\"  class=\"news_block_image\" src=\"https:\/\/dev.diginotar.at\/wp-content\/uploads\/cloud-computing-backup-technology-concept-access-server-communication-servicesdatabase-connection-600x450.jpg\"><div class=\"notar_blog_title\"><h5><img decoding=\"async\" alt=\"Icon Veranstaltung\" class=\"news_slider_icn\" src=\"https:\/\/dev.diginotar.at\/wp-content\/uploads\/2021\/12\/icn-notar-event.svg\">Veranstaltung <\/h5><h2>UNTERNEHMER:INNEN VORSORGE<\/h2><p>&#8222;Es passiert doch immer den anderen!&#8220; Aber leider! Jeden kann es treffen! Wir laden Sie recht herzlich zum Vortrag \u00fcber UNTERNEHMER:INNEN ...<\/p><\/div><\/a><\/div><div class=\"notar_blog_block_outer\"><a href=\"https:\/\/dev.diginotar.at\/de\/20241016\/informationstag-der-kaerntner-bestattungsunternehmen\/\" class=\"notar_blog_block_inner\"><img decoding=\"async\"  class=\"news_block_image\" src=\"https:\/\/dev.diginotar.at\/wp-content\/uploads\/sunbeams-through-trees_76599-16676-600x450.jpg\"><div class=\"notar_blog_title\"><h5><img decoding=\"async\" alt=\"Icon Veranstaltung\" class=\"news_slider_icn\" src=\"https:\/\/dev.diginotar.at\/wp-content\/uploads\/2021\/12\/icn-notar-event.svg\">Veranstaltung <\/h5><h2>INFORMATIONSTAG der K\u00e4rntner Bestattungsunternehmen<\/h2><p>PAX Bestattung Klagenfurt<\/p><\/div><\/a><\/div><\/div>[\/vc_column_text][\/vc_column][\/vc_row][vc_row full_width=&#8220;stretch_row&#8220;][vc_column][vc_column_text css=&#8220;&#8220;]<\/p>\n<h2>Das ABC der Rechtsbegriffe<\/h2>\n<p>[\/vc_column_text][vc_row_inner gap=&#8220;35&#8243;][vc_column_inner width=&#8220;1\/2&#8243;][vc_single_image image=&#8220;3493&#8243; img_size=&#8220;large&#8220; alignment=&#8220;right&#8220; style=&#8220;vc_box_rounded&#8220; css=&#8220;&#8220;][\/vc_column_inner][vc_column_inner width=&#8220;1\/2&#8243;][vc_column_text css=&#8220;&#8220;]Unser Know-how und rechtliches Fachwissen geben wir gerne an unsere Klienten weiter. Deshalb gibt es unser ABC f\u00fcr Rechtsbegriffe, in dem die g\u00e4ngigsten Fachbegriffe unserer t\u00e4glichen Arbeit verst\u00e4ndlich erkl\u00e4rt werden.[\/vc_column_text][vc_column_text css=&#8220;&#8220;]<ul class=\"abisz-buchstabe-list\"><li><a href=\"https:\/\/dev.diginotar.at\/de\/buchstabe\/a\/\">A<\/a><\/li><li><a href=\"https:\/\/dev.diginotar.at\/de\/buchstabe\/b\/\">B<\/a><\/li><li><a href=\"https:\/\/dev.diginotar.at\/de\/buchstabe\/c\/\">C<\/a><\/li><li><a href=\"https:\/\/dev.diginotar.at\/de\/buchstabe\/d\/\">D<\/a><\/li><li><a href=\"https:\/\/dev.diginotar.at\/de\/buchstabe\/e\/\">E<\/a><\/li><li><a href=\"https:\/\/dev.diginotar.at\/de\/buchstabe\/f\/\">F<\/a><\/li><li><a href=\"https:\/\/dev.diginotar.at\/de\/buchstabe\/g\/\">G<\/a><\/li><li><a href=\"https:\/\/dev.diginotar.at\/de\/buchstabe\/h\/\">H<\/a><\/li><li><a href=\"https:\/\/dev.diginotar.at\/de\/buchstabe\/i\/\">I<\/a><\/li><li><a href=\"https:\/\/dev.diginotar.at\/de\/buchstabe\/k\/\">K<\/a><\/li><li><a href=\"https:\/\/dev.diginotar.at\/de\/buchstabe\/l\/\">L<\/a><\/li><li><a href=\"https:\/\/dev.diginotar.at\/de\/buchstabe\/p\/\">P<\/a><\/li><li><a href=\"https:\/\/dev.diginotar.at\/de\/buchstabe\/r\/\">R<\/a><\/li><li><a href=\"https:\/\/dev.diginotar.at\/de\/buchstabe\/t\/\">T<\/a><\/li><li><a href=\"https:\/\/dev.diginotar.at\/de\/buchstabe\/v\/\">V<\/a><\/li><\/ul>[\/vc_column_text][\/vc_column_inner][\/vc_row_inner][\/vc_column][\/vc_row][vc_row full_width=&#8220;stretch_row_content_no_spaces&#8220; css=&#8220;.vc_custom_1740548205683{margin-bottom: 0px !important;padding-bottom: 0px !important;}&#8220;][vc_column css=&#8220;.vc_custom_1740548195458{margin-bottom: 0px !important;padding-bottom: 0px !important;}&#8220;][vc_column_text css=&#8220;.vc_custom_1740548201450{margin-bottom: 0px !important;padding-bottom: 0px !important;}&#8220;]<div id=\"notar_map_wrapper\"><div id=\"notar_map\"><\/div><div id=\"notar_map_content\"><h3 class=\"standort_fake_h1\">So finden Sie unser Notariat!<\/h3><p><strong>Unser Notariat befindet sich im Bambergerhaus in Klagenfurt.<\/strong> Wir sind stolz auf einen der sch\u00f6nsten Innenh\u00f6fe der Landeshauptstadt!<\/p><\/div><div id=\"verortung_klagenfurt\">Klagenfurt<\/div><\/div><script async defer src=\"https:\/\/maps.googleapis.com\/maps\/api\/js?key=AIzaSyCAXpwAH_hbZIvALKog6627XyFwogFJQCg&callback=initMap&v=weekly&libraries=marker\"><\/script><script>\n\n      function initMap() {\n\n        var map = new google.maps.Map(document.getElementById(\"notar_map\"), {\n          zoom: 18,\n\t\t\tdisableDefaultUI: true,\n\t\t\tdraggable: true,\n\t\t\tscrollwheel: false,\n\t\t\tcenter: new google.maps.LatLng(46.625218675465355, 14.308982991097649)\n        });\n\t\n\tvar AlterPlatzCoordinates = [\nnew google.maps.LatLng(46.625524,14.310494),\nnew google.maps.LatLng(46.625328,14.309126),\nnew google.maps.LatLng(46.625310,14.307975),\nnew google.maps.LatLng(46.625318,14.306938)\n];\nvar polyOptions = {\npath: AlterPlatzCoordinates,\nstrokeColor: \"#b5c2ca\",\nstrokeOpacity: 1,\nstrokeWeight: 20\n}\nvar alterPlatzPolygon = new google.maps.Polyline(polyOptions);\nalterPlatzPolygon.setMap(map);\n\n\t\t  \n\t\t  var myStyle = [\n  {\n    \"elementType\": \"geometry\",\n    \"stylers\": [\n      {\n        \"color\": \"#ffffff\"\n      }\n    ]\n  },\n  {\n    \"elementType\": \"labels.icon\",\n    \"stylers\": [\n      {\n        \"visibility\": \"off\"\n      }\n    ]\n  },\n  {\n    \"elementType\": \"labels.text.fill\",\n    \"stylers\": [\n      {\n        \"color\": \"#616161\"\n      }\n    ]\n  },\n  {\n    \"elementType\": \"labels.text.stroke\",\n    \"stylers\": [\n      {\n        \"color\": \"#f5f5f5\"\n      }\n    ]\n  },\n  {\n    \"featureType\": \"administrative.land_parcel\",\n    \"elementType\": \"labels.text.fill\",\n    \"stylers\": [\n      {\n        \"color\": \"#bdbdbd\"\n      }\n    ]\n  },\n  {\n    \"featureType\": \"poi\",\n    \"elementType\": \"geometry\",\n    \"stylers\": [\n      {\n        \"color\": \"#eeeeee\"\n      }\n    ]\n  },\n  {\n    \"featureType\": \"poi\",\n    \"elementType\": \"labels.text.fill\",\n    \"stylers\": [\n      {\n        \"color\": \"#757575\"\n      }\n    ]\n  },\n  {\n    \"featureType\": \"poi.park\",\n    \"elementType\": \"geometry\",\n    \"stylers\": [\n      {\n        \"color\": \"#e5e5e5\"\n      }\n    ]\n  },\n  {\n    \"featureType\": \"poi.park\",\n    \"elementType\": \"labels.text.fill\",\n    \"stylers\": [\n      {\n        \"color\": \"#9e9e9e\"\n      }\n    ]\n  },\n  {\n    \"featureType\": \"road\",\n    \"elementType\": \"geometry\",\n    \"stylers\": [\n      {\n        \"color\": \"#ffffff\"\n      }\n    ]\n  },\n  {\n    \"featureType\": \"road.arterial\",\n    \"elementType\": \"labels.text.fill\",\n    \"stylers\": [\n      {\n        \"color\": \"#b5c2ca\"\n      }\n    ]\n  },\n  {\n    \"featureType\": \"road.highway\",\n    \"elementType\": \"geometry\",\n    \"stylers\": [\n      {\n        \"color\": \"#dadada\"\n      }\n    ]\n  },\n  {\n    \"featureType\": \"road.highway\",\n    \"elementType\": \"labels.text.fill\",\n    \"stylers\": [\n      {\n        \"color\": \"#b5c2ca\"\n      }\n    ]\n  },\n  {\n    \"featureType\": \"road.local\",\n    \"elementType\": \"geometry.fill\",\n    \"stylers\": [\n      {\n        \"color\": \"#b5c2ca\"\n      }\n    ]\n  },\n  {\n    \"featureType\": \"road.local\",\n    \"elementType\": \"labels.text.fill\",\n    \"stylers\": [\n      {\n        \"color\": \"#9e9e9e\"\n      }\n    ]\n  },\n  {\n    \"featureType\": \"transit.line\",\n    \"elementType\": \"geometry\",\n    \"stylers\": [\n      {\n        \"color\": \"#e5e5e5\"\n      }\n    ]\n  },\n  {\n    \"featureType\": \"transit.station\",\n    \"elementType\": \"geometry\",\n    \"stylers\": [\n      {\n        \"color\": \"#e5e5e5\"\n      }\n    ]\n  },\n  {\n    \"featureType\": \"water\",\n    \"elementType\": \"geometry\",\n    \"stylers\": [\n      {\n        \"color\": \"#d4af37\"\n      }\n    ]\n  },\n  {\n    \"featureType\": \"water\",\n    \"elementType\": \"labels.text.fill\",\n    \"stylers\": [\n      {\n        \"color\": \"#d4af37\"\n      }\n    ]\n  }\n];\t\t\t\t\t\t  \n\t\t  var myStyledMap = new google.maps.StyledMapType(myStyle, {name: \"schwarz-weiss\"});\n\t\t  \n\t\t  map.mapTypes.set(\"myStyledMap\", myStyledMap);\n          map.setMapTypeId(\"myStyledMap\");\n\n        \/\/ Create an array of alphabetical characters used to label the markers.\n        var labels = \"ABCDEFGHIJKLMNOPQRSTUVWXYZ\";\n\t\tvar altervar;\n\t\t  \/\/ label: labels[i % labels.length]\n\n        \/\/ Add some markers to the map.\n        \/\/ Note: The code uses the JavaScript Array.prototype.map() method to\n        \/\/ create an array of markers based on a given \"locations\" array.\n        \/\/ The map() method here has nothing to do with the Google Maps API.\n\t\t  \n\tvar info;\n    var marker;\n    var infowindow;\n        var markers = locations.map(function(location, i) {\n\t\t\t\n\t\t\t\n\t\t\t var infowindow = new google.maps.InfoWindow({\n              content: location.betrieb\n          });\n\t\t\t\n\t\t\t\/\/console.log(i + \" var: \" + location.alter);\n\t\t\t\n\t\t\taltervar = location.alter;\n\t\t\t\/\/altervar = location.lat + \" \" + altervar;\n\t\t\t\/\/console.log(altervar);\n          var marker = new google.maps.Marker({\n            position: location,\n\t\t\tmap: map, \n        \ttitle:  location.betrieb,\n\t\t\ticon: location.marker_image,\n\t\t\thtml: location.content\n\t\t\t\/\/label: {\n    \/\/text: \"12\",\n\t\t\t\t\n    \n\t\/\/ fontWeight : \"700\"\n  \/\/}\n          });\n\t\t\t\n\t\t\t\n\t\t\t\n\t\t\t\n\t\t\t\n\t\t\tgoogle.maps.event.addListener(marker, \"click\", function() {\n\t\t\t\n            infowindow.setContent(this.html);\n            infowindow.open(map,this);\n          });\n\t\t\treturn marker;\n        });\n\n\t\t  \n\t\t \n\t\t  \n        \n\t\t\n\n\n\t\n\tjQuery( \"#notar_list li\" ).click(function() {\n\t\t\n\tvar latLng = new google.maps.LatLng(jQuery(this).attr(\"data-lat\"),jQuery(this).attr(\"data-long\")); \/\/Makes a latlng\n\t\t \n\tmap.setZoom(10);\t\n\tmap.panTo(latLng);\n\n\t});\n\n\tjQuery( \"#notar_list li\" ).mouseover(function() {\n\t\t\n\tvar latLng = new google.maps.LatLng(jQuery(this).attr(\"data-lat\"),jQuery(this).attr(\"data-long\")); \/\/Makes a latlng\n\t\t \n\t\n\tmap.panTo(latLng);\n\n\t});\n\t\t\n\t\t\n\t\t\n\t\t\n      }\n\t\t\n\t\t\n\t\t\n      var locations = [\n        {lat: 46.62755632510109, lng: 14.309421331317637, betrieb: 'Parkplatz City-Arkaden', content: '<h4>Parkplatz City-Arkaden<\/h4><a target=\"_blank\" href=\"https:\/\/www.google.com\/maps?f=d&daddr=City Arkaden, St. Veiter Ring 20, 9020 Klagenfurt am W\u00f6rthersee&dirflg=d\" class=\"map_btn\">Route berechnen<\/a>', uid: 'c5af2e1491f61d81b90e06fa7414a87f6098e3c8', marker_image: 'https:\/\/dev.diginotar.at\/wp-content\/uploads\/2021\/11\/parking-1.png'},{lat: 46.62659801562139, lng: 14.309365700166412, betrieb: 'Waaggasse Klagenfurt', content: '<h4>Waaggasse Klagenfurt<\/h4><a target=\"_blank\" href=\"https:\/\/www.google.com\/maps?f=d&daddr=Waaggasse, 9020 Klagenfurt am W\u00f6rthersee&dirflg=d\" class=\"map_btn\">Route berechnen<\/a>', uid: '4f5c38ad1dda8f39a8bd922bc754ec46e19fd8ea', marker_image: 'https:\/\/dev.diginotar.at\/wp-content\/uploads\/2021\/11\/parking-1.png'},{lat: 46.62579970832925, lng: 14.313067803272734, betrieb: 'Parkplatz Geyersch\u00fctt', content: '<h4>Parkplatz Geyersch\u00fctt<\/h4><a target=\"_blank\" href=\"https:\/\/www.google.com\/maps?f=d&daddr=Priesterhausgasse 22, 9020 Klagenfurt am W\u00f6rthersee&dirflg=d\" class=\"map_btn\">Route berechnen<\/a>', uid: 'edc436a7f1b2791559ce2c8fee23b4d4d194224f', marker_image: 'https:\/\/dev.diginotar.at\/wp-content\/uploads\/2021\/11\/parking-1.png'},{lat: 46.62374185232942, lng: 14.307957990002896, betrieb: 'Tiefgarage Lindwurm &#8211; Klagenfurt | APCOA', content: '<h4>Tiefgarage Lindwurm &#8211; Klagenfurt | APCOA<\/h4><a target=\"_blank\" href=\"https:\/\/www.google.com\/maps?f=d&daddr=Neuer Pl., 9020 Klagenfurt am W\u00f6rthersee&dirflg=d\" class=\"map_btn\">Route berechnen<\/a>', uid: '3d5bd9eaa86f51aa7ebc9e6e83a2f9c44d11aa45', marker_image: 'https:\/\/dev.diginotar.at\/wp-content\/uploads\/2021\/11\/parking-1.png'},{lat: 46.625235946205976, lng: 14.308995562604112, betrieb: 'Notar Mag. Klaus Sch\u00f6ffmann', content: '<h4>Notar Mag. Klaus Sch\u00f6ffmann<\/h4><p>Alter Platz 22\/2<br \/>9020 Klagenfurt am W\u00f6rthersee<br \/>Telefon&nbsp;<a href=\"tel:0043463509508\">+43 463 509 508<\/a><br \/>Fax +43 463 509 508 \u2013 22<br \/><a href=\"mailto:office@notariat-schoeffmann.at\">office@notariat-schoeffmann.at<\/a><\/p><a target=\"_blank\" href=\"https:\/\/www.google.com\/maps?f=d&daddr=Alter Platz 22\/2 9020, Klagenfurt am W\u00f6rthersee&dirflg=d\" class=\"map_btn\">Route berechnen<\/a>', uid: 'd5d0b19263a37d8dfbe5706e9ef420c4e744e2bc', marker_image: 'https:\/\/dev.diginotar.at\/wp-content\/uploads\/2021\/11\/schoeffmann-pin.png'},\n      ]\n\t  \n\t  \n\t \n\t\n    <\/script>[\/vc_column_text][\/vc_column][\/vc_row]<\/p>\n<\/div>","protected":false},"excerpt":{"rendered":"<p>[vc_row full_width=&#8220;stretch_row&#8220; gap=&#8220;35&#8243; css=&#8220;.vc_custom_1740494714414{background-color: #D4E9F9 !important;}&#8220;][vc_column width=&#8220;1\/3&#8243;][vc_column_text css=&#8220;&#8220;] Unser Social-Media-Feed [\/vc_column_text][vc_row_inner][vc_column_inner width=&#8220;1\/3&#8243;][vc_single_image image=&#8220;3544&#8243; img_size=&#8220;full&#8220; css=&#8220;&#8220;][\/vc_column_inner][vc_column_inner width=&#8220;1\/3&#8243;][\/vc_column_inner][vc_column_inner width=&#8220;1\/3&#8243;][\/vc_column_inner][\/vc_row_inner][\/vc_column][vc_column width=&#8220;2\/3&#8243;][vc_single_image image=&#8220;3547&#8243; img_size=&#8220;full&#8220; alignment=&#8220;center&#8220; css=&#8220;&#8220;][\/vc_column][\/vc_row][vc_row full_width=&#8220;stretch_row&#8220; css=&#8220;.vc_custom_1740494785532{background-color: #266982 !important;}&#8220; el_class=&#8220;invert&#8220;][vc_column][vc_column_text css=&#8220;&#8220;] Aus unserer Kanzlei [\/vc_column_text][vc_column_text css=&#8220;&#8220;][\/vc_column_text][\/vc_column][\/vc_row][vc_row full_width=&#8220;stretch_row&#8220;][vc_column][vc_column_text css=&#8220;&#8220;] Das ABC der Rechtsbegriffe [\/vc_column_text][vc_row_inner gap=&#8220;35&#8243;][vc_column_inner width=&#8220;1\/2&#8243;][vc_single_image image=&#8220;3493&#8243; img_size=&#8220;large&#8220; alignment=&#8220;right&#8220; style=&#8220;vc_box_rounded&#8220; css=&#8220;&#8220;][\/vc_column_inner][vc_column_inner width=&#8220;1\/2&#8243;][vc_column_text css=&#8220;&#8220;]Unser Know-how und rechtliches Fachwissen geben wir&hellip;<\/p>\n","protected":false},"author":1,"featured_media":0,"parent":0,"menu_order":0,"comment_status":"closed","ping_status":"closed","template":"","meta":{"inline_featured_image":false,"footnotes":""},"categories":[],"class_list":["post-2","page","type-page","status-publish","hentry","description-off"],"yoast_head":"<!-- This site is optimized with the Yoast SEO plugin v25.7 - https:\/\/yoast.com\/wordpress\/plugins\/seo\/ -->\n<title>\u25b7 Notariat Sch\u00f6ffmann - Ihr Notar in Klagenfurt<\/title>\n<meta name=\"description\" content=\"Notariat Mag. Klaus Sch\u00f6ffmann: Ihr Notar in Klagenfurt. Individuelle Rechtsberatung f\u00fcr Unternehmen &amp; Privatpersonen \u2705 Die 1. Rechtsauskunft ist kostenfrei!\" \/>\n<meta name=\"robots\" content=\"noindex, follow, max-snippet:-1, max-image-preview:large, max-video-preview:-1\" \/>\n<meta property=\"og:locale\" content=\"de_DE\" \/>\n<meta property=\"og:type\" content=\"article\" \/>\n<meta property=\"og:title\" content=\"\u25b7 Ihr Notar in Klagenfurt am W\u00f6rthersee - Notariat Sch\u00f6ffmann\" \/>\n<meta property=\"og:description\" content=\"Notariat Mag. Klaus Sch\u00f6ffmann: Ihr Notar in Klagenfurt am W\u00f6rthersee. Individuelle Rechtsberatung f\u00fcr Unternehmen und Privatpersonen. Unsere erste Rechtsauskunft ist f\u00fcr Sie kostenfrei!\" \/>\n<meta property=\"og:url\" content=\"https:\/\/dev.diginotar.at\/de\/\" \/>\n<meta property=\"og:site_name\" content=\"Notariat Sch\u00f6ffmann\" \/>\n<meta property=\"article:publisher\" content=\"https:\/\/www.facebook.com\/NotarKlagenfurt\" \/>\n<meta property=\"article:modified_time\" content=\"2025-08-19T08:31:30+00:00\" \/>\n<meta property=\"og:image\" content=\"https:\/\/dev.diginotar.at\/wp-content\/uploads\/2021\/11\/Juristen-1.jpg\" \/>\n\t<meta property=\"og:image:width\" content=\"1600\" \/>\n\t<meta property=\"og:image:height\" content=\"1067\" \/>\n\t<meta property=\"og:image:type\" content=\"image\/jpeg\" \/>\n<meta name=\"twitter:card\" content=\"summary_large_image\" \/>\n<script type=\"application\/ld+json\" class=\"yoast-schema-graph\">{\"@context\":\"https:\/\/schema.org\",\"@graph\":[{\"@type\":\"WebPage\",\"@id\":\"https:\/\/dev.diginotar.at\/de\/\",\"url\":\"https:\/\/dev.diginotar.at\/de\/\",\"name\":\"\u25b7 Notariat Sch\u00f6ffmann - Ihr Notar in Klagenfurt\",\"isPartOf\":{\"@id\":\"https:\/\/dev.diginotar.at\/de\/#website\"},\"datePublished\":\"2021-08-05T06:31:21+00:00\",\"dateModified\":\"2025-08-19T08:31:30+00:00\",\"description\":\"Notariat Mag. Klaus Sch\u00f6ffmann: Ihr Notar in Klagenfurt. Individuelle Rechtsberatung f\u00fcr Unternehmen & Privatpersonen \u2705 Die 1. Rechtsauskunft ist kostenfrei!\",\"breadcrumb\":{\"@id\":\"https:\/\/dev.diginotar.at\/de\/#breadcrumb\"},\"inLanguage\":\"de\",\"potentialAction\":[{\"@type\":\"ReadAction\",\"target\":[\"https:\/\/dev.diginotar.at\/de\/\"]}]},{\"@type\":\"BreadcrumbList\",\"@id\":\"https:\/\/dev.diginotar.at\/de\/#breadcrumb\",\"itemListElement\":[{\"@type\":\"ListItem\",\"position\":1,\"name\":\"Startseite\",\"item\":\"https:\/\/dev.diginotar.at\/de\/\"},{\"@type\":\"ListItem\",\"position\":2,\"name\":\"Startseite Notariat Mag. Klaus Sch\u00f6ffmann\"}]},{\"@type\":\"WebSite\",\"@id\":\"https:\/\/dev.diginotar.at\/de\/#website\",\"url\":\"https:\/\/dev.diginotar.at\/de\/\",\"name\":\"Notariat Sch\u00f6ffmann\",\"description\":\"Mag. Klaus Sch\u00f6ffmann - Ihr Notar in Klagenfurt\",\"publisher\":{\"@id\":\"https:\/\/dev.diginotar.at\/de\/#organization\"},\"potentialAction\":[{\"@type\":\"SearchAction\",\"target\":{\"@type\":\"EntryPoint\",\"urlTemplate\":\"https:\/\/dev.diginotar.at\/de\/?s={search_term_string}\"},\"query-input\":{\"@type\":\"PropertyValueSpecification\",\"valueRequired\":true,\"valueName\":\"search_term_string\"}}],\"inLanguage\":\"de\"},{\"@type\":\"Organization\",\"@id\":\"https:\/\/dev.diginotar.at\/de\/#organization\",\"name\":\"Notariat Mag. Klaus Sch\u00f6ffmann Klagenfurt\",\"url\":\"https:\/\/dev.diginotar.at\/de\/\",\"logo\":{\"@type\":\"ImageObject\",\"inLanguage\":\"de\",\"@id\":\"https:\/\/dev.diginotar.at\/de\/#\/schema\/logo\/image\/\",\"url\":\"https:\/\/dev.diginotar.at\/wp-content\/uploads\/2022\/02\/logo-notariat-schoeffmann.jpg\",\"contentUrl\":\"https:\/\/dev.diginotar.at\/wp-content\/uploads\/2022\/02\/logo-notariat-schoeffmann.jpg\",\"width\":600,\"height\":600,\"caption\":\"Notariat Mag. Klaus Sch\u00f6ffmann Klagenfurt\"},\"image\":{\"@id\":\"https:\/\/dev.diginotar.at\/de\/#\/schema\/logo\/image\/\"},\"sameAs\":[\"https:\/\/www.facebook.com\/NotarKlagenfurt\",\"https:\/\/www.youtube.com\/channel\/UCaITfbIQh6VIpzEonUsIhcg\"]}]}<\/script>\n<!-- \/ Yoast SEO plugin. -->","yoast_head_json":{"title":"\u25b7 Notariat Sch\u00f6ffmann - Ihr Notar in Klagenfurt","description":"Notariat Mag. Klaus Sch\u00f6ffmann: Ihr Notar in Klagenfurt. Individuelle Rechtsberatung f\u00fcr Unternehmen & Privatpersonen \u2705 Die 1. Rechtsauskunft ist kostenfrei!","robots":{"index":"noindex","follow":"follow","max-snippet":"max-snippet:-1","max-image-preview":"max-image-preview:large","max-video-preview":"max-video-preview:-1"},"og_locale":"de_DE","og_type":"article","og_title":"\u25b7 Ihr Notar in Klagenfurt am W\u00f6rthersee - Notariat Sch\u00f6ffmann","og_description":"Notariat Mag. Klaus Sch\u00f6ffmann: Ihr Notar in Klagenfurt am W\u00f6rthersee. Individuelle Rechtsberatung f\u00fcr Unternehmen und Privatpersonen. Unsere erste Rechtsauskunft ist f\u00fcr Sie kostenfrei!","og_url":"https:\/\/dev.diginotar.at\/de\/","og_site_name":"Notariat Sch\u00f6ffmann","article_publisher":"https:\/\/www.facebook.com\/NotarKlagenfurt","article_modified_time":"2025-08-19T08:31:30+00:00","og_image":[{"width":1600,"height":1067,"url":"https:\/\/dev.diginotar.at\/wp-content\/uploads\/2021\/11\/Juristen-1.jpg","type":"image\/jpeg"}],"twitter_card":"summary_large_image","schema":{"@context":"https:\/\/schema.org","@graph":[{"@type":"WebPage","@id":"https:\/\/dev.diginotar.at\/de\/","url":"https:\/\/dev.diginotar.at\/de\/","name":"\u25b7 Notariat Sch\u00f6ffmann - Ihr Notar in Klagenfurt","isPartOf":{"@id":"https:\/\/dev.diginotar.at\/de\/#website"},"datePublished":"2021-08-05T06:31:21+00:00","dateModified":"2025-08-19T08:31:30+00:00","description":"Notariat Mag. Klaus Sch\u00f6ffmann: Ihr Notar in Klagenfurt. Individuelle Rechtsberatung f\u00fcr Unternehmen & Privatpersonen \u2705 Die 1. Rechtsauskunft ist kostenfrei!","breadcrumb":{"@id":"https:\/\/dev.diginotar.at\/de\/#breadcrumb"},"inLanguage":"de","potentialAction":[{"@type":"ReadAction","target":["https:\/\/dev.diginotar.at\/de\/"]}]},{"@type":"BreadcrumbList","@id":"https:\/\/dev.diginotar.at\/de\/#breadcrumb","itemListElement":[{"@type":"ListItem","position":1,"name":"Startseite","item":"https:\/\/dev.diginotar.at\/de\/"},{"@type":"ListItem","position":2,"name":"Startseite Notariat Mag. Klaus Sch\u00f6ffmann"}]},{"@type":"WebSite","@id":"https:\/\/dev.diginotar.at\/de\/#website","url":"https:\/\/dev.diginotar.at\/de\/","name":"Notariat Sch\u00f6ffmann","description":"Mag. Klaus Sch\u00f6ffmann - Ihr Notar in Klagenfurt","publisher":{"@id":"https:\/\/dev.diginotar.at\/de\/#organization"},"potentialAction":[{"@type":"SearchAction","target":{"@type":"EntryPoint","urlTemplate":"https:\/\/dev.diginotar.at\/de\/?s={search_term_string}"},"query-input":{"@type":"PropertyValueSpecification","valueRequired":true,"valueName":"search_term_string"}}],"inLanguage":"de"},{"@type":"Organization","@id":"https:\/\/dev.diginotar.at\/de\/#organization","name":"Notariat Mag. Klaus Sch\u00f6ffmann Klagenfurt","url":"https:\/\/dev.diginotar.at\/de\/","logo":{"@type":"ImageObject","inLanguage":"de","@id":"https:\/\/dev.diginotar.at\/de\/#\/schema\/logo\/image\/","url":"https:\/\/dev.diginotar.at\/wp-content\/uploads\/2022\/02\/logo-notariat-schoeffmann.jpg","contentUrl":"https:\/\/dev.diginotar.at\/wp-content\/uploads\/2022\/02\/logo-notariat-schoeffmann.jpg","width":600,"height":600,"caption":"Notariat Mag. Klaus Sch\u00f6ffmann Klagenfurt"},"image":{"@id":"https:\/\/dev.diginotar.at\/de\/#\/schema\/logo\/image\/"},"sameAs":["https:\/\/www.facebook.com\/NotarKlagenfurt","https:\/\/www.youtube.com\/channel\/UCaITfbIQh6VIpzEonUsIhcg"]}]}},"_links":{"self":[{"href":"https:\/\/dev.diginotar.at\/de\/wp-json\/wp\/v2\/pages\/2","targetHints":{"allow":["GET"]}}],"collection":[{"href":"https:\/\/dev.diginotar.at\/de\/wp-json\/wp\/v2\/pages"}],"about":[{"href":"https:\/\/dev.diginotar.at\/de\/wp-json\/wp\/v2\/types\/page"}],"author":[{"embeddable":true,"href":"https:\/\/dev.diginotar.at\/de\/wp-json\/wp\/v2\/users\/1"}],"replies":[{"embeddable":true,"href":"https:\/\/dev.diginotar.at\/de\/wp-json\/wp\/v2\/comments?post=2"}],"version-history":[{"count":12,"href":"https:\/\/dev.diginotar.at\/de\/wp-json\/wp\/v2\/pages\/2\/revisions"}],"predecessor-version":[{"id":3596,"href":"https:\/\/dev.diginotar.at\/de\/wp-json\/wp\/v2\/pages\/2\/revisions\/3596"}],"wp:attachment":[{"href":"https:\/\/dev.diginotar.at\/de\/wp-json\/wp\/v2\/media?parent=2"}],"wp:term":[{"taxonomy":"category","embeddable":true,"href":"https:\/\/dev.diginotar.at\/de\/wp-json\/wp\/v2\/categories?post=2"}],"curies":[{"name":"wp","href":"https:\/\/api.w.org\/{rel}","templated":true}]}}